


{"id":5858,"date":"2019-03-21T15:02:07","date_gmt":"2019-03-21T14:02:07","guid":{"rendered":"https:\/\/www.careplus.eu\/tipps-und-ratschlage-fur-sicheres-reisen\/schutz-vor-tropenkrankheiten\/dengue\/"},"modified":"2023-06-08T15:40:56","modified_gmt":"2023-06-08T13:40:56","slug":"dengue","status":"publish","type":"page","link":"https:\/\/www.careplus.eu\/de\/tipps-und-ratschlage-fur-sicheres-reisen\/schutz-vor-tropenkrankheiten\/dengue\/","title":{"rendered":"Dengue"},"content":{"rendered":"<p>[et_pb_section fb_built=&#8220;1&#8243; fullwidth=&#8220;on&#8220; _builder_version=&#8220;4.16&#8243; bottom_divider_style=&#8220;curve&#8220; bottom_divider_color=&#8220;#ffffff&#8220; bottom_divider_height=&#8220;40px&#8220; global_colors_info=&#8220;{}&#8220;][et_pb_fullwidth_slider show_arrows=&#8220;off&#8220; show_pagination=&#8220;off&#8220; _builder_version=&#8220;4.16&#8243; custom_padding=&#8220;22%||10%|&#8220; global_colors_info=&#8220;{}&#8220;][et_pb_slide heading=&#8220;Dengue&#8220; use_bg_overlay=&#8220;off&#8220; use_text_overlay=&#8220;off&#8220; _builder_version=&#8220;4.16&#8243; header_font=&#8220;|800|||||||&#8220; header_text_align=&#8220;center&#8220; header_font_size=&#8220;36&#8243; background_color=&#8220;#0b6a30&#8243; background_image=&#8220;https:\/\/www.careplus.eu\/wp-content\/uploads\/2019\/03\/dengue-fever.jpg&#8220; button_on_hover=&#8220;on&#8220; custom_padding=&#8220;15%||15%|&#8220; custom_padding_tablet=&#8220;||20%|&#8220; custom_padding_phone=&#8220;30%||30%|&#8220; custom_padding_last_edited=&#8220;on|desktop&#8220; header_font_size_tablet=&#8220;30&#8243; header_font_size_phone=&#8220;30&#8243; header_font_size_last_edited=&#8220;on|tablet&#8220; header_text_shadow_style=&#8220;preset3&#8243; header_text_shadow_blur_strength=&#8220;0.5em&#8220; header_text_shadow_color=&#8220;rgba(0,0,0,0.6)&#8220; global_colors_info=&#8220;{}&#8220; sticky_transition=&#8220;on&#8220;][\/et_pb_slide][\/et_pb_fullwidth_slider][\/et_pb_section][et_pb_section fb_built=&#8220;1&#8243; _builder_version=&#8220;4.16&#8243; global_colors_info=&#8220;{}&#8220;][et_pb_row _builder_version=&#8220;4.16&#8243; background_size=&#8220;initial&#8220; background_position=&#8220;top_left&#8220; background_repeat=&#8220;repeat&#8220; global_colors_info=&#8220;{}&#8220;][et_pb_column type=&#8220;4_4&#8243; _builder_version=&#8220;4.16&#8243; custom_padding=&#8220;|||&#8220; global_colors_info=&#8220;{}&#8220; custom_padding__hover=&#8220;|||&#8220;][et_pb_dmb_breadcrumbs _builder_version=&#8220;4.16&#8243; body_font_size_tablet=&#8220;51&#8243; body_line_height_tablet=&#8220;2&#8243; separator_font_size_tablet=&#8220;51&#8243; separator_line_height_tablet=&#8220;2&#8243; link_font_size_tablet=&#8220;51&#8243; link_line_height_tablet=&#8220;2&#8243; linkhover_font_size_tablet=&#8220;51&#8243; linkhover_line_height_tablet=&#8220;2&#8243; global_colors_info=&#8220;{}&#8220;][\/et_pb_dmb_breadcrumbs][et_pb_text admin_label=&#8220;Dengue&#8220; _builder_version=&#8220;4.21.0&#8243; header_2_font=&#8220;|800|||||||&#8220; header_2_font_size=&#8220;30px&#8220; hover_enabled=&#8220;0&#8243; header_font_size_tablet=&#8220;24px&#8220; header_font_size_phone=&#8220;&#8220; header_font_size_last_edited=&#8220;on|tablet&#8220; global_colors_info=&#8220;{}&#8220; sticky_enabled=&#8220;0&#8243;]<\/p>\n<h1>Dengue<\/h1>\n<p><strong>Dengue, auch bekannt als Knochenbrecherfieber, ist eine durch ein Virus verursachte Infektionskrankheit. Das Virus kommt in (sub-)tropischen Gebieten vor und wird durch Moskitos \u00fcbertragen. Dengue ist weit verbreitet bei Menschen, die L\u00e4nder besucht haben, in denen die Krankheit auftritt.<\/strong><\/p>\n<p>[\/et_pb_text][et_pb_image src=&#8220;https:\/\/www.careplus.eu\/wp-content\/uploads\/2019\/02\/Wereldkaart-tropische-ziekten-dengue.jpg&#8220; align_tablet=&#8220;center&#8220; align_phone=&#8220;&#8220; align_last_edited=&#8220;on|desktop&#8220; admin_label=&#8220;kaart&#8220; _builder_version=&#8220;4.16&#8243; global_colors_info=&#8220;{}&#8220;][\/et_pb_image][et_pb_text admin_label=&#8220;bijschrift kaart&#8220; _builder_version=&#8220;4.16&#8243; text_font_size=&#8220;12px&#8220; global_colors_info=&#8220;{}&#8220;]<\/p>\n<p>\nDie Darstellungen auf dieser Karte basieren auf Daten aus dem Jahr 2017.<\/p>\n<p>[\/et_pb_text][et_pb_text admin_label=&#8220;Dengue&#8220; _builder_version=&#8220;4.16&#8243; header_2_font=&#8220;|800|||||||&#8220; header_2_font_size=&#8220;30px&#8220; global_colors_info=&#8220;{}&#8220;]<\/p>\n<h3>Was ist Dengue?<\/h3>\n<p>Das Dengue-Virus ist die Ursache f\u00fcr Dengue-Fieber, auch Knochenbrecher-Fieber, h\u00e4morrhagisches Fieber (DHF-Dengue-H\u00e4morrhagisches Fieber) und Dengue-Schocksyndrom (DSS-Dengue-Schocksyndrom) genannt. DHF und DSS sind zwei Formen von schwerem Denguefieber. Das Virus wird durch M\u00fccken \u00fcbertragen, die tags\u00fcber aktiv sind und daher auch stechen k\u00f6nnen.&nbsp;<\/p>\n<p>&nbsp;<\/p>\n<h3>Was sind Symptome von Denguefieber?<\/h3>\n<p>Die Inkubationszeit f\u00fcr das Denguefieber liegt zwischen 3 und 14 Tagen (meist 4-7 Tage) nach einem Biss durch eine infizierte M\u00fccke. Die Mehrheit der Dengue-Virusinfektionen tritt ohne Krankheitssymptome auf. Nicht schwerwiegende Denguevirusinfektionen sind durch die folgenden Symptome gekennzeichnet:<\/p>\n<ul>\n<li> Schnell steigendes Fieber (bis zu 41 \u00b0C) mit Sch\u00fcttelfrost<\/li>\n<li>Kopfschmerzen, vor allem hinter den Augen<\/li>\n<li>Muskel- und Gelenkschmerzen<\/li>\n<li>\u00dcbelkeit<\/li>\n<li>Erbrechen<\/li>\n<li>Husten<\/li>\n<li>Halsschmerzen<\/li>\n<li>Elendes Gef\u00fchl<\/li>\n<\/ul>\n<p>Nicht ernste Dengue-Virusinfektionen vergehen nach ein paar Tagen bis zu einer Woche. Ein kleiner Teil der Infektionen entwickelt sich zu einem schweren Denguefieber mit Komplikationen wie h\u00e4morrhagischem Dengue-Fieber (DHF) und Dengue-Schock-Syndrom (DSS). Ohne Behandlung sind diese Komplikationen lebensbedrohlich. Menschen k\u00f6nnen mehrmals Dengue bekommen.&nbsp;<\/p>\n<p>&nbsp;<\/p>\n<h3>Schutz gegen Dengue<\/h3>\n<p>Infektionen mit dem Dengue-Virus k\u00f6nnen durch den Biss einer infizierten Aedes-M\u00fccke, insbesondere der Gelfieberm\u00fccke (Aedes aegypti) und der asiatischen Tigerm\u00fccke (Aedes albopictus), erfolgen. Diese M\u00fccken k\u00f6nnen auch die Viren Chikungunya und Zika \u00fcbertragen.<\/p>\n<p>Es gibt in den Niederlanden noch keinen Impfstoff gegen das Denguevirus. Die Vorbeugung von Dengue zielt vor allem auf die Verh\u00fctung von M\u00fcckenstichen ab, insbesondere am fr\u00fchen Morgen und Nachmittag, wenn die Aedes-M\u00fccken aktiv sind. Das Tragen von Schutzkleidung und das Einreiben der Haut mit Insektenschutzmittel reduziert das Infektionsrisiko. Auch das Schlafen unter einem impr\u00e4gnierten Moskitonetz wird empfohlen und nat\u00fcrlich hilft es, Moskitonetze an T\u00fcren und Fenstern anzubringen.<\/p>\n<p>[\/et_pb_text][\/et_pb_column][\/et_pb_row][\/et_pb_section][et_pb_section fb_built=&#8220;1&#8243; _builder_version=&#8220;4.16&#8243; background_color=&#8220;#f4f4f4&#8243; global_colors_info=&#8220;{}&#8220;][et_pb_row column_structure=&#8220;1_3,1_3,1_3&#8243; _builder_version=&#8220;4.16&#8243; custom_padding=&#8220;|20px||20px&#8220; global_colors_info=&#8220;{}&#8220;][et_pb_column type=&#8220;1_3&#8243; _builder_version=&#8220;4.16&#8243; custom_padding=&#8220;|||&#8220; global_colors_info=&#8220;{}&#8220; custom_padding__hover=&#8220;|||&#8220;][et_pb_image src=&#8220;https:\/\/www.careplus.eu\/wp-content\/uploads\/2019\/03\/careplus-klamboe-single-box.jpg&#8220; align=&#8220;center&#8220; align_tablet=&#8220;center&#8220; align_phone=&#8220;&#8220; align_last_edited=&#8220;on|desktop&#8220; _builder_version=&#8220;4.16&#8243; border_radii=&#8220;on|10px|10px|10px|10px&#8220; global_colors_info=&#8220;{}&#8220;][\/et_pb_image][et_pb_button button_url=&#8220;https:\/\/www.careplus.eu\/de\/mucken-und-zecken\/schutzen\/moskitonetze\/&#8220; button_text=&#8220;Reise-Moskitonetze&#8220; button_alignment=&#8220;center&#8220; _builder_version=&#8220;4.16&#8243; background_layout=&#8220;dark&#8220; global_colors_info=&#8220;{}&#8220;][\/et_pb_button][\/et_pb_column][et_pb_column type=&#8220;1_3&#8243; _builder_version=&#8220;4.16&#8243; custom_padding=&#8220;|||&#8220; global_colors_info=&#8220;{}&#8220; custom_padding__hover=&#8220;|||&#8220;][et_pb_image src=&#8220;https:\/\/www.careplus.eu\/wp-content\/uploads\/2020\/06\/careplus-anti-insect-natural-60ml.jpg&#8220; title_text=&#8220;careplus-anti-insect-natural-60ml&#8220; url=&#8220;https:\/\/www.careplus.eu\/de\/mucken-und-zecken\/schutzen\/anti-insekt-natural\/&#8220; align=&#8220;center&#8220; align_tablet=&#8220;center&#8220; align_phone=&#8220;&#8220; align_last_edited=&#8220;on|desktop&#8220; _builder_version=&#8220;4.16&#8243; border_radii=&#8220;on|10px|10px|10px|10px&#8220; global_colors_info=&#8220;{}&#8220;][\/et_pb_image][et_pb_button button_url=&#8220;https:\/\/www.careplus.eu\/de\/mucken-und-zecken\/schutzen\/anti-insekt-natural\/&#8220; button_text=&#8220;Anti-Insekt Natural&#8220; button_alignment=&#8220;center&#8220; _builder_version=&#8220;4.16&#8243; background_layout=&#8220;dark&#8220; global_colors_info=&#8220;{}&#8220;][\/et_pb_button][\/et_pb_column][et_pb_column type=&#8220;1_3&#8243; _builder_version=&#8220;4.16&#8243; custom_padding=&#8220;|||&#8220; global_colors_info=&#8220;{}&#8220; custom_padding__hover=&#8220;|||&#8220;][et_pb_image src=&#8220;https:\/\/www.careplus.eu\/wp-content\/uploads\/2019\/03\/hoofdnet-classic-1.jpg&#8220; url=&#8220;https:\/\/www.careplus.eu\/de\/mucken-und-zecken\/schutzen\/kopfnetze\/&#8220; align=&#8220;center&#8220; align_tablet=&#8220;center&#8220; align_phone=&#8220;&#8220; align_last_edited=&#8220;on|desktop&#8220; _builder_version=&#8220;4.16&#8243; border_radii=&#8220;on|10px|10px|10px|10px&#8220; global_colors_info=&#8220;{}&#8220;][\/et_pb_image][et_pb_button button_url=&#8220;https:\/\/www.careplus.eu\/de\/mucken-und-zecken\/schutzen\/kopfnetze\/&#8220; button_text=&#8220;Kopfnetze&#8220; button_alignment=&#8220;center&#8220; _builder_version=&#8220;4.16&#8243; background_layout=&#8220;dark&#8220; global_colors_info=&#8220;{}&#8220;][\/et_pb_button][\/et_pb_column][\/et_pb_row][\/et_pb_section][et_pb_section fb_built=&#8220;1&#8243; _builder_version=&#8220;4.16&#8243; global_colors_info=&#8220;{}&#8220;][et_pb_row _builder_version=&#8220;4.16&#8243; background_size=&#8220;initial&#8220; background_position=&#8220;top_left&#8220; background_repeat=&#8220;repeat&#8220; global_colors_info=&#8220;{}&#8220;][et_pb_column type=&#8220;4_4&#8243; _builder_version=&#8220;4.16&#8243; custom_padding=&#8220;|||&#8220; global_colors_info=&#8220;{}&#8220; custom_padding__hover=&#8220;|||&#8220;][et_pb_text admin_label=&#8220;Dengue&#8220; _builder_version=&#8220;4.16&#8243; header_2_font=&#8220;|800|||||||&#8220; header_2_font_size=&#8220;30px&#8220; global_colors_info=&#8220;{}&#8220;]<\/p>\n<h3>Kommt Dengue in Deutschland vor?<\/h3>\n<p>Dengue ist haupts\u00e4chlich in (sub-)tropischen Gebieten wie Afrika, S\u00fcdostasien, Mittel- und S\u00fcdamerika und der Karibik zu finden. In Deutschland tritt Dengue nur als Importkrankheit auf.<\/p>\n<p>[\/et_pb_text][\/et_pb_column][\/et_pb_row][\/et_pb_section]<\/p>\n","protected":false},"excerpt":{"rendered":"<p>Dengue Dengue, auch bekannt als Knochenbrecherfieber, ist eine durch ein Virus verursachte Infektionskrankheit. Das Virus kommt in (sub-)tropischen Gebieten vor und wird durch Moskitos \u00fcbertragen. Dengue ist weit verbreitet bei Menschen, die L\u00e4nder besucht haben, in denen die Krankheit auftritt. Die Darstellungen auf dieser Karte basieren auf Daten aus dem Jahr 2017. Was ist Dengue? [&hellip;]<\/p>\n","protected":false},"author":37,"featured_media":0,"parent":5627,"menu_order":0,"comment_status":"closed","ping_status":"closed","template":"","meta":{"_acf_changed":false,"_et_pb_use_builder":"on","_et_pb_old_content":"","_et_gb_content_width":"","footnotes":""},"class_list":["post-5858","page","type-page","status-publish","hentry"],"acf":[],"_links":{"self":[{"href":"https:\/\/www.careplus.eu\/de\/wp-json\/wp\/v2\/pages\/5858","targetHints":{"allow":["GET"]}}],"collection":[{"href":"https:\/\/www.careplus.eu\/de\/wp-json\/wp\/v2\/pages"}],"about":[{"href":"https:\/\/www.careplus.eu\/de\/wp-json\/wp\/v2\/types\/page"}],"author":[{"embeddable":true,"href":"https:\/\/www.careplus.eu\/de\/wp-json\/wp\/v2\/users\/37"}],"replies":[{"embeddable":true,"href":"https:\/\/www.careplus.eu\/de\/wp-json\/wp\/v2\/comments?post=5858"}],"version-history":[{"count":0,"href":"https:\/\/www.careplus.eu\/de\/wp-json\/wp\/v2\/pages\/5858\/revisions"}],"up":[{"embeddable":true,"href":"https:\/\/www.careplus.eu\/de\/wp-json\/wp\/v2\/pages\/5627"}],"wp:attachment":[{"href":"https:\/\/www.careplus.eu\/de\/wp-json\/wp\/v2\/media?parent=5858"}],"curies":[{"name":"wp","href":"https:\/\/api.w.org\/{rel}","templated":true}]}}