{"id":5755,"date":"2019-03-20T16:49:09","date_gmt":"2019-03-20T15:49:09","guid":{"rendered":"https:\/\/www.careplus.eu\/tipps-und-ratschlage-fur-sicheres-reisen\/schutz-vor-tropenkrankheiten\/gelbfieber\/"},"modified":"2021-05-08T08:15:20","modified_gmt":"2021-05-08T06:15:20","slug":"gelbfieber","status":"publish","type":"page","link":"https:\/\/www.careplus.eu\/de\/tipps-und-ratschlage-fur-sicheres-reisen\/schutz-vor-tropenkrankheiten\/gelbfieber\/","title":{"rendered":"Gelbfieber"},"content":{"rendered":"<p>[et_pb_section fb_built=&#8220;1&#8243; fullwidth=&#8220;on&#8220; _builder_version=&#8220;3.22&#8243; bottom_divider_style=&#8220;curve&#8220; bottom_divider_color=&#8220;#ffffff&#8220; bottom_divider_height=&#8220;40px&#8220;][et_pb_fullwidth_slider show_arrows=&#8220;off&#8220; show_pagination=&#8220;off&#8220; _builder_version=&#8220;3.19.6&#8243; custom_padding=&#8220;22%||10%|&#8220; text_shadow_style=&#8220;preset3&#8243; text_shadow_blur_strength=&#8220;0.5em&#8220; text_shadow_color=&#8220;rgba(0,0,0,0.6)&#8220;][et_pb_slide heading=&#8220;Gelbfieber&#8220; use_bg_overlay=&#8220;off&#8220; use_text_overlay=&#8220;off&#8220; _builder_version=&#8220;3.19.6&#8243; header_level=&#8220;h1&#8243; header_font=&#8220;|800|||||||&#8220; header_font_size=&#8220;36&#8243; background_color=&#8220;#0b6a30&#8243; background_image=&#8220;https:\/\/www.careplus.eu\/wp-content\/uploads\/2019\/02\/malaria-afrika.jpg&#8220; button_on_hover=&#8220;on&#8220; custom_padding=&#8220;15%||15%|&#8220; custom_padding_tablet=&#8220;15%||15%|&#8220; custom_padding_phone=&#8220;30%||30%|&#8220; custom_padding_last_edited=&#8220;on|desktop&#8220; header_font_size_tablet=&#8220;30&#8243; header_font_size_phone=&#8220;30&#8243; header_font_size_last_edited=&#8220;on|tablet&#8220; header_text_shadow_style=&#8220;preset3&#8243; header_text_shadow_blur_strength=&#8220;0.5em&#8220; header_text_shadow_color=&#8220;rgba(0,0,0,0.6)&#8220; sticky_transition=&#8220;on&#8220;][\/et_pb_slide][\/et_pb_fullwidth_slider][\/et_pb_section][et_pb_section fb_built=&#8220;1&#8243; _builder_version=&#8220;3.22&#8243;][et_pb_row _builder_version=&#8220;3.25&#8243; background_size=&#8220;initial&#8220; background_position=&#8220;top_left&#8220; background_repeat=&#8220;repeat&#8220;][et_pb_column type=&#8220;4_4&#8243; _builder_version=&#8220;3.25&#8243; custom_padding=&#8220;|||&#8220; custom_padding__hover=&#8220;|||&#8220;][et_pb_dmb_breadcrumbs _builder_version=&#8220;3.19.6&#8243; body_font_size_tablet=&#8220;51&#8243; body_line_height_tablet=&#8220;2&#8243; separator_font_size_tablet=&#8220;51&#8243; separator_line_height_tablet=&#8220;2&#8243; link_font_size_tablet=&#8220;51&#8243; link_line_height_tablet=&#8220;2&#8243; linkhover_font_size_tablet=&#8220;51&#8243; linkhover_line_height_tablet=&#8220;2&#8243;][\/et_pb_dmb_breadcrumbs][et_pb_text admin_label=&#8220;gele koorts&#8220; _builder_version=&#8220;3.27.4&#8243; header_2_font=&#8220;|800|||||||&#8220; header_2_font_size=&#8220;30px&#8220;]<\/p>\n<h2>Gelbfieber<\/h2>\n<p><strong>Gelbfieber ist eine Tropenkrankheit, die durch das Gelbfiebervirus verursacht wird. Das Virus wird durch den Biss tropischer Moskitos \u00fcbertragen. Ein Ausbruch dieser Krankheit erfolgt immer \u00fcber die Gelbfieber-M\u00fccke (Aedes aegypti). Gelbfieber tritt nur in bestimmten tropischen Regionen Afrikas und S\u00fcdamerikas auf. In Deutschland besteht kein Risiko f\u00fcr einen Gelbfieberausbruch, da die Gelbfieberm\u00fccke hier nicht vorkommt.<\/strong><\/p>\n<p>[\/et_pb_text][et_pb_image src=&#8220;https:\/\/www.careplus.eu\/wp-content\/uploads\/2019\/02\/Wereldkaart-tropische-ziekten-gele-koorts.jpg&#8220; align_tablet=&#8220;center&#8220; align_phone=&#8220;&#8220; align_last_edited=&#8220;on|desktop&#8220; admin_label=&#8220;kaart&#8220; _builder_version=&#8220;3.23&#8243;][\/et_pb_image][et_pb_text admin_label=&#8220;bijschrift kaart&#8220; _builder_version=&#8220;3.27.4&#8243; text_font_size=&#8220;12px&#8220;]<\/p>\n<p>\nDie Darstellungen auf dieser Karte basieren auf Daten aus dem Jahr 2017.<\/p>\n<p>[\/et_pb_text][et_pb_text admin_label=&#8220;gele koorts&#8220; _builder_version=&#8220;3.27.4&#8243; header_2_font=&#8220;|800|||||||&#8220; header_2_font_size=&#8220;30px&#8220;]<\/p>\n<h3>Was sind Symptome des Gelbfiebers? <\/h3>\n<p>Die Infektion verl\u00e4uft meist ohne Beschwerden: Etwa jeder f\u00fcnfte Infizierte wird krank. Die Symptome k\u00f6nnen sehr unterschiedlich sein, von einer leichten Grippe bis hin zu hohem Fieber mit Blutungen. Im Durchschnitt stirbt mehr als einer von 10 Patienten an Gelbfieber. Es gibt keine Heilung f\u00fcr Gelbfieber. Die Behandlung besteht in der Bek\u00e4mpfung der Symptome.<\/p>\n<p>&nbsp;<\/p>\n<h3>Schutz vor Gelbfieber<\/h3>\n<p>Das Gelfiebervirus wird durch den Stich tropischer Moskitos \u00fcbertragen. Wenn die M\u00fccke eine Person oder ein Tier bei\u00dft, die das Virus tr\u00e4gt, kann sich die M\u00fccke infizieren. In der Folge kann die M\u00fccke auch andere Menschen oder Tiere mit nachfolgenden Stichen infizieren. <\/p>\n<p>Nur in L\u00e4ndern, in denen die M\u00fccke verbreitet ist, tritt Gelbfieber auf. Diese M\u00fccke kommt in Afrika, S\u00fcdamerika, Asien und in einigen Teilen Australiens und Europas vor. In Europa hat sich diese M\u00fccke nur auf Madeira und in einer Region der Nordostt\u00fcrkei etabliert. <\/p>\n<p>Eine weitere (sub-)tropische M\u00fccke, die in Teilen S\u00fcdeuropas vorkommt, ist die asiatische Tigerm\u00fccke (Aedes albopictus). Die asiatische Tigerm\u00fccke kann jedoch keinen Gelbfieberausbruch verursachen.<\/p>\n<p>&nbsp;<\/p>\n<h3>Impfung<\/h3>\n<p>Es gibt einen Impfstoff gegen Gelbfieber. Dieser Impfstoff wird Reisenden verabreicht, die L\u00e4nder besuchen, in denen Gelbfieber auftritt. In einigen L\u00e4ndern ist es Pflicht, sich gegen Gelbfieber impfen zu lassen. F\u00fcr die Einreise in das Land ist dann ein Impfpass erforderlich.<\/p>\n<p>Auf <a href=\"http:\/\/www.lcr.nl\" target=\"_blank\" rel=\"noopener noreferrer\">www.lcr.nl<\/a> kannst du herausfinden, f\u00fcr welche L\u00e4nder eine Impfung empfohlen wird und wo sie Pflicht ist.<\/p>\n<p>[\/et_pb_text][\/et_pb_column][\/et_pb_row][\/et_pb_section][et_pb_section fb_built=&#8220;1&#8243; _builder_version=&#8220;3.22&#8243; background_color=&#8220;#f4f4f4&#8243;][et_pb_row column_structure=&#8220;1_3,1_3,1_3&#8243; _builder_version=&#8220;3.25&#8243; custom_padding=&#8220;|20px||20px&#8220;][et_pb_column type=&#8220;1_3&#8243; _builder_version=&#8220;3.25&#8243; custom_padding=&#8220;|||&#8220; custom_padding__hover=&#8220;|||&#8220;][et_pb_image src=&#8220;https:\/\/www.careplus.eu\/wp-content\/uploads\/2019\/02\/gezichtbescherming.jpg&#8220; align=&#8220;center&#8220; align_tablet=&#8220;center&#8220; align_phone=&#8220;&#8220; align_last_edited=&#8220;on|desktop&#8220; _builder_version=&#8220;3.23&#8243; border_radii=&#8220;on|10px|10px|10px|10px&#8220;][\/et_pb_image][et_pb_button button_url=&#8220;https:\/\/www.careplus.eu\/de\/mucken-und-zecken\/schutzen\/kopfnetze\/&#8220; button_text=&#8220;Kopfnetze&#8220; button_alignment=&#8220;center&#8220; _builder_version=&#8220;3.19.6&#8243; background_layout=&#8220;dark&#8220;][\/et_pb_button][\/et_pb_column][et_pb_column type=&#8220;1_3&#8243; _builder_version=&#8220;3.25&#8243; custom_padding=&#8220;|||&#8220; custom_padding__hover=&#8220;|||&#8220;][et_pb_image src=&#8220;https:\/\/www.careplus.eu\/wp-content\/uploads\/2019\/02\/careplus-klamboe-duobox.jpg&#8220; align=&#8220;center&#8220; align_tablet=&#8220;center&#8220; align_phone=&#8220;&#8220; align_last_edited=&#8220;on|desktop&#8220; _builder_version=&#8220;3.23&#8243; border_radii=&#8220;on|10px|10px|10px|10px&#8220;][\/et_pb_image][et_pb_button button_url=&#8220;https:\/\/www.careplus.eu\/de\/mucken-und-zecken\/schutzen\/moskitonetze\/&#8220; button_text=&#8220;Moskitonetz&#8220; button_alignment=&#8220;center&#8220; _builder_version=&#8220;3.19.6&#8243; background_layout=&#8220;dark&#8220;][\/et_pb_button][\/et_pb_column][et_pb_column type=&#8220;1_3&#8243; _builder_version=&#8220;3.25&#8243; custom_padding=&#8220;|||&#8220; custom_padding__hover=&#8220;|||&#8220;][et_pb_image src=&#8220;https:\/\/www.careplus.eu\/wp-content\/uploads\/2020\/06\/careplus-anti-insect-deet-60ml-50-1.jpg&#8220; title_text=&#8220;careplus-anti-insect-deet-60ml-50&#8243; align=&#8220;center&#8220; align_tablet=&#8220;center&#8220; align_phone=&#8220;&#8220; align_last_edited=&#8220;on|desktop&#8220; _builder_version=&#8220;4.4.8&#8243; border_radii=&#8220;on|10px|10px|10px|10px&#8220;][\/et_pb_image][et_pb_button button_url=&#8220;https:\/\/www.careplus.eu\/de\/mucken-und-zecken\/schutzen\/anti-insekt-deet\/&#8220; button_text=&#8220;Anti-Insekt&#8220; button_alignment=&#8220;center&#8220; _builder_version=&#8220;3.19.6&#8243; background_layout=&#8220;dark&#8220;][\/et_pb_button][\/et_pb_column][\/et_pb_row][\/et_pb_section][et_pb_section fb_built=&#8220;1&#8243; _builder_version=&#8220;3.22&#8243;][et_pb_row _builder_version=&#8220;3.25&#8243; background_size=&#8220;initial&#8220; background_position=&#8220;top_left&#8220; background_repeat=&#8220;repeat&#8220;][et_pb_column type=&#8220;4_4&#8243; _builder_version=&#8220;3.25&#8243; custom_padding=&#8220;|||&#8220; custom_padding__hover=&#8220;|||&#8220;][et_pb_text admin_label=&#8220;gele koorts in Duitlsand&#8220; _builder_version=&#8220;4.9.4&#8243; header_2_font=&#8220;|800|||||||&#8220; header_2_font_size=&#8220;30px&#8220; hover_enabled=&#8220;0&#8243; sticky_enabled=&#8220;0&#8243;]<\/p>\n<h3>Kommt Gelbfieber in Deutschland vor?<\/h3>\n<p>Die Krankheit tritt nur in bestimmten tropischen Regionen Afrikas und S\u00fcdamerikas auf. In Deutschland gibt es kein Gelbfieber.<\/p>\n<p>[\/et_pb_text][\/et_pb_column][\/et_pb_row][\/et_pb_section]<\/p>\n","protected":false},"excerpt":{"rendered":"<p>GelbfieberGelbfieber ist eine Tropenkrankheit, die durch das Gelbfiebervirus verursacht wird. Das Virus wird durch den Biss tropischer Moskitos \u00fcbertragen. Ein Ausbruch dieser Krankheit erfolgt immer \u00fcber die Gelbfieber-M\u00fccke (Aedes aegypti). Gelbfieber tritt nur in bestimmten tropischen Regionen Afrikas und S\u00fcdamerikas auf. In Deutschland besteht kein Risiko f\u00fcr einen Gelbfieberausbruch, da die Gelbfieberm\u00fccke hier nicht vorkommt. [&hellip;]<\/p>\n","protected":false},"author":37,"featured_media":0,"parent":5627,"menu_order":0,"comment_status":"closed","ping_status":"closed","template":"","meta":{"_acf_changed":false,"_et_pb_use_builder":"on","_et_pb_old_content":"","_et_gb_content_width":"","footnotes":""},"class_list":["post-5755","page","type-page","status-publish","hentry"],"acf":[],"_links":{"self":[{"href":"https:\/\/www.careplus.eu\/de\/wp-json\/wp\/v2\/pages\/5755","targetHints":{"allow":["GET"]}}],"collection":[{"href":"https:\/\/www.careplus.eu\/de\/wp-json\/wp\/v2\/pages"}],"about":[{"href":"https:\/\/www.careplus.eu\/de\/wp-json\/wp\/v2\/types\/page"}],"author":[{"embeddable":true,"href":"https:\/\/www.careplus.eu\/de\/wp-json\/wp\/v2\/users\/37"}],"replies":[{"embeddable":true,"href":"https:\/\/www.careplus.eu\/de\/wp-json\/wp\/v2\/comments?post=5755"}],"version-history":[{"count":0,"href":"https:\/\/www.careplus.eu\/de\/wp-json\/wp\/v2\/pages\/5755\/revisions"}],"up":[{"embeddable":true,"href":"https:\/\/www.careplus.eu\/de\/wp-json\/wp\/v2\/pages\/5627"}],"wp:attachment":[{"href":"https:\/\/www.careplus.eu\/de\/wp-json\/wp\/v2\/media?parent=5755"}],"curies":[{"name":"wp","href":"https:\/\/api.w.org\/{rel}","templated":true}]}}