


{"id":5732,"date":"2019-03-20T16:28:34","date_gmt":"2019-03-20T15:28:34","guid":{"rendered":"https:\/\/www.careplus.eu\/erste-hilfe-auf-reisen\/blasen\/verhindern\/campher\/"},"modified":"2023-06-20T13:30:55","modified_gmt":"2023-06-20T11:30:55","slug":"campher","status":"publish","type":"page","link":"https:\/\/www.careplus.eu\/de\/erste-hilfe-auf-reisen\/blasen\/verhindern\/campher\/","title":{"rendered":"Anit-Blister Spray"},"content":{"rendered":"<p>[et_pb_section fb_built=&#8220;1&#8243; fullwidth=&#8220;on&#8220; _builder_version=&#8220;4.16&#8243; bottom_divider_style=&#8220;curve&#8220; bottom_divider_color=&#8220;#ffffff&#8220; bottom_divider_height=&#8220;40px&#8220; global_colors_info=&#8220;{}&#8220;][et_pb_fullwidth_slider show_arrows=&#8220;off&#8220; show_pagination=&#8220;off&#8220; _builder_version=&#8220;4.16&#8243; global_colors_info=&#8220;{}&#8220;][et_pb_slide heading=&#8220;Anit-Blasen&#8220; use_bg_overlay=&#8220;off&#8220; use_text_overlay=&#8220;off&#8220; _builder_version=&#8220;4.16&#8243; header_level=&#8220;h1&#8243; header_font=&#8220;|800|||||||&#8220; header_font_size=&#8220;36&#8243; background_color=&#8220;#0b6a30&#8243; background_image=&#8220;https:\/\/www.careplus.eu\/wp-content\/uploads\/2020\/07\/Blister-spray-Header.jpg&#8220; background_enable_image=&#8220;on&#8220; button_on_hover=&#8220;on&#8220; custom_padding=&#8220;15%||15%|&#8220; custom_padding_tablet=&#8220;30%||30%|&#8220; custom_padding_phone=&#8220;30%||30%|&#8220; custom_padding_last_edited=&#8220;on|desktop&#8220; header_font_size_tablet=&#8220;30&#8243; header_font_size_phone=&#8220;30&#8243; header_font_size_last_edited=&#8220;on|tablet&#8220; header_text_shadow_style=&#8220;preset3&#8243; header_text_shadow_blur_strength=&#8220;0.5em&#8220; header_text_shadow_color=&#8220;rgba(0,0,0,0.6)&#8220; global_colors_info=&#8220;{}&#8220; sticky_transition=&#8220;on&#8220;][\/et_pb_slide][\/et_pb_fullwidth_slider][\/et_pb_section][et_pb_section fb_built=&#8220;1&#8243; _builder_version=&#8220;4.16&#8243; global_colors_info=&#8220;{}&#8220;][et_pb_row _builder_version=&#8220;4.16&#8243; background_size=&#8220;initial&#8220; background_position=&#8220;top_left&#8220; background_repeat=&#8220;repeat&#8220; global_colors_info=&#8220;{}&#8220;][et_pb_column type=&#8220;4_4&#8243; _builder_version=&#8220;4.16&#8243; custom_padding=&#8220;|||&#8220; global_colors_info=&#8220;{}&#8220; custom_padding__hover=&#8220;|||&#8220;][et_pb_dmb_breadcrumbs _builder_version=&#8220;4.16&#8243; body_font_size_tablet=&#8220;51&#8243; body_line_height_tablet=&#8220;2&#8243; separator_font_size_tablet=&#8220;51&#8243; separator_line_height_tablet=&#8220;2&#8243; link_font_size_tablet=&#8220;51&#8243; link_line_height_tablet=&#8220;2&#8243; linkhover_font_size_tablet=&#8220;51&#8243; linkhover_line_height_tablet=&#8220;2&#8243; global_colors_info=&#8220;{}&#8220;][\/et_pb_dmb_breadcrumbs][et_pb_text admin_label=&#8220;Anti-Blister&#8220; _builder_version=&#8220;4.18.0&#8243; header_2_font=&#8220;|800|||||||&#8220; global_colors_info=&#8220;{}&#8220;]<\/p>\n<h2>Beugen Sie Blasen vor mit dem Anti-Blasen-Spray<\/h2>\n<p><strong>Z\u00fcgiges Gehen, Sport, neue Schuhe, warmes Wetter: F\u00fc\u00dfe haben es schwer. Blasen an den F\u00fc\u00dfen k\u00f6nnen das Stehen oder Gehen zur Qual machen. Es kann sehr schnell zur Bildung einer Blase oder einer anderen Reizung an den F\u00fc\u00dfen kommen. Gl\u00fccklicherweise gibt es Produkte, die das Blasenrisiko verringern.<\/strong>[\/et_pb_text][et_pb_text admin_label=&#8220;Anti-Blister&#8220; _builder_version=&#8220;4.18.0&#8243; header_2_font=&#8220;|800|||||||&#8220; global_colors_info=&#8220;{}&#8220;]M\u00f6chten Sie das Risiko einer Blase wirklich minimieren? Anschlie\u00dfend verwenden Sie das Care Plus<sup style=\"font-size:8px;\">\u00ae<\/sup> Anti-Blasen-Spray t\u00e4glich ab drei Wochen vor einem Spaziergang oder einer Wanderung. Das t\u00e4gliche Bespr\u00fchen Ihrer F\u00fc\u00dfe mit diesem Fu\u00dfspray sorgt daf\u00fcr, dass die Haut h\u00e4rter wird und Blasen vermieden werden. W\u00e4hrend und nach der Wanderung k\u00fchlt, erfrischt und entlastet der Spray m\u00fcde Muskeln und F\u00fc\u00dfe.[\/et_pb_text][\/et_pb_column][\/et_pb_row][\/et_pb_section][et_pb_section fb_built=&#8220;1&#8243; _builder_version=&#8220;4.16&#8243; background_color=&#8220;#f4f4f4&#8243; global_colors_info=&#8220;{}&#8220;][et_pb_row column_structure=&#8220;1_3,2_3&#8243; _builder_version=&#8220;4.16&#8243; background_color=&#8220;#ffffff&#8220; module_alignment=&#8220;center&#8220; custom_padding=&#8220;|40px||40px&#8220; border_radii=&#8220;on|10px|10px|10px|10px&#8220; global_colors_info=&#8220;{}&#8220;][et_pb_column type=&#8220;1_3&#8243; _builder_version=&#8220;4.16&#8243; custom_padding=&#8220;|||&#8220; global_colors_info=&#8220;{}&#8220; custom_padding__hover=&#8220;|||&#8220;][et_pb_image src=&#8220;https:\/\/www.careplus.eu\/wp-content\/uploads\/2022\/06\/Deze-Anti-Blister-spray-verstevigt-de-huid-en-voorkomt-daarmee-blaarvorming-scaled.jpg&#8220; title_text=&#8220;Dieses Anti-Blasen-Spray st\u00e4rkt die Haut und beugt so Blasenbildung vor&#8220; url=&#8220;https:\/\/www.careplus-shop.nl\/Care-Plus-Anti-Blister-Spray-50-ml&#8220; url_new_window=&#8220;on&#8220; align=&#8220;center&#8220; align_tablet=&#8220;center&#8220; align_phone=&#8220;&#8220; align_last_edited=&#8220;on|desktop&#8220; admin_label=&#8220;Anti-Blister verpakking&#8220; _builder_version=&#8220;4.17.4&#8243; height=&#8220;350px&#8220; max_height=&#8220;350px&#8220; global_colors_info=&#8220;{}&#8220;][\/et_pb_image][\/et_pb_column][et_pb_column type=&#8220;2_3&#8243; _builder_version=&#8220;4.16&#8243; custom_padding=&#8220;|||&#8220; global_colors_info=&#8220;{}&#8220; custom_padding__hover=&#8220;|||&#8220;][et_pb_text admin_label=&#8220;Anti-Blister spray&#8220; _builder_version=&#8220;4.18.0&#8243; custom_padding=&#8220;|10px||10px&#8220; global_colors_info=&#8220;{}&#8220;]<\/p>\n<h3>Care Plus<sup style=\"font-size:10px;\">\u00ae<\/sup> Anti-Blasen-Spray<\/h3>\n<ul>\n<li>K\u00fchlt, erfrischt und entlastet m\u00fcde Muskeln und F\u00fc\u00dfe.<\/li>\n<li>Strafft die Haut und beugt Blasenbildung vor.<\/li>\n<li>Kann auch w\u00e4hrend und nach einer Wanderung verwendet werden.<\/li>\n<li>Reinigt die Haut, damit ein Pflaster besser haftet.<\/li>\n<p>[\/et_pb_text][et_pb_text _builder_version=&#8220;4.18.0&#8243; text_font_size=&#8220;10px&#8220; text_line_height=&#8220;1.5em&#8220; custom_margin=&#8220;0px||||false|false&#8220; custom_padding=&#8220;0px||||false|false&#8220; locked=&#8220;off&#8220; global_colors_info=&#8220;{}&#8220;]Care Plus<sup style=\"font-size:8px;\">\u00ae<\/sup> Anti-Blasen-Spray ist ein medizinisches Ger\u00e4t. Lesen Sie vor der Verwendung die Bedienungsanleitung.[\/et_pb_text][et_pb_button button_url=&#8220;https:\/\/www.careplus-shop.nl\/Care-Plus-Anti-Blister-Spray-50-ml&#8220; url_new_window=&#8220;on&#8220; button_text=&#8220;Ausw\u00e4hlen &amp; Bestellen&#8220; button_alignment=&#8220;left&#8220; admin_label=&#8220;Kies &#038; Bestel&#8220; _builder_version=&#8220;4.17.4&#8243; background_layout=&#8220;dark&#8220; global_colors_info=&#8220;{}&#8220;][\/et_pb_button][\/et_pb_column][\/et_pb_row][\/et_pb_section][et_pb_section fb_built=&#8220;1&#8243; _builder_version=&#8220;4.16&#8243; background_color=&#8220;#ffffff&#8220; locked=&#8220;off&#8220; global_colors_info=&#8220;{}&#8220;][et_pb_row _builder_version=&#8220;4.16&#8243; background_size=&#8220;initial&#8220; background_position=&#8220;top_left&#8220; background_repeat=&#8220;repeat&#8220; global_colors_info=&#8220;{}&#8220;][et_pb_column type=&#8220;4_4&#8243; _builder_version=&#8220;4.16&#8243; custom_padding=&#8220;|||&#8220; global_colors_info=&#8220;{}&#8220; custom_padding__hover=&#8220;|||&#8220;][et_pb_text admin_label=&#8220;Blaren behandelen&#8220; _builder_version=&#8220;4.21.0&#8243; global_colors_info=&#8220;{}&#8220;]<\/p>\n<h3>Blasen behandeln<\/h3>\n<p>Haben Sie trotz vorbeugender Ma\u00dfnahmen eine oder mehrere Blasen bekommen? Nichts ist \u00e4rgerlicher, als mit schmerzenden F\u00fc\u00dfen herumzulaufen. Gl\u00fccklicherweise gibt es <a href=\"\/de\/erste-hilfe-reisen\/blasen\/behandlung\/blasenpflaster\/\">blasenpflaster<\/a> zur schmerzlinderung und drucklinderung. Leiden Sie unter brennenden F\u00fc\u00dfen? Care Plus<sup style=\"font-size:8px;\">\u00ae<\/sup> <a href=\"\/de\/erste-hilfe-auf-reisen\/blasen\/verhindern\/fuspuder\/\">Fu\u00dfpuder<\/a> erfrischt und entlasten Sie Ihre F\u00fc\u00dfe. <a href=\"\/de\/erste-hilfe-auf-reisen\/blasen\/verhindern\/\">Weitere Tipps zur Vermeidung von Blasen finden Sie hier<\/a> und <a href=\"\/de\/erste-hilfe-auf-reisen\/blasen\/behandeln\/\">Lesen Sie alles \u00fcber die Behandlung von Blasen<\/a>.<\/p>\n<p>[\/et_pb_text][\/et_pb_column][\/et_pb_row][\/et_pb_section][et_pb_section fb_built=&#8220;1&#8243; fullwidth=&#8220;on&#8220; _builder_version=&#8220;4.16&#8243; _module_preset=&#8220;default&#8220; locked=&#8220;off&#8220; global_colors_info=&#8220;{}&#8220;][et_pb_fullwidth_header _builder_version=&#8220;4.21.0&#8243; _module_preset=&#8220;default&#8220; background_image=&#8220;https:\/\/www.careplus.eu\/wp-content\/uploads\/2019\/03\/care-plus-blaren-behandelen.jpg&#8220; parallax=&#8220;on&#8220; height=&#8220;350px&#8220; max_height=&#8220;350px&#8220; hover_enabled=&#8220;0&#8243; global_colors_info=&#8220;{}&#8220; alt=&#8220;care plus blaren behandelen&#8220; title_text=&#8220;care plus blaren behandelen&#8220; sticky_enabled=&#8220;0&#8243;][\/et_pb_fullwidth_header][\/et_pb_section][et_pb_section fb_built=&#8220;1&#8243; disabled_on=&#8220;off|off|off&#8220; _builder_version=&#8220;4.17.4&#8243; custom_margin=&#8220;10px||||false|false&#8220; custom_padding=&#8220;10px|0px|54px|0px|false|false&#8220; locked=&#8220;off&#8220; global_colors_info=&#8220;{}&#8220;][et_pb_row _builder_version=&#8220;4.17.4&#8243; custom_margin=&#8220;0px||||false|false&#8220; custom_padding=&#8220;0px||||false|false&#8220; collapsed=&#8220;off&#8220; global_colors_info=&#8220;{}&#8220;][et_pb_column type=&#8220;4_4&#8243; _builder_version=&#8220;4.16&#8243; custom_padding=&#8220;|||&#8220; global_colors_info=&#8220;{}&#8220; custom_padding__hover=&#8220;|||&#8220;][et_pb_divider show_divider=&#8220;off&#8220; _builder_version=&#8220;4.17.4&#8243; global_colors_info=&#8220;{}&#8220;][\/et_pb_divider][et_pb_text admin_label=&#8220;Blister-spray&#8220; module_id=&#8220;subsection_3&#8243; module_class=&#8220;ignore_default&#8220; _builder_version=&#8220;4.18.0&#8243; global_colors_info=&#8220;{}&#8220;]<\/p>\n<h2>H\u00e4ufig gestellte Fragen zum Blasenspray<\/h2>\n<p>[\/et_pb_text][et_pb_toggle title=&#8220;Wie wendet man das Anti-Blasen-Spray an?&#8220; admin_label=&#8220;Hoe gebruik je de Anti-Blister spray? &#8220; _builder_version=&#8220;4.18.0&#8243; global_colors_info=&#8220;{}&#8220;]Bespr\u00fchen Sie Ihre F\u00fc\u00dfe ab drei Wochen vor einem Spaziergang oder einer Wanderung mit dem Blasenspray. Sie k\u00f6nnen das Spray auch w\u00e4hrend und nach einem Ausflug verwenden, um die F\u00fc\u00dfe zu k\u00fchlen, zu erfrischen und zu entlasten. [\/et_pb_toggle][et_pb_toggle title=&#8220;Welche Vorteile bietet das Anti-Blasen-Spray?&#8220; admin_label=&#8220;Wat zijn de voordelen van de Anti-Blister spray? &#8220; _builder_version=&#8220;4.18.0&#8243; global_colors_info=&#8220;{}&#8220;]Das Spray st\u00e4rkt die Haut und beugt so Blasenbildung vor. Zudem reinigt das Mittel die Haut, sodass ein Pflaster besser haftet. [\/et_pb_toggle][et_pb_toggle title=&#8220;Hilft das Spray auch gegen Blasen?&#8220; admin_label=&#8220;Helpt de spray ook tegen blaren? &#8220; _builder_version=&#8220;4.21.0&#8243; global_colors_info=&#8220;{}&#8220;]Ja, das Care Plus<sup style=\"font-size:8px;\">\u00ae<\/sup> Anti-Blasen-Spray hilft, Blasen vorzubeugen. Hatten Sie bereits eine Blase? Dann nutzen Sie unsere speziellen <a href=\"\/de\/erste-hilfe-auf-reisen\/blasen\/behandeln\/blasenpflaster\/\">blasenpflaster<\/a>. [\/et_pb_toggle][et_pb_toggle title=&#8220;Funktioniert das Spray auch bei Schwei\u00dff\u00fc\u00dfen?&#8220; admin_label=&#8220;Werkt de spray ook bij zweetvoeten? &#8220; _builder_version=&#8220;4.21.0&#8243; global_colors_info=&#8220;{}&#8220;]Das Spray k\u00fchlt, erfrischt und entlastet m\u00fcde Muskeln und F\u00fc\u00dfe. Das Produkt nimmt keine Feuchtigkeit auf. Bei Schwei\u00dff\u00fc\u00dfen verwenden Sie am besten unser <a href=\"\/de\/erste-hilfe-auf-reisen\/blasen\/verhindern\/fuspuder\/\">Fu\u00dfpuder<\/a>. [\/et_pb_toggle][\/et_pb_column][\/et_pb_row][\/et_pb_section]<\/p>\n","protected":false},"excerpt":{"rendered":"<p>Beugen Sie Blasen vor mit dem Anti-Blasen-Spray Z\u00fcgiges Gehen, Sport, neue Schuhe, warmes Wetter: F\u00fc\u00dfe haben es schwer. Blasen an den F\u00fc\u00dfen k\u00f6nnen das Stehen oder Gehen zur Qual machen. Es kann sehr schnell zur Bildung einer Blase oder einer anderen Reizung an den F\u00fc\u00dfen kommen. Gl\u00fccklicherweise gibt es Produkte, die das Blasenrisiko verringern.M\u00f6chten Sie [&hellip;]<\/p>\n","protected":false},"author":37,"featured_media":0,"parent":5689,"menu_order":0,"comment_status":"closed","ping_status":"closed","template":"","meta":{"_acf_changed":false,"_et_pb_use_builder":"on","_et_pb_old_content":"","_et_gb_content_width":"","footnotes":""},"class_list":["post-5732","page","type-page","status-publish","hentry"],"acf":[],"_links":{"self":[{"href":"https:\/\/www.careplus.eu\/de\/wp-json\/wp\/v2\/pages\/5732","targetHints":{"allow":["GET"]}}],"collection":[{"href":"https:\/\/www.careplus.eu\/de\/wp-json\/wp\/v2\/pages"}],"about":[{"href":"https:\/\/www.careplus.eu\/de\/wp-json\/wp\/v2\/types\/page"}],"author":[{"embeddable":true,"href":"https:\/\/www.careplus.eu\/de\/wp-json\/wp\/v2\/users\/37"}],"replies":[{"embeddable":true,"href":"https:\/\/www.careplus.eu\/de\/wp-json\/wp\/v2\/comments?post=5732"}],"version-history":[{"count":0,"href":"https:\/\/www.careplus.eu\/de\/wp-json\/wp\/v2\/pages\/5732\/revisions"}],"up":[{"embeddable":true,"href":"https:\/\/www.careplus.eu\/de\/wp-json\/wp\/v2\/pages\/5689"}],"wp:attachment":[{"href":"https:\/\/www.careplus.eu\/de\/wp-json\/wp\/v2\/media?parent=5732"}],"curies":[{"name":"wp","href":"https:\/\/api.w.org\/{rel}","templated":true}]}}