


{"id":5729,"date":"2019-03-20T16:25:37","date_gmt":"2019-03-20T15:25:37","guid":{"rendered":"https:\/\/www.careplus.eu\/erste-hilfe-auf-reisen\/blasen\/behandeln\/blasenpflaster\/"},"modified":"2023-08-10T10:11:51","modified_gmt":"2023-08-10T08:11:51","slug":"blasenpflaster","status":"publish","type":"page","link":"https:\/\/www.careplus.eu\/de\/erste-hilfe-auf-reisen\/blasen\/behandeln\/blasenpflaster\/","title":{"rendered":"Blasenpflaster"},"content":{"rendered":"<p>[et_pb_section fb_built=&#8220;1&#8243; fullwidth=&#8220;on&#8220; _builder_version=&#8220;4.21.0&#8243; background_image=&#8220;https:\/\/www.careplus.eu\/wp-content\/uploads\/2023\/06\/blaren.jpg&#8220; bottom_divider_style=&#8220;curve&#8220; bottom_divider_color=&#8220;#ffffff&#8220; bottom_divider_height=&#8220;40px&#8220; bottom_divider_height_tablet=&#8220;40px&#8220; bottom_divider_height_phone=&#8220;20px&#8220; bottom_divider_height_last_edited=&#8220;on|phone&#8220; hover_enabled=&#8220;0&#8243; global_colors_info=&#8220;{}&#8220; alt=&#8220;Blasen&#8220; title_text=&#8220;Blasen&#8220; sticky_enabled=&#8220;0&#8243;][et_pb_fullwidth_slider show_arrows=&#8220;off&#8220; show_pagination=&#8220;off&#8220; _builder_version=&#8220;4.21.0&#8243; global_colors_info=&#8220;{}&#8220;][et_pb_slide heading=&#8220;Blasenpflaster&#8220; use_bg_overlay=&#8220;off&#8220; use_text_overlay=&#8220;off&#8220; _builder_version=&#8220;4.21.0&#8243; header_level=&#8220;h1&#8243; header_font=&#8220;|800|||||||&#8220; header_font_size=&#8220;36&#8243; background_color=&#8220;RGBA(255,255,255,0)&#8220; background_enable_color=&#8220;on&#8220; background_enable_image=&#8220;off&#8220; button_on_hover=&#8220;on&#8220; custom_padding=&#8220;15%||15%|&#8220; custom_padding_tablet=&#8220;30%||30%||false|false&#8220; custom_padding_phone=&#8220;30%||30%||false|false&#8220; custom_padding_last_edited=&#8220;on|desktop&#8220; header_font_size_tablet=&#8220;30&#8243; header_font_size_phone=&#8220;30&#8243; header_font_size_last_edited=&#8220;on|desktop&#8220; header_text_shadow_style=&#8220;preset3&#8243; header_text_shadow_blur_strength=&#8220;0.5em&#8220; header_text_shadow_color=&#8220;rgba(0,0,0,0.6)&#8220; global_colors_info=&#8220;{}&#8220; sticky_transition=&#8220;on&#8220;][\/et_pb_slide][\/et_pb_fullwidth_slider][\/et_pb_section][et_pb_section fb_built=&#8220;1&#8243; admin_label=&#8220;INTRO&#8220; _builder_version=&#8220;4.21.0&#8243; custom_margin=&#8220;50px||||false|false&#8220; custom_padding=&#8220;0px||||false|false&#8220; global_colors_info=&#8220;{}&#8220;][et_pb_row disabled_on=&#8220;off|off|off&#8220; _builder_version=&#8220;4.21.0&#8243; background_size=&#8220;initial&#8220; background_position=&#8220;top_left&#8220; background_repeat=&#8220;repeat&#8220; custom_margin=&#8220;||||false|false&#8220; global_module=&#8220;18803&#8243; global_colors_info=&#8220;{}&#8220;][et_pb_column type=&#8220;4_4&#8243; _builder_version=&#8220;4.16&#8243; custom_padding=&#8220;|||&#8220; global_colors_info=&#8220;{}&#8220; custom_padding__hover=&#8220;|||&#8220;][et_pb_dmb_breadcrumbs admin_label=&#8220;Breadcrumbs&#8220; _builder_version=&#8220;4.21.0&#8243; body_font_size_tablet=&#8220;51&#8243; body_line_height_tablet=&#8220;2&#8243; separator_font_size_tablet=&#8220;51&#8243; separator_line_height_tablet=&#8220;2&#8243; link_font_size_tablet=&#8220;51&#8243; link_line_height_tablet=&#8220;2&#8243; linkhover_font_size_tablet=&#8220;51&#8243; linkhover_line_height_tablet=&#8220;2&#8243; global_colors_info=&#8220;{}&#8220;][\/et_pb_dmb_breadcrumbs][\/et_pb_column][\/et_pb_row][et_pb_row _builder_version=&#8220;4.16&#8243; background_size=&#8220;initial&#8220; background_position=&#8220;top_left&#8220; background_repeat=&#8220;repeat&#8220; global_colors_info=&#8220;{}&#8220;][et_pb_column type=&#8220;4_4&#8243; _builder_version=&#8220;4.16&#8243; custom_padding=&#8220;|||&#8220; global_colors_info=&#8220;{}&#8220; custom_padding__hover=&#8220;|||&#8220;][et_pb_text admin_label=&#8220;Blarenpleisters intro&#8220; _builder_version=&#8220;4.21.0&#8243; header_2_font=&#8220;|800|||||||&#8220; global_colors_info=&#8220;{}&#8220;]<\/p>\n<h2>Blasen mit einem Blasenpflaster behandeln<\/h2>\n<p><strong>Manchmal k\u00f6nnen trotz aller Bem\u00fchungen, Blasen zu vermeiden, dennoch Blasen auftreten. Wenn Sie eine Blase erlitten haben, sind Blasenpflaster hilfreich. Die Care Plus<sup style=\"font-size:8px;\">\u00ae<\/sup> Blasenpflaster wurden speziell entwickelt, um Schmerzen zu lindern, eine Schutzbarriere zu bilden und die Heilung zu f\u00f6rdern. Unsere Blasenpflaster sind in den Varianten Duo Pack und Ultimate erh\u00e4ltlich. So haben Sie f\u00fcr jede Blase das richtige Pflaster!<\/strong><\/p>\n<p>[\/et_pb_text][et_pb_text admin_label=&#8220;Blarenpleisters vervolg&#8220; _builder_version=&#8220;4.21.0&#8243; header_2_font=&#8220;|800|||||||&#8220; global_colors_info=&#8220;{}&#8220;]<\/p>\n<h3>Blasenpflaster Duo Pack<\/h3>\n<p>Das Blisterpflaster Duo Pack von Care Plus<sup style=\"font-size:8px;\">\u00ae<\/sup> enth\u00e4lt ein gro\u00dfes und ein kleineres Pflaster. Die Pflaster sind so konzipiert, dass sie optimalen Schutz und Komfort bieten. Diese Pflaster f\u00fchlen sich wie eine zweite Haut an, sorgen f\u00fcr ein nahtloses Erlebnis und unterst\u00fctzen gleichzeitig den Heilungsprozess. Sie bestehen aus atmungsaktiven Materialien, die eine Luftzirkulation bis zur Blase erm\u00f6glichen. Zus\u00e4tzlich zu ihrer Atmungsaktivit\u00e4t sind diese Pflaster zu 100 % wasserdicht. Sie bilden eine sichere Abdichtung, die Wasser, Schmutz und Verunreinigungen fernh\u00e4lt.[\/et_pb_text][\/et_pb_column][\/et_pb_row][\/et_pb_section][et_pb_section fb_built=&#8220;1&#8243; _builder_version=&#8220;4.16&#8243; background_color=&#8220;#f4f4f4&#8243; locked=&#8220;off&#8220; global_colors_info=&#8220;{}&#8220;][et_pb_row column_structure=&#8220;1_3,2_3&#8243; _builder_version=&#8220;4.16&#8243; background_color=&#8220;#ffffff&#8220; custom_padding=&#8220;|20px||20px&#8220; border_radii=&#8220;on|10px|10px|10px|10px&#8220; global_colors_info=&#8220;{}&#8220;][et_pb_column type=&#8220;1_3&#8243; _builder_version=&#8220;4.16&#8243; custom_padding=&#8220;|||&#8220; global_colors_info=&#8220;{}&#8220; custom_padding__hover=&#8220;|||&#8220;][et_pb_image src=&#8220;https:\/\/www.careplus.eu\/wp-content\/uploads\/2023\/06\/Care-Plus\u00ae-blarenpleisters-Duo-Pack.png&#8220; title_text=&#8220;Care Plus\u00ae Blasenpflaster Duo Pack&#8220; show_in_lightbox=&#8220;on&#8220; use_overlay=&#8220;on&#8220; overlay_icon_color=&#8220;#ffffff&#8220; hover_overlay_color=&#8220;rgba(0,0,0,0)&#8220; hover_icon=&#8220;&#x54;||divi||400&#8243; align_tablet=&#8220;center&#8220; align_phone=&#8220;&#8220; align_last_edited=&#8220;on|desktop&#8220; admin_label=&#8220;Packshot blaarpleister duo&#8220; _builder_version=&#8220;4.21.0&#8243; custom_padding=&#8220;|20px||20px&#8220; global_colors_info=&#8220;{}&#8220;][\/et_pb_image][\/et_pb_column][et_pb_column type=&#8220;2_3&#8243; _builder_version=&#8220;4.16&#8243; custom_padding=&#8220;|||&#8220; global_colors_info=&#8220;{}&#8220; custom_padding__hover=&#8220;|||&#8220;][et_pb_text admin_label=&#8220;Care Plus blarenpleisters Duo Pack&#8220; _builder_version=&#8220;4.21.0&#8243; header_3_text_color=&#8220;#ff0000&#8243; custom_margin=&#8220;||0px||false|false&#8220; custom_padding=&#8220;|20px|0px||false|false&#8220; global_colors_info=&#8220;{}&#8220;]<\/p>\n<h3>Care Plus<sup style=\"font-size:10px;\">\u00ae<\/sup> Blasenpflaster Duo Pack<\/h3>\n<ul>\n<li>F\u00fchlt sich an wie eine zweite Haut<\/li>\n<li>Kann auch vorbeugend eingesetzt werden<\/li>\n<li>Hilft bei der Schmerzlinderung<\/li>\n<li>Aus atmungsaktivem Material<\/li>\n<li>Halten Sie Wasser, Schmutz und Verunreinigungen fern<\/li>\n<li>100 % wasserdicht<\/li>\n<li>Inhalt: 6 Blasenpflaster[\/et_pb_text][et_pb_text admin_label=&#8220;Disclaimer&#8220; _builder_version=&#8220;4.21.0&#8243; text_font_size=&#8220;10px&#8220; text_line_height=&#8220;1.5em&#8220; custom_margin=&#8220;0px||||false|false&#8220; custom_padding=&#8220;0px||||false|false&#8220; locked=&#8220;off&#8220; global_colors_info=&#8220;{}&#8220;]Care Plus<sup style=\"font-size:8px;\">\u00ae<\/sup> Blasenpflaster Duo Pack ist ein Medizinprodukt. Lesen Sie vor der Verwendung die Bedienungsanleitung.[\/et_pb_text][et_pb_button button_url=&#8220;https:\/\/www.careplus-shop.de\/Webwinkel-Product-857885178\/Blasenpflaster-Duo-Packung.html&#8220; url_new_window=&#8220;on&#8220; button_text=&#8220;Ausw\u00e4hlen und bestellen&#8220; button_alignment=&#8220;left&#8220; button_alignment_tablet=&#8220;center&#8220; button_alignment_phone=&#8220;&#8220; button_alignment_last_edited=&#8220;on|phone&#8220; admin_label=&#8220;Bestelbutton&#8220; _builder_version=&#8220;4.21.0&#8243; _module_preset=&#8220;default&#8220; custom_button=&#8220;on&#8220; button_bg_color=&#8220;#ff0000&#8243; global_colors_info=&#8220;{}&#8220;][\/et_pb_button][\/et_pb_column][\/et_pb_row][\/et_pb_section][et_pb_section fb_built=&#8220;1&#8243; _builder_version=&#8220;4.16&#8243; background_color=&#8220;#ffffff&#8220; locked=&#8220;off&#8220; global_colors_info=&#8220;{}&#8220;][et_pb_row _builder_version=&#8220;4.16&#8243; background_size=&#8220;initial&#8220; background_position=&#8220;top_left&#8220; background_repeat=&#8220;repeat&#8220; global_colors_info=&#8220;{}&#8220;][et_pb_column type=&#8220;4_4&#8243; _builder_version=&#8220;4.16&#8243; custom_padding=&#8220;|||&#8220; global_colors_info=&#8220;{}&#8220; custom_padding__hover=&#8220;|||&#8220;][et_pb_text admin_label=&#8220;Blarenpleisters ultimate&#8220; _builder_version=&#8220;4.21.0&#8243; global_colors_info=&#8220;{}&#8220;]<br \/>\n<h3>Blasenpflaster Ultimate<\/h3>\n<p>Unsere ultimativen Blasenpflaster bieten ultimativen Schutz und Linderung bei Blasen. Die Care Plus<sup style=\"font-size:8px;\">\u00ae<\/sup> Blasenpflaster Ultimate sind speziell f\u00fcr die Anforderungen intensiver Nutzung konzipiert und bieten gleichzeitig vorbeugende Pflege und Heilungsunterst\u00fctzung. Eines der wichtigsten Merkmale der Care Plus<sup style=\"font-size:8px;\">\u00ae<\/sup> Blasenpflaster Ultimate ist die zus\u00e4tzliche Dicke, wodurch die Blasen besser absorbiert werden. Die einzigartige Konstruktion des Blasenpflasters sorgt f\u00fcr eine optimale D\u00e4mpfung, sodass Sie Ihre Aktivit\u00e4ten ohne Angst vor Schmerzen oder Reizungen fortsetzen k\u00f6nnen.[\/et_pb_text][\/et_pb_column][\/et_pb_row][\/et_pb_section][et_pb_section fb_built=&#8220;1&#8243; _builder_version=&#8220;4.16&#8243; background_color=&#8220;#f4f4f4&#8243; locked=&#8220;off&#8220; global_colors_info=&#8220;{}&#8220;][et_pb_row column_structure=&#8220;1_3,2_3&#8243; _builder_version=&#8220;4.16&#8243; background_color=&#8220;#ffffff&#8220; custom_padding=&#8220;|20px||20px&#8220; border_radii=&#8220;on|10px|10px|10px|10px&#8220; global_colors_info=&#8220;{}&#8220;][et_pb_column type=&#8220;1_3&#8243; _builder_version=&#8220;4.16&#8243; custom_padding=&#8220;|||&#8220; global_colors_info=&#8220;{}&#8220; custom_padding__hover=&#8220;|||&#8220;][et_pb_image src=&#8220;https:\/\/www.careplus.eu\/wp-content\/uploads\/2025\/05\/Care-plus-Blarenpleisters_Ultimate.webp&#8220; title_text=&#8220;Care Plus\u00ae Blasenpflaster Ultimate&#8220; show_in_lightbox=&#8220;on&#8220; use_overlay=&#8220;on&#8220; overlay_icon_color=&#8220;#ffffff&#8220; hover_overlay_color=&#8220;rgba(0,0,0,0)&#8220; hover_icon=&#8220;&#x54;||divi||400&#8243; align_tablet=&#8220;center&#8220; align_phone=&#8220;&#8220; align_last_edited=&#8220;on|desktop&#8220; admin_label=&#8220;Packshot blaarpleister ultimate&#8220; _builder_version=&#8220;4.21.0&#8243; height=&#8220;300px&#8220; max_height=&#8220;300px&#8220; custom_padding=&#8220;|20px||20px&#8220; global_colors_info=&#8220;{}&#8220;][\/et_pb_image][\/et_pb_column][et_pb_column type=&#8220;2_3&#8243; _builder_version=&#8220;4.16&#8243; custom_padding=&#8220;|||&#8220; global_colors_info=&#8220;{}&#8220; custom_padding__hover=&#8220;|||&#8220;][et_pb_text admin_label=&#8220;Care Plus blarenpleisters ultimate&#8220; _builder_version=&#8220;4.21.0&#8243; header_3_text_color=&#8220;#ff0000&#8243; custom_margin=&#8220;||0px||false|false&#8220; custom_padding=&#8220;|20px|0px||false|false&#8220; global_colors_info=&#8220;{}&#8220;]<\/p>\n<h3>Care Plus<sup style=\"font-size:10px;\">\u00ae<\/sup> Blasenpflaster Ultimate<\/h3>\n<ul>\n<li>Extra dickes Pflaster f\u00fcr mehr D\u00e4mpfung<\/li>\n<li>Unterst\u00fctzt den Heilungsprozess<\/li>\n<li>Hilft bei der Schmerzlinderung<\/li>\n<li>Aus atmungsaktivem Material<\/li>\n<li>H\u00e4lt Wasser, Schmutz und Verunreinigungen fern<\/li>\n<li>100 % wasserdicht<\/li>\n<li>Inhalt: 5 Blasenpflaster<\/li>\n<p>[\/et_pb_text][et_pb_text admin_label=&#8220;Disclaimer&#8220; _builder_version=&#8220;4.21.0&#8243; text_font_size=&#8220;10px&#8220; text_line_height=&#8220;1.5em&#8220; custom_margin=&#8220;0px||||false|false&#8220; custom_padding=&#8220;0px||||false|false&#8220; locked=&#8220;off&#8220; global_colors_info=&#8220;{}&#8220;]Care Plus<sup style=\"font-size:8px;\">\u00ae<\/sup> Blasenpflaster Ultimate ist ein medizinisches Ger\u00e4t. Lesen Sie vor der Verwendung die Bedienungsanleitung.[\/et_pb_text][et_pb_button button_url=&#8220;https:\/\/www.careplus-shop.de\/Blarenpleister-medium&#8220; url_new_window=&#8220;on&#8220; button_text=&#8220;Ausw\u00e4hlen und bestellen&#8220; button_alignment=&#8220;left&#8220; button_alignment_tablet=&#8220;center&#8220; button_alignment_phone=&#8220;&#8220; button_alignment_last_edited=&#8220;on|phone&#8220; admin_label=&#8220;Bestelbutton&#8220; _builder_version=&#8220;4.21.0&#8243; _module_preset=&#8220;default&#8220; custom_button=&#8220;on&#8220; button_bg_color=&#8220;#ff0000&#8243; global_colors_info=&#8220;{}&#8220;][\/et_pb_button][\/et_pb_column][\/et_pb_row][\/et_pb_section][et_pb_section fb_built=&#8220;1&#8243; _builder_version=&#8220;4.16&#8243; background_color=&#8220;#ffffff&#8220; global_colors_info=&#8220;{}&#8220;][et_pb_row _builder_version=&#8220;4.16&#8243; background_size=&#8220;initial&#8220; background_position=&#8220;top_left&#8220; background_repeat=&#8220;repeat&#8220; global_colors_info=&#8220;{}&#8220;][et_pb_column type=&#8220;4_4&#8243; _builder_version=&#8220;4.16&#8243; custom_padding=&#8220;|||&#8220; global_colors_info=&#8220;{}&#8220; custom_padding__hover=&#8220;|||&#8220;][et_pb_text admin_label=&#8220;Blaren voorkomen&#8220; _builder_version=&#8220;4.21.0&#8243; global_colors_info=&#8220;{}&#8220;]<\/p>\n<h3>Vermeidung von Blasen<\/h3>\n<p>Auch bei Blasen ist Pr\u00e4vention besser als Heilung. Blasen verursachen Schmerzen und Unannehmlichkeiten, und so macht das Gehen oder Genie\u00dfen des Urlaubs weniger Spa\u00df. Gl\u00fccklicherweise gibt es auch Produkte, die das Risiko von Blasen reduzieren. Benutze Care Plus<sup style=\"font-size:10px;\">\u00ae<\/sup> <a href=\"https:\/\/www.careplus.eu\/de\/erste-hilfe-auf-reisen\/blasen\/verhindern\/fuspuder\/\">Fu\u00dfpuder<\/a> oder <a href=\"https:\/\/www.careplus.eu\/de\/erste-hilfe-auf-reisen\/blasen\/verhindern\/campher\/\">Campher<\/a>, \u00e4hm Blase vorzubeugen. Dar\u00fcber hinaus sind nat\u00fcrlich auch gute Schuhe und Socken wichtig, um sicherzustellen, dass Ihre F\u00fc\u00dfe in einem gesunden Zustand bleiben.[\/et_pb_text][\/et_pb_column][\/et_pb_row][\/et_pb_section][et_pb_section fb_built=&#8220;1&#8243; fullwidth=&#8220;on&#8220; _builder_version=&#8220;4.16&#8243; _module_preset=&#8220;default&#8220; locked=&#8220;off&#8220; global_colors_info=&#8220;{}&#8220;][et_pb_fullwidth_header _builder_version=&#8220;4.18.0&#8243; _module_preset=&#8220;default&#8220; background_image=&#8220;https:\/\/www.careplus.eu\/wp-content\/uploads\/2018\/12\/blaren.jpg&#8220; parallax=&#8220;on&#8220; height=&#8220;350px&#8220; max_height=&#8220;350px&#8220; global_colors_info=&#8220;{}&#8220;][\/et_pb_fullwidth_header][\/et_pb_section][et_pb_section fb_built=&#8220;1&#8243; disabled_on=&#8220;off|off|off&#8220; _builder_version=&#8220;4.17.4&#8243; custom_margin=&#8220;10px||||false|false&#8220; custom_padding=&#8220;10px|0px|54px|0px|false|false&#8220; locked=&#8220;off&#8220; global_colors_info=&#8220;{}&#8220;][et_pb_row _builder_version=&#8220;4.17.4&#8243; custom_margin=&#8220;0px||||false|false&#8220; custom_padding=&#8220;0px||||false|false&#8220; collapsed=&#8220;off&#8220; global_colors_info=&#8220;{}&#8220;][et_pb_column type=&#8220;4_4&#8243; _builder_version=&#8220;4.16&#8243; custom_padding=&#8220;|||&#8220; global_colors_info=&#8220;{}&#8220; custom_padding__hover=&#8220;|||&#8220;][et_pb_divider show_divider=&#8220;off&#8220; _builder_version=&#8220;4.17.4&#8243; global_colors_info=&#8220;{}&#8220;][\/et_pb_divider][et_pb_text admin_label=&#8220;Blarenpleister&#8220; module_id=&#8220;subsection_3&#8243; module_class=&#8220;ignore_default&#8220; _builder_version=&#8220;4.18.0&#8243; global_colors_info=&#8220;{}&#8220;]<\/p>\n<h2>H\u00e4ufig gestellte Fragen zu Blasenpflastern<\/h2>\n<p>[\/et_pb_text][et_pb_toggle title=&#8220;Wie funktioniert ein Blasenpflaster?&#8220; disabled_on=&#8220;off|off|off&#8220; admin_label=&#8220;Hoe werkt een blarenpleister? &#8220; _builder_version=&#8220;4.21.0&#8243; global_colors_info=&#8220;{}&#8220;]Zur Unterst\u00fctzung der Haut wurde speziell ein Blasenpflaster entwickelt. Das Pflaster bildet sozusagen eine zweite Hautschicht auf der Blase. Ein Blasenpflaster lindert nicht nur die Schmerzen und den Druck auf eine Blase, sondern beugt auch einer Infektion der Wunde vor.[\/et_pb_toggle][et_pb_toggle title=&#8220;Wie wendet man ein Blasenpflaster an?&#8220; admin_label=&#8220;Hoe gebruik je een blarenpleister? &#8220; _builder_version=&#8220;4.21.0&#8243; global_colors_info=&#8220;{}&#8220;]Waschen Sie Ihre H\u00e4nde gr\u00fcndlich, bevor Sie die Blase anfassen. Reinigen und trocknen Sie die Haut, bevor Sie das Blasenpflaster auftragen. Wir empfehlen, das Blasenpflaster an Ort und Stelle zu belassen, bis es von selbst abf\u00e4llt. [\/et_pb_toggle][et_pb_toggle title=&#8220;Kann man das Blasenpflaster auf eine offene Blase kleben?&#8220; disabled_on=&#8220;on|on|on&#8220; admin_label=&#8220;Kun je de blarenpleister op een open blaar plakken? &#8220; _builder_version=&#8220;4.18.0&#8243; disabled=&#8220;on&#8220; global_colors_info=&#8220;{}&#8220;]Ja, Sie k\u00f6nnen ein Blasenpflaster auf eine offene Blase kleben. Stellen Sie sicher, dass Sie die Blase vorher gut desinfizieren, um Infektionen vorzubeugen. Wenn die Wunde sauber und trocken ist, k\u00f6nnen Sie bedenkenlos einen Verband darauf kleben. [\/et_pb_toggle][et_pb_toggle title=&#8220;Wie lange h\u00e4lt ein Blasenpflaster?&#8220; admin_label=&#8220;Hoe lang blijft een blarenpleister plakken? &#8220; _builder_version=&#8220;4.21.0&#8243; global_colors_info=&#8220;{}&#8220;]Care Plus<sup style=\"font-size:8px;\">\u00ae<\/sup> Blasenpflaster haften bis zu 7 Tage. Wir raten davon ab, ein Blasenpflaster selbst zu entfernen. [\/et_pb_toggle][et_pb_toggle title=&#8220;Wie lange sollte man ein Blasenpflaster einwirken lassen?&#8220; admin_label=&#8220;Hoe lang moet je een blarenpleister laten zitten? &#8220; _builder_version=&#8220;4.21.0&#8243; global_colors_info=&#8220;{}&#8220;]Wir empfehlen, ein Blasenpflaster an Ort und Stelle zu belassen, bis es von selbst abf\u00e4llt. Unsere Care Plus<sup style=\"font-size:8px;\">\u00ae<\/sup> Blasenpflaster haften bis zu 7 Tage. Verwenden Sie ein Blasenpflaster, solange die Blase nicht verschwunden ist. [\/et_pb_toggle][et_pb_toggle title=&#8220;Kann man ein normales Pflaster auf eine Blase kleben?&#8220; admin_label=&#8220;Kun je een normale pleister op een blaar doen? &#8220; _builder_version=&#8220;4.21.0&#8243; global_colors_info=&#8220;{}&#8220;]Wir empfehlen die Verwendung eines Blasenpflasters anstelle eines normalen Pflasters. Ein Blasenpflaster bildet sozusagen eine zweite Haut und lindert Schmerzen und Druck. Auch wenn die Blase aufplatzt, nimmt das Blasenpflaster eventuelle Feuchtigkeit auf. [\/et_pb_toggle][\/et_pb_column][\/et_pb_row][\/et_pb_section]<\/p>\n","protected":false},"excerpt":{"rendered":"<p>Blasen mit einem Blasenpflaster behandeln Manchmal k\u00f6nnen trotz aller Bem\u00fchungen, Blasen zu vermeiden, dennoch Blasen auftreten. Wenn Sie eine Blase erlitten haben, sind Blasenpflaster hilfreich. Die Care Plus\u00ae Blasenpflaster wurden speziell entwickelt, um Schmerzen zu lindern, eine Schutzbarriere zu bilden und die Heilung zu f\u00f6rdern. Unsere Blasenpflaster sind in den Varianten Duo Pack und Ultimate [&hellip;]<\/p>\n","protected":false},"author":37,"featured_media":0,"parent":5699,"menu_order":0,"comment_status":"closed","ping_status":"closed","template":"","meta":{"_acf_changed":false,"_et_pb_use_builder":"on","_et_pb_old_content":"","_et_gb_content_width":"","footnotes":""},"class_list":["post-5729","page","type-page","status-publish","hentry"],"acf":[],"_links":{"self":[{"href":"https:\/\/www.careplus.eu\/de\/wp-json\/wp\/v2\/pages\/5729","targetHints":{"allow":["GET"]}}],"collection":[{"href":"https:\/\/www.careplus.eu\/de\/wp-json\/wp\/v2\/pages"}],"about":[{"href":"https:\/\/www.careplus.eu\/de\/wp-json\/wp\/v2\/types\/page"}],"author":[{"embeddable":true,"href":"https:\/\/www.careplus.eu\/de\/wp-json\/wp\/v2\/users\/37"}],"replies":[{"embeddable":true,"href":"https:\/\/www.careplus.eu\/de\/wp-json\/wp\/v2\/comments?post=5729"}],"version-history":[{"count":0,"href":"https:\/\/www.careplus.eu\/de\/wp-json\/wp\/v2\/pages\/5729\/revisions"}],"up":[{"embeddable":true,"href":"https:\/\/www.careplus.eu\/de\/wp-json\/wp\/v2\/pages\/5699"}],"wp:attachment":[{"href":"https:\/\/www.careplus.eu\/de\/wp-json\/wp\/v2\/media?parent=5729"}],"curies":[{"name":"wp","href":"https:\/\/api.w.org\/{rel}","templated":true}]}}