


{"id":5704,"date":"2019-03-20T15:39:28","date_gmt":"2019-03-20T14:39:28","guid":{"rendered":"https:\/\/www.careplus.eu\/mucken-und-zecken\/schutzen\/outdoor-socken\/"},"modified":"2024-09-11T10:14:19","modified_gmt":"2024-09-11T09:14:19","slug":"outdoor-socken","status":"publish","type":"page","link":"https:\/\/www.careplus.eu\/de\/mucken-und-zecken\/schutzen\/outdoor-socken\/","title":{"rendered":"Socken"},"content":{"rendered":"<p>[et_pb_section bb_built=&#8220;1&#8243; fullwidth=&#8220;on&#8220; _builder_version=&#8220;4.16&#8243; bottom_divider_style=&#8220;curve&#8220; bottom_divider_color=&#8220;#ffffff&#8220; bottom_divider_height=&#8220;40px&#8220; global_colors_info=&#8220;{}&#8220; next_background_color=&#8220;#000000&#8243;][et_pb_fullwidth_slider show_arrows=&#8220;off&#8220; show_pagination=&#8220;off&#8220; _builder_version=&#8220;4.16&#8243; global_colors_info=&#8220;{}&#8220;][et_pb_slide heading=&#8220;Anti-Insekten-Socken&#8220; use_bg_overlay=&#8220;off&#8220; use_text_overlay=&#8220;off&#8220; _builder_version=&#8220;4.16&#8243; header_level=&#8220;h1&#8243; header_font=&#8220;|800|||||||&#8220; header_text_align=&#8220;center&#8220; header_font_size=&#8220;36&#8243; background_image=&#8220;https:\/\/www.careplus.eu\/wp-content\/uploads\/2019\/02\/careplus-bugsox.jpg&#8220; button_on_hover=&#8220;on&#8220; custom_padding=&#8220;15%||15%|&#8220; custom_padding_tablet=&#8220;18%||18%|&#8220; custom_padding_phone=&#8220;30%||30%|&#8220; custom_padding_last_edited=&#8220;on|desktop&#8220; header_font_size_tablet=&#8220;36&#8243; header_font_size_phone=&#8220;30&#8243; header_font_size_last_edited=&#8220;on|phone&#8220; header_text_shadow_style=&#8220;preset3&#8243; header_text_shadow_blur_strength=&#8220;0.5em&#8220; header_text_shadow_color=&#8220;rgba(0,0,0,0.6)&#8220; global_colors_info=&#8220;{}&#8220; sticky_transition=&#8220;on&#8220;][\/et_pb_slide][\/et_pb_fullwidth_slider][\/et_pb_section][et_pb_section bb_built=&#8220;1&#8243; module_id=&#8220;cp_pb_page_content&#8220; module_class=&#8220;cp_pb_regular_post_content&#8220; _builder_version=&#8220;4.16&#8243; background_color=&#8220;#ffffff&#8220; custom_padding=&#8220;0px|||&#8220; global_colors_info=&#8220;{}&#8220; prev_background_color=&#8220;#000000&#8243; next_background_color=&#8220;#f4f4f4&#8243;][et_pb_row admin_label=&#8220;Page Header&#8220; _builder_version=&#8220;4.16&#8243; background_size=&#8220;initial&#8220; background_position=&#8220;top_left&#8220; background_repeat=&#8220;repeat&#8220; collapsed=&#8220;off&#8220; global_colors_info=&#8220;{}&#8220;][et_pb_column type=&#8220;4_4&#8243; _builder_version=&#8220;4.16&#8243; custom_padding=&#8220;|||&#8220; global_colors_info=&#8220;{}&#8220; custom_padding__hover=&#8220;|||&#8220;][et_pb_divider show_divider=&#8220;off&#8220; _builder_version=&#8220;4.16&#8243; global_colors_info=&#8220;{}&#8220; \/][et_pb_dmb_breadcrumbs _builder_version=&#8220;4.16&#8243; body_font_size_tablet=&#8220;51&#8243; body_line_height_tablet=&#8220;2&#8243; separator_font_size_tablet=&#8220;51&#8243; separator_line_height_tablet=&#8220;2&#8243; link_font_size_tablet=&#8220;51&#8243; link_line_height_tablet=&#8220;2&#8243; linkhover_font_size_tablet=&#8220;51&#8243; linkhover_line_height_tablet=&#8220;2&#8243; global_colors_info=&#8220;{}&#8220; \/][et_pb_text admin_label=&#8220;Inleiding&#8220; _builder_version=&#8220;4.16&#8243; header_2_font=&#8220;|800|||||||&#8220; global_colors_info=&#8220;{}&#8220;]<\/p>\n<h2>Sch\u00fctzende Socken<\/h2>\n<p><strong>Der Schutz der F\u00fc\u00dfe ist von gro\u00dfer Bedeutung, um Bisse und Stiche zu vermeiden. Wissenschaftliche Untersuchungen haben ergeben, dass verschiedene Arten von (Malaria-)Moskitos es vorziehen, in F\u00fc\u00dfe, Kn\u00f6chel und Unterschenkel zu stechen. Und Zecken leben in Gr\u00e4sern, Str\u00e4uchern, Heiden und in niedrigem Bewuchs, wodurch sie meist als erstes mit deinen F\u00fc\u00dfen, Kn\u00f6cheln und Waden in Ber\u00fchrung kommen.<\/strong><\/p>\n<p>Die insektenabwehrenden Bugsox Wandersocken von Care Plus<sup style=\"font-size: 10px;\">\u00ae<\/sup> sind in vier verschiedenen Farben in den Gr\u00f6\u00dfen 35 bis 47 erh\u00e4ltlich. Wissenschaftliche Untersuchungen haben ergeben, dass verschiedene Arten von (Malaria-)Moskitos und Fliegen es vorziehen, in F\u00fc\u00dfe, Kn\u00f6chel und Unterschenkel zu stechen. Dar\u00fcber hinaus leben Zecken in niedriger Vegetation wie hohem Gras, B\u00fcschen und Heidekraut und kommen rasch in Kontakt mit den F\u00fc\u00dfen oder Unterschenkeln. Der Schutz der F\u00fc\u00dfe reduziert also die Gefahr von Insekten- und Zeckenbissen.<\/p>\n<p>[\/et_pb_text][\/et_pb_column][\/et_pb_row][\/et_pb_section][et_pb_section bb_built=&#8220;1&#8243; _builder_version=&#8220;4.16&#8243; background_color=&#8220;#f4f4f4&#8243; global_colors_info=&#8220;{}&#8220; prev_background_color=&#8220;#ffffff&#8220; next_background_color=&#8220;#ffffff&#8220;][et_pb_row column_structure=&#8220;1_3,2_3&#8243; _builder_version=&#8220;4.16&#8243; background_color=&#8220;#ffffff&#8220; custom_padding=&#8220;|20px||20px&#8220; border_radii=&#8220;on|10px|10px|10px|10px&#8220; global_colors_info=&#8220;{}&#8220;][et_pb_column type=&#8220;1_3&#8243; _builder_version=&#8220;4.16&#8243; custom_padding=&#8220;|||&#8220; global_colors_info=&#8220;{}&#8220; custom_padding__hover=&#8220;|||&#8220;][et_pb_gallery gallery_ids=&#8220;5706,5707&#8243; fullwidth=&#8220;on&#8220; _builder_version=&#8220;4.16&#8243; global_colors_info=&#8220;{}&#8220; \/][\/et_pb_column][et_pb_column type=&#8220;2_3&#8243; _builder_version=&#8220;4.16&#8243; custom_padding=&#8220;|||&#8220; global_colors_info=&#8220;{}&#8220; custom_padding__hover=&#8220;|||&#8220;][et_pb_text _builder_version=&#8220;4.16&#8243; global_colors_info=&#8220;{}&#8220;]<\/p>\n<h3>Bugsox Adventure<\/h3>\n<p>Die Care Plus<span style=\"font-size: 10px;\"><sup>\u00ae<\/sup><\/span> Bugsox Adventure eignen sich f\u00fcr Spazierg\u00e4nge oder Wanderungen in jedem Gel\u00e4nde. Die Socken sind impr\u00e4gniert und sch\u00fctzen Ihre F\u00fc\u00dfe und Kn\u00f6chel vor Bissen und Stichen vor Insekten und Zecken. Sie sind 38% Coolmax <span style =\"font-size: 10px;\"><sup>\u00ae<\/sup> <\/ span> Das Bugsox Adventure ist atmungsaktiv und schnell trocknend. Die Socken sind in den Farben Navy und Khaki erh\u00e4ltlich. Verwenden Sie beim Waschen immer ein chlorfreies Reinigungsmittel und bewahren Sie die Socken an einem dunklen Ort auf. Dies verl\u00e4ngert die abweisende Wirkung des (biologisch abbaubaren) Permethrins.<\/p>\n<h3>Vorteile<\/h3>\n<ul>\n<li>Sch\u00fctzt vor Insekten und Zecken<\/li>\n<li>Mit Permethrin impr\u00e4gnierter Healthguard<\/li>\n<li>Nahtlos<\/li>\n<li>Bequem bei hohen und niedrigen Temperaturen<\/li>\n<li>H\u00e4lt die F\u00fc\u00dfe l\u00e4nger frisch<\/li>\n<li>Atmungsaktiv und schnell trocknend (Coolmax <span ><sup style =\"font-size: 10px;\">\u00ae<\/sup>)<\/li>\n<li>Geeignet f\u00fcr lange Spazierg\u00e4nge in jedem Gel\u00e4nde<\/li>\n<\/ul>\n<p>[\/et_pb_text][et_pb_button button_url=&#8220;https:\/\/www.careplus-shop.de\/insektenstiche\/outdoor-socken-mit-insektenschutz&#8220; url_new_window=&#8220;on&#8220; button_text=&#8220;Ausw\u00e4hlen &#038; bestellen&#8220; button_alignment=&#8220;left&#8220; _builder_version=&#8220;4.16&#8243; background_layout=&#8220;dark&#8220; global_colors_info=&#8220;{}&#8220; \/][\/et_pb_column][\/et_pb_row][\/et_pb_section][et_pb_section bb_built=&#8220;1&#8243; module_id=&#8220;cp_pb_page_content&#8220; module_class=&#8220;cp_pb_regular_post_content&#8220; _builder_version=&#8220;4.16&#8243; background_color=&#8220;#ffffff&#8220; custom_padding=&#8220;0px|||&#8220; global_colors_info=&#8220;{}&#8220; prev_background_color=&#8220;#f4f4f4&#8243; next_background_color=&#8220;#f4f4f4&#8243;][et_pb_row column_structure=&#8220;2_3,1_3&#8243; _builder_version=&#8220;4.16&#8243; background_size=&#8220;initial&#8220; background_position=&#8220;top_left&#8220; background_repeat=&#8220;repeat&#8220; global_colors_info=&#8220;{}&#8220;][et_pb_column type=&#8220;2_3&#8243; _builder_version=&#8220;4.16&#8243; custom_padding=&#8220;|||&#8220; global_colors_info=&#8220;{}&#8220; custom_padding__hover=&#8220;|||&#8220;][et_pb_text admin_label=&#8220;Extra Informatie&#8220; module_id=&#8220;cp_pb_extra_content&#8220; _builder_version=&#8220;4.16&#8243; global_colors_info=&#8220;{}&#8220;]<\/p>\n<h3>Bugsox: Impr\u00e4gnierte Wandersocken<\/h3>\n<p>Gehst du in die Natur? Dann sch\u00fctzen Sie sich vor Insektenstichen! Decken Sie Ihre Haut so weit wie m\u00f6glich mit Schutzkleidung ab. Dar\u00fcber hinaus ist es ratsam, die unbedeckte Haut mit einem guten Insektenschutzmittel zu schmieren. Zum Beispiel unsere <a href=\"https:\/\/www.careplus.eu\/de\/mucken-und-zecken\/schutzen\/\">Anti-Insekten-Produkte<\/a> mit oder ohne DEET. M\u00f6chten Sie Ihre F\u00fc\u00dfe, Kn\u00f6chel und Unterschenkel optimal vor Insektenstichen sch\u00fctzen? Das machen Sie mit Bugsox: den insektenabweisenden und impr\u00e4gnierten Wandersocken von Care Plus <sup style =\"font-size:10px;\">\u00ae<\/sup>!<\/p>\n<p>[\/et_pb_text][\/et_pb_column][et_pb_column type=&#8220;1_3&#8243; _builder_version=&#8220;4.16&#8243; custom_padding=&#8220;|||&#8220; global_colors_info=&#8220;{}&#8220; custom_padding__hover=&#8220;|||&#8220;][et_pb_image src=&#8220;https:\/\/www.careplus.eu\/wp-content\/uploads\/2018\/09\/DM_CarePlus016_016.jpg&#8220; align_tablet=&#8220;center&#8220; align_last_edited=&#8220;on|desktop&#8220; _builder_version=&#8220;4.16&#8243; border_radii=&#8220;on|10px|10px|10px|10px&#8220; global_colors_info=&#8220;{}&#8220; \/][\/et_pb_column][\/et_pb_row][\/et_pb_section][et_pb_section bb_built=&#8220;1&#8243; _builder_version=&#8220;4.16&#8243; background_color=&#8220;#f4f4f4&#8243; global_colors_info=&#8220;{}&#8220; prev_background_color=&#8220;#ffffff&#8220; next_background_color=&#8220;#ffffff&#8220;][et_pb_row column_structure=&#8220;1_3,2_3&#8243; _builder_version=&#8220;4.16&#8243; background_color=&#8220;#ffffff&#8220; custom_padding=&#8220;|20px||20px&#8220; border_radii=&#8220;on|10px|10px|10px|10px&#8220; global_colors_info=&#8220;{}&#8220;][et_pb_column type=&#8220;1_3&#8243; _builder_version=&#8220;4.16&#8243; custom_padding=&#8220;|||&#8220; global_colors_info=&#8220;{}&#8220; custom_padding__hover=&#8220;|||&#8220;][et_pb_gallery gallery_ids=&#8220;19615&#8243; fullwidth=&#8220;on&#8220; _builder_version=&#8220;4.21.0&#8243; hover_enabled=&#8220;0&#8243; global_colors_info=&#8220;{}&#8220; sticky_enabled=&#8220;0&#8243; \/][\/et_pb_column][et_pb_column type=&#8220;2_3&#8243; _builder_version=&#8220;4.16&#8243; custom_padding=&#8220;|||&#8220; global_colors_info=&#8220;{}&#8220; custom_padding__hover=&#8220;|||&#8220;][et_pb_text _builder_version=&#8220;4.16&#8243; global_colors_info=&#8220;{}&#8220;]<\/p>\n<h3>Bugsox Traveller<\/h3>\n<p> Der luftige Care Plus<sup style =\"font-size: 10px;\">\u00ae<\/sup> Bugsox Traveller eignet sich f\u00fcr den t\u00e4glichen Gebrauch, einen leichten Spaziergang und St\u00e4dtereisen und bietet extra W\u00e4rme und tropische Gebiete. Die Socken sind impr\u00e4gniert und sch\u00fctzen Ihre F\u00fc\u00dfe und Kn\u00f6chel vor Bissen und Stichen vor Insekten und Zecken. Sie sind in schwarz erh\u00e4ltlich. Verwenden Sie beim Waschen immer ein chlorfreies Reinigungsmittel und bewahren Sie die Socken an einem dunklen Ort auf. Dies verl\u00e4ngert die abweisende Wirkung des (biologisch abbaubaren) Permethrins.<\/p>\n<\/p>\n<h3>Vorteile<\/h3>\n<ul>\n<li>Sch\u00fctzt vor Insekten und Zecken <\/li>\n<li>Mit Permethrin impr\u00e4gnierter Healthguard <\/li>\n<li>Bequem bei hohen und niedrigen Temperaturen <\/li>\n<li>Nahtlos <\/li>\n<li>H\u00e4lt die F\u00fc\u00dfe l\u00e4nger frisch <\/li>\n<li>Geeignet f\u00fcr den t\u00e4glichen Gebrauch, auch auf langen Reisen <\/li>\n<\/ul>\n<p>[\/et_pb_text][et_pb_button button_url=&#8220;https:\/\/www.careplus-shop.de\/impragnierte-socken-bugsox-traveller-schwarz&#8220; url_new_window=&#8220;on&#8220; button_text=&#8220;Ausw\u00e4hlen &#038; bestellen&#8220; button_alignment=&#8220;left&#8220; _builder_version=&#8220;4.21.0&#8243; background_layout=&#8220;dark&#8220; hover_enabled=&#8220;0&#8243; global_colors_info=&#8220;{}&#8220; sticky_enabled=&#8220;0&#8243; \/][\/et_pb_column][\/et_pb_row][\/et_pb_section][et_pb_section bb_built=&#8220;1&#8243; module_id=&#8220;cp_pb_page_content&#8220; module_class=&#8220;cp_pb_regular_post_content&#8220; _builder_version=&#8220;4.16&#8243; background_color=&#8220;#ffffff&#8220; custom_padding=&#8220;0px|||&#8220; global_colors_info=&#8220;{}&#8220; prev_background_color=&#8220;#f4f4f4&#8243; next_background_color=&#8220;#000000&#8243;][et_pb_row _builder_version=&#8220;4.16&#8243; background_size=&#8220;initial&#8220; background_position=&#8220;top_left&#8220; background_repeat=&#8220;repeat&#8220; global_colors_info=&#8220;{}&#8220;][et_pb_column type=&#8220;4_4&#8243; _builder_version=&#8220;4.16&#8243; custom_padding=&#8220;|||&#8220; global_colors_info=&#8220;{}&#8220; custom_padding__hover=&#8220;|||&#8220;][et_pb_text admin_label=&#8220;Extra Informatie&#8220; module_id=&#8220;cp_pb_extra_content&#8220; _builder_version=&#8220;4.16&#8243; global_colors_info=&#8220;{}&#8220;]<\/p>\n<h3>Funktionsweise von Bambus<\/h3>\n<p>Der Care Plus <sup style =\"font-size:10px;\">\u00ae<\/sup>Bugsox besteht aus Bambus. Bambus atmet gut, Bambus bleibt aufgrund der Feuchtigkeitsaufnahme und Bel\u00fcftung bei starker Hitze nat\u00fcrlich k\u00fchl. In der K\u00e4lte wirkt die Mikrostruktur als Basisschicht, die Sie warm h\u00e4lt. Dar\u00fcber hinaus wirkt Bambus auf nat\u00fcrliche Weise antibakteriell und der Bugsox h\u00e4lt Ihre F\u00fc\u00dfe l\u00e4nger frisch und geruchlos. Das ist hygienischer und besser f\u00fcr Ihre F\u00fc\u00dfe. <\/p>\n<\/p>\n<h3>Funktionsweise von Coolmax <sup style =\"font-size: 12px;\">\u00ae<\/sup><\/h3>\n<p>Coolmax <sup style =\"font-size:10px;\">\u00ae<\/sup> ist eine Hightech-Faser, die speziell f\u00fcr ein trockenes und angenehmes Gef\u00fchl entwickelt wurde. Diese Fasern transportieren die Feuchtigkeit von der Haut zur \u00e4u\u00dferen Schicht der Socke, wo sie schnell verdunsten kann. Die Insektenstr\u00fcmpfe werden paarweise verkauft.<\/p>\n<\/p>\n<h3>Erste Hilfe bei Zeckenstichen<\/h3>\n<p>Wenn Sie einen Zeckenstich bekommen, ist es wichtig, dass Sie diesen bekommen die richtige Behandlung sofort. Dies besteht zun\u00e4chst in der korrekten und sicheren Entfernung des H\u00e4kchens mit dem Care Plus<sup style =\"font-size:10px;\">\u00ae<\/sup> <a href = \"https:\/\/www.careplus.eu\/de\/mucken-und-zecken\/behandlung-eines-insektenstichs\/zecke-auf-sichere-weise-entfernen\/\">Zeckenentferner<\/a>. Tun Sie dies vorzugsweise innerhalb von 8 Stunden nach dem Zeckenstich. Erst nach dem Entfernen der Zecke desinfizieren Sie die Bissstelle mit Alkohol.<\/p>\n<h3>Erh\u00f6htes Risiko f\u00fcr M\u00fccken und Zecken in (Nordeuropa)<\/h3>\n<p>Stechende Insekten sind nicht nur \u00e4rgerlich, sie k\u00f6nnen auch eine Reihe von, manchmal schwerwiegenden, Infektionskrankheiten \u00fcbertragen. Beispiele sind: <\/p>\n<ul>\n<li>Malaria<\/li>\n<li>Gelbfieber<\/li>\n<li>Dengue- oder Dengue-Fieber<\/li>\n<li>Lyme-Borreliose<\/li>\n<\/ul>\n<p>Wissenschaftliche Untersuchungen haben gezeigt, dass verschiedene Arten von (Malaria-) M\u00fccken lieber in die F\u00fc\u00dfe, Kn\u00f6chel und Unterschenkel stechen. Zecken n\u00e4hern sich dem K\u00f6rper oft durch die Kn\u00f6chel und F\u00fc\u00dfe. Der Schutz der F\u00fc\u00dfe ist daher unerl\u00e4sslich. Das Care Plus<sup style = \"font-size: 10px;\">\u00ae<\/sup> Bugsox bietet diesen Schutz und gibt M\u00fccken und Zecken keine Chance.<\/p>\n<p>[\/et_pb_text][et_pb_text admin_label=&#8220;Opkomst besmette teken&#8220; _builder_version=&#8220;4.16&#8243; global_colors_info=&#8220;{}&#8220;]<\/p>\n<h3>Vorkommen von infizierten Zecken in (Nord-)Europa<\/h3>\n<p>Zecken sind spinnenartige Kreaturen, die sich mit ihren Mundwerkzeugen an der Haut eines Wirtes festsetzen und sich von seinem Blut ern\u00e4hren. Eine mit Borreliose infizierte Zecke kann die Krankheit mit allen damit verbundenen Folgen \u00fcbertragen. Wissenschaftliche Untersuchungen haben gezeigt, dass die Zahl der mit Borreliose infizierten Zecken in (Nord-)Europa steigt. Die mit HealthGuard<sup style=\"font-size: 12px;\">&#x2122;<\/sup> impr\u00e4gnierten Bugsox sch\u00fctzen dich vor Zecken.<\/p>\n<p>[\/et_pb_text][\/et_pb_column][\/et_pb_row][\/et_pb_section][et_pb_section bb_built=&#8220;1&#8243; _builder_version=&#8220;4.27.0&#8243; background_color=&#8220;#ffffff&#8220; global_colors_info=&#8220;{}&#8220; prev_background_color=&#8220;#000000&#8243; background_pattern_color=&#8220;rgba(0,0,0,0.2)&#8220; background_mask_color=&#8220;#ffffff&#8220; box_shadow_horizontal_tablet=&#8220;0px&#8220; box_shadow_vertical_tablet=&#8220;0px&#8220; box_shadow_blur_tablet=&#8220;40px&#8220; box_shadow_spread_tablet=&#8220;0px&#8220; vertical_offset_tablet=&#8220;0&#8243; horizontal_offset_tablet=&#8220;0&#8243;][et_pb_row column_structure=&#8220;1_3,1_3,1_3&#8243; _builder_version=&#8220;4.16&#8243; background_color=&#8220;#ffffff&#8220; border_radii=&#8220;on|10px|10px|10px|10px&#8220; global_colors_info=&#8220;{}&#8220;][et_pb_column type=&#8220;1_3&#8243; _builder_version=&#8220;4.16&#8243; custom_padding=&#8220;|||&#8220; global_colors_info=&#8220;{}&#8220; custom_padding__hover=&#8220;|||&#8220;][et_pb_image src=&#8220;https:\/\/www.careplus.eu\/wp-content\/uploads\/2019\/01\/klamboe-solo-box.jpg&#8220; align=&#8220;center&#8220; align_tablet=&#8220;center&#8220; align_last_edited=&#8220;on|desktop&#8220; _builder_version=&#8220;4.16&#8243; global_colors_info=&#8220;{}&#8220; \/][et_pb_button button_url=&#8220;https:\/\/www.careplus.eu\/nl\/muggen-en-teken\/beschermen\/reisklamboes\/&#8220; button_text=&#8220;M\u00fcckennetz&#8220; button_alignment=&#8220;center&#8220; _builder_version=&#8220;4.16&#8243; background_layout=&#8220;dark&#8220; global_colors_info=&#8220;{}&#8220; \/][\/et_pb_column][et_pb_column type=&#8220;1_3&#8243; _builder_version=&#8220;4.16&#8243; custom_padding=&#8220;|||&#8220; global_colors_info=&#8220;{}&#8220; custom_padding__hover=&#8220;|||&#8220;][et_pb_image src=&#8220;https:\/\/www.careplus.eu\/wp-content\/uploads\/2020\/03\/careplus-anti-insect-deet-60ml.jpg&#8220; align=&#8220;center&#8220; align_tablet=&#8220;center&#8220; align_last_edited=&#8220;on|desktop&#8220; _builder_version=&#8220;4.16&#8243; global_colors_info=&#8220;{}&#8220; \/][et_pb_button button_url=&#8220;https:\/\/www.careplus.eu\/nl\/muggen-en-teken\/beschermen\/deet\/&#8220; button_text=&#8220;Anti-Insekt&#8220; button_alignment=&#8220;center&#8220; _builder_version=&#8220;4.16&#8243; background_layout=&#8220;dark&#8220; global_colors_info=&#8220;{}&#8220; \/][\/et_pb_column][et_pb_column type=&#8220;1_3&#8243; _builder_version=&#8220;4.16&#8243; custom_padding=&#8220;|||&#8220; global_colors_info=&#8220;{}&#8220; custom_padding__hover=&#8220;|||&#8220;][et_pb_image src=&#8220;https:\/\/www.careplus.eu\/wp-content\/uploads\/2019\/03\/care-plus-headnet.jpg&#8220; align=&#8220;center&#8220; align_tablet=&#8220;center&#8220; align_last_edited=&#8220;on|desktop&#8220; _builder_version=&#8220;4.16&#8243; global_colors_info=&#8220;{}&#8220; \/][et_pb_button button_url=&#8220;https:\/\/www.careplus.eu\/nl\/muggen-en-teken\/beschermen\/hoofdnetten\/&#8220; button_text=&#8220;Kopfnetz&#8220; button_alignment=&#8220;center&#8220; _builder_version=&#8220;4.16&#8243; background_layout=&#8220;dark&#8220; global_colors_info=&#8220;{}&#8220; \/][\/et_pb_column][\/et_pb_row][\/et_pb_section]<\/p>\n","protected":false},"excerpt":{"rendered":"<p>Sch\u00fctzende SockenDer Schutz der F\u00fc\u00dfe ist von gro\u00dfer Bedeutung, um Bisse und Stiche zu vermeiden. Wissenschaftliche Untersuchungen haben ergeben, dass verschiedene Arten von (Malaria-)Moskitos es vorziehen, in F\u00fc\u00dfe, Kn\u00f6chel und Unterschenkel zu stechen. Und Zecken leben in Gr\u00e4sern, Str\u00e4uchern, Heiden und in niedrigem Bewuchs, wodurch sie meist als erstes mit deinen F\u00fc\u00dfen, Kn\u00f6cheln und Waden [&hellip;]<\/p>\n","protected":false},"author":37,"featured_media":0,"parent":5682,"menu_order":0,"comment_status":"closed","ping_status":"closed","template":"","meta":{"_acf_changed":false,"_et_pb_use_builder":"on","_et_pb_old_content":"","_et_gb_content_width":"","footnotes":""},"class_list":["post-5704","page","type-page","status-publish","hentry"],"acf":[],"_links":{"self":[{"href":"https:\/\/www.careplus.eu\/de\/wp-json\/wp\/v2\/pages\/5704","targetHints":{"allow":["GET"]}}],"collection":[{"href":"https:\/\/www.careplus.eu\/de\/wp-json\/wp\/v2\/pages"}],"about":[{"href":"https:\/\/www.careplus.eu\/de\/wp-json\/wp\/v2\/types\/page"}],"author":[{"embeddable":true,"href":"https:\/\/www.careplus.eu\/de\/wp-json\/wp\/v2\/users\/37"}],"replies":[{"embeddable":true,"href":"https:\/\/www.careplus.eu\/de\/wp-json\/wp\/v2\/comments?post=5704"}],"version-history":[{"count":0,"href":"https:\/\/www.careplus.eu\/de\/wp-json\/wp\/v2\/pages\/5704\/revisions"}],"up":[{"embeddable":true,"href":"https:\/\/www.careplus.eu\/de\/wp-json\/wp\/v2\/pages\/5682"}],"wp:attachment":[{"href":"https:\/\/www.careplus.eu\/de\/wp-json\/wp\/v2\/media?parent=5704"}],"curies":[{"name":"wp","href":"https:\/\/api.w.org\/{rel}","templated":true}]}}