


{"id":5699,"date":"2019-03-20T13:43:40","date_gmt":"2019-03-20T12:43:40","guid":{"rendered":"https:\/\/www.careplus.eu\/erste-hilfe-auf-reisen\/blasen\/behandeln\/"},"modified":"2024-09-11T10:58:06","modified_gmt":"2024-09-11T09:58:06","slug":"behandeln","status":"publish","type":"page","link":"https:\/\/www.careplus.eu\/de\/erste-hilfe-auf-reisen\/blasen\/behandeln\/","title":{"rendered":"Behandeln"},"content":{"rendered":"<p>[et_pb_section bb_built=&#8220;1&#8243; fullwidth=&#8220;on&#8220; _builder_version=&#8220;4.16&#8243; bottom_divider_style=&#8220;curve&#8220; bottom_divider_color=&#8220;#ffffff&#8220; bottom_divider_height=&#8220;40px&#8220; global_colors_info=&#8220;{}&#8220; next_background_color=&#8220;#000000&#8243;][et_pb_fullwidth_slider show_arrows=&#8220;off&#8220; show_pagination=&#8220;off&#8220; _builder_version=&#8220;4.16&#8243; global_colors_info=&#8220;{}&#8220;][et_pb_slide heading=&#8220;Behandeln&#8220; use_bg_overlay=&#8220;off&#8220; use_text_overlay=&#8220;off&#8220; _builder_version=&#8220;4.16&#8243; header_level=&#8220;h1&#8243; header_font=&#8220;|800|||||||&#8220; header_font_size=&#8220;36&#8243; background_color=&#8220;#0b6a30&#8243; background_image=&#8220;https:\/\/www.careplus.eu\/wp-content\/uploads\/2019\/03\/care-plus-blaren-behandelen.jpg&#8220; button_on_hover=&#8220;on&#8220; custom_padding=&#8220;18%||18%|&#8220; custom_padding_tablet=&#8220;30%||30%|&#8220; custom_padding_phone=&#8220;30%||30%|&#8220; custom_padding_last_edited=&#8220;on|desktop&#8220; header_font_size_tablet=&#8220;30&#8243; header_font_size_phone=&#8220;30&#8243; header_font_size_last_edited=&#8220;on|phone&#8220; global_colors_info=&#8220;{}&#8220; sticky_transition=&#8220;on&#8220;][\/et_pb_slide][\/et_pb_fullwidth_slider][\/et_pb_section][et_pb_section bb_built=&#8220;1&#8243; _builder_version=&#8220;4.16&#8243; global_colors_info=&#8220;{}&#8220; prev_background_color=&#8220;#000000&#8243; next_background_color=&#8220;#000000&#8243;][et_pb_row _builder_version=&#8220;4.16&#8243; background_size=&#8220;initial&#8220; background_position=&#8220;top_left&#8220; background_repeat=&#8220;repeat&#8220; global_colors_info=&#8220;{}&#8220;][et_pb_column type=&#8220;4_4&#8243; _builder_version=&#8220;4.16&#8243; custom_padding=&#8220;|||&#8220; global_colors_info=&#8220;{}&#8220; custom_padding__hover=&#8220;|||&#8220;][et_pb_dmb_breadcrumbs _builder_version=&#8220;4.16&#8243; body_font_size_tablet=&#8220;51&#8243; body_line_height_tablet=&#8220;2&#8243; separator_font_size_tablet=&#8220;51&#8243; separator_line_height_tablet=&#8220;2&#8243; link_font_size_tablet=&#8220;51&#8243; link_line_height_tablet=&#8220;2&#8243; linkhover_font_size_tablet=&#8220;51&#8243; linkhover_line_height_tablet=&#8220;2&#8243; global_colors_info=&#8220;{}&#8220; \/][et_pb_text admin_label=&#8220;Behandlung von Blasen mit Care Plus\u00ae&#8220; _builder_version=&#8220;4.22.1&#8243; header_2_font=&#8220;|800|||||||&#8220; global_colors_info=&#8220;{}&#8220;]<\/p>\n<h2><strong>Behandlung von Blasen mit Care Plus<sup style=\"font-size: 12px;\">\u00ae<\/sup><\/strong><\/h2>\n<p>Blasen k\u00f6nnen erhebliche Unannehmlichkeiten verursachen und manchmal sehr schmerzhaft sein. Je nach Lage und Gr\u00f6\u00dfe der Blase k\u00f6nnen Sie entscheiden, wie Sie sie am besten behandeln. Kleine Blasen, die nicht allzu schmerzhaft sind, werden am besten in Ruhe gelassen und heilen mit der Zeit und Ruhe ab. Im Gegensatz dazu f\u00fchrt das Aufstechen von Blasen eher zu Infektionen und m\u00f6glichen unn\u00f6tigen Komplikationen. Daher wird dies nicht empfohlen.<\/p>\n<h3>Tipps zur Behandlung einer Blase<\/h3>\n<p>Blasen an den F\u00fc\u00dfen treten h\u00e4ufig bei gro\u00dfen Sportveranstaltungen und Wanderungen auf. Dabei kann sich eine Blase infizieren. Die Blase f\u00e4rbt sich dann rot und es bildet sich Eiter. Deshalb ist es so wichtig, eine Blase richtig zu desinfizieren und zu behandeln. Dazu h\u00e4lt man den Bereich um die Blase sauber und klebt die Blase mit einem Blasenpflaster ab.<\/p>\n<p>Es ist wichtig, nach der Behandlung trockene Socken anzuziehen und, wenn m\u00f6glich, ein wenig Talkumpuder in die Schuhe zu geben. Versuchen Sie au\u00dferdem, so normal wie m\u00f6glich zu gehen. Man kann dazu neigen, die Stelle entlasten zu wollen, was aber wiederum zu Beschwerden in Muskeln und Gelenken f\u00fchren kann.<\/p>\n<p>Eine infizierte Blase kann in seltenen F\u00e4llen sogar zu einer Entz\u00fcndung der Lymphbahnen und der regionalen Lymphknoten (in der Leistengegend) f\u00fchren. Gl\u00fccklicherweise ist dies selten, aber wenn Sie einen roten Streifen sehen, der von der Blase aus die Haut hinaufl\u00e4uft, oder wenn Sie schmerzhafte und\/oder geschwollene Lymphknoten in der Leiste oder in den Achselh\u00f6hlen bemerken, sollten Sie sofort Ihren Hausarzt aufsuchen.<\/p>\n<h3>Schmerzen lindern mit Blasenpflastern<\/h3>\n<p>Trotz <a href=\"https:\/\/www.careplus.eu\/de\/erste-hilfe-auf-reisen\/blasen\/verhindern\/\">vorbeugender Ma\u00dfnahmen<\/a> kann es zu einer Blase kommen. Dann kommen Blasenpflaster zum Einsatz. Unsere <a href=\"https:\/\/www.careplus.eu\/de\/erste-hilfe-auf-reisen\/blasen\/behandeln\/blasenpflaster\/\">Care Plus<sup style=\"font-size: 10px;\">\u00ae<\/sup> Blister Plasters<\/a> wurden speziell entwickelt, um Schmerzen zu lindern, eine sch\u00fctzende Barriere zu bilden und die Heilung zu f\u00f6rdern. Unsere Blasenpflaster gibt es in den Varianten Duo Pack und Ultimate. F\u00fcr jede Blase das richtige Pflaster.<\/p>\n<p>[\/et_pb_text][\/et_pb_column][\/et_pb_row][\/et_pb_section][et_pb_section bb_built=&#8220;1&#8243; _builder_version=&#8220;4.27.0&#8243; background_color=&#8220;#ffffff&#8220; global_colors_info=&#8220;{}&#8220; prev_background_color=&#8220;#000000&#8243; background_pattern_color=&#8220;rgba(0,0,0,0.2)&#8220; background_mask_color=&#8220;#ffffff&#8220; box_shadow_horizontal_tablet=&#8220;0px&#8220; box_shadow_vertical_tablet=&#8220;0px&#8220; box_shadow_blur_tablet=&#8220;40px&#8220; box_shadow_spread_tablet=&#8220;0px&#8220; vertical_offset_tablet=&#8220;0&#8243; horizontal_offset_tablet=&#8220;0&#8243;][et_pb_row column_structure=&#8220;1_3,1_3,1_3&#8243; _builder_version=&#8220;4.16&#8243; background_size=&#8220;initial&#8220; background_position=&#8220;top_left&#8220; background_repeat=&#8220;repeat&#8220; global_colors_info=&#8220;{}&#8220;][et_pb_column type=&#8220;1_3&#8243; _builder_version=&#8220;4.16&#8243; custom_padding=&#8220;|||&#8220; global_colors_info=&#8220;{}&#8220; custom_padding__hover=&#8220;|||&#8220;][et_pb_image admin_label=&#8220;Foot spray&#8220; src=&#8220;https:\/\/www.careplus.eu\/wp-content\/uploads\/2020\/06\/care-plus-camphor-spray-1-1.jpg&#8220; title_text=&#8220;care-plus-camphor-spray-1&#8243; url=&#8220;https:\/\/www.careplus.eu\/de\/erste-hilfe-auf-reisen\/blasen\/verhindern\/campher\/&#8220; align=&#8220;center&#8220; align_tablet=&#8220;center&#8220; align_last_edited=&#8220;on|desktop&#8220; _builder_version=&#8220;4.22.0&#8243; border_radii=&#8220;on|10px|10px|10px|10px&#8220; global_colors_info=&#8220;{}&#8220; \/][et_pb_text _builder_version=&#8220;4.22.0&#8243; _module_preset=&#8220;default&#8220; global_colors_info=&#8220;{}&#8220;]<\/p>\n<h3>Care Plus<sup style=\"font-size:8px;\">\u00ae<\/sup> Anti-Blister Spray<\/h3>\n<p>Indem du deine F\u00fc\u00dfe t\u00e4glich mit diesem Fu\u00dfspray einspr\u00fchst, sorgst du daf\u00fcr, dass deine Haut widerstandsf\u00e4higer wird und Blasen vermieden werden. Das Spray k\u00fchlt, erfrischt und lindert m\u00fcde F\u00fc\u00dfe.<\/p>\n<p>[\/et_pb_text][et_pb_text _builder_version=&#8220;4.22.1&#8243; _module_preset=&#8220;default&#8220; text_font_size=&#8220;10px&#8220; hover_enabled=&#8220;0&#8243; global_colors_info=&#8220;{}&#8220; text_line_height=&#8220;1em&#8220; sticky_enabled=&#8220;0&#8243;]<\/p>\n<p>Care Plus<sup style=\"font-size: 8px;\">\u00ae<\/sup> Anti-Blister Spray ist ein medizinisches Hilfsmittel. Bitte lese vor der Anwendung die Gebrauchsanweisung.<\/p>\n<p>[\/et_pb_text][et_pb_button button_url=&#8220;https:\/\/www.careplus.eu\/de\/erste-hilfe-auf-reisen\/blasen\/verhindern\/campher\/&#8220; button_text=&#8220;Campher&#8220; button_alignment=&#8220;center&#8220; _builder_version=&#8220;4.16&#8243; background_layout=&#8220;dark&#8220; global_colors_info=&#8220;{}&#8220; \/][\/et_pb_column][et_pb_column type=&#8220;1_3&#8243; _builder_version=&#8220;4.16&#8243; custom_padding=&#8220;|||&#8220; global_colors_info=&#8220;{}&#8220; custom_padding__hover=&#8220;|||&#8220;][et_pb_image admin_label=&#8220;Foot powder&#8220; src=&#8220;https:\/\/www.careplus.eu\/wp-content\/uploads\/2020\/07\/CP_FootPowder_Mockup-2-3.jpg&#8220; title_text=&#8220;CP_FootPowder_Mockup-2&#8243; url=&#8220;https:\/\/www.careplus.eu\/de\/erste-hilfe-auf-reisen\/blasen\/verhindern\/fuspuder\/&#8220; align=&#8220;center&#8220; align_tablet=&#8220;center&#8220; align_last_edited=&#8220;on|desktop&#8220; _builder_version=&#8220;4.16&#8243; border_radii=&#8220;on|10px|10px|10px|10px&#8220; global_colors_info=&#8220;{}&#8220; \/][et_pb_text _builder_version=&#8220;4.22.0&#8243; _module_preset=&#8220;default&#8220; global_colors_info=&#8220;{}&#8220;]<\/p>\n<h3>Care Plus<sup style=\"font-size:8px;\">\u00ae<\/sup> Foot Powder<\/h3>\n<p>Verhindere Blasen und brennende F\u00fc\u00dfe mit dem Care Plus\u00ae Fu\u00dfpuder. Das Fu\u00dfpuder absorbiert Feuchtigkeit, trocknet die F\u00fc\u00dfe und hilft dabei, Blasen zu verhindern. Es erfrischt und lindert deine F\u00fc\u00dfe.<\/p>\n<p>[\/et_pb_text][et_pb_text _builder_version=&#8220;4.22.1&#8243; _module_preset=&#8220;default&#8220; text_font_size=&#8220;10px&#8220; hover_enabled=&#8220;0&#8243; global_colors_info=&#8220;{}&#8220; text_line_height=&#8220;1em&#8220; sticky_enabled=&#8220;0&#8243;]<\/p>\n<p>Care Plus<sup style=\"font-size: 8px;\">\u00ae<\/sup> Foot Powder ist ein medizinisches Hilfsmittel. Bitte lese vor der Anwendung die Gebrauchsanweisung.<\/p>\n<p>[\/et_pb_text][et_pb_button button_url=&#8220;https:\/\/www.careplus.eu\/de\/erste-hilfe-auf-reisen\/blasen\/verhindern\/fuspuder\/&#8220; button_text=&#8220;Fu\u00dfpuder&#8220; button_alignment=&#8220;center&#8220; _builder_version=&#8220;4.16&#8243; background_layout=&#8220;dark&#8220; global_colors_info=&#8220;{}&#8220; \/][\/et_pb_column][et_pb_column type=&#8220;1_3&#8243; _builder_version=&#8220;4.16&#8243; custom_padding=&#8220;|||&#8220; global_colors_info=&#8220;{}&#8220; custom_padding__hover=&#8220;|||&#8220;][et_pb_image admin_label=&#8220;Blister plaster&#8220; src=&#8220;https:\/\/www.careplus.eu\/wp-content\/uploads\/2025\/05\/Care-plus-Blarenpleisters_DuoPack.webp&#8220; alt=&#8220;Care Plus\u00ae Blister Plasters Duo Pack. De   30 \/ 5.000 Vertaalresultaten Vertaalresultaat star_border Das beste Pflaster gegen Blasen.&#8220; title_text=&#8220;Care Plus\u00ae Blister Plasters&#8220; url=&#8220;https:\/\/www.careplus.eu\/de\/erste-hilfe-auf-reisen\/blasen\/behandeln\/blasenpflaster\/&#8220; align=&#8220;center&#8220; align_tablet=&#8220;center&#8220; align_last_edited=&#8220;on|desktop&#8220; _builder_version=&#8220;4.21.0&#8243; border_radii=&#8220;on|10px|10px|10px|10px&#8220; global_colors_info=&#8220;{}&#8220; \/][et_pb_text _builder_version=&#8220;4.22.0&#8243; _module_preset=&#8220;default&#8220; global_colors_info=&#8220;{}&#8220;]<\/p>\n<h3>Care Plus<sup style=\"font-size:8px;\">\u00ae<\/sup> Blister Plasters<\/h3>\n<p>Unsere Blasenpflaster bieten Schmerzlinderung und halten Wasser, Schmutz und Verunreinigungen von der Blase fern. Die Pflaster sind aus atmungsaktivem Material hergestellt und 100% wasserdicht.<\/p>\n<p>[\/et_pb_text][et_pb_text _builder_version=&#8220;4.22.1&#8243; _module_preset=&#8220;default&#8220; text_font_size=&#8220;10px&#8220; hover_enabled=&#8220;0&#8243; global_colors_info=&#8220;{}&#8220; text_line_height=&#8220;1em&#8220; sticky_enabled=&#8220;0&#8243;]<\/p>\n<p>Care Plus<sup style=\"font-size: 8px;\">\u00ae<\/sup> Blasenpflaster Duo Pack ist ein Medizinprodukt. Lesen Sie vor der Verwendung die Bedienungsanleitung.<\/p>\n<p>[\/et_pb_text][et_pb_button button_url=&#8220;https:\/\/www.careplus.eu\/de\/erste-hilfe-auf-reisen\/blasen\/behandeln\/blasenpflaster\/&#8220; button_text=&#8220;Blasenpflaster&#8220; button_alignment=&#8220;center&#8220; _builder_version=&#8220;4.22.0&#8243; background_layout=&#8220;dark&#8220; global_colors_info=&#8220;{}&#8220; \/][\/et_pb_column][\/et_pb_row][\/et_pb_section]<\/p>\n","protected":false},"excerpt":{"rendered":"<p>Blasen k\u00f6nnen viel Unbehagen verursachen und manchmal sehr schmerzhaft sein. Je nach Lage und Gr\u00f6\u00dfe der Blasen kannst du entscheiden, wie du sie am besten behandelst. Kleine, nicht zu schmerzhafte Blasen l\u00e4sst du besser einfach so, wie sie sind, und sie werden mit etwas Zeit und Ruhe gut heilen. Gro\u00dfe und schmerzhafte Blasen sind leicht zu behandeln.<\/p>\n","protected":false},"author":37,"featured_media":0,"parent":5448,"menu_order":0,"comment_status":"closed","ping_status":"closed","template":"","meta":{"_acf_changed":false,"_et_pb_use_builder":"on","_et_pb_old_content":"","_et_gb_content_width":"","footnotes":""},"class_list":["post-5699","page","type-page","status-publish","hentry"],"acf":[],"_links":{"self":[{"href":"https:\/\/www.careplus.eu\/de\/wp-json\/wp\/v2\/pages\/5699","targetHints":{"allow":["GET"]}}],"collection":[{"href":"https:\/\/www.careplus.eu\/de\/wp-json\/wp\/v2\/pages"}],"about":[{"href":"https:\/\/www.careplus.eu\/de\/wp-json\/wp\/v2\/types\/page"}],"author":[{"embeddable":true,"href":"https:\/\/www.careplus.eu\/de\/wp-json\/wp\/v2\/users\/37"}],"replies":[{"embeddable":true,"href":"https:\/\/www.careplus.eu\/de\/wp-json\/wp\/v2\/comments?post=5699"}],"version-history":[{"count":0,"href":"https:\/\/www.careplus.eu\/de\/wp-json\/wp\/v2\/pages\/5699\/revisions"}],"up":[{"embeddable":true,"href":"https:\/\/www.careplus.eu\/de\/wp-json\/wp\/v2\/pages\/5448"}],"wp:attachment":[{"href":"https:\/\/www.careplus.eu\/de\/wp-json\/wp\/v2\/media?parent=5699"}],"curies":[{"name":"wp","href":"https:\/\/api.w.org\/{rel}","templated":true}]}}