


{"id":5697,"date":"2019-03-20T13:35:43","date_gmt":"2019-03-20T12:35:43","guid":{"rendered":"https:\/\/www.careplus.eu\/hygiene\/wasser-reinigen\/wasserfilter\/"},"modified":"2023-08-24T15:41:52","modified_gmt":"2023-08-24T13:41:52","slug":"wasserfilter","status":"publish","type":"page","link":"https:\/\/www.careplus.eu\/de\/hygiene\/wasser-reinigen\/wasserfilter\/","title":{"rendered":"Wasserfilter"},"content":{"rendered":"<p>[et_pb_section fb_built=&#8220;1&#8243; fullwidth=&#8220;on&#8220; _builder_version=&#8220;4.17.6&#8243; background_image=&#8220;https:\/\/www.careplus.eu\/wp-content\/uploads\/2022\/07\/DM_CarePlus016_148.webp&#8220; background_position=&#8220;top_center&#8220; background_vertical_offset=&#8220;36%&#8220; bottom_divider_style=&#8220;curve&#8220; bottom_divider_color=&#8220;#ffffff&#8220; bottom_divider_height=&#8220;40px&#8220; global_colors_info=&#8220;{}&#8220;][et_pb_fullwidth_slider show_arrows=&#8220;off&#8220; show_pagination=&#8220;off&#8220; _builder_version=&#8220;4.17.6&#8243; global_colors_info=&#8220;{}&#8220;][et_pb_slide heading=&#8220;Wasserfilter&#8220; use_bg_overlay=&#8220;off&#8220; use_text_overlay=&#8220;off&#8220; _builder_version=&#8220;4.17.6&#8243; header_level=&#8220;h1&#8243; header_font=&#8220;|800|||||||&#8220; header_font_size=&#8220;36&#8243; background_enable_color=&#8220;off&#8220; background_enable_image=&#8220;off&#8220; button_on_hover=&#8220;on&#8220; custom_padding=&#8220;18%||18%|&#8220; custom_padding_tablet=&#8220;30%||30%|&#8220; custom_padding_phone=&#8220;30%||30%|&#8220; custom_padding_last_edited=&#8220;on|phone&#8220; header_font_size_tablet=&#8220;30&#8243; header_font_size_phone=&#8220;30&#8243; header_font_size_last_edited=&#8220;on|tablet&#8220; header_text_shadow_style=&#8220;preset3&#8243; header_text_shadow_blur_strength=&#8220;0.5em&#8220; header_text_shadow_color=&#8220;rgba(0,0,0,0.6)&#8220; global_colors_info=&#8220;{}&#8220; sticky_transition=&#8220;on&#8220;][\/et_pb_slide][\/et_pb_fullwidth_slider][\/et_pb_section][et_pb_section fb_built=&#8220;1&#8243; _builder_version=&#8220;4.16&#8243; global_colors_info=&#8220;{}&#8220;][et_pb_row _builder_version=&#8220;4.16&#8243; background_size=&#8220;initial&#8220; background_position=&#8220;top_left&#8220; background_repeat=&#8220;repeat&#8220; global_colors_info=&#8220;{}&#8220;][et_pb_column type=&#8220;4_4&#8243; _builder_version=&#8220;4.16&#8243; custom_padding=&#8220;|||&#8220; global_colors_info=&#8220;{}&#8220; custom_padding__hover=&#8220;|||&#8220;][et_pb_dmb_breadcrumbs _builder_version=&#8220;4.16&#8243; body_font_size_tablet=&#8220;51&#8243; body_line_height_tablet=&#8220;2&#8243; separator_font_size_tablet=&#8220;51&#8243; separator_line_height_tablet=&#8220;2&#8243; link_font_size_tablet=&#8220;51&#8243; link_line_height_tablet=&#8220;2&#8243; linkhover_font_size_tablet=&#8220;51&#8243; linkhover_line_height_tablet=&#8220;2&#8243; global_colors_info=&#8220;{}&#8220;][\/et_pb_dmb_breadcrumbs][et_pb_text admin_label=&#8220;Intro tekst&#8220; _builder_version=&#8220;4.19.5&#8243; global_colors_info=&#8220;{}&#8220;]<\/p>\n<h2>Wasserfilter<\/h2>\n<p><strong>Unterwegs ohne Plastik-Wasserflaschen? Dies ist m\u00f6glich mit dem Wasserfilter von Care Plus<sup style=\"font-size:8px;\">\u00ae<\/sup> f\u00fcr sicheres und billiges Trinkwasser. Unsere Wasserfilter passen in deine Handfl\u00e4che und filtern bis zu 3,500 Liter Wasser aus S\u00fc\u00dfwasserseen, Fl\u00fcssen oder B\u00e4chen. Der Membranfilter (0,1 Mikron) stoppt sch\u00e4dliche Bakterien, Parasiten, Protozoen und Mikroplastik. Unser preisgekr\u00f6nter Wasserfilter ist erh\u00e4ltlich bei den besseren Outdoor-Shops.<\/strong><\/p>\n<p>Ein Wasserfilter entfernt Verunreinigungen aus dem Wasser durch eine physikalische Barriere, einen chemischen Prozess oder einen biologischen Prozess. Unsere Filter reinigen das Wasser durch eine physikalische Barriere.<\/p>\n<p>Sie k\u00f6nnen die Care Plus<sup style=\"font-size:8px;\">\u00ae<\/sup> Water Filters auf drei verschiedene Art verwenden:<br \/>\n1.\tFiltern direkt aus einer nat\u00fcrlichen Quelle<br \/>\n2.\tFiltern aus dem mitgelieferten Trinkbeutel<br \/>\n3.\tFiltern aus einer Standard-PET-Flasche<\/p>\n<p>Um Protozoen, Bakterien und Viren zu inaktivieren, empfehlen wir die Kombination aus einem Filter und einer geeigneten Chlorl\u00f6sung. Zun\u00e4chst inaktiviert der Care Plus<sup style=\"font-size:8px;\">\u00ae<\/sup> 0,1 Mikron Wasserfilter Protozoen und Bakterien. Zweitens deaktiviert Care Plus<sup style=\"font-size:8px;\">\u00ae<\/sup> <a href=\"https:\/\/www.careplus-shop.de\/wasseraufbereitunghadex-wasserdesinfektion\" target=\"_blank\" rel=\"noopener noreferrer\">Hadex<\/a><sup style=\"font-size:8px;\">\u00ae<\/sup> Viren, die sich eventuell im gefilterten Wasser befinden.[\/et_pb_text][\/et_pb_column][\/et_pb_row][\/et_pb_section][et_pb_section fb_built=&#8220;1&#8243; _builder_version=&#8220;4.16&#8243; background_color=&#8220;#f4f4f4&#8243; global_colors_info=&#8220;{}&#8220;][et_pb_row column_structure=&#8220;1_3,2_3&#8243; _builder_version=&#8220;4.16&#8243; background_color=&#8220;#ffffff&#8220; border_radii=&#8220;on|10px|10px|10px|10px&#8220; global_colors_info=&#8220;{}&#8220;][et_pb_column type=&#8220;1_3&#8243; _builder_version=&#8220;4.16&#8243; custom_padding=&#8220;|||&#8220; global_colors_info=&#8220;{}&#8220; custom_padding__hover=&#8220;|||&#8220;][et_pb_image src=&#8220;https:\/\/www.careplus.eu\/wp-content\/uploads\/2022\/07\/Care-Plus-Waterfilter.png&#8220; title_text=&#8220;Wasserfilter&#8220; show_in_lightbox=&#8220;on&#8220; use_overlay=&#8220;on&#8220; overlay_icon_color=&#8220;#ffffff&#8220; hover_overlay_color=&#8220;rgba(255,255,255,0)&#8220; hover_icon=&#8220;&#x54;||divi||400&#8243; align=&#8220;center&#8220; align_tablet=&#8220;center&#8220; align_phone=&#8220;&#8220; align_last_edited=&#8220;on|desktop&#8220; _builder_version=&#8220;4.17.6&#8243; global_colors_info=&#8220;{}&#8220;][\/et_pb_image][\/et_pb_column][et_pb_column type=&#8220;2_3&#8243; _builder_version=&#8220;4.16&#8243; custom_padding=&#8220;|||&#8220; global_colors_info=&#8220;{}&#8220; custom_padding__hover=&#8220;|||&#8220;][et_pb_text _builder_version=&#8220;4.19.5&#8243; custom_margin=&#8220;35px|20px||20px|false|false&#8220; custom_margin_tablet=&#8220;0px||||false|false&#8220; custom_margin_phone=&#8220;0px||||false|false&#8220; custom_margin_last_edited=&#8220;on|desktop&#8220; custom_padding=&#8220;20px|20px|20px|20px|false|false&#8220; border_radii=&#8220;on|10px|10px|10px|10px&#8220; global_colors_info=&#8220;{}&#8220;]<\/p>\n<h3>Spezifikationen Water Filter<\/h3>\n<ul>\n<li>Mikrofaser-Hohlfilter von 0,1 Mikron<\/li>\n<li>Filterelement mit eingebautem Mundst\u00fcck <\/li>\n<li>Kapazit\u00e4t: bis 3,500L<\/li>\n<li>Durchflussmenge: bis 1.7L pro Minute (zusammendr\u00fccken)<\/li>\n<li>Gewicht: Filter 75gr \/ Trinkbeutel TPU 35gr<\/li>\n<\/ul>\n<p>[\/et_pb_text][et_pb_button button_url=&#8220;https:\/\/www.careplus-shop.de\/Care-Plus-Water-Filter-Jungle-Green&#8220; url_new_window=&#8220;on&#8220; button_text=&#8220;Bestellen&#8220; button_alignment=&#8220;left&#8220; disabled_on=&#8220;off|off|off&#8220; _builder_version=&#8220;4.19.5&#8243; background_layout=&#8220;dark&#8220; custom_margin=&#8220;|20px||20px&#8220; custom_padding=&#8220;|20px||20px&#8220; global_colors_info=&#8220;{}&#8220;][\/et_pb_button][\/et_pb_column][\/et_pb_row][\/et_pb_section][et_pb_section fb_built=&#8220;1&#8243; _builder_version=&#8220;4.19.5&#8243; background_color=&#8220;#FFFFFF&#8220; global_colors_info=&#8220;{}&#8220;][et_pb_row column_structure=&#8220;1_3,2_3&#8243; _builder_version=&#8220;4.16&#8243; background_color=&#8220;#ffffff&#8220; border_radii=&#8220;on|10px|10px|10px|10px&#8220; global_colors_info=&#8220;{}&#8220;][et_pb_column type=&#8220;1_3&#8243; _builder_version=&#8220;4.16&#8243; custom_padding=&#8220;|||&#8220; global_colors_info=&#8220;{}&#8220; custom_padding__hover=&#8220;|||&#8220;][et_pb_image src=&#8220;https:\/\/www.careplus.eu\/wp-content\/uploads\/2023\/02\/Care-Plus-Water-Filter-EVO-2.webp&#8220; title_text=&#8220;Care Plus Water Filter EVO&#8220; show_in_lightbox=&#8220;on&#8220; use_overlay=&#8220;on&#8220; overlay_icon_color=&#8220;#ffffff&#8220; hover_overlay_color=&#8220;rgba(255,255,255,0)&#8220; hover_icon=&#8220;&#x54;||divi||400&#8243; align=&#8220;center&#8220; align_tablet=&#8220;center&#8220; align_phone=&#8220;&#8220; align_last_edited=&#8220;on|desktop&#8220; _builder_version=&#8220;4.19.5&#8243; min_height=&#8220;425px&#8220; height=&#8220;4px&#8220; global_colors_info=&#8220;{}&#8220;][\/et_pb_image][\/et_pb_column][et_pb_column type=&#8220;2_3&#8243; _builder_version=&#8220;4.16&#8243; custom_padding=&#8220;|||&#8220; global_colors_info=&#8220;{}&#8220; custom_padding__hover=&#8220;|||&#8220;][et_pb_text _builder_version=&#8220;4.19.5&#8243; custom_margin=&#8220;35px|20px||20px|false|false&#8220; custom_margin_tablet=&#8220;0px||||false|false&#8220; custom_margin_phone=&#8220;0px||||false|false&#8220; custom_margin_last_edited=&#8220;on|desktop&#8220; custom_padding=&#8220;20px|20px|20px|20px|false|false&#8220; border_radii=&#8220;on|10px|10px|10px|10px&#8220; global_colors_info=&#8220;{}&#8220;]<\/p>\n<h3>Spezifikationen Water Filter EVO<\/h3>\n<ul>\n<li>Mikrofaser-Hohlfilter von 0,1 Mikron <\/li>\n<li>Trinkbeutel (3 Liter) wiederverwendbares mit Zufuhrschlauch <\/li>\n<li>Kapazit\u00e4t: bis 5,000L<\/li>\n<li>Durchflussmenge: bis 0.45L pro Minute<\/li>\n<li>Gewicht: Filter 100gr \/ Trinkbeutel TPU 110gr<\/li>\n<li>Aufbewahrungstasche und Umh\u00e4ngeband <\/li>\n<\/ul>\n<p>[\/et_pb_text][et_pb_button button_url=&#8220;https:\/\/www.careplus-shop.nl\/Care-Plus-Water-Filter-EVO&#8220; url_new_window=&#8220;on&#8220; button_text=&#8220;Bestellen&#8220; button_alignment=&#8220;left&#8220; disabled_on=&#8220;on|on|on&#8220; _builder_version=&#8220;4.19.5&#8243; background_layout=&#8220;dark&#8220; custom_margin=&#8220;|20px||20px&#8220; custom_padding=&#8220;|20px||20px&#8220; disabled=&#8220;on&#8220; global_colors_info=&#8220;{}&#8220;][\/et_pb_button][\/et_pb_column][\/et_pb_row][\/et_pb_section]<\/p>\n","protected":false},"excerpt":{"rendered":"<p>Wasserfilter Unterwegs ohne Plastik-Wasserflaschen? Dies ist m\u00f6glich mit dem Wasserfilter von Care Plus\u00ae f\u00fcr sicheres und billiges Trinkwasser. Unsere Wasserfilter passen in deine Handfl\u00e4che und filtern bis zu 3,500 Liter Wasser aus S\u00fc\u00dfwasserseen, Fl\u00fcssen oder B\u00e4chen. Der Membranfilter (0,1 Mikron) stoppt sch\u00e4dliche Bakterien, Parasiten, Protozoen und Mikroplastik. Unser preisgekr\u00f6nter Wasserfilter ist erh\u00e4ltlich bei den besseren [&hellip;]<\/p>\n","protected":false},"author":37,"featured_media":0,"parent":5477,"menu_order":0,"comment_status":"closed","ping_status":"closed","template":"","meta":{"_acf_changed":false,"_et_pb_use_builder":"on","_et_pb_old_content":"","_et_gb_content_width":"","footnotes":""},"class_list":["post-5697","page","type-page","status-publish","hentry"],"acf":[],"_links":{"self":[{"href":"https:\/\/www.careplus.eu\/de\/wp-json\/wp\/v2\/pages\/5697","targetHints":{"allow":["GET"]}}],"collection":[{"href":"https:\/\/www.careplus.eu\/de\/wp-json\/wp\/v2\/pages"}],"about":[{"href":"https:\/\/www.careplus.eu\/de\/wp-json\/wp\/v2\/types\/page"}],"author":[{"embeddable":true,"href":"https:\/\/www.careplus.eu\/de\/wp-json\/wp\/v2\/users\/37"}],"replies":[{"embeddable":true,"href":"https:\/\/www.careplus.eu\/de\/wp-json\/wp\/v2\/comments?post=5697"}],"version-history":[{"count":0,"href":"https:\/\/www.careplus.eu\/de\/wp-json\/wp\/v2\/pages\/5697\/revisions"}],"up":[{"embeddable":true,"href":"https:\/\/www.careplus.eu\/de\/wp-json\/wp\/v2\/pages\/5477"}],"wp:attachment":[{"href":"https:\/\/www.careplus.eu\/de\/wp-json\/wp\/v2\/media?parent=5697"}],"curies":[{"name":"wp","href":"https:\/\/api.w.org\/{rel}","templated":true}]}}