


{"id":5628,"date":"2019-03-19T16:29:32","date_gmt":"2019-03-19T15:29:32","guid":{"rendered":"https:\/\/www.careplus.eu\/mucken-und-zecken\/behandlung-eines-insektenstichs\/"},"modified":"2025-09-23T12:04:53","modified_gmt":"2025-09-23T11:04:53","slug":"behandlung-eines-insektenstichs","status":"publish","type":"page","link":"https:\/\/www.careplus.eu\/de\/mucken-und-zecken\/behandlung-eines-insektenstichs\/","title":{"rendered":"Behandlung eines Insektenstichs"},"content":{"rendered":"<p>[et_pb_section fb_built=&#8220;1&#8243; fullwidth=&#8220;on&#8220; _builder_version=&#8220;4.21.0&#8243; background_image=&#8220;https:\/\/www.careplus.eu\/wp-content\/uploads\/2019\/05\/careplus-huismug-overlast.jpg&#8220; bottom_divider_style=&#8220;curve&#8220; bottom_divider_color=&#8220;#ffffff&#8220; bottom_divider_height=&#8220;40px&#8220; bottom_divider_height_tablet=&#8220;40px&#8220; bottom_divider_height_phone=&#8220;20px&#8220; bottom_divider_height_last_edited=&#8220;on|phone&#8220; global_colors_info=&#8220;{}&#8220;][et_pb_fullwidth_slider show_arrows=&#8220;off&#8220; show_pagination=&#8220;off&#8220; _builder_version=&#8220;4.21.0&#8243; global_colors_info=&#8220;{}&#8220;][et_pb_slide heading=&#8220;Behandlung eines Insektenstichs&#8220; use_bg_overlay=&#8220;off&#8220; use_text_overlay=&#8220;off&#8220; _builder_version=&#8220;4.21.0&#8243; header_level=&#8220;h1&#8243; header_font=&#8220;|800|||||||&#8220; header_font_size=&#8220;36&#8243; background_color=&#8220;RGBA(255,255,255,0)&#8220; background_enable_color=&#8220;on&#8220; background_enable_image=&#8220;off&#8220; button_on_hover=&#8220;on&#8220; custom_padding=&#8220;15%||15%||false|false&#8220; custom_padding_tablet=&#8220;30%||30%|&#8220; custom_padding_phone=&#8220;30%||30%|&#8220; custom_padding_last_edited=&#8220;on|phone&#8220; header_font_size_tablet=&#8220;30&#8243; header_font_size_phone=&#8220;30&#8243; header_font_size_last_edited=&#8220;on|tablet&#8220; header_text_shadow_style=&#8220;preset3&#8243; header_text_shadow_blur_strength=&#8220;0.5em&#8220; header_text_shadow_color=&#8220;rgba(0,0,0,0.6)&#8220; global_colors_info=&#8220;{}&#8220; sticky_transition=&#8220;on&#8220;][\/et_pb_slide][\/et_pb_fullwidth_slider][\/et_pb_section][et_pb_section fb_built=&#8220;1&#8243; admin_label=&#8220;INTRO&#8220; _builder_version=&#8220;4.21.0&#8243; custom_margin=&#8220;50px||||false|false&#8220; custom_padding=&#8220;0px||||false|false&#8220; global_colors_info=&#8220;{}&#8220;][et_pb_row disabled_on=&#8220;off|off|off&#8220; _builder_version=&#8220;4.21.0&#8243; background_size=&#8220;initial&#8220; background_position=&#8220;top_left&#8220; background_repeat=&#8220;repeat&#8220; custom_margin=&#8220;||||false|false&#8220; global_module=&#8220;18803&#8243; global_colors_info=&#8220;{}&#8220;][et_pb_column type=&#8220;4_4&#8243; _builder_version=&#8220;4.16&#8243; custom_padding=&#8220;|||&#8220; global_colors_info=&#8220;{}&#8220; custom_padding__hover=&#8220;|||&#8220;][et_pb_dmb_breadcrumbs _builder_version=&#8220;4.16&#8243; body_font_size_tablet=&#8220;51&#8243; body_line_height_tablet=&#8220;2&#8243; separator_font_size_tablet=&#8220;51&#8243; separator_line_height_tablet=&#8220;2&#8243; link_font_size_tablet=&#8220;51&#8243; link_line_height_tablet=&#8220;2&#8243; linkhover_font_size_tablet=&#8220;51&#8243; linkhover_line_height_tablet=&#8220;2&#8243; global_colors_info=&#8220;{}&#8220;][\/et_pb_dmb_breadcrumbs][\/et_pb_column][\/et_pb_row][et_pb_row _builder_version=&#8220;4.16&#8243; background_size=&#8220;initial&#8220; background_position=&#8220;top_left&#8220; background_repeat=&#8220;repeat&#8220; global_colors_info=&#8220;{}&#8220;][et_pb_column type=&#8220;4_4&#8243; _builder_version=&#8220;4.16&#8243; custom_padding=&#8220;|||&#8220; global_colors_info=&#8220;{}&#8220; custom_padding__hover=&#8220;|||&#8220;][et_pb_text admin_label=&#8220;Intro&#8220; _builder_version=&#8220;4.21.0&#8243; header_2_font=&#8220;|800|||||||&#8220; global_colors_info=&#8220;{}&#8220;]<\/p>\n<h2>Behandlung nach dem Insektenstich<\/h2>\n<p><\/p>\n<p><strong>Manchmal bemerkt man einen Insektenstich gar nicht, doch manche Insekten k\u00f6nnen Schmerzen, Schwellungen, R\u00f6tungen, Reizungen und Juckreiz verursachen. Auch der Biss oder Stich anderer Sch\u00e4dlinge kann erhebliche Beschwerden verursachen. Wichtig ist die richtige Behandlung nach einem Insekten- oder Zeckenstich. Oft k\u00f6nnen Sie selbst Ma\u00dfnahmen ergreifen, um Schmerzen oder Juckreiz zu lindern.<\/strong><\/p>\n<p><\/p>\n<p>Wenn Sie nicht gen\u00fcgend Vorsichtsma\u00dfnahmen treffen, um Stiche oder Bisse zu verhindern, besteht die Gefahr, dass Sie von Insekten gestochen werden. Denken Sie an M\u00fccken, Spinnen und Zecken, aber auch an Quallen oder Skorpione. Auch mit den notwendigen Schutzma\u00dfnahmen kann dies passieren, aber das Risiko eines Stichs oder Bisses ist deutlich geringer.<\/p>\n<p><\/p>\n<p>Gl\u00fccklicherweise bietet Care Plus<sup style=\"font-size: 8px;\">\u00ae<\/sup> wirksame Produkte zur Behandlung von Bissen oder Stichen an. Nicht nur Insekten, sondern auch Quallen k\u00f6nnen einen unangenehmen Stich mit schmerzhaften Folgen verursachen. Auch bei einem Zeckenbiss ist Wachsamkeit und die richtige Behandlung unerl\u00e4sslich.<\/p>\n<p>[\/et_pb_text][\/et_pb_column][\/et_pb_row][\/et_pb_section][et_pb_section fb_built=&#8220;1&#8243; _builder_version=&#8220;4.16&#8243; background_color=&#8220;#f4f4f4&#8243; global_colors_info=&#8220;{}&#8220;][et_pb_row column_structure=&#8220;1_3,1_3,1_3&#8243; _builder_version=&#8220;4.16&#8243; background_color=&#8220;#ffffff&#8220; border_radii=&#8220;on|10px|10px|10px|10px&#8220; global_colors_info=&#8220;{}&#8220;][et_pb_column type=&#8220;1_3&#8243; _builder_version=&#8220;4.16&#8243; custom_padding=&#8220;|||&#8220; global_colors_info=&#8220;{}&#8220; custom_padding__hover=&#8220;|||&#8220;][et_pb_image src=&#8220;https:\/\/www.careplus.eu\/wp-content\/uploads\/2025\/05\/Care-Plus-Insect-SOS-Gel-verzacht-na-een-insectenbeet-of-steek.webp&#8220; alt=&#8220;Insect SOS gel wirkt auch beruhigend nach Kontakt mit Brennhaaren des Eichenprozessionsspinners&#8220; title_text=&#8220;Care Plus\u00ae Insect SOS Gel lindert auch nach Kontakt mit den Brennhaaren des Eichenprozessionsspinners&#8220; url=&#8220;@ET-DC@eyJkeW5hbWljIjp0cnVlLCJjb250ZW50IjoicG9zdF9saW5rX3VybF9wYWdlIiwic2V0dGluZ3MiOnsicG9zdF9pZCI6IjQ4MDkifX0=@&#8220; align_tablet=&#8220;center&#8220; align_phone=&#8220;&#8220; align_last_edited=&#8220;on|desktop&#8220; _builder_version=&#8220;4.21.0&#8243; _dynamic_attributes=&#8220;url&#8220; global_colors_info=&#8220;{}&#8220;][\/et_pb_image][et_pb_button button_url=&#8220;@ET-DC@eyJkeW5hbWljIjp0cnVlLCJjb250ZW50IjoicG9zdF9saW5rX3VybF9wYWdlIiwic2V0dGluZ3MiOnsicG9zdF9pZCI6IjQ4MDkifX0=@&#8220; button_text=&#8220;Insekten-SOS-Gel&#8220; button_alignment=&#8220;center&#8220; _builder_version=&#8220;4.21.0&#8243; _dynamic_attributes=&#8220;button_url&#8220; background_layout=&#8220;dark&#8220; global_colors_info=&#8220;{}&#8220;][\/et_pb_button][\/et_pb_column][et_pb_column type=&#8220;1_3&#8243; _builder_version=&#8220;4.16&#8243; custom_padding=&#8220;|||&#8220; global_colors_info=&#8220;{}&#8220; custom_padding__hover=&#8220;|||&#8220;][et_pb_image src=&#8220;https:\/\/www.careplus.eu\/wp-content\/uploads\/2023\/08\/Care-Plus-Click-Relief-copy.webp&#8220; title_text=&#8220;Care-Plus-Click-Relief copy&#8220; url=&#8220;@ET-DC@eyJkeW5hbWljIjp0cnVlLCJjb250ZW50IjoicG9zdF9saW5rX3VybF9wYWdlIiwic2V0dGluZ3MiOnsicG9zdF9pZCI6IjQ4MDkifX0=@&#8220; align_tablet=&#8220;center&#8220; align_phone=&#8220;&#8220; align_last_edited=&#8220;on|desktop&#8220; _builder_version=&#8220;4.22.1&#8243; _dynamic_attributes=&#8220;url&#8220; global_colors_info=&#8220;{}&#8220;][\/et_pb_image][et_pb_button button_url=&#8220;@ET-DC@eyJkeW5hbWljIjp0cnVlLCJjb250ZW50IjoicG9zdF9saW5rX3VybF9wYWdlIiwic2V0dGluZ3MiOnsicG9zdF9pZCI6IjQ4MDkifX0=@&#8220; button_text=&#8220;Click-Relief&#8220; button_alignment=&#8220;center&#8220; _builder_version=&#8220;4.22.1&#8243; _dynamic_attributes=&#8220;button_url&#8220; background_layout=&#8220;dark&#8220; global_colors_info=&#8220;{}&#8220;][\/et_pb_button][\/et_pb_column][et_pb_column type=&#8220;1_3&#8243; _builder_version=&#8220;4.16&#8243; custom_padding=&#8220;|||&#8220; global_colors_info=&#8220;{}&#8220; custom_padding__hover=&#8220;|||&#8220;][et_pb_image src=&#8220;https:\/\/www.careplus.eu\/wp-content\/uploads\/2025\/05\/care-plus-Ticks-2-Go-tekentang.webp&#8220; _builder_version=&#8220;4.27.4&#8243; vertical_offset_tablet=&#8220;0&#8243; horizontal_offset_tablet=&#8220;0&#8243; hover_enabled=&#8220;0&#8243; z_index_tablet=&#8220;0&#8243; box_shadow_horizontal_tablet=&#8220;0px&#8220; box_shadow_vertical_tablet=&#8220;0px&#8220; box_shadow_blur_tablet=&#8220;40px&#8220; box_shadow_spread_tablet=&#8220;0px&#8220; global_colors_info=&#8220;{}&#8220; sticky_enabled=&#8220;0&#8243;][\/et_pb_image][et_pb_button button_url=&#8220;https:\/\/www.careplus.eu\/de\/mucken-und-zecken\/behandlung-eines-insektenstichs\/zecke-auf-sichere-weise-entfernen\/&#8220; button_text=&#8220;Tick-2-go&#8220; button_alignment=&#8220;center&#8220; _builder_version=&#8220;4.27.4&#8243; _dynamic_attributes=&#8220;button_url&#8220; vertical_offset_tablet=&#8220;0&#8243; horizontal_offset_tablet=&#8220;0&#8243; background_layout=&#8220;dark&#8220; hover_enabled=&#8220;0&#8243; z_index_tablet=&#8220;0&#8243; button_text_shadow_horizontal_length_tablet=&#8220;0px&#8220; button_text_shadow_vertical_length_tablet=&#8220;0px&#8220; button_text_shadow_blur_strength_tablet=&#8220;1px&#8220; box_shadow_horizontal_tablet=&#8220;0px&#8220; box_shadow_vertical_tablet=&#8220;0px&#8220; box_shadow_blur_tablet=&#8220;40px&#8220; box_shadow_spread_tablet=&#8220;0px&#8220; global_colors_info=&#8220;{}&#8220; sticky_enabled=&#8220;0&#8243;][\/et_pb_button][\/et_pb_column][\/et_pb_row][\/et_pb_section][et_pb_section fb_built=&#8220;1&#8243; _builder_version=&#8220;4.16&#8243; global_colors_info=&#8220;{}&#8220;][et_pb_row _builder_version=&#8220;4.16&#8243; global_colors_info=&#8220;{}&#8220;][et_pb_column type=&#8220;4_4&#8243; _builder_version=&#8220;4.16&#8243; custom_padding=&#8220;|||&#8220; global_colors_info=&#8220;{}&#8220; custom_padding__hover=&#8220;|||&#8220;][et_pb_text admin_label=&#8220;tekst over behandeling&#8220; _builder_version=&#8220;4.27.4&#8243; header_2_font=&#8220;|800|||||||&#8220; vertical_offset_tablet=&#8220;0&#8243; horizontal_offset_tablet=&#8220;0&#8243; z_index_tablet=&#8220;0&#8243; text_text_shadow_horizontal_length_tablet=&#8220;0px&#8220; text_text_shadow_vertical_length_tablet=&#8220;0px&#8220; text_text_shadow_blur_strength_tablet=&#8220;1px&#8220; link_text_shadow_horizontal_length_tablet=&#8220;0px&#8220; link_text_shadow_vertical_length_tablet=&#8220;0px&#8220; link_text_shadow_blur_strength_tablet=&#8220;1px&#8220; ul_text_shadow_horizontal_length_tablet=&#8220;0px&#8220; ul_text_shadow_vertical_length_tablet=&#8220;0px&#8220; ul_text_shadow_blur_strength_tablet=&#8220;1px&#8220; ol_text_shadow_horizontal_length_tablet=&#8220;0px&#8220; ol_text_shadow_vertical_length_tablet=&#8220;0px&#8220; ol_text_shadow_blur_strength_tablet=&#8220;1px&#8220; quote_text_shadow_horizontal_length_tablet=&#8220;0px&#8220; quote_text_shadow_vertical_length_tablet=&#8220;0px&#8220; quote_text_shadow_blur_strength_tablet=&#8220;1px&#8220; header_text_shadow_horizontal_length_tablet=&#8220;0px&#8220; header_text_shadow_vertical_length_tablet=&#8220;0px&#8220; header_text_shadow_blur_strength_tablet=&#8220;1px&#8220; header_2_text_shadow_horizontal_length_tablet=&#8220;0px&#8220; header_2_text_shadow_vertical_length_tablet=&#8220;0px&#8220; header_2_text_shadow_blur_strength_tablet=&#8220;1px&#8220; header_3_text_shadow_horizontal_length_tablet=&#8220;0px&#8220; header_3_text_shadow_vertical_length_tablet=&#8220;0px&#8220; header_3_text_shadow_blur_strength_tablet=&#8220;1px&#8220; header_4_text_shadow_horizontal_length_tablet=&#8220;0px&#8220; header_4_text_shadow_vertical_length_tablet=&#8220;0px&#8220; header_4_text_shadow_blur_strength_tablet=&#8220;1px&#8220; header_5_text_shadow_horizontal_length_tablet=&#8220;0px&#8220; header_5_text_shadow_vertical_length_tablet=&#8220;0px&#8220; header_5_text_shadow_blur_strength_tablet=&#8220;1px&#8220; header_6_text_shadow_horizontal_length_tablet=&#8220;0px&#8220; header_6_text_shadow_vertical_length_tablet=&#8220;0px&#8220; header_6_text_shadow_blur_strength_tablet=&#8220;1px&#8220; box_shadow_horizontal_tablet=&#8220;0px&#8220; box_shadow_vertical_tablet=&#8220;0px&#8220; box_shadow_blur_tablet=&#8220;40px&#8220; box_shadow_spread_tablet=&#8220;0px&#8220; global_colors_info=&#8220;{}&#8220;]<\/p>\n<h3>Erste Hilfe bei Insektenstichen<\/h3>\n<p><\/p>\n<p>Wurden Sie von einem Insekt oder einer Qualle gestochen oder gebissen? Click-Away Bite Relief lindert Juckreiz und Schwellungen innerhalb von Minuten. <a href=\"\/de\/mucken-und-zecken\/behandlung-eines-insektenstichs\/juckreiz-lindern\">Care Plus<sup style=\"font-size: 8px;\">\u00ae<\/sup> Insect SOS Bite Gel<\/a> lindert Schmerzen und Juckreiz und k\u00fchlt und beruhigt gereizte Haut. Auch nach einem Quallenstich oder Brennnesseln lindert das Insect Bite Gel.<\/p>\n<p><\/p>\n<h3>Suchen Sie professionelle Hilfe<\/h3>\n<p><\/p>\n<p>Ein Insektenstich kann Schmerzen, Schwellungen, R\u00f6tungen, Reizungen und Juckreiz verursachen. Diese Symptome lassen sich in der Regel mit einem Care Plus<sup style=\"font-size: 8px;\">\u00ae<\/sup> Produkt nach dem Stich oder Biss lindern. Es gibt jedoch Situationen, in denen Sie besonders vorsichtig sein und m\u00f6glicherweise einen Arzt aufsuchen m\u00fcssen. Dies gilt beispielsweise bei einer allergischen Reaktion nach einem M\u00fccken- oder Insektenstich, starken Schmerzen oder Schwellungen oder einer allergischen Reaktion auf einen Stich oder Biss.<\/p>\n<p><\/p>\n<p>Wenn Sie nach einem Insektenstich akute Atemnot oder einen Ausschlag an einer nicht gestochenen Stelle versp\u00fcren, kann es sich um eine allergische Reaktion handeln. Suchen Sie in solchen F\u00e4llen immer sofort einen Arzt auf. Dies gilt insbesondere bei Insektenstichen im Mund, der Zunge oder im Rachen. \u00dcberm\u00e4\u00dfige Schwellungen in diesen Bereichen k\u00f6nnen gef\u00e4hrlich sein. Eis kann helfen, die Schwellung zu lindern.<\/p>\n<p><\/p>\n<h3>Besondere Aufmerksamkeit beim Biss einer Zecke<\/h3>\n<p><\/p>\n<p>Zecken k\u00f6nnen durch ihren Biss Bakterien \u00fcbertragen, die Borreliose ausl\u00f6sen k\u00f6nnen. Sie k\u00f6nnen einem Zeckenbiss vorbeugen, indem Sie Ihre Haut m\u00f6glichst gut bedecken. Zecken leben in niedriger Vegetation wie Gras und B\u00fcschen. Tragen Sie daher immer lange Hosen und stecken Sie diese in die Socken. Tragen Sie auf freiliegender Haut ein Insektenschutzmittel auf. Sch\u00fctzen Sie Ihre F\u00fc\u00dfe, Kn\u00f6chel und Unterschenkel optimal mit <a href=\"\/de\/mucken-und-zecken\/schutzen\/outdoor-socken\">impr\u00e4gnierten Bugsox<\/a> von Care Plus<sup style=\"font-size: 8px;\">\u00ae<\/sup>. Lassen Sie sich nicht bei\u00dfen!<\/p>\n<p>[\/et_pb_text][\/et_pb_column][\/et_pb_row][\/et_pb_section]<\/p>\n","protected":false},"excerpt":{"rendered":"<p>Manchmal merkt man einen Insektenstich nicht einmal, aber es gibt auch Insekten, deren Stich Schmerzen, Schwellungen, R\u00f6tungen, Reizungen und Juckreiz verursachen kann. Auch der Biss oder Stich anderer Sch\u00e4dlinge kann zu erheblichen Beeintr\u00e4chtigungen f\u00fchren. Es ist wichtig, dass du nach einem Insekten- oder Zeckenbiss die richtige Behandlung erh\u00e4ltst. Oftmals kannst du selbst das Notwendige tun, um die Schmerzen oder den Juckreiz zu lindern.<\/p>\n","protected":false},"author":37,"featured_media":0,"parent":5334,"menu_order":0,"comment_status":"closed","ping_status":"closed","template":"","meta":{"_acf_changed":false,"_et_pb_use_builder":"on","_et_pb_old_content":"","_et_gb_content_width":"","footnotes":""},"class_list":["post-5628","page","type-page","status-publish","hentry"],"acf":[],"_links":{"self":[{"href":"https:\/\/www.careplus.eu\/de\/wp-json\/wp\/v2\/pages\/5628","targetHints":{"allow":["GET"]}}],"collection":[{"href":"https:\/\/www.careplus.eu\/de\/wp-json\/wp\/v2\/pages"}],"about":[{"href":"https:\/\/www.careplus.eu\/de\/wp-json\/wp\/v2\/types\/page"}],"author":[{"embeddable":true,"href":"https:\/\/www.careplus.eu\/de\/wp-json\/wp\/v2\/users\/37"}],"replies":[{"embeddable":true,"href":"https:\/\/www.careplus.eu\/de\/wp-json\/wp\/v2\/comments?post=5628"}],"version-history":[{"count":0,"href":"https:\/\/www.careplus.eu\/de\/wp-json\/wp\/v2\/pages\/5628\/revisions"}],"up":[{"embeddable":true,"href":"https:\/\/www.careplus.eu\/de\/wp-json\/wp\/v2\/pages\/5334"}],"wp:attachment":[{"href":"https:\/\/www.careplus.eu\/de\/wp-json\/wp\/v2\/media?parent=5628"}],"curies":[{"name":"wp","href":"https:\/\/api.w.org\/{rel}","templated":true}]}}