


{"id":5627,"date":"2019-03-19T16:17:05","date_gmt":"2019-03-19T15:17:05","guid":{"rendered":"https:\/\/www.careplus.eu\/tipps-und-ratschlage-fur-sicheres-reisen\/schutz-vor-tropenkrankheiten\/"},"modified":"2023-06-12T20:24:42","modified_gmt":"2023-06-12T18:24:42","slug":"schutz-vor-tropenkrankheiten","status":"publish","type":"page","link":"https:\/\/www.careplus.eu\/de\/tipps-und-ratschlage-fur-sicheres-reisen\/schutz-vor-tropenkrankheiten\/","title":{"rendered":"Schutz vor Tropenkrankheiten"},"content":{"rendered":"<p>[et_pb_section fb_built=&#8220;1&#8243; fullwidth=&#8220;on&#8220; _builder_version=&#8220;4.21.0&#8243; background_image=&#8220;https:\/\/www.careplus.eu\/wp-content\/uploads\/2021\/05\/header-bescherming-tropische-ziektes.jpg&#8220; bottom_divider_style=&#8220;curve&#8220; bottom_divider_color=&#8220;#ffffff&#8220; bottom_divider_height=&#8220;40px&#8220; hover_enabled=&#8220;0&#8243; background_last_edited=&#8220;off|desktop&#8220; background_image_phone=&#8220;https:\/\/www.careplus.eu\/wp-content\/uploads\/2021\/05\/header-bescherming-tropische-ziektes-2-1024&#215;512.jpg&#8220; background_enable_image_phone=&#8220;on&#8220; global_colors_info=&#8220;{}&#8220; alt=&#8220;Tropische Krankheiten&#8220; title_text=&#8220;Tropische Krankheiten&#8220; bottom_divider_height_last_edited=&#8220;on|phone&#8220; sticky_enabled=&#8220;0&#8243; bottom_divider_height_phone=&#8220;20px&#8220; bottom_divider_height_tablet=&#8220;40px&#8220;][et_pb_fullwidth_slider show_arrows=&#8220;off&#8220; show_pagination=&#8220;off&#8220; _builder_version=&#8220;4.16&#8243; custom_padding=&#8220;22%||10%|&#8220; global_colors_info=&#8220;{}&#8220;][et_pb_slide heading=&#8220;Tropenkrankheiten&#8220; use_bg_overlay=&#8220;off&#8220; use_text_overlay=&#8220;off&#8220; _builder_version=&#8220;4.16&#8243; header_level=&#8220;h1&#8243; header_font=&#8220;|800|||||||&#8220; header_font_size=&#8220;36&#8243; background_color=&#8220;RGBA(0,0,0,0)&#8220; background_enable_color=&#8220;on&#8220; background_enable_image=&#8220;off&#8220; button_on_hover=&#8220;on&#8220; custom_padding=&#8220;15%||15%|&#8220; custom_padding_tablet=&#8220;15%||15%|&#8220; custom_padding_phone=&#8220;30%||30%|&#8220; custom_padding_last_edited=&#8220;on|desktop&#8220; header_font_size_tablet=&#8220;24&#8243; header_font_size_phone=&#8220;24&#8243; header_font_size_last_edited=&#8220;on|phone&#8220; header_text_shadow_style=&#8220;preset3&#8243; header_text_shadow_blur_strength=&#8220;0.5em&#8220; header_text_shadow_color=&#8220;rgba(0,0,0,0.6)&#8220; global_colors_info=&#8220;{}&#8220; sticky_transition=&#8220;on&#8220;][\/et_pb_slide][\/et_pb_fullwidth_slider][\/et_pb_section][et_pb_section fb_built=&#8220;1&#8243; _builder_version=&#8220;4.21.0&#8243; hover_enabled=&#8220;0&#8243; global_colors_info=&#8220;{}&#8220; custom_margin=&#8220;50px||||false|false&#8220; custom_padding=&#8220;0px||||false|false&#8220; sticky_enabled=&#8220;0&#8243;][et_pb_row disabled_on=&#8220;off|off|off&#8220; _builder_version=&#8220;4.21.0&#8243; background_size=&#8220;initial&#8220; background_position=&#8220;top_left&#8220; background_repeat=&#8220;repeat&#8220; custom_margin=&#8220;||||false|false&#8220; global_colors_info=&#8220;{}&#8220; global_module=&#8220;18968&#8243; theme_builder_area=&#8220;post_content&#8220;][et_pb_column type=&#8220;4_4&#8243; _builder_version=&#8220;4.16&#8243; custom_padding=&#8220;|||&#8220; global_colors_info=&#8220;{}&#8220; custom_padding__hover=&#8220;|||&#8220; theme_builder_area=&#8220;post_content&#8220;][et_pb_dmb_breadcrumbs admin_label=&#8220;Breadcrumbs&#8220; _builder_version=&#8220;4.21.0&#8243; body_font_size_tablet=&#8220;51&#8243; body_line_height_tablet=&#8220;2&#8243; separator_font_size_tablet=&#8220;51&#8243; separator_line_height_tablet=&#8220;2&#8243; link_font_size_tablet=&#8220;51&#8243; link_line_height_tablet=&#8220;2&#8243; linkhover_font_size_tablet=&#8220;51&#8243; linkhover_line_height_tablet=&#8220;2&#8243; global_colors_info=&#8220;{}&#8220; theme_builder_area=&#8220;post_content&#8220;][\/et_pb_dmb_breadcrumbs][\/et_pb_column][\/et_pb_row][et_pb_row _builder_version=&#8220;4.16&#8243; background_size=&#8220;initial&#8220; background_position=&#8220;top_left&#8220; background_repeat=&#8220;repeat&#8220; global_colors_info=&#8220;{}&#8220;][et_pb_column type=&#8220;4_4&#8243; _builder_version=&#8220;4.16&#8243; custom_padding=&#8220;|||&#8220; global_colors_info=&#8220;{}&#8220; custom_padding__hover=&#8220;|||&#8220;][et_pb_text admin_label=&#8220;Intro text&#8220; _builder_version=&#8220;4.16&#8243; header_2_font=&#8220;|800|||||||&#8220; global_colors_info=&#8220;{}&#8220;]<\/p>\n<h2>Schutz vor tropischen Krankheiten<\/h2>\n<p><strong>Bei einem Aufenthalt in Tropengebieten ist es wichtig, die Symptome erkennen zu k\u00f6nnen. Es ist auch m\u00f6glich, dass sich die Krankheit nicht sofort manifestiert und man erst Jahre sp\u00e4ter Beschwerden bekommt. Noch besser ist es aber, Ma\u00dfnahmen zu ergreifen, um das Infektionsrisiko zu minimieren, damit du deine Reise unbeschwert genie\u00dfen kannst. Es ist daher immer ratsam, deinem Arzt einen Besuch in tropischen L\u00e4ndern zu melden. Auch wenn dies schon eine Weile her ist.<\/strong><\/p>\n<\/p>\n<p>Du kannst dir Krankheiten wie Malaria, Denguefieber, Gelbfieber oder Zika, aber auch eine Wurminfektion oder Tollwut zuziehen. Einige Tropenkrankheiten beginnen mit so harmlosen Symptomen, dass man nicht einmal merkt, dass man krank ist. Malaria zum Beispiel ist durch eine beginnende Grippe gekennzeichnet.<\/p>\n<p>Es gibt Krankenh\u00e4user in den Niederlanden, die \u00fcber eine spezielle Tropenabteilung verf\u00fcgen, in die du bei Verdacht auf eine Tropenkrankheit und auch zur Behandlung gehen kannst. Um die Wahrscheinlichkeit, diesen Punkt zu erreichen, so gering wie m\u00f6glich zu halten, kannst du dich gut auf eine Reise zu einem tropischen Ziel vorbereiten. Au\u00dferdem ist es hilfreich, die Symptome von Tropenkrankheiten zu kennen, so dass du wei\u00dft, worauf du achten musst.<\/p>\n<p>[\/et_pb_text][et_pb_image src=&#8220;https:\/\/www.careplus.eu\/wp-content\/uploads\/2020\/02\/deet-natural-care-plus-german-1.jpg&#8220; title_text=&#8220;deet-natural-care-plus-german&#8220; align_tablet=&#8220;center&#8220; align_phone=&#8220;&#8220; align_last_edited=&#8220;on|desktop&#8220; _builder_version=&#8220;4.16&#8243; global_colors_info=&#8220;{}&#8220;][\/et_pb_image][\/et_pb_column][\/et_pb_row][et_pb_row _builder_version=&#8220;4.16&#8243; background_size=&#8220;initial&#8220; background_position=&#8220;top_left&#8220; background_repeat=&#8220;repeat&#8220; global_colors_info=&#8220;{}&#8220;][et_pb_column type=&#8220;4_4&#8243; _builder_version=&#8220;4.16&#8243; custom_padding=&#8220;|||&#8220; global_colors_info=&#8220;{}&#8220; custom_padding__hover=&#8220;|||&#8220;][et_pb_text admin_label=&#8220;Malaria&#8220; _builder_version=&#8220;4.16&#8243; global_colors_info=&#8220;{}&#8220;]<\/p>\n<h2>Malaria<\/h2>\n<p>Malaria wird durch Parasiten verursacht. Diese k\u00f6nnen durch einen M\u00fcckenstich in den K\u00f6rper gelangen. Malaria verursacht Fieber, Kopfschmerzen, Sch\u00fcttelfrost, \u00fcberm\u00e4\u00dfiges Schwitzen und Muskelschmerzen. Malaria tritt in den Niederlanden in begrenztem Umfang auf. Dies betrifft Menschen, die sich die Krankheit in den (Sub-)Tropen zugezogen haben.<\/p>\n<p>[\/et_pb_text][et_pb_button button_url=&#8220;https:\/\/www.careplus.eu\/de\/tipps-und-ratschlage-fur-sicheres-reisen\/schutz-vor-tropenkrankheiten\/malaria\/&#8220; button_text=&#8220;Mehr \u00fcber Malaria&#8220; _builder_version=&#8220;4.16&#8243; background_layout=&#8220;dark&#8220; global_colors_info=&#8220;{}&#8220;][\/et_pb_button][\/et_pb_column][\/et_pb_row][et_pb_row _builder_version=&#8220;4.16&#8243; background_size=&#8220;initial&#8220; background_position=&#8220;top_left&#8220; background_repeat=&#8220;repeat&#8220; global_colors_info=&#8220;{}&#8220;][et_pb_column type=&#8220;4_4&#8243; _builder_version=&#8220;4.16&#8243; custom_padding=&#8220;|||&#8220; global_colors_info=&#8220;{}&#8220; custom_padding__hover=&#8220;|||&#8220;][et_pb_text admin_label=&#8220;Dengue&#8220; _builder_version=&#8220;4.16&#8243; global_colors_info=&#8220;{}&#8220;]<\/p>\n<h2>Dengue<\/h2>\n<p>Dengue, auch bekannt als Knochenbrecherfieber, ist eine durch ein Virus verursachte Infektionskrankheit. Das Virus kommt in (sub-)tropischen Gebieten vor und wird durch Moskitos \u00fcbertragen. Dengue ist ein regelm\u00e4\u00dfiges Ph\u00e4nomen bei Menschen, die L\u00e4nder besucht haben, in denen die Krankheit auftritt.<\/p>\n<p>[\/et_pb_text][et_pb_button button_url=&#8220;https:\/\/www.careplus.eu\/de\/tipps-und-ratschlage-fur-sicheres-reisen\/schutz-vor-tropenkrankheiten\/dengue\/&#8220; button_text=&#8220;Mehr zum Thema Dengue&#8220; _builder_version=&#8220;4.16&#8243; background_layout=&#8220;dark&#8220; global_colors_info=&#8220;{}&#8220;][\/et_pb_button][\/et_pb_column][\/et_pb_row][et_pb_row _builder_version=&#8220;4.16&#8243; background_size=&#8220;initial&#8220; background_position=&#8220;top_left&#8220; background_repeat=&#8220;repeat&#8220; global_colors_info=&#8220;{}&#8220;][et_pb_column type=&#8220;4_4&#8243; _builder_version=&#8220;4.16&#8243; custom_padding=&#8220;|||&#8220; global_colors_info=&#8220;{}&#8220; custom_padding__hover=&#8220;|||&#8220;][et_pb_text admin_label=&#8220;Gele koorts&#8220; _builder_version=&#8220;4.16&#8243; global_colors_info=&#8220;{}&#8220;]<\/p>\n<h2>Gelbfieber<\/h2>\n<p>Gelbfieber ist eine Tropenkrankheit, die durch das Gelbfiebervirus verursacht wird. Das Virus wird durch den Stich tropischer Moskitos \u00fcbertragen. Ein Ausbruch dieser Krankheit erfolgt immer \u00fcber die Gelbfieber-M\u00fccke (Aedes aegypti). Gelbfieber tritt nur in bestimmten tropischen Regionen Afrikas und S\u00fcdamerikas auf.<br \/>\n[\/et_pb_text][et_pb_button button_url=&#8220;https:\/\/www.careplus.eu\/de\/tipps-und-ratschlage-fur-sicheres-reisen\/schutz-vor-tropenkrankheiten\/gelbfieber\/&#8220; button_text=&#8220;Mehr \u00fcber Gelbfieber&#8220; _builder_version=&#8220;4.16&#8243; background_layout=&#8220;dark&#8220; global_colors_info=&#8220;{}&#8220;][\/et_pb_button][\/et_pb_column][\/et_pb_row][et_pb_row _builder_version=&#8220;4.16&#8243; background_size=&#8220;initial&#8220; background_position=&#8220;top_left&#8220; background_repeat=&#8220;repeat&#8220; global_colors_info=&#8220;{}&#8220;][et_pb_column type=&#8220;4_4&#8243; _builder_version=&#8220;4.16&#8243; custom_padding=&#8220;|||&#8220; global_colors_info=&#8220;{}&#8220; custom_padding__hover=&#8220;|||&#8220;][et_pb_text admin_label=&#8220;Zika&#8220; _builder_version=&#8220;4.16&#8243; global_colors_info=&#8220;{}&#8220;]<\/p>\n<h2>Zika<\/h2>\n<p>Das Zika-Virus wird durch die Gelbfieberm\u00fccke oder Dengue-M\u00fccke verbreitet. Diese M\u00fccke tritt in Deutschland nat\u00fcrlich nicht auf. Die Krankheit (Zika-Fieber) ist in der Regel recht mild. Die meisten Leute bekommen \u00fcberhaupt keine Beschwerden. Es ist jedoch wissenschaftlich erwiesen, dass eine Infektion w\u00e4hrend der Schwangerschaft f\u00fcr das ungeborene Kind sch\u00e4dlich sein kann.<br \/>\n[\/et_pb_text][et_pb_button button_url=&#8220;https:\/\/www.careplus.eu\/de\/tipps-und-ratschlage-fur-sicheres-reisen\/schutz-vor-tropenkrankheiten\/Zika\/&#8220; button_text=&#8220;Mehr \u00fcber Zika&#8220; _builder_version=&#8220;4.16&#8243; background_layout=&#8220;dark&#8220; global_colors_info=&#8220;{}&#8220;][\/et_pb_button][\/et_pb_column][\/et_pb_row][et_pb_row _builder_version=&#8220;4.16&#8243; background_size=&#8220;initial&#8220; background_position=&#8220;top_left&#8220; background_repeat=&#8220;repeat&#8220; global_colors_info=&#8220;{}&#8220;][et_pb_column type=&#8220;4_4&#8243; _builder_version=&#8220;4.16&#8243; custom_padding=&#8220;|||&#8220; global_colors_info=&#8220;{}&#8220; custom_padding__hover=&#8220;|||&#8220;][et_pb_text admin_label=&#8220;Westnijlziekte&#8220; _builder_version=&#8220;4.16&#8243; global_colors_info=&#8220;{}&#8220;]<\/p>\n<h2>West-Nil-Fieber<\/h2>\n<p>Das West-Nil-Fieber ist eine durch Stechm\u00fccken \u00fcbertragene Viruserkrankung, die haupts\u00e4chlich viele Opfer unter V\u00f6geln, aber auch S\u00e4ugetieren und Menschen k\u00f6nnen von dieser Krankheit betroffen sein. Die Krankheit wird durch infizierte M\u00fccken, einschlie\u00dflich der Tigerm\u00fccke, verbreitet.<br \/>\n[\/et_pb_text][et_pb_button button_url=&#8220;https:\/\/www.careplus.eu\/de\/tipps-und-ratschlage-fur-sicheres-reisen\/schutz-vor-tropenkrankheiten\/west-nil-krankheit\/&#8220; button_text=&#8220;Mehr \u00fcber das West-Nil-Fieber&#8220; _builder_version=&#8220;4.16&#8243; background_layout=&#8220;dark&#8220; global_colors_info=&#8220;{}&#8220;][\/et_pb_button][\/et_pb_column][\/et_pb_row][\/et_pb_section]<\/p>\n","protected":false},"excerpt":{"rendered":"<p>Wenn du in ein Gebiet reist, in dem Tropenkrankheiten auftreten, ist es wichtig, die Symptome erkennen zu k\u00f6nnen. Es ist auch m\u00f6glich, dass sich die Krankheit nicht sofort manifestiert und erst Jahre sp\u00e4ter Beschwerden eintreten. Noch besser ist es aber, Ma\u00dfnahmen zu ergreifen, um das Infektionsrisiko zu minimieren, damit du deine Reise unbeschwert genie\u00dfen kannst.<\/p>\n","protected":false},"author":37,"featured_media":0,"parent":5348,"menu_order":0,"comment_status":"closed","ping_status":"closed","template":"","meta":{"_acf_changed":false,"_et_pb_use_builder":"on","_et_pb_old_content":"","_et_gb_content_width":"","footnotes":""},"class_list":["post-5627","page","type-page","status-publish","hentry"],"acf":[],"_links":{"self":[{"href":"https:\/\/www.careplus.eu\/de\/wp-json\/wp\/v2\/pages\/5627","targetHints":{"allow":["GET"]}}],"collection":[{"href":"https:\/\/www.careplus.eu\/de\/wp-json\/wp\/v2\/pages"}],"about":[{"href":"https:\/\/www.careplus.eu\/de\/wp-json\/wp\/v2\/types\/page"}],"author":[{"embeddable":true,"href":"https:\/\/www.careplus.eu\/de\/wp-json\/wp\/v2\/users\/37"}],"replies":[{"embeddable":true,"href":"https:\/\/www.careplus.eu\/de\/wp-json\/wp\/v2\/comments?post=5627"}],"version-history":[{"count":0,"href":"https:\/\/www.careplus.eu\/de\/wp-json\/wp\/v2\/pages\/5627\/revisions"}],"up":[{"embeddable":true,"href":"https:\/\/www.careplus.eu\/de\/wp-json\/wp\/v2\/pages\/5348"}],"wp:attachment":[{"href":"https:\/\/www.careplus.eu\/de\/wp-json\/wp\/v2\/media?parent=5627"}],"curies":[{"name":"wp","href":"https:\/\/api.w.org\/{rel}","templated":true}]}}