


{"id":5614,"date":"2019-03-19T15:44:57","date_gmt":"2019-03-19T14:44:57","guid":{"rendered":"https:\/\/www.careplus.eu\/hygiene\/wasser-reinigen\/hadex\/"},"modified":"2025-09-25T16:49:29","modified_gmt":"2025-09-25T15:49:29","slug":"hadex","status":"publish","type":"page","link":"https:\/\/www.careplus.eu\/de\/hygiene\/wasser-reinigen\/hadex\/","title":{"rendered":"Hadex"},"content":{"rendered":"<p>[et_pb_section bb_built=&#8220;1&#8243; fullwidth=&#8220;on&#8220; _builder_version=&#8220;4.21.0&#8243; background_image=&#8220;https:\/\/www.careplus.eu\/wp-content\/uploads\/2025\/05\/DM_CarePlus016_158.webp&#8220; bottom_divider_style=&#8220;curve&#8220; bottom_divider_color=&#8220;#ffffff&#8220; bottom_divider_height=&#8220;40px&#8220; bottom_divider_height_tablet=&#8220;40px&#8220; bottom_divider_height_phone=&#8220;20px&#8220; bottom_divider_height_last_edited=&#8220;on|phone&#8220; global_colors_info=&#8220;{}&#8220; next_background_color=&#8220;#ffffff&#8220;][et_pb_fullwidth_slider show_arrows=&#8220;off&#8220; show_pagination=&#8220;off&#8220; _builder_version=&#8220;4.21.0&#8243; header_level=&#8220;h1&#8243; header_font=&#8220;|800|||||||&#8220; header_font_size=&#8220;36&#8243; header_text_shadow_style=&#8220;preset3&#8243; header_text_shadow_blur_strength=&#8220;0.5em&#8220; header_text_shadow_color=&#8220;rgba(0,0,0,0.6)&#8220; global_colors_info=&#8220;{}&#8220;][et_pb_slide heading=&#8220;Hadex Trinkwasserdesinfektionsmittel&#8220; use_bg_overlay=&#8220;off&#8220; use_text_overlay=&#8220;off&#8220; _builder_version=&#8220;4.17.4&#8243; header_level=&#8220;h1&#8243; header_font=&#8220;||||||||&#8220; background_enable_color=&#8220;off&#8220; background_enable_image=&#8220;off&#8220; button_on_hover=&#8220;on&#8220; custom_padding=&#8220;18%||18%|&#8220; custom_padding_tablet=&#8220;30%||30%|&#8220; custom_padding_phone=&#8220;30%||30%|&#8220; custom_padding_last_edited=&#8220;on|phone&#8220; header_font_size_tablet=&#8220;30&#8243; header_font_size_phone=&#8220;30&#8243; header_font_size_last_edited=&#8220;on|phone&#8220; global_colors_info=&#8220;{}&#8220; sticky_transition=&#8220;on&#8220;][\/et_pb_slide][\/et_pb_fullwidth_slider][\/et_pb_section][et_pb_section bb_built=&#8220;1&#8243; admin_label=&#8220;INTRO&#8220; _builder_version=&#8220;4.21.0&#8243; custom_margin=&#8220;50px||||false|false&#8220; custom_padding=&#8220;0px||||false|false&#8220; global_colors_info=&#8220;{}&#8220; prev_background_color=&#8220;#000000&#8243; next_background_color=&#8220;#f4f4f4&#8243;][et_pb_row disabled_on=&#8220;off|off|off&#8220; _builder_version=&#8220;4.21.0&#8243; background_size=&#8220;initial&#8220; background_position=&#8220;top_left&#8220; background_repeat=&#8220;repeat&#8220; custom_margin=&#8220;||||false|false&#8220; global_colors_info=&#8220;{}&#8220; theme_builder_area=&#8220;post_content&#8220; global_module=&#8220;18803&#8243;][et_pb_column type=&#8220;4_4&#8243; global_parent=&#8220;18803&#8243; _builder_version=&#8220;4.16&#8243; custom_padding=&#8220;|||&#8220; global_colors_info=&#8220;{}&#8220; custom_padding__hover=&#8220;|||&#8220; theme_builder_area=&#8220;post_content&#8220;][et_pb_dmb_breadcrumbs global_parent=&#8220;18803&#8243; _builder_version=&#8220;4.21.0&#8243; body_font_size_tablet=&#8220;51&#8243; body_line_height_tablet=&#8220;2&#8243; separator_font_size_tablet=&#8220;51&#8243; separator_line_height_tablet=&#8220;2&#8243; link_font_size_tablet=&#8220;51&#8243; link_line_height_tablet=&#8220;2&#8243; linkhover_font_size_tablet=&#8220;51&#8243; linkhover_line_height_tablet=&#8220;2&#8243; global_colors_info=&#8220;{}&#8220; theme_builder_area=&#8220;post_content&#8220; \/][\/et_pb_column][\/et_pb_row][et_pb_row _builder_version=&#8220;4.16&#8243; background_size=&#8220;initial&#8220; background_position=&#8220;top_left&#8220; background_repeat=&#8220;repeat&#8220; global_colors_info=&#8220;{}&#8220;][et_pb_column type=&#8220;4_4&#8243; _builder_version=&#8220;4.16&#8243; custom_padding=&#8220;|||&#8220; global_colors_info=&#8220;{}&#8220; custom_padding__hover=&#8220;|||&#8220;][et_pb_text admin_label=&#8220;Copy inleiding&#8220; _builder_version=&#8220;4.27.4&#8243; _module_preset=&#8220;default&#8220; locked=&#8220;off&#8220; global_colors_info=&#8220;{}&#8220;]<\/p>\n<h2>Wasser reinigen mit Hadex<sup style=\"font-size: 16px;\">\u00ae<\/sup><\/h2>\n<p><\/p>\n<p><strong>Reisen Sie in ein Land oder an einen Ort, wo die Trinkwasserhygiene nicht so gut ist? Dann ist Care Plus<sup style=\"font-size: 8px;\">\u00ae<\/sup> Hadex<sup style=\"font-size: 8px;\">\u00ae<\/sup> ein Muss in Ihrem Kulturbeutel, Koffer oder Rucksack. Unser Hadex<sup style=\"font-size: 8px;\">\u00ae<\/sup>-Trinkwasserdesinfektionsmittel wurde entwickelt, um Trinkwasser, Pumpen-, Brunnen- oder Leitungswasser in Gebieten (oder an Orten) zu desinfizieren, wo die Qualit\u00e4t fragw\u00fcrdig oder die Zuverl\u00e4ssigkeit unzureichend ist. Hadex<sup style=\"font-size: 8px;\">\u00ae<\/sup> kann zur Desinfektion von Wasser verwendet werden, wenn Sie es nicht abkochen k\u00f6nnen.<\/strong><\/p>\n<p>[\/et_pb_text][et_pb_text admin_label=&#8220;Inleiding vervolg&#8220; _builder_version=&#8220;4.27.4&#8243; global_colors_info=&#8220;{}&#8220;]<\/p>\n<p>Care Plus<sup style=\"font-size: 8px;\">\u00ae<\/sup> Hadex<sup style=\"font-size: 8px;\">\u00ae<\/sup> enth\u00e4lt die richtige Chlorl\u00f6sung, die Bakterien im Wasser deaktiviert. Zur Vorbeugung von Bakterien, Protozoen, Parasiten und Mikroplastik empfehlen wir die Kombination eines Care Plus<sup style=\"font-size: 8px;\">\u00ae<\/sup> <a href=\"\/de\/hygiene\/wasser-reinigen\/wasserfilter\/\">Wasserfilters<\/a> mit Hadex<sup style=\"font-size: 8px;\">\u00ae<\/sup>.<\/p>\n<p>[\/et_pb_text][\/et_pb_column][\/et_pb_row][\/et_pb_section][et_pb_section bb_built=&#8220;1&#8243; _builder_version=&#8220;4.16&#8243; background_color=&#8220;#f4f4f4&#8243; locked=&#8220;off&#8220; global_colors_info=&#8220;{}&#8220; prev_background_color=&#8220;#ffffff&#8220; next_background_color=&#8220;#ffffff&#8220;][et_pb_row column_structure=&#8220;1_3,2_3&#8243; _builder_version=&#8220;4.16&#8243; background_color=&#8220;#ffffff&#8220; custom_padding=&#8220;|20px||20px&#8220; border_radii=&#8220;on|10px|10px|10px|10px&#8220; global_colors_info=&#8220;{}&#8220;][et_pb_column type=&#8220;1_3&#8243; _builder_version=&#8220;4.16&#8243; custom_padding=&#8220;|||&#8220; global_colors_info=&#8220;{}&#8220; custom_padding__hover=&#8220;|||&#8220;][et_pb_image admin_label=&#8220;Packshot Hadex&#8220; src=&#8220;https:\/\/www.careplus.eu\/wp-content\/uploads\/2025\/05\/care-plus-hadex-drinkwater-desinfectiemiddel-chlooroplossing-30ml.webp&#8220; title_text=&#8220;Care Plus\u00ae Hadex\u00ae Trinkwasserdesinfektionsmittel macht Wasser aus Leitungen, Quellen und Brunnen in 30 Minuten zuverl\u00e4ssig sauber&#8220; show_in_lightbox=&#8220;on&#8220; use_overlay=&#8220;on&#8220; overlay_icon_color=&#8220;#ffffff&#8220; hover_overlay_color=&#8220;rgba(0,0,0,0)&#8220; hover_icon=&#8220;&#x54;||divi||400&#8243; align_tablet=&#8220;center&#8220; align_last_edited=&#8220;on|desktop&#8220; _builder_version=&#8220;4.17.4&#8243; custom_padding=&#8220;|20px||20px&#8220; global_colors_info=&#8220;{}&#8220; \/][\/et_pb_column][et_pb_column type=&#8220;2_3&#8243; _builder_version=&#8220;4.16&#8243; custom_padding=&#8220;|||&#8220; global_colors_info=&#8220;{}&#8220; custom_padding__hover=&#8220;|||&#8220;][et_pb_text admin_label=&#8220;Care Plus Hadex&#8220; _builder_version=&#8220;4.17.4&#8243; header_3_text_color=&#8220;#005499&#8243; custom_margin=&#8220;||0px||false|false&#8220; custom_padding=&#8220;|20px|0px||false|false&#8220; global_colors_info=&#8220;{}&#8220;]<\/p>\n<h3>Care Plus<sup style=\"font-size: 12px;\">\u00ae<\/sup> Hadex<sup style=\"font-size: 12px;\">\u00ae<\/sup> Chlorl\u00f6sung<\/h3>\n<p><\/p>\n<ul>\n<li style=\"list-style-type: none;\">\n<ul>\n<li>Desinfiziert Trinkwasser, Pumpenwasser, Brunnenwasser und Leitungswasser.<\/li>\n<li>Inaktiviert Bakterien im Wasser.<\/li>\n<li>Sicheres und frisches Trinkwasser innerhalb von 30 Minuten.<\/li>\n<li>Abmessungen: 35x 35x 98 mm.<\/li>\n<li>Gewicht: 50 gram.<\/li>\n<li>Inhalt: 30 ml.<\/li>\n<li>Wirkstoff: Natriumhypochlorit.<\/li>\n<\/ul>\n<p><\/li>\n<p><\/ul>\n<p><\/p>\n<p>&nbsp;<\/p>\n<p>[\/et_pb_text][et_pb_text _builder_version=&#8220;4.21.0&#8243; text_font_size=&#8220;10px&#8220; text_line_height=&#8220;1.5em&#8220; custom_margin=&#8220;0px||||false|false&#8220; custom_padding=&#8220;0px||||false|false&#8220; locked=&#8220;off&#8220; global_colors_info=&#8220;{}&#8220;]<\/p>\n<p>Care Plus<sup style=\"font-size: 6px;\">\u00ae<\/sup> Hadex<sup style=\"font-size: 6px;\">\u00ae<\/sup> icher verwenden. Lesen Sie vor Gebrauch das Etikett und die Produktinformationen.<\/p>\n<p>[\/et_pb_text][et_pb_button admin_label=&#8220;Bestelbutton&#8220; url_new_window=&#8220;on&#8220; button_text=&#8220;Ausw\u00e4hlen und bestellen&#8220; button_alignment=&#8220;left&#8220; button_alignment_tablet=&#8220;center&#8220; button_alignment_last_edited=&#8220;on|phone&#8220; _builder_version=&#8220;4.27.4&#8243; _module_preset=&#8220;default&#8220; custom_button=&#8220;on&#8220; button_bg_color=&#8220;#005499&#8243; vertical_offset_tablet=&#8220;0&#8243; horizontal_offset_tablet=&#8220;0&#8243; z_index_tablet=&#8220;0&#8243; button_text_shadow_horizontal_length_tablet=&#8220;0px&#8220; button_text_shadow_vertical_length_tablet=&#8220;0px&#8220; button_text_shadow_blur_strength_tablet=&#8220;1px&#8220; box_shadow_horizontal_tablet=&#8220;0px&#8220; box_shadow_vertical_tablet=&#8220;0px&#8220; box_shadow_blur_tablet=&#8220;40px&#8220; box_shadow_spread_tablet=&#8220;0px&#8220; global_colors_info=&#8220;{}&#8220; \/][et_pb_text admin_label=&#8220;tijdelijk niet verkrijgbaar&#8220; _builder_version=&#8220;4.27.4&#8243; vertical_offset_tablet=&#8220;0&#8243; horizontal_offset_tablet=&#8220;0&#8243; z_index_tablet=&#8220;0&#8243; text_text_shadow_horizontal_length_tablet=&#8220;0px&#8220; text_text_shadow_vertical_length_tablet=&#8220;0px&#8220; text_text_shadow_blur_strength_tablet=&#8220;1px&#8220; link_text_shadow_horizontal_length_tablet=&#8220;0px&#8220; link_text_shadow_vertical_length_tablet=&#8220;0px&#8220; link_text_shadow_blur_strength_tablet=&#8220;1px&#8220; ul_text_shadow_horizontal_length_tablet=&#8220;0px&#8220; ul_text_shadow_vertical_length_tablet=&#8220;0px&#8220; ul_text_shadow_blur_strength_tablet=&#8220;1px&#8220; ol_text_shadow_horizontal_length_tablet=&#8220;0px&#8220; ol_text_shadow_vertical_length_tablet=&#8220;0px&#8220; ol_text_shadow_blur_strength_tablet=&#8220;1px&#8220; quote_text_shadow_horizontal_length_tablet=&#8220;0px&#8220; quote_text_shadow_vertical_length_tablet=&#8220;0px&#8220; quote_text_shadow_blur_strength_tablet=&#8220;1px&#8220; header_text_shadow_horizontal_length_tablet=&#8220;0px&#8220; header_text_shadow_vertical_length_tablet=&#8220;0px&#8220; header_text_shadow_blur_strength_tablet=&#8220;1px&#8220; header_2_text_shadow_horizontal_length_tablet=&#8220;0px&#8220; header_2_text_shadow_vertical_length_tablet=&#8220;0px&#8220; header_2_text_shadow_blur_strength_tablet=&#8220;1px&#8220; header_3_text_shadow_horizontal_length_tablet=&#8220;0px&#8220; header_3_text_shadow_vertical_length_tablet=&#8220;0px&#8220; header_3_text_shadow_blur_strength_tablet=&#8220;1px&#8220; header_4_text_shadow_horizontal_length_tablet=&#8220;0px&#8220; header_4_text_shadow_vertical_length_tablet=&#8220;0px&#8220; header_4_text_shadow_blur_strength_tablet=&#8220;1px&#8220; header_5_text_shadow_horizontal_length_tablet=&#8220;0px&#8220; header_5_text_shadow_vertical_length_tablet=&#8220;0px&#8220; header_5_text_shadow_blur_strength_tablet=&#8220;1px&#8220; header_6_text_shadow_horizontal_length_tablet=&#8220;0px&#8220; header_6_text_shadow_vertical_length_tablet=&#8220;0px&#8220; header_6_text_shadow_blur_strength_tablet=&#8220;1px&#8220; box_shadow_horizontal_tablet=&#8220;0px&#8220; box_shadow_vertical_tablet=&#8220;0px&#8220; box_shadow_blur_tablet=&#8220;40px&#8220; box_shadow_spread_tablet=&#8220;0px&#8220; global_colors_info=&#8220;{}&#8220;]<\/p>\n<p style=\"text-align: left;\">(vor\u00fcbergehend nicht verf\u00fcgbar)<\/p>\n<p>[\/et_pb_text][\/et_pb_column][\/et_pb_row][\/et_pb_section][et_pb_section bb_built=&#8220;1&#8243; _builder_version=&#8220;4.16&#8243; global_colors_info=&#8220;{}&#8220; prev_background_color=&#8220;#f4f4f4&#8243; next_background_color=&#8220;#000000&#8243;][et_pb_row _builder_version=&#8220;4.16&#8243; background_color=&#8220;#ffffff&#8220; border_radii=&#8220;on|10px|10px|10px|10px&#8220; global_colors_info=&#8220;{}&#8220;][et_pb_column type=&#8220;4_4&#8243; _builder_version=&#8220;4.16&#8243; custom_padding=&#8220;|||&#8220; global_colors_info=&#8220;{}&#8220; custom_padding__hover=&#8220;|||&#8220;][et_pb_text admin_label=&#8220;drinkwatertanks en jachten&#8220; _builder_version=&#8220;4.17.4&#8243; global_colors_info=&#8220;{}&#8220;]<\/p>\n<p>Hadex ist auch f\u00fcr Trinkwasserbeh\u00e4lter f\u00fcr Sportboote, Binnenschiffe, Wohnwagen und Wohnmobile geeignet. Zu Beginn 1 Flasche (30 ml) in den Tank geben, um ihn mit mindestens 150 Litern Wasser zum ersten Mal zu f\u00fcllen.<\/p>\n<p><\/p>\n<p>Aufgepasst! Hadex<sup style=\"font-size: 10px;\">\u00ae<\/sup> sollte w\u00e4hrend des Transports in der mitgelieferten Plastikt\u00fcte aufbewahrt werden, um Flecken im Falle eines m\u00f6glichen Auslaufens zu vermeiden. Care Plus<sup style=\"font-size: 10px;\">\u00ae<\/sup> Hadex<sup style=\"font-size: 10px;\">\u00ae<\/sup> ist nicht brennbar oder explosiv.<\/p>\n<p><\/p>\n<p>Benutze Care Plus Hadex<sup style=\"font-size: 10px;\">\u00ae<\/sup> Wasserdesinfektionsmittel sicher. Lesen Sie das Etikett und die Produktinformationen vor der Anwendung.<\/p>\n<p>[\/et_pb_text][et_pb_text admin_label=&#8220;waterzuiveringstabletten in je noodpakket&#8220; _builder_version=&#8220;4.27.4&#8243; vertical_offset_tablet=&#8220;0&#8243; horizontal_offset_tablet=&#8220;0&#8243; z_index_tablet=&#8220;0&#8243; text_text_shadow_horizontal_length_tablet=&#8220;0px&#8220; text_text_shadow_vertical_length_tablet=&#8220;0px&#8220; text_text_shadow_blur_strength_tablet=&#8220;1px&#8220; link_text_shadow_horizontal_length_tablet=&#8220;0px&#8220; link_text_shadow_vertical_length_tablet=&#8220;0px&#8220; link_text_shadow_blur_strength_tablet=&#8220;1px&#8220; ul_text_shadow_horizontal_length_tablet=&#8220;0px&#8220; ul_text_shadow_vertical_length_tablet=&#8220;0px&#8220; ul_text_shadow_blur_strength_tablet=&#8220;1px&#8220; ol_text_shadow_horizontal_length_tablet=&#8220;0px&#8220; ol_text_shadow_vertical_length_tablet=&#8220;0px&#8220; ol_text_shadow_blur_strength_tablet=&#8220;1px&#8220; quote_text_shadow_horizontal_length_tablet=&#8220;0px&#8220; quote_text_shadow_vertical_length_tablet=&#8220;0px&#8220; quote_text_shadow_blur_strength_tablet=&#8220;1px&#8220; header_text_shadow_horizontal_length_tablet=&#8220;0px&#8220; header_text_shadow_vertical_length_tablet=&#8220;0px&#8220; header_text_shadow_blur_strength_tablet=&#8220;1px&#8220; header_2_text_shadow_horizontal_length_tablet=&#8220;0px&#8220; header_2_text_shadow_vertical_length_tablet=&#8220;0px&#8220; header_2_text_shadow_blur_strength_tablet=&#8220;1px&#8220; header_3_text_shadow_horizontal_length_tablet=&#8220;0px&#8220; header_3_text_shadow_vertical_length_tablet=&#8220;0px&#8220; header_3_text_shadow_blur_strength_tablet=&#8220;1px&#8220; header_4_text_shadow_horizontal_length_tablet=&#8220;0px&#8220; header_4_text_shadow_vertical_length_tablet=&#8220;0px&#8220; header_4_text_shadow_blur_strength_tablet=&#8220;1px&#8220; header_5_text_shadow_horizontal_length_tablet=&#8220;0px&#8220; header_5_text_shadow_vertical_length_tablet=&#8220;0px&#8220; header_5_text_shadow_blur_strength_tablet=&#8220;1px&#8220; header_6_text_shadow_horizontal_length_tablet=&#8220;0px&#8220; header_6_text_shadow_vertical_length_tablet=&#8220;0px&#8220; header_6_text_shadow_blur_strength_tablet=&#8220;1px&#8220; box_shadow_horizontal_tablet=&#8220;0px&#8220; box_shadow_vertical_tablet=&#8220;0px&#8220; box_shadow_blur_tablet=&#8220;40px&#8220; box_shadow_spread_tablet=&#8220;0px&#8220; global_colors_info=&#8220;{}&#8220;]<\/p>\n<h3>Hadex<sup style=\"font-size: 12px;\">\u00ae<\/sup> Wasserreiniger geh\u00f6rt in jedes Notfallset<\/h3>\n<p><\/p>\n<p>Hadex<sup style=\"font-size: 10px;\">\u00ae<\/sup> Wasserreiniger ist eine sinnvolle Erg\u00e4nzung f\u00fcr jedes Notfallset, da er schnell und einfach sauberes Trinkwasser liefert, wenn kein sauberes Wasser verf\u00fcgbar ist. In Notf\u00e4llen wie Stromausf\u00e4llen, \u00dcberschwemmungen oder Evakuierungen desinfiziert diese L\u00f6sung kontaminiertes Wasser, indem sie sch\u00e4dliche Bakterien und Parasiten abt\u00f6tet. Dank seiner kompakten Gr\u00f6\u00dfe und langen Haltbarkeit eignet er sich ideal f\u00fcr die Langzeitlagerung. So sind Sie immer auf Situationen vorbereitet, in denen sauberes Wasser knapp oder nicht verf\u00fcgbar ist.<\/p>\n<p>[\/et_pb_text][\/et_pb_column][\/et_pb_row][\/et_pb_section][et_pb_section bb_built=&#8220;1&#8243; fullwidth=&#8220;on&#8220; _builder_version=&#8220;4.16&#8243; _module_preset=&#8220;default&#8220; locked=&#8220;off&#8220; global_colors_info=&#8220;{}&#8220; prev_background_color=&#8220;#000000&#8243; next_background_color=&#8220;#000000&#8243;][et_pb_fullwidth_header _builder_version=&#8220;4.17.4&#8243; _module_preset=&#8220;default&#8220; background_image=&#8220;https:\/\/www.careplus.eu\/wp-content\/uploads\/2022\/06\/Maak-onbetrouwbaar-drinkwater-veilig-en-betrouwbaar-met-Care-Plus\u00ae-Hadex\u00ae-scaled.jpg&#8220; parallax=&#8220;on&#8220; height=&#8220;350px&#8220; max_height=&#8220;350px&#8220; global_colors_info=&#8220;{}&#8220; \/][\/et_pb_section][et_pb_section bb_built=&#8220;1&#8243; disabled_on=&#8220;off|off|off&#8220; _builder_version=&#8220;4.17.4&#8243; custom_margin=&#8220;||||false|false&#8220; custom_padding=&#8220;||||false|false&#8220; locked=&#8220;off&#8220; global_colors_info=&#8220;{}&#8220; prev_background_color=&#8220;#000000&#8243;][et_pb_row _builder_version=&#8220;4.17.4&#8243; custom_margin=&#8220;0px||||false|false&#8220; custom_padding=&#8220;0px||||false|false&#8220; collapsed=&#8220;off&#8220; global_colors_info=&#8220;{}&#8220;][et_pb_column type=&#8220;4_4&#8243; _builder_version=&#8220;4.16&#8243; custom_padding=&#8220;|||&#8220; global_colors_info=&#8220;{}&#8220; custom_padding__hover=&#8220;|||&#8220;][et_pb_divider show_divider=&#8220;off&#8220; _builder_version=&#8220;4.17.4&#8243; global_colors_info=&#8220;{}&#8220; \/][et_pb_text admin_label=&#8220;Hadex&#8220; module_id=&#8220;subsection_3&#8243; module_class=&#8220;ignore_default&#8220; _builder_version=&#8220;4.21.0&#8243; global_colors_info=&#8220;{}&#8220;]<\/p>\n<h2>H\u00e4ufig gestellte Fragen zu Hadex<sup style=\"font-size: 16px;\">\u00ae<\/sup><\/h2>\n<p>[\/et_pb_text][et_pb_toggle admin_label=&#8220;Wanneer gebruik je Hadex?&#8220; title=&#8220;Wann verwenden Sie Hadex\u00ae?&#8220; _builder_version=&#8220;4.21.0&#8243; global_colors_info=&#8220;{}&#8220;]<\/p>\n<p>Verunreinigtes Trinkwasser ist h\u00e4ufig die Ursache f\u00fcr Magen-Darm-Beschwerden (Durchfall) und Krankheiten wie (Para-)Typhus, Ruhr, Cholera usw. Auf Reisen oder in der Wildnis haben Sie oft keinen Zugang zu Trinkwasser in der gewohnten Qualit\u00e4t. Sie m\u00f6chten es nicht einfach trinken. Wir empfehlen daher zus\u00e4tzliche Ma\u00dfnahmen zur Reinigung Ihres Trinkwassers. Die spezielle Chlorl\u00f6sung in Care Plus<sup style=\"font-size: 8px;\">\u00ae<\/sup> Hadex<sup style=\"font-size: 8px;\">\u00ae<\/sup> macht das Wasser aus Leitungen, Quellen und Brunnen zuverl\u00e4ssig. Hadex<sup style=\"font-size: 8px;\">\u00ae<\/sup> ist hochwirksam und kann \u00fcber einen l\u00e4ngeren Zeitraum sicher verwendet werden.<\/p>\n<p>Tipp! Legen Sie sich einen Vorrat an desinfiziertem Trinkwasser f\u00fcr mehrere Tage an, indem Sie eine oder mehrere Wasserflaschen desinfizieren und im K\u00fchlschrank aufbewahren. So haben Sie immer k\u00fchles, zuverl\u00e4ssiges Trinkwasser zur Verf\u00fcgung.<\/p>\n<p>[\/et_pb_toggle][et_pb_toggle admin_label=&#8220;Waarom heb je zuiver drinktwater nodig? &#8220; title=&#8220;Warum brauchen Sie sauberes Trinkwasser?&#8220; _builder_version=&#8220;4.27.2&#8243; vertical_offset_tablet=&#8220;0&#8243; horizontal_offset_tablet=&#8220;0&#8243; title_text_shadow_horizontal_length_tablet=&#8220;0px&#8220; title_text_shadow_vertical_length_tablet=&#8220;0px&#8220; title_text_shadow_blur_strength_tablet=&#8220;1px&#8220; closed_title_text_shadow_horizontal_length_tablet=&#8220;0px&#8220; closed_title_text_shadow_vertical_length_tablet=&#8220;0px&#8220; closed_title_text_shadow_blur_strength_tablet=&#8220;1px&#8220; body_text_shadow_horizontal_length_tablet=&#8220;0px&#8220; body_text_shadow_vertical_length_tablet=&#8220;0px&#8220; body_text_shadow_blur_strength_tablet=&#8220;1px&#8220; body_link_text_shadow_horizontal_length_tablet=&#8220;0px&#8220; body_link_text_shadow_vertical_length_tablet=&#8220;0px&#8220; body_link_text_shadow_blur_strength_tablet=&#8220;1px&#8220; body_ul_text_shadow_horizontal_length_tablet=&#8220;0px&#8220; body_ul_text_shadow_vertical_length_tablet=&#8220;0px&#8220; body_ul_text_shadow_blur_strength_tablet=&#8220;1px&#8220; body_ol_text_shadow_horizontal_length_tablet=&#8220;0px&#8220; body_ol_text_shadow_vertical_length_tablet=&#8220;0px&#8220; body_ol_text_shadow_blur_strength_tablet=&#8220;1px&#8220; body_quote_text_shadow_horizontal_length_tablet=&#8220;0px&#8220; body_quote_text_shadow_vertical_length_tablet=&#8220;0px&#8220; body_quote_text_shadow_blur_strength_tablet=&#8220;1px&#8220; box_shadow_horizontal_tablet=&#8220;0px&#8220; box_shadow_vertical_tablet=&#8220;0px&#8220; box_shadow_blur_tablet=&#8220;40px&#8220; box_shadow_spread_tablet=&#8220;0px&#8220; text_shadow_horizontal_length_tablet=&#8220;0px&#8220; text_shadow_vertical_length_tablet=&#8220;0px&#8220; text_shadow_blur_strength_tablet=&#8220;1px&#8220; global_colors_info=&#8220;{}&#8220;]<\/p>\n<p>Sauberes Trinkwasser: Ohne es k\u00f6nnen wir nicht leben. Wir Menschen bestehen zu etwa 75 % aus Wasser, und alle unsere Organe, Gewebe und Zellen ben\u00f6tigen ausreichend Fl\u00fcssigkeit. Das Wasser in unserem K\u00f6rper hat auch eine reinigende Funktion, da es hilft, Abfallstoffe zu entfernen. Daher ist es wichtig, sauberes Wasser zu trinken. Die nat\u00fcrliche Reinigung des K\u00f6rpers erfordert sauberes Wasser.<\/p>\n<p>[\/et_pb_toggle][et_pb_toggle admin_label=&#8220;Filtert Hadex ook chloor? &#8220; title=&#8220;Filtert Hadex\u00ae auch Chlor? &#8220; _builder_version=&#8220;4.21.0&#8243; global_colors_info=&#8220;{}&#8220;]<\/p>\n<p>Nein, Hadex<sup style=\"font-size: 8px;\">\u00ae<\/sup> filtert kein Chlor. Der Wirkstoff in Hadex<sup style=\"font-size: 8px;\">\u00ae<\/sup> ist Natriumhypochlorit (Chlor).<\/p>\n<p>[\/et_pb_toggle][et_pb_toggle admin_label=&#8220;Hoeveel Hadex moet ik gebruiken?&#8220; title=&#8220;Wie viel Hadex\u00ae sollte ich verwenden?&#8220; _builder_version=&#8220;4.27.4&#8243; vertical_offset_tablet=&#8220;0&#8243; horizontal_offset_tablet=&#8220;0&#8243; title_text_shadow_horizontal_length_tablet=&#8220;0px&#8220; title_text_shadow_vertical_length_tablet=&#8220;0px&#8220; title_text_shadow_blur_strength_tablet=&#8220;1px&#8220; closed_title_text_shadow_horizontal_length_tablet=&#8220;0px&#8220; closed_title_text_shadow_vertical_length_tablet=&#8220;0px&#8220; closed_title_text_shadow_blur_strength_tablet=&#8220;1px&#8220; body_text_shadow_horizontal_length_tablet=&#8220;0px&#8220; body_text_shadow_vertical_length_tablet=&#8220;0px&#8220; body_text_shadow_blur_strength_tablet=&#8220;1px&#8220; body_link_text_shadow_horizontal_length_tablet=&#8220;0px&#8220; body_link_text_shadow_vertical_length_tablet=&#8220;0px&#8220; body_link_text_shadow_blur_strength_tablet=&#8220;1px&#8220; body_ul_text_shadow_horizontal_length_tablet=&#8220;0px&#8220; body_ul_text_shadow_vertical_length_tablet=&#8220;0px&#8220; body_ul_text_shadow_blur_strength_tablet=&#8220;1px&#8220; body_ol_text_shadow_horizontal_length_tablet=&#8220;0px&#8220; body_ol_text_shadow_vertical_length_tablet=&#8220;0px&#8220; body_ol_text_shadow_blur_strength_tablet=&#8220;1px&#8220; body_quote_text_shadow_horizontal_length_tablet=&#8220;0px&#8220; body_quote_text_shadow_vertical_length_tablet=&#8220;0px&#8220; body_quote_text_shadow_blur_strength_tablet=&#8220;1px&#8220; box_shadow_horizontal_tablet=&#8220;0px&#8220; box_shadow_vertical_tablet=&#8220;0px&#8220; box_shadow_blur_tablet=&#8220;40px&#8220; box_shadow_spread_tablet=&#8220;0px&#8220; text_shadow_horizontal_length_tablet=&#8220;0px&#8220; text_shadow_vertical_length_tablet=&#8220;0px&#8220; text_shadow_blur_strength_tablet=&#8220;1px&#8220; global_colors_info=&#8220;{}&#8220;]<\/p>\n<p>Halten Sie bei der Anwendung von Hadex<sup style=\"font-size: 8px;\">\u00ae<\/sup> die folgende Dosierung ein:<\/p>\n<p><\/p>\n<ul>\n<li>2 Tropfen Care Plus<sup style=\"font-size: 8px;\">\u00ae<\/sup> Hadex <sup style=\"font-size: 8px;\">\u00ae<\/sup> auf ein 200 ml Glas Wasser<\/li>\n<li>10 Tropfen Care Plus<sup style=\"font-size: 8px;\">\u00ae<\/sup> Hadex <sup style=\"font-size: 8px;\">\u00ae<\/sup> f\u00fcr 1 Liter Wasser<\/li>\n<\/ul>\n<p><\/p>\n<p>Nach der Zugabe kurz umr\u00fchren oder sch\u00fctteln. Nach 30 Minuten Anwendung ist das Wasser zu wirklich sauberem Trinkwasser aufbereitet und Geruch und Geschmack der Chlorl\u00f6sung sind verschwunden. Das Wasser ist nun bedenkenlos zum Verzehr geeignet.<\/p>\n<p><\/p>\n<p>Nur f\u00fcr den nicht-professionellen Gebrauch bestimmt.<\/p>\n<p>[\/et_pb_toggle][et_pb_toggle admin_label=&#8220;Waar vind ik de houdbaarheidsdatum van het product? &#8220; title=&#8220;Wo finde ich das Verfallsdatum des Produkts?&#8220; _builder_version=&#8220;4.17.4&#8243; global_colors_info=&#8220;{}&#8220;]<\/p>\n<p>Das Verfallsdatum ist auf dem Boden der Packung aufgedruckt (Lagerung bei 20 \u00b0C). Im Dunkeln und bei niedrigeren Temperaturen ist das Produkt l\u00e4nger haltbar.<\/p>\n<p>[\/et_pb_toggle][\/et_pb_column][\/et_pb_row][\/et_pb_section]<\/p>\n","protected":false},"excerpt":{"rendered":"<p>Wasser reinigen mit Hadex\u00ae Reisen Sie in ein Land oder an einen Ort, wo die Trinkwasserhygiene nicht so gut ist? Dann ist Care Plus\u00ae Hadex\u00ae ein Muss in Ihrem Kulturbeutel, Koffer oder Rucksack. Unser Hadex\u00ae-Trinkwasserdesinfektionsmittel wurde entwickelt, um Trinkwasser, Pumpen-, Brunnen- oder Leitungswasser in Gebieten (oder an Orten) zu desinfizieren, wo die Qualit\u00e4t fragw\u00fcrdig oder [&hellip;]<\/p>\n","protected":false},"author":37,"featured_media":0,"parent":5477,"menu_order":0,"comment_status":"closed","ping_status":"closed","template":"","meta":{"_acf_changed":false,"_et_pb_use_builder":"on","_et_pb_old_content":"","_et_gb_content_width":"","footnotes":""},"class_list":["post-5614","page","type-page","status-publish","hentry"],"acf":[],"_links":{"self":[{"href":"https:\/\/www.careplus.eu\/de\/wp-json\/wp\/v2\/pages\/5614","targetHints":{"allow":["GET"]}}],"collection":[{"href":"https:\/\/www.careplus.eu\/de\/wp-json\/wp\/v2\/pages"}],"about":[{"href":"https:\/\/www.careplus.eu\/de\/wp-json\/wp\/v2\/types\/page"}],"author":[{"embeddable":true,"href":"https:\/\/www.careplus.eu\/de\/wp-json\/wp\/v2\/users\/37"}],"replies":[{"embeddable":true,"href":"https:\/\/www.careplus.eu\/de\/wp-json\/wp\/v2\/comments?post=5614"}],"version-history":[{"count":0,"href":"https:\/\/www.careplus.eu\/de\/wp-json\/wp\/v2\/pages\/5614\/revisions"}],"up":[{"embeddable":true,"href":"https:\/\/www.careplus.eu\/de\/wp-json\/wp\/v2\/pages\/5477"}],"wp:attachment":[{"href":"https:\/\/www.careplus.eu\/de\/wp-json\/wp\/v2\/media?parent=5614"}],"curies":[{"name":"wp","href":"https:\/\/api.w.org\/{rel}","templated":true}]}}