


{"id":5600,"date":"2019-03-19T15:16:58","date_gmt":"2019-03-19T14:16:58","guid":{"rendered":"https:\/\/www.careplus.eu\/juckreiz-lindern\/"},"modified":"2024-05-01T09:41:21","modified_gmt":"2024-05-01T08:41:21","slug":"juckreiz-lindern","status":"publish","type":"page","link":"https:\/\/www.careplus.eu\/de\/mucken-und-zecken\/behandlung-eines-insektenstichs\/juckreiz-lindern\/","title":{"rendered":"Juckreiz lindern"},"content":{"rendered":"<p>[et_pb_section bb_built=&#8220;1&#8243; fullwidth=&#8220;on&#8220; _builder_version=&#8220;4.16&#8243; bottom_divider_style=&#8220;curve&#8220; bottom_divider_color=&#8220;#ffffff&#8220; bottom_divider_height=&#8220;40px&#8220; global_colors_info=&#8220;{}&#8220; next_background_color=&#8220;#000000&#8243;][et_pb_fullwidth_slider show_arrows=&#8220;off&#8220; show_pagination=&#8220;off&#8220; _builder_version=&#8220;4.16&#8243; global_colors_info=&#8220;{}&#8220;][et_pb_slide heading=&#8220;Juckreiz lindern&#8220; use_bg_overlay=&#8220;off&#8220; use_text_overlay=&#8220;off&#8220; _builder_version=&#8220;4.16&#8243; header_level=&#8220;h1&#8243; header_font=&#8220;|800|||||||&#8220; header_font_size=&#8220;36&#8243; background_image=&#8220;https:\/\/www.careplus.eu\/wp-content\/uploads\/2019\/02\/insectenbeet-jeuk-verzachten.jpg&#8220; button_on_hover=&#8220;on&#8220; custom_padding=&#8220;18%||18%|&#8220; custom_padding_tablet=&#8220;22%||10%|&#8220; custom_padding_phone=&#8220;30%||30%|&#8220; custom_padding_last_edited=&#8220;on|phone&#8220; header_font_size_tablet=&#8220;36&#8243; header_font_size_phone=&#8220;36&#8243; header_text_shadow_style=&#8220;preset3&#8243; header_text_shadow_blur_strength=&#8220;0.5em&#8220; header_text_shadow_color=&#8220;rgba(0,0,0,0.6)&#8220; global_colors_info=&#8220;{}&#8220; sticky_transition=&#8220;on&#8220;][\/et_pb_slide][\/et_pb_fullwidth_slider][\/et_pb_section][et_pb_section bb_built=&#8220;1&#8243; _builder_version=&#8220;4.16&#8243; global_colors_info=&#8220;{}&#8220; prev_background_color=&#8220;#000000&#8243; next_background_color=&#8220;#f4f4f4&#8243;][et_pb_row _builder_version=&#8220;4.16&#8243; background_size=&#8220;initial&#8220; background_position=&#8220;top_left&#8220; background_repeat=&#8220;repeat&#8220; global_colors_info=&#8220;{}&#8220;][et_pb_column type=&#8220;4_4&#8243; _builder_version=&#8220;4.16&#8243; custom_padding=&#8220;|||&#8220; global_colors_info=&#8220;{}&#8220; custom_padding__hover=&#8220;|||&#8220;][et_pb_dmb_breadcrumbs _builder_version=&#8220;4.16&#8243; body_font_size_tablet=&#8220;51&#8243; body_line_height_tablet=&#8220;2&#8243; separator_font_size_tablet=&#8220;51&#8243; separator_line_height_tablet=&#8220;2&#8243; link_font_size_tablet=&#8220;51&#8243; link_line_height_tablet=&#8220;2&#8243; linkhover_font_size_tablet=&#8220;51&#8243; linkhover_line_height_tablet=&#8220;2&#8243; global_colors_info=&#8220;{}&#8220; \/][et_pb_text admin_label=&#8220;Jeuk verzachten&#8220; _builder_version=&#8220;4.16&#8243; header_2_font=&#8220;|800|||||||&#8220; global_colors_info=&#8220;{}&#8220;]<\/p>\n<h2>Juckreiz lindern<\/h2>\n<p>Es ist wichtig, die Haut vor Insektenstichen zu sch\u00fctzen. Zu diesem Zweck bietet Care Plus<sup style=\"font-size:10px\">\u00ae<\/sup> eine ganze Reihe von Produkten an. Die regelm\u00e4\u00dfige Anwendung zur Vermeidung von Insektenstichen erfordert Disziplin und wird manchmal vergessen. So kann es vorkommen, dass du trotzdem gebissen oder gestochen wirst. Dies kann zu Juckreiz und\/oder Irritationen der Haut f\u00fchren. Auch hier hat Care Plus<sup style=\"font-size:10px\">\u00ae<\/sup> mehrere Produkte im Angebot.<\/p>\n<p>&nbsp;<\/p>\n<h3>Was ist Juckreiz?<\/h3>\n<p>Juckreiz stimuliert die Juckreizsensoren. Dies sind spezielle Zellen, die sich in der Haut befinden und empfindlich auf Histamin reagieren. Dies ist eine Aminos\u00e4ure-Substanz, die vom K\u00f6rper selbst produziert wird. Wenn der Juckreizsensor stimuliert wird, wird \u00fcber einen Juckreiznerv ein Signal an das Gehirn gesendet und du erlebst Juckreiz.<\/p>\n<p>Wir kennen Juckreiz vor allem als Reaktion auf etwas von au\u00dfen, wie z.B. einen M\u00fcckenstich oder einen Wollpullover, aber es gibt auch Pflanzen und Tiere, von denen man Juckreiz und Ausschlag nach Kontakt bekommen kann. Eine nat\u00fcrliche Reaktion ist das Kratzen, aber das kann die Haut noch mehr reizen.<\/p>\n<p>[\/et_pb_text][\/et_pb_column][\/et_pb_row][\/et_pb_section][et_pb_section bb_built=&#8220;1&#8243; _builder_version=&#8220;4.16&#8243; background_color=&#8220;#f4f4f4&#8243; global_colors_info=&#8220;{}&#8220; prev_background_color=&#8220;#ffffff&#8220; next_background_color=&#8220;#ffffff&#8220;][et_pb_row column_structure=&#8220;1_3,1_3,1_3&#8243; use_custom_gutter=&#8220;on&#8220; gutter_width=&#8220;2&#8243; _builder_version=&#8220;4.16&#8243; background_color=&#8220;#ffffff&#8220; custom_padding=&#8220;|20px||20px&#8220; border_radii=&#8220;on|10px|10px|10px|10px&#8220; global_colors_info=&#8220;{}&#8220;][et_pb_column type=&#8220;1_3&#8243; _builder_version=&#8220;4.16&#8243; custom_padding=&#8220;|||&#8220; global_colors_info=&#8220;{}&#8220; custom_padding__hover=&#8220;|||&#8220;][et_pb_image src=&#8220;https:\/\/www.careplus.eu\/wp-content\/uploads\/2020\/07\/SOS_Gel_V2-6.jpg&#8220; title_text=&#8220;SOS_Gel_V2&#8243; url=&#8220;https:\/\/www.careplus-shop.de\/Insektenstich-SOS-Gel-20-ml&#8220; url_new_window=&#8220;on&#8220; align_tablet=&#8220;center&#8220; align_last_edited=&#8220;on|desktop&#8220; _builder_version=&#8220;4.25.0&#8243; global_colors_info=&#8220;{}&#8220; background_pattern_color=&#8220;rgba(0,0,0,0.2)&#8220; background_mask_color=&#8220;#ffffff&#8220; box_shadow_horizontal_tablet=&#8220;0px&#8220; box_shadow_vertical_tablet=&#8220;0px&#8220; box_shadow_blur_tablet=&#8220;40px&#8220; box_shadow_spread_tablet=&#8220;0px&#8220; vertical_offset_tablet=&#8220;0&#8243; horizontal_offset_tablet=&#8220;0&#8243; z_index_tablet=&#8220;0&#8243; \/][et_pb_text _builder_version=&#8220;4.16&#8243; background_color=&#8220;#f4f4f4&#8243; custom_margin=&#8220;|15px||15px&#8220; custom_padding=&#8220;20px|20px|20px|20px&#8220; border_radii=&#8220;on|10px|10px|10px|10px&#8220; border_width_all=&#8220;1px&#8220; border_color_all=&#8220;#d9d9d9&#8243; global_colors_info=&#8220;{}&#8220;]<\/p>\n<h3>Care Plus<sup style=\"font-size:10px\">\u00ae<\/sup> SOS-Bissgel<\/h3>\n<p>Wirkt beruhigend, k\u00fchlend und lindernd, wenn es nach einem Insektenstich angewendet wird, wie zum Beispiel bei M\u00fccken, Wespen und Bremsen. Aber auch nach einem Quallenbiss oder nachdem die Haut mit Brennnesseln in Ber\u00fchrung gekommen ist, wirkt dieses Gel lindernd.<\/p>\n<p>[\/et_pb_text][et_pb_toggle admin_label=&#8220;Specificaties&#8220; title=&#8220;Produktdetails&#8220; icon_color=&#8220;#0b6a30&#8243; open_icon_color=&#8220;#0b6a30&#8243; _builder_version=&#8220;4.22.1&#8243; background_color=&#8220;#f4f4f4&#8243; custom_margin=&#8220;|20px||20px&#8220; custom_padding=&#8220;|15px||15px&#8220; hover_enabled=&#8220;0&#8243; border_radii=&#8220;on|10px|10px|10px|10px&#8220; global_colors_info=&#8220;{}&#8220; sticky_enabled=&#8220;0&#8243;]<\/p>\n<ul>\n<li>K\u00fchlt, macht die Haut weich und beruhigt sie nach einem Insektenstich.<\/li>\n<li>Wirkt bei Stichen von M\u00fccken, Wespen, Bremsen, Quallenbissen und nachdem die Haut mit Brennnesseln in Ber\u00fchrung gekommen ist.<\/li>\n<li>Ideales Gel nach dem Stich oder Biss, zu Hause oder auf Reisen.<\/li>\n<li>Einfaches streichf\u00e4higes Gel, das schnell absorbiert wird.<\/li>\n<li>Inhalt: 20ml<\/li>\n<li>Enth\u00e4lt Aloe Vera, Teebaum\u00f6l und Eukalyptus<\/li>\n<li>Geeignet f\u00fcr Kinder ab 2 Jahren. <\/li>\n<\/ul>\n<p>[\/et_pb_toggle][et_pb_button button_url=&#8220;https:\/\/www.careplus-shop.de\/Insektenstich-SOS-Gel-20-ml&#8220; url_new_window=&#8220;on&#8220; button_text=&#8220;Ausw\u00e4hlen &#038; Bestellen&#8220; button_alignment=&#8220;center&#8220; _builder_version=&#8220;4.16&#8243; background_layout=&#8220;dark&#8220; global_colors_info=&#8220;{}&#8220; \/][\/et_pb_column][et_pb_column type=&#8220;1_3&#8243; _builder_version=&#8220;4.16&#8243; custom_padding=&#8220;|||&#8220; global_colors_info=&#8220;{}&#8220; custom_padding__hover=&#8220;|||&#8220;][et_pb_image src=&#8220;https:\/\/www.careplus.eu\/wp-content\/uploads\/2023\/08\/Care-Plus-Click-Relief-copy.webp&#8220; title_text=&#8220;Care Plus Click-Relief&#8220; url=&#8220;https:\/\/www.careplus-shop.de\/First-Aid-Click-Relief&#8220; url_new_window=&#8220;on&#8220; align_tablet=&#8220;center&#8220; align_last_edited=&#8220;on|desktop&#8220; _builder_version=&#8220;4.25.0&#8243; global_colors_info=&#8220;{}&#8220; background_pattern_color=&#8220;rgba(0,0,0,0.2)&#8220; background_mask_color=&#8220;#ffffff&#8220; box_shadow_horizontal_tablet=&#8220;0px&#8220; box_shadow_vertical_tablet=&#8220;0px&#8220; box_shadow_blur_tablet=&#8220;40px&#8220; box_shadow_spread_tablet=&#8220;0px&#8220; vertical_offset_tablet=&#8220;0&#8243; horizontal_offset_tablet=&#8220;0&#8243; z_index_tablet=&#8220;0&#8243; \/][et_pb_text _builder_version=&#8220;4.22.1&#8243; background_color=&#8220;#f4f4f4&#8243; custom_margin=&#8220;|15px||15px&#8220; custom_padding=&#8220;20px|20px|20px|20px&#8220; border_radii=&#8220;on|10px|10px|10px|10px&#8220; border_width_all=&#8220;1px&#8220; border_color_all=&#8220;#d9d9d9&#8243; global_colors_info=&#8220;{}&#8220;]<\/p>\n<h3>Care Plus<sup style=\"font-size: 10px\">\u00ae<\/sup> Click-Relief<\/h3>\n<p>Hilft gegen Schwellungen, R\u00f6tungen, Irritationen und Juckreiz nach einem Insektenstich oder Quallenbiss. Dieses praktische Ger\u00e4t kann Juckreiz und Schwellungen nach einem M\u00fcckenstich oder einer Wespe oder einem Bienenstich reduzieren. Wirkt innerhalb weniger Minuten. <\/p>\n<p>[\/et_pb_text][et_pb_toggle admin_label=&#8220;Specificaties&#8220; title=&#8220;Produktdetails&#8220; icon_color=&#8220;#0b6a30&#8243; open_icon_color=&#8220;#0b6a30&#8243; _builder_version=&#8220;4.16.0&#8243; background_color=&#8220;#f4f4f4&#8243; custom_margin=&#8220;|15px||15px&#8220; custom_padding=&#8220;|20px||20px&#8220; border_radii=&#8220;on|10px|10px|10px|10px&#8220; global_colors_info=&#8220;{}&#8220;]<\/p>\n<ul>\n<li>Ideales Werkzeug nach Insekten- oder Quallenbissen, zu Hause oder unterwegs<\/li>\n<li>Hilft, Juckreiz und Schwellungen zu reduzieren<\/li>\n<li>Geeignet f\u00fcr Erwachsene und Kinder \u00fcber 4 Jahre<\/li>\n<li>Einfache Handhabung<\/li>\n<li>Hinterl\u00e4sst keine Flecken<\/li>\n<li>Leichte und kompakte Vorrichtung (18 Gramm, 80 x 27 x 180 mm)<\/li>\n<li>Keine Batterien notwendig<\/li>\n<li>Kein Verfallsdatum<\/li>\n<li>Care Plus<sup style=\"font-size:8px;\">\u00ae<\/sup> Click Relief ist ein Medizinprodukt. Bitte lesen Sie vor der Anwendung die Gebrauchsanweisung.<\/li>\n<\/ul>\n<p>[\/et_pb_toggle][et_pb_button button_url=&#8220;https:\/\/www.careplus-shop.de\/First-Aid-Click-Relief&#8220; url_new_window=&#8220;on&#8220; button_text=&#8220;Ausw\u00e4hlen &#038; Bestellen&#8220; button_alignment=&#8220;center&#8220; _builder_version=&#8220;4.22.1&#8243; background_layout=&#8220;dark&#8220; global_colors_info=&#8220;{}&#8220; \/][\/et_pb_column][et_pb_column type=&#8220;1_3&#8243; _builder_version=&#8220;4.16&#8243; custom_padding=&#8220;|||&#8220; global_colors_info=&#8220;{}&#8220; custom_padding__hover=&#8220;|||&#8220;][et_pb_image src=&#8220;https:\/\/www.careplus.eu\/wp-content\/uploads\/2021\/11\/careplus-venimex-3.jpg&#8220; title_text=&#8220;careplus-venimex&#8220; url=&#8220;https:\/\/www.careplus-shop.nl\/gifzuiger-venimex&#8220; url_new_window=&#8220;on&#8220; align_tablet=&#8220;center&#8220; align_last_edited=&#8220;on|desktop&#8220; _builder_version=&#8220;4.16&#8243; global_colors_info=&#8220;{}&#8220; \/][et_pb_text _builder_version=&#8220;4.16&#8243; background_color=&#8220;#f4f4f4&#8243; custom_margin=&#8220;|15px||15px&#8220; custom_padding=&#8220;20px|20px|20px|20px&#8220; border_radii=&#8220;on|10px|10px|10px|10px&#8220; border_width_all=&#8220;1px&#8220; border_color_all=&#8220;#d9d9d9&#8243; global_colors_info=&#8220;{}&#8220;]<\/p>\n<h3>Care Plus<sup style=\"font-size:10px\">\u00ae<\/sup> Venimex<\/h3>\n<p>Der Venimex ist eine automatische Vakuumpumpe, die speziell f\u00fcr den Einsatz nach dem Biss oder Stich eines Insekts oder Spinnentieres entwickelt wurde. Indem du das Gift aufsaugst, verhinderst du, dass es sich weiter in deinem K\u00f6rper ausbreitet.<\/p>\n<p>[\/et_pb_text][et_pb_toggle admin_label=&#8220;Specificaties&#8220; title=&#8220;Produktdetails&#8220; icon_color=&#8220;#0b6a30&#8243; open_icon_color=&#8220;#0b6a30&#8243; _builder_version=&#8220;4.16.0&#8243; background_color=&#8220;#f4f4f4&#8243; custom_margin=&#8220;|15px||15px&#8220; custom_padding=&#8220;|20px||20px&#8220; border_radii=&#8220;on|10px|10px|10px|10px&#8220; global_colors_info=&#8220;{}&#8220;]<\/p>\n<ul>\n<li>Idealer Gift-Sauger nach dem Stich oder Biss, zu Hause oder auf Reisen<\/li>\n<li>Verhindert, dass sich Gift im K\u00f6rper ausbreitet<\/li>\n<li>Wirkt bei Stichen und Bissen einer Biene, Wespe, Spinne oder eines Skorpions<\/li>\n<li>Geeignet f\u00fcr alle Altersgruppen<\/li>\n<li>Einfache Bedienung mit einer Hand<\/li>\n<li>Handliche All-in-One-Verpackung<\/li>\n<\/li>\n<p>Saugleistung von 800 Millibar<\/li>\n<li>Care Plus<sup style=\"font-size:8px;\">\u00ae<\/sup> Venimex ist ein Medizinprodukt. Bitte lesen Sie vor der Anwendung die Gebrauchsanweisung.<\/li>\n<\/ul>\n<p>[\/et_pb_toggle][et_pb_button button_url=&#8220;https:\/\/www.careplus-shop.de\/venimex-giftentferner&#8220; url_new_window=&#8220;on&#8220; button_text=&#8220;Ausw\u00e4hlen &#038; Bestellen&#8220; button_alignment=&#8220;center&#8220; _builder_version=&#8220;4.16&#8243; background_layout=&#8220;dark&#8220; global_colors_info=&#8220;{}&#8220; \/][\/et_pb_column][\/et_pb_row][\/et_pb_section][et_pb_section bb_built=&#8220;1&#8243; _builder_version=&#8220;4.16&#8243; global_colors_info=&#8220;{}&#8220; prev_background_color=&#8220;#f4f4f4&#8243;][et_pb_row _builder_version=&#8220;4.16&#8243; background_size=&#8220;initial&#8220; background_position=&#8220;top_left&#8220; background_repeat=&#8220;repeat&#8220; global_colors_info=&#8220;{}&#8220;][et_pb_column type=&#8220;4_4&#8243; _builder_version=&#8220;4.16&#8243; custom_padding=&#8220;|||&#8220; global_colors_info=&#8220;{}&#8220; custom_padding__hover=&#8220;|||&#8220;][et_pb_text admin_label=&#8220;Jeuk verzachten&#8220; _builder_version=&#8220;4.16&#8243; header_2_font=&#8220;|800|||||||&#8220; global_colors_info=&#8220;{}&#8220;]<\/p>\n<h2>Juckreiz vermeiden<\/h2>\n<p>Es ist immer besser, einen Biss oder Stich zu verhindern, nicht nur, weil man keinen Juckreiz hat, sondern auch, weil ein Insektenstich auch Krankheiten \u00fcbertragen kann. So kann beispielsweise ein Zeckenbiss Meningitis oder Borreliose und ein M\u00fcckenstich Krankheiten wie Malaria, Gelbfieber, Denguefieber und Zika verursachen.<br \/>&nbsp;<br \/>Durch die richtigen vorbeugenden Ma\u00dfnahmen kannst du das Risiko eines Bisses oder Stichs minimieren. <a href=\"https:\/\/www.careplus.eu\/de\/mucken-und-zecken\/schutzen\/\">Schutz vor Insekten<\/a> erreichst du, indem du die richtige Kleidung tr\u00e4gst, ein Anti-Insektenmittel anwendest und unter einem Moskitonetz schl\u00e4fst.<\/p>\n<p>[\/et_pb_text][\/et_pb_column][\/et_pb_row][\/et_pb_section]<\/p>\n","protected":false},"excerpt":{"rendered":"<p>Juckreiz ist vor allem als Reaktion auf etwas von au\u00dfen bekannt, wie z.B. einen M\u00fcckenstich oder einen Wollpullover, aber es gibt auch Pflanzen und Tiere, die Juckreiz und Ausschlag nach Kontakt verursachen k\u00f6nnen. Eine nat\u00fcrliche Reaktion ist das Kratzen, aber das kann die Haut noch mehr reizen.<\/p>\n","protected":false},"author":37,"featured_media":0,"parent":5628,"menu_order":0,"comment_status":"closed","ping_status":"closed","template":"","meta":{"_acf_changed":false,"_et_pb_use_builder":"on","_et_pb_old_content":"","_et_gb_content_width":"","footnotes":""},"class_list":["post-5600","page","type-page","status-publish","hentry"],"acf":[],"_links":{"self":[{"href":"https:\/\/www.careplus.eu\/de\/wp-json\/wp\/v2\/pages\/5600","targetHints":{"allow":["GET"]}}],"collection":[{"href":"https:\/\/www.careplus.eu\/de\/wp-json\/wp\/v2\/pages"}],"about":[{"href":"https:\/\/www.careplus.eu\/de\/wp-json\/wp\/v2\/types\/page"}],"author":[{"embeddable":true,"href":"https:\/\/www.careplus.eu\/de\/wp-json\/wp\/v2\/users\/37"}],"replies":[{"embeddable":true,"href":"https:\/\/www.careplus.eu\/de\/wp-json\/wp\/v2\/comments?post=5600"}],"version-history":[{"count":0,"href":"https:\/\/www.careplus.eu\/de\/wp-json\/wp\/v2\/pages\/5600\/revisions"}],"up":[{"embeddable":true,"href":"https:\/\/www.careplus.eu\/de\/wp-json\/wp\/v2\/pages\/5628"}],"wp:attachment":[{"href":"https:\/\/www.careplus.eu\/de\/wp-json\/wp\/v2\/media?parent=5600"}],"curies":[{"name":"wp","href":"https:\/\/api.w.org\/{rel}","templated":true}]}}