


{"id":5591,"date":"2019-03-19T15:02:39","date_gmt":"2019-03-19T14:02:39","guid":{"rendered":"https:\/\/www.careplus.eu\/lass-dich-nicht-beisen-schutze-dich-gegen-zecken\/"},"modified":"2024-11-05T12:16:35","modified_gmt":"2024-11-05T11:16:35","slug":"lass-dich-nicht-beisen-schutze-dich-gegen-zecken","status":"publish","type":"page","link":"https:\/\/www.careplus.eu\/de\/lass-dich-nicht-beisen-schutze-dich-gegen-zecken\/","title":{"rendered":"Lass dich nicht stichen. Sch\u00fctze dich gegen Zecken."},"content":{"rendered":"<p>[et_pb_section fb_built=&#8220;1&#8243; fullwidth=&#8220;on&#8220; _builder_version=&#8220;4.16&#8243; bottom_divider_style=&#8220;curve&#8220; bottom_divider_color=&#8220;#ffffff&#8220; bottom_divider_height=&#8220;40px&#8220; global_colors_info=&#8220;{}&#8220;][et_pb_fullwidth_slider show_arrows=&#8220;off&#8220; show_pagination=&#8220;off&#8220; _builder_version=&#8220;4.16&#8243; global_colors_info=&#8220;{}&#8220;][et_pb_slide use_bg_overlay=&#8220;off&#8220; use_text_overlay=&#8220;off&#8220; _builder_version=&#8220;4.16&#8243; header_level=&#8220;h1&#8243; header_font=&#8220;|800|||||||&#8220; header_text_align=&#8220;center&#8220; header_font_size=&#8220;36&#8243; background_image=&#8220;https:\/\/www.careplus.eu\/wp-content\/uploads\/2019\/02\/CAMPAGNE-LANDING-1.jpg&#8220; button_on_hover=&#8220;on&#8220; custom_padding=&#8220;16%||16%|&#8220; custom_padding_tablet=&#8220;30%||30%|&#8220; custom_padding_phone=&#8220;30%||30%|&#8220; custom_padding_last_edited=&#8220;on|tablet&#8220; header_font_size_tablet=&#8220;30&#8243; header_font_size_phone=&#8220;30&#8243; header_font_size_last_edited=&#8220;on|tablet&#8220; header_text_shadow_style=&#8220;preset3&#8243; header_text_shadow_blur_strength=&#8220;0.5em&#8220; header_text_shadow_color=&#8220;rgba(0,0,0,0.6)&#8220; global_colors_info=&#8220;{}&#8220; sticky_transition=&#8220;on&#8220;][\/et_pb_slide][\/et_pb_fullwidth_slider][\/et_pb_section][et_pb_section fb_built=&#8220;1&#8243; _builder_version=&#8220;4.16&#8243; global_colors_info=&#8220;{}&#8220;][et_pb_row _builder_version=&#8220;4.16&#8243; background_size=&#8220;initial&#8220; background_position=&#8220;top_left&#8220; background_repeat=&#8220;repeat&#8220; global_colors_info=&#8220;{}&#8220;][et_pb_column type=&#8220;4_4&#8243; _builder_version=&#8220;4.16&#8243; custom_padding=&#8220;|||&#8220; global_colors_info=&#8220;{}&#8220; custom_padding__hover=&#8220;|||&#8220;][et_pb_post_title meta=&#8220;off&#8220; featured_image=&#8220;off&#8220; _builder_version=&#8220;4.16&#8243; title_font=&#8220;|800|||||||&#8220; title_font_size=&#8220;30px&#8220; hover_enabled=&#8220;0&#8243; title_font_size_tablet=&#8220;24px&#8220; title_font_size_phone=&#8220;&#8220; title_font_size_last_edited=&#8220;on|tablet&#8220; global_colors_info=&#8220;{}&#8220; sticky_enabled=&#8220;0&#8243;][\/et_pb_post_title][\/et_pb_column][\/et_pb_row][et_pb_row _builder_version=&#8220;4.16&#8243; background_size=&#8220;initial&#8220; background_position=&#8220;top_left&#8220; background_repeat=&#8220;repeat&#8220; global_colors_info=&#8220;{}&#8220; column_structure=&#8220;1_3,2_3&#8243;][et_pb_column type=&#8220;1_3&#8243; _builder_version=&#8220;4.16&#8243; custom_padding=&#8220;|||&#8220; global_colors_info=&#8220;{}&#8220; custom_padding__hover=&#8220;|||&#8220;][et_pb_image src=&#8220;https:\/\/www.careplus.eu\/wp-content\/uploads\/2019\/02\/NUnl300x250.jpg&#8220; align=&#8220;center&#8220; align_tablet=&#8220;center&#8220; align_last_edited=&#8220;on|desktop&#8220; _builder_version=&#8220;4.16&#8243; global_colors_info=&#8220;{}&#8220; align_phone=&#8220;center&#8220;][\/et_pb_image][\/et_pb_column][et_pb_column type=&#8220;2_3&#8243; _builder_version=&#8220;4.16&#8243; custom_padding=&#8220;|||&#8220; global_colors_info=&#8220;{}&#8220; custom_padding__hover=&#8220;|||&#8220;][et_pb_text _builder_version=&#8220;4.16&#8243; header_font=&#8220;|700|||||||&#8220; header_2_font=&#8220;|800|||||||&#8220; header_2_font_size=&#8220;30px&#8220; header_2_font_size_tablet=&#8220;24px&#8220; header_2_font_size_phone=&#8220;&#8220; header_2_font_size_last_edited=&#8220;on|tablet&#8220; global_colors_info=&#8220;{}&#8220;]<\/p>\n<p><strong>NICHT WAHR. Es ist eine hartn\u00e4ckige Fabel, dass Zecken von B\u00e4umen auf Passanten fallen. Zecken leben nicht in B\u00e4umen, sondern in Str\u00e4uchern und hohem Gras, wo die gr\u00f6\u00dfte Chance besteht, dass ein &#8222;Wirt&#8220; vorbeikommt und sie dann zu ihm wechseln k\u00f6nnen. Sie suchen dann nach einer warmen Stelle an deinem K\u00f6rper, um in deine Haut zu stichen.<\/strong><\/p>\n<p>Nicht weniger als 42% der Niederl\u00e4nder glauben, dass Zecken in B\u00e4umen leben, aber die Gefahr kommt eher von unten als von oben.<\/p>\n<p>[\/et_pb_text][et_pb_button button_text=&#8220;Hier klicken f\u00fcr Anti-Zecken-Produkte&#8220; button_alignment=&#8220;left&#8220; _builder_version=&#8220;4.16&#8243; background_layout=&#8220;dark&#8220; global_colors_info=&#8220;{}&#8220;][\/et_pb_button][\/et_pb_column][\/et_pb_row][et_pb_row _builder_version=&#8220;4.16&#8243; background_size=&#8220;initial&#8220; background_position=&#8220;top_left&#8220; background_repeat=&#8220;repeat&#8220; global_colors_info=&#8220;{}&#8220;][et_pb_column type=&#8220;4_4&#8243; _builder_version=&#8220;4.16&#8243; custom_padding=&#8220;|||&#8220; global_colors_info=&#8220;{}&#8220; custom_padding__hover=&#8220;|||&#8220;][et_pb_text _builder_version=&#8220;4.16&#8243; global_colors_info=&#8220;{}&#8220;]<\/p>\n<h3>10 Fakten \u00fcber Zecken, die wahr sind<\/h3>\n<p>&nbsp;<\/p>\n<ol style=\"font-size: 20px; line-height: 36px;\">\n<li>Die Zecke ist das ganze Jahr \u00fcber aktiv, vor allem aber bei einer Temperatur ab 8\u00b0 Celsius.<\/li>\n<li>Sie kommen in den Niederlanden und an vielen (Ferien-)Orten in Europa vor.<\/li>\n<li>Zecken leben oft in hohem Gras, W\u00e4ldern, G\u00e4rten, Parks, D\u00fcnen und Heiden.<\/li>\n<li>Zecken k\u00f6nnen nicht springen, fliegen oder aus B\u00e4umen fallen.<\/li>\n<li>Zecken sind nur zwischen 1mm und 3mm gro\u00df und mit blo\u00dfem Auge kaum sichtbar.<\/li>\n<li>Die Niederlande haben durchschnittlich 100.000 Zecken pro Quadratkilometer.<\/li>\n<li>Etwa 20% der Zecken in den Niederlanden tragen das Borrelienbakterium, das Borreliose verursachen kann.<\/li>\n<li>Jedes Jahr werden mehr als 1,2 Millionen Niederl\u00e4nder von einer Zecke gestochen (1 von 15).<\/li>\n<li>27.000 Niederl\u00e4ndern wird j\u00e4hrlich Borreliose diagnostiziert.<\/li>\n<li>Die meisten Zeckenstiche finden in unseren Hinterh\u00f6fen statt.<\/li>\n<\/ol>\n<p>[\/et_pb_text][\/et_pb_column][\/et_pb_row][\/et_pb_section][et_pb_section fb_built=&#8220;1&#8243; _builder_version=&#8220;4.16&#8243; background_color=&#8220;#f4f4f4&#8243; global_colors_info=&#8220;{}&#8220;][et_pb_row _builder_version=&#8220;4.16&#8243; background_color=&#8220;#ffffff&#8220; border_radii=&#8220;on|10px|10px|10px|10px&#8220; global_colors_info=&#8220;{}&#8220; column_structure=&#8220;1_3,1_3,1_3&#8243;][et_pb_column type=&#8220;1_3&#8243; _builder_version=&#8220;4.16&#8243; custom_padding=&#8220;|||&#8220; global_colors_info=&#8220;{}&#8220; custom_padding__hover=&#8220;|||&#8220;][et_pb_image src=&#8220;https:\/\/www.careplus.eu\/wp-content\/uploads\/2020\/03\/careplus-anti-insect-natural-60ml.jpg&#8220; align=&#8220;center&#8220; align_tablet=&#8220;center&#8220; align_last_edited=&#8220;on|desktop&#8220; _builder_version=&#8220;4.27.2&#8243; hover_enabled=&#8220;0&#8243; global_colors_info=&#8220;{}&#8220; alt=&#8220;care plus anti-insekt natural 60ml&#8220; title_text=&#8220;careplus-anti-insekt-natural-60ml&#8220; url=&#8220;https:\/\/www.careplus-shop.de\/insektenschutz-natural-zitronen-eukalyptus-spray-200ml&#8220; url_new_window=&#8220;on&#8220; sticky_enabled=&#8220;0&#8243; align_phone=&#8220;center&#8220;][\/et_pb_image][et_pb_button button_text=&#8220;Ausw\u00e4hlen &#038; Bestellen&#8220; button_alignment=&#8220;center&#8220; _builder_version=&#8220;4.27.2&#8243; background_layout=&#8220;dark&#8220; hover_enabled=&#8220;0&#8243; global_colors_info=&#8220;{}&#8220; button_url=&#8220;https:\/\/www.careplus-shop.de\/insektenschutz-natural-zitronen-eukalyptus-spray-200ml&#8220; url_new_window=&#8220;on&#8220; sticky_enabled=&#8220;0&#8243;][\/et_pb_button][\/et_pb_column][et_pb_column type=&#8220;1_3&#8243; _builder_version=&#8220;4.16&#8243; custom_padding=&#8220;|||&#8220; global_colors_info=&#8220;{}&#8220; custom_padding__hover=&#8220;|||&#8220;][et_pb_image src=&#8220;https:\/\/www.careplus.eu\/wp-content\/uploads\/2019\/03\/care-plus-bug-socks.jpg&#8220; align=&#8220;center&#8220; align_tablet=&#8220;center&#8220; align_last_edited=&#8220;on|desktop&#8220; _builder_version=&#8220;4.27.2&#8243; hover_enabled=&#8220;0&#8243; global_colors_info=&#8220;{}&#8220; alt=&#8220;Care Plus sch\u00fctzende Au\u00dfensocken&#8220; title_text=&#8220;Care Plus sch\u00fctzende Au\u00dfensocken&#8220; url=&#8220;https:\/\/www.careplus-shop.de\/insektenstiche\/outdoor-socken-mit-insektenschutz&#8220; url_new_window=&#8220;on&#8220; sticky_enabled=&#8220;0&#8243; align_phone=&#8220;center&#8220;][\/et_pb_image][et_pb_button button_text=&#8220;Ausw\u00e4hlen &#038; Bestellen&#8220; button_alignment=&#8220;center&#8220; _builder_version=&#8220;4.27.2&#8243; background_layout=&#8220;dark&#8220; hover_enabled=&#8220;0&#8243; global_colors_info=&#8220;{}&#8220; button_url=&#8220;https:\/\/www.careplus-shop.de\/insektenstiche\/outdoor-socken-mit-insektenschutz&#8220; url_new_window=&#8220;on&#8220; sticky_enabled=&#8220;0&#8243;][\/et_pb_button][\/et_pb_column][et_pb_column type=&#8220;1_3&#8243; _builder_version=&#8220;4.16&#8243; custom_padding=&#8220;|||&#8220; global_colors_info=&#8220;{}&#8220; custom_padding__hover=&#8220;|||&#8220;][et_pb_image src=&#8220;https:\/\/www.careplus.eu\/wp-content\/uploads\/2020\/03\/careplus-anti-insect-deet-60ml.jpg&#8220; align=&#8220;center&#8220; align_tablet=&#8220;center&#8220; align_last_edited=&#8220;on|desktop&#8220; _builder_version=&#8220;4.27.2&#8243; hover_enabled=&#8220;0&#8243; global_colors_info=&#8220;{}&#8220; alt=&#8220;care plus anti-insekt deet 60ml&#8220; title_text=&#8220;careplus-anti-insekt-deet-60ml&#8220; url=&#8220;https:\/\/www.careplus-shop.de\/insektenschutz-deet-40-prozent-spray-200ml&#8220; url_new_window=&#8220;on&#8220; sticky_enabled=&#8220;0&#8243; align_phone=&#8220;center&#8220;][\/et_pb_image][et_pb_button button_text=&#8220;Ausw\u00e4hlen &#038; Bestellen&#8220; button_alignment=&#8220;center&#8220; _builder_version=&#8220;4.27.2&#8243; background_layout=&#8220;dark&#8220; hover_enabled=&#8220;0&#8243; global_colors_info=&#8220;{}&#8220; button_url=&#8220;https:\/\/www.careplus-shop.de\/insektenschutz-deet-40-prozent-spray-200ml&#8220; url_new_window=&#8220;on&#8220; sticky_enabled=&#8220;0&#8243;][\/et_pb_button][\/et_pb_column][\/et_pb_row][\/et_pb_section][et_pb_section fb_built=&#8220;1&#8243; _builder_version=&#8220;4.16&#8243; global_colors_info=&#8220;{}&#8220;][et_pb_row _builder_version=&#8220;4.16&#8243; background_size=&#8220;initial&#8220; background_position=&#8220;top_left&#8220; background_repeat=&#8220;repeat&#8220; global_colors_info=&#8220;{}&#8220;][et_pb_column type=&#8220;4_4&#8243; _builder_version=&#8220;4.16&#8243; custom_padding=&#8220;|||&#8220; global_colors_info=&#8220;{}&#8220; custom_padding__hover=&#8220;|||&#8220;][et_pb_text _builder_version=&#8220;4.16&#8243; global_colors_info=&#8220;{}&#8220;]<\/p>\n<h3>Gut gesch\u00fctzt vor Zecken mit Care-Plus<sup style=\"font-size:10px\">&reg;<\/sup>-Produkten<\/h3>\n<p>.<br \/>\n&nbsp;<br \/>\n[\/et_pb_text][\/et_pb_column][\/et_pb_row][\/et_pb_section]<\/p>\n","protected":false},"excerpt":{"rendered":"<p>NICHT WAHR. Es ist eine hartn\u00e4ckige Fabel, dass Zecken von B\u00e4umen auf Passanten fallen. Zecken leben nicht in B\u00e4umen, sondern in Str\u00e4uchern und hohem Gras, wo die gr\u00f6\u00dfte Chance besteht, dass ein &#8222;Wirt&#8220; vorbeikommt und sie dann zu ihm wechseln k\u00f6nnen. Sie suchen dann nach einer warmen Stelle an deinem K\u00f6rper, um in deine Haut [&hellip;]<\/p>\n","protected":false},"author":37,"featured_media":0,"parent":0,"menu_order":0,"comment_status":"closed","ping_status":"closed","template":"","meta":{"_acf_changed":false,"_et_pb_use_builder":"on","_et_pb_old_content":"","_et_gb_content_width":"","footnotes":""},"class_list":["post-5591","page","type-page","status-publish","hentry"],"acf":[],"_links":{"self":[{"href":"https:\/\/www.careplus.eu\/de\/wp-json\/wp\/v2\/pages\/5591","targetHints":{"allow":["GET"]}}],"collection":[{"href":"https:\/\/www.careplus.eu\/de\/wp-json\/wp\/v2\/pages"}],"about":[{"href":"https:\/\/www.careplus.eu\/de\/wp-json\/wp\/v2\/types\/page"}],"author":[{"embeddable":true,"href":"https:\/\/www.careplus.eu\/de\/wp-json\/wp\/v2\/users\/37"}],"replies":[{"embeddable":true,"href":"https:\/\/www.careplus.eu\/de\/wp-json\/wp\/v2\/comments?post=5591"}],"version-history":[{"count":0,"href":"https:\/\/www.careplus.eu\/de\/wp-json\/wp\/v2\/pages\/5591\/revisions"}],"wp:attachment":[{"href":"https:\/\/www.careplus.eu\/de\/wp-json\/wp\/v2\/media?parent=5591"}],"curies":[{"name":"wp","href":"https:\/\/api.w.org\/{rel}","templated":true}]}}