


{"id":5573,"date":"2019-03-19T14:42:41","date_gmt":"2019-03-19T13:42:41","guid":{"rendered":"https:\/\/www.careplus.eu\/hygiene\/korperpflege\/reisehandtuch\/"},"modified":"2024-03-20T11:10:43","modified_gmt":"2024-03-20T10:10:43","slug":"reisehandtuch","status":"publish","type":"page","link":"https:\/\/www.careplus.eu\/de\/hygiene\/korperpflege\/reisehandtuch\/","title":{"rendered":"Reisehandt\u00fccher"},"content":{"rendered":"<p>[et_pb_section fb_built=&#8220;1&#8243; fullwidth=&#8220;on&#8220; _builder_version=&#8220;4.24.2&#8243; background_image=&#8220;https:\/\/www.careplus.eu\/wp-content\/uploads\/2024\/03\/header-towels-2.jpg&#8220; bottom_divider_style=&#8220;curve&#8220; bottom_divider_color=&#8220;#ffffff&#8220; bottom_divider_height=&#8220;40px&#8220; background_last_edited=&#8220;on|desktop&#8220; background_image_phone=&#8220;https:\/\/www.careplus.eu\/wp-content\/uploads\/2021\/11\/colours-3.jpg&#8220; background_enable_image_phone=&#8220;on&#8220; global_colors_info=&#8220;{}&#8220;][et_pb_fullwidth_slider show_arrows=&#8220;off&#8220; show_pagination=&#8220;off&#8220; _builder_version=&#8220;4.16&#8243; global_colors_info=&#8220;{}&#8220;][et_pb_slide heading=&#8220;Handt\u00fccher&#8220; use_bg_overlay=&#8220;off&#8220; use_text_overlay=&#8220;off&#8220; _builder_version=&#8220;4.16&#8243; header_level=&#8220;h1&#8243; header_font=&#8220;|800|||||||&#8220; header_font_size=&#8220;36&#8243; background_enable_color=&#8220;off&#8220; background_enable_image=&#8220;off&#8220; button_on_hover=&#8220;on&#8220; custom_padding=&#8220;15%||15%|&#8220; custom_padding_tablet=&#8220;15%||15%|&#8220; custom_padding_phone=&#8220;30%||30%|&#8220; custom_padding_last_edited=&#8220;on|phone&#8220; header_font_size_tablet=&#8220;36&#8243; header_font_size_phone=&#8220;36&#8243; header_text_shadow_style=&#8220;preset3&#8243; header_text_shadow_blur_strength=&#8220;0.5em&#8220; header_text_shadow_color=&#8220;rgba(0,0,0,0.6)&#8220; global_colors_info=&#8220;{}&#8220; sticky_transition=&#8220;on&#8220;][\/et_pb_slide][\/et_pb_fullwidth_slider][\/et_pb_section][et_pb_section fb_built=&#8220;1&#8243; _builder_version=&#8220;4.16&#8243; global_colors_info=&#8220;{}&#8220;][et_pb_row _builder_version=&#8220;4.16&#8243; background_size=&#8220;initial&#8220; background_position=&#8220;top_left&#8220; background_repeat=&#8220;repeat&#8220; global_colors_info=&#8220;{}&#8220;][et_pb_column type=&#8220;4_4&#8243; _builder_version=&#8220;4.16&#8243; custom_padding=&#8220;|||&#8220; global_colors_info=&#8220;{}&#8220; custom_padding__hover=&#8220;|||&#8220;][et_pb_dmb_breadcrumbs _builder_version=&#8220;4.16&#8243; body_font_size_tablet=&#8220;51&#8243; body_line_height_tablet=&#8220;2&#8243; separator_font_size_tablet=&#8220;51&#8243; separator_line_height_tablet=&#8220;2&#8243; link_font_size_tablet=&#8220;51&#8243; link_line_height_tablet=&#8220;2&#8243; linkhover_font_size_tablet=&#8220;51&#8243; linkhover_line_height_tablet=&#8220;2&#8243; global_colors_info=&#8220;{}&#8220;][\/et_pb_dmb_breadcrumbs][et_pb_text _builder_version=&#8220;4.24.2&#8243; header_2_font=&#8220;|800|||||||&#8220; global_colors_info=&#8220;{}&#8220;]<\/p>\n<h2>Mikrofaserhandt\u00fccher f\u00fcr eine gute Hygiene<\/h2>\n<p><strong>Das Care Plus<sup style=\"font-size:8px;\">\u00ae<\/sup> Travel Towel l\u00e4sst sich dank seines kompakten Designs und geringen Gewichts bequem mitnehmen. Durch die Verwendung einer revolution\u00e4ren Mikrofaser f\u00fchlt sich das Reisehandtuch auf einer Seite besonders weich an, was zu einem optimalen Benutzerkomfort beitr\u00e4gt. Die Saugf\u00e4higkeit des Reisehandtuchs betr\u00e4gt mehr als das 7-fache seines Eigengewichts.<\/strong><\/p>\n<p>Das Travel Towel kann mehr als das 7-fache seines Eigengewichts an Feuchtigkeit aufnehmen. In drei Gr\u00f6\u00dfen und drei Farben (orange, gr\u00fcn und blau) erh\u00e4ltlich und immer mit einer besonders weichen Seite f\u00fcr optimalen Wohlf\u00fchlkomfort.<\/p>\n<p><\/p>\n<h3>Die Vorteile unserer Reisehandt\u00fccher auf einen Blick<\/h3>\n<ul>\n<li>Hergestellt aus einer revolution\u00e4ren Mikrofaser<\/li>\n<li>Absorbiert mehr als das 7-fache des Eigengewichts<\/li>\n<li>Schnell trocknendes Reisetuch<\/li>\n<li>Mit einer extra weichen Seide f\u00fcr optimalen Komfort<\/li>\n<li>Multifunktional: Als Laken, Kissenpolster oder Schal zu verwenden.<\/li>\n<li>Verpackt in ventilierender Abdeckung<\/li>\n<li>Verf\u00fcgbar in 3 Gr\u00f6\u00dfen: Klein, mittel und gro\u00df<\/li>\n<li>Kompakt und leicht<\/li>\n<\/ul>\n<p>[\/et_pb_text][\/et_pb_column][\/et_pb_row][\/et_pb_section][et_pb_section fb_built=&#8220;1&#8243; _builder_version=&#8220;4.16&#8243; background_color=&#8220;#f4f4f4&#8243; global_colors_info=&#8220;{}&#8220;][et_pb_row column_structure=&#8220;1_3,1_3,1_3&#8243; _builder_version=&#8220;4.16&#8243; background_color=&#8220;#ffffff&#8220; custom_padding=&#8220;|20px||20px&#8220; border_radii=&#8220;on|10px|10px|10px|10px&#8220; global_colors_info=&#8220;{}&#8220;][et_pb_column type=&#8220;1_3&#8243; _builder_version=&#8220;4.16&#8243; custom_padding=&#8220;|||&#8220; global_colors_info=&#8220;{}&#8220; custom_padding__hover=&#8220;|||&#8220;][et_pb_gallery gallery_ids=&#8220;19729,19731,19730&#8243; fullwidth=&#8220;on&#8220; admin_label=&#8220;Large&#8220; _builder_version=&#8220;4.21.0&#8243; _module_preset=&#8220;default&#8220; global_colors_info=&#8220;{}&#8220;][\/et_pb_gallery][et_pb_text _builder_version=&#8220;4.16&#8243; global_colors_info=&#8220;{}&#8220;]<\/p>\n<h3>Reisehandtuch Mikrofaser gro\u00df<\/h3>\n<p>Dieses Reisehandtuch (Mikrofasertuch) ist ideal f\u00fcr Reisende. Das kleine Handtuch ist multifunktional, ultraleicht und kompakt und wird in einer praktischen, ventilierenden Aufbewahrungstasche geliefert. Dieses Reisehandtuch ist 40&#215;80 cm gro\u00df.[\/et_pb_text][et_pb_button button_url=&#8220;https:\/\/www.careplus-shop.de&#8220; url_new_window=&#8220;on&#8220; button_text=&#8220;Ausw\u00e4hlen &#038; Bestellen&#8220; button_alignment=&#8220;center&#8220; _builder_version=&#8220;4.16&#8243; background_layout=&#8220;dark&#8220; global_colors_info=&#8220;{}&#8220;][\/et_pb_button][\/et_pb_column][et_pb_column type=&#8220;1_3&#8243; _builder_version=&#8220;4.16&#8243; custom_padding=&#8220;|||&#8220; global_colors_info=&#8220;{}&#8220; custom_padding__hover=&#8220;|||&#8220;][et_pb_gallery gallery_ids=&#8220;19623,19724,19725&#8243; fullwidth=&#8220;on&#8220; admin_label=&#8220;Medium&#8220; _builder_version=&#8220;4.21.0&#8243; _module_preset=&#8220;default&#8220; global_colors_info=&#8220;{}&#8220;][\/et_pb_gallery][et_pb_text _builder_version=&#8220;4.16&#8243; global_colors_info=&#8220;{}&#8220;]<\/p>\n<h3>Reisehandtuch Mikrofaser Medium<\/h3>\n<p>Das Reisetuch (Mikrofasertuch) ist ideal f\u00fcr den Reisenden. Dieses Mikrofasertuch in der Gr\u00f6\u00dfe Medium (M) ist ultraleicht und kompakt und wird in einer praktischen Bel\u00fcftungsabdeckung geliefert. Dieses Reisetuch ist 60&#215;120 cm gro\u00df.[\/et_pb_text][et_pb_button button_url=&#8220;https:\/\/www.careplus-shop.nl\/reishanddoek-microfibre-travel-towel-medium&#8220; url_new_window=&#8220;on&#8220; button_text=&#8220;Ausw\u00e4hlen &#038; Bestellen&#8220; button_alignment=&#8220;center&#8220; _builder_version=&#8220;4.16&#8243; background_layout=&#8220;dark&#8220; global_colors_info=&#8220;{}&#8220;][\/et_pb_button][\/et_pb_column][et_pb_column type=&#8220;1_3&#8243; _builder_version=&#8220;4.16&#8243; custom_padding=&#8220;|||&#8220; global_colors_info=&#8220;{}&#8220; custom_padding__hover=&#8220;|||&#8220;][et_pb_gallery gallery_ids=&#8220;19726,19727,19728&#8243; fullwidth=&#8220;on&#8220; admin_label=&#8220;Small&#8220; _builder_version=&#8220;4.21.0&#8243; _module_preset=&#8220;default&#8220; global_colors_info=&#8220;{}&#8220;][\/et_pb_gallery][et_pb_text _builder_version=&#8220;4.16&#8243; global_colors_info=&#8220;{}&#8220;]<\/p>\n<h3>Reisehandtuch Mikrofaser Small<\/h3>\n<p>Das Reisetuch (Mikrofasertuch) ist ideal f\u00fcr den Reisenden. Dieses kleine (S) Handtuch ist multifunktional, ultraleicht und kompakt und wird in einer praktischen Bel\u00fcftungsh\u00fclle geliefert. Dieses Reisetuch ist 40&#215;80 cm gro\u00df.[\/et_pb_text][et_pb_button button_url=&#8220;https:\/\/www.careplus-shop.nl\/reishanddoek-microfibre-travel-towel-small&#8220; url_new_window=&#8220;on&#8220; button_text=&#8220;Ausw\u00e4hlen &#038; Bestellen&#8220; button_alignment=&#8220;center&#8220; _builder_version=&#8220;4.16&#8243; background_layout=&#8220;dark&#8220; global_colors_info=&#8220;{}&#8220;][\/et_pb_button][\/et_pb_column][\/et_pb_row][\/et_pb_section][et_pb_section fb_built=&#8220;1&#8243; _builder_version=&#8220;4.16&#8243; global_colors_info=&#8220;{}&#8220;][et_pb_row _builder_version=&#8220;4.16&#8243; background_size=&#8220;initial&#8220; background_position=&#8220;top_left&#8220; background_repeat=&#8220;repeat&#8220; global_colors_info=&#8220;{}&#8220;][et_pb_column type=&#8220;4_4&#8243; _builder_version=&#8220;4.16&#8243; custom_padding=&#8220;|||&#8220; global_colors_info=&#8220;{}&#8220; custom_padding__hover=&#8220;|||&#8220;][et_pb_text _builder_version=&#8220;4.16&#8243; global_colors_info=&#8220;{}&#8220;]<\/p>\n<h3>Warum ist das Reisehandtuch in drei Gr\u00f6\u00dfen erh\u00e4ltlich?<\/h3>\n<p>Du kannst zwischen Klein (40 x 80 cm), Mittel (60 x 120 cm) und Gro\u00df (75 x 150 cm) w\u00e4hlen. Klein ist eine feine Gr\u00f6\u00dfe, mit der du einfach deine H\u00e4nde und\/oder dein Gesicht trocknen kannst. Es ist sehr hygienisch, dies mit einem separaten Handtuch zu tun. Die Gr\u00f6\u00dfen Mittel und Gro\u00df sind zum Trocknen nach dem Duschen \/ Waschen geeignet. Das gro\u00dfe Tuch kann auch als Strand- oder Pooltuch verwendet werden.<br \/>\n&nbsp;<\/p>\n<h3>Warum ist ein sauberes Handtuch wichtig?<\/h3>\n<p>Wenn du dich gerade erst gewaschen hast, ist es sch\u00f6n, dich mit einem trockenen und sauberen Handtuch zu trocknen. Du solltest auch kein Handtuch mit anderen teilen und vorzugsweise ein separates Handtuch (klein) f\u00fcr Gesicht und H\u00e4nde benutzen. Das Reisehandtuch (Mikrofasertuch) von Care Plus<sup style=\"font-size:10px;\">&reg;<\/sup> ist ideal f\u00fcr jeden Reisenden. Dieses Reisetuch hat eine superweiche Seite f\u00fcr optimalen Komfort.<br \/>\n&nbsp;<\/p>\n<h3>Was macht ein gutes Reisehandtuch aus?<\/h3>\n<p>Ein gutes Reisehandtuch ist leicht, kompakt und schnell trocknend. Unser Reisehandtuch ist ultraleicht und besteht aus einer revolution\u00e4ren Mikrofaser. Dadurch kann dieses Reisehandtuch mehr als das Siebenfache seines Eigengewichts aufnehmen und ist dennoch extrem kompakt und leicht. Es trocknet schnell und ist in einer ventilierenden H\u00fclle verpackt, die es frisch h\u00e4lt und unangenehme Ger\u00fcche verhindert. Dieses Reisehandtuch hat eine extra weiche Seite f\u00fcr optimalen Komfort.[\/et_pb_text][\/et_pb_column][\/et_pb_row][\/et_pb_section]<\/p>\n","protected":false},"excerpt":{"rendered":"<p>Mikrofaserhandt\u00fccher f\u00fcr eine gute Hygiene Das Care Plus\u00ae Travel Towel l\u00e4sst sich dank seines kompakten Designs und geringen Gewichts bequem mitnehmen. Durch die Verwendung einer revolution\u00e4ren Mikrofaser f\u00fchlt sich das Reisehandtuch auf einer Seite besonders weich an, was zu einem optimalen Benutzerkomfort beitr\u00e4gt. Die Saugf\u00e4higkeit des Reisehandtuchs betr\u00e4gt mehr als das 7-fache seines Eigengewichts. Das [&hellip;]<\/p>\n","protected":false},"author":37,"featured_media":0,"parent":5451,"menu_order":0,"comment_status":"closed","ping_status":"closed","template":"","meta":{"_acf_changed":false,"_et_pb_use_builder":"on","_et_pb_old_content":"","_et_gb_content_width":"","footnotes":""},"class_list":["post-5573","page","type-page","status-publish","hentry"],"acf":[],"_links":{"self":[{"href":"https:\/\/www.careplus.eu\/de\/wp-json\/wp\/v2\/pages\/5573","targetHints":{"allow":["GET"]}}],"collection":[{"href":"https:\/\/www.careplus.eu\/de\/wp-json\/wp\/v2\/pages"}],"about":[{"href":"https:\/\/www.careplus.eu\/de\/wp-json\/wp\/v2\/types\/page"}],"author":[{"embeddable":true,"href":"https:\/\/www.careplus.eu\/de\/wp-json\/wp\/v2\/users\/37"}],"replies":[{"embeddable":true,"href":"https:\/\/www.careplus.eu\/de\/wp-json\/wp\/v2\/comments?post=5573"}],"version-history":[{"count":0,"href":"https:\/\/www.careplus.eu\/de\/wp-json\/wp\/v2\/pages\/5573\/revisions"}],"up":[{"embeddable":true,"href":"https:\/\/www.careplus.eu\/de\/wp-json\/wp\/v2\/pages\/5451"}],"wp:attachment":[{"href":"https:\/\/www.careplus.eu\/de\/wp-json\/wp\/v2\/media?parent=5573"}],"curies":[{"name":"wp","href":"https:\/\/api.w.org\/{rel}","templated":true}]}}