


{"id":5473,"date":"2019-03-18T18:24:00","date_gmt":"2019-03-18T17:24:00","guid":{"rendered":"https:\/\/www.careplus.eu\/hygiene\/korperpflege\/handdesinfektion-gel\/"},"modified":"2021-12-08T11:43:03","modified_gmt":"2021-12-08T10:43:03","slug":"handdesinfektion-gel","status":"publish","type":"page","link":"https:\/\/www.careplus.eu\/de\/hygiene\/korperpflege\/handdesinfektion-gel\/","title":{"rendered":"Reinigendes Handgel"},"content":{"rendered":"<p>[et_pb_section fb_built=&#8220;1&#8243; fullwidth=&#8220;on&#8220; _builder_version=&#8220;3.22&#8243; bottom_divider_style=&#8220;curve&#8220; bottom_divider_color=&#8220;#ffffff&#8220; bottom_divider_height=&#8220;40px&#8220; global_colors_info=&#8220;{}&#8220;][et_pb_fullwidth_slider show_arrows=&#8220;off&#8220; show_pagination=&#8220;off&#8220; _builder_version=&#8220;4.6.6&#8243; global_colors_info=&#8220;{}&#8220;][et_pb_slide heading=&#8220;Reinigendes Handgel&#8220; use_bg_overlay=&#8220;off&#8220; use_text_overlay=&#8220;off&#8220; _builder_version=&#8220;4.6.6&#8243; header_level=&#8220;h1&#8243; header_font=&#8220;|800|||||||&#8220; header_font_size=&#8220;36&#8243; background_color=&#8220;#0b6a30&#8243; background_image=&#8220;https:\/\/www.careplus.eu\/wp-content\/uploads\/2020\/12\/Handgel-Header.jpg&#8220; background_enable_image=&#8220;on&#8220; button_on_hover=&#8220;on&#8220; custom_padding=&#8220;15%||15%|&#8220; custom_padding_tablet=&#8220;30%||30%|&#8220; custom_padding_phone=&#8220;30%||30%|&#8220; custom_padding_last_edited=&#8220;on|desktop&#8220; header_font_size_tablet=&#8220;30&#8243; header_font_size_phone=&#8220;30&#8243; header_font_size_last_edited=&#8220;on|desktop&#8220; header_text_shadow_style=&#8220;preset3&#8243; header_text_shadow_blur_strength=&#8220;0.5em&#8220; header_text_shadow_color=&#8220;rgba(0,0,0,0.6)&#8220; global_colors_info=&#8220;{}&#8220; sticky_transition=&#8220;on&#8220;][\/et_pb_slide][\/et_pb_fullwidth_slider][\/et_pb_section][et_pb_section fb_built=&#8220;1&#8243; module_id=&#8220;cp_pb_page_content&#8220; module_class=&#8220;cp_pb_regular_post_content&#8220; _builder_version=&#8220;3.22&#8243; background_color=&#8220;#ffffff&#8220; custom_padding=&#8220;0px|||&#8220; bottom_divider_color=&#8220;#ffffff&#8220; bottom_divider_height=&#8220;40px&#8220; global_colors_info=&#8220;{}&#8220;][et_pb_row admin_label=&#8220;Page Header&#8220; _builder_version=&#8220;3.25&#8243; background_size=&#8220;initial&#8220; background_position=&#8220;top_left&#8220; background_repeat=&#8220;repeat&#8220; collapsed=&#8220;off&#8220; global_colors_info=&#8220;{}&#8220;][et_pb_column type=&#8220;4_4&#8243; _builder_version=&#8220;3.25&#8243; custom_padding=&#8220;|||&#8220; global_colors_info=&#8220;{}&#8220; custom_padding__hover=&#8220;|||&#8220;][et_pb_divider show_divider=&#8220;off&#8220; _builder_version=&#8220;3.19.6&#8243; global_colors_info=&#8220;{}&#8220;][\/et_pb_divider][et_pb_dmb_breadcrumbs _builder_version=&#8220;3.19.6&#8243; body_font_size_tablet=&#8220;51&#8243; body_line_height_tablet=&#8220;2&#8243; separator_font_size_tablet=&#8220;51&#8243; separator_line_height_tablet=&#8220;2&#8243; link_font_size_tablet=&#8220;51&#8243; link_line_height_tablet=&#8220;2&#8243; linkhover_font_size_tablet=&#8220;51&#8243; linkhover_line_height_tablet=&#8220;2&#8243; global_colors_info=&#8220;{}&#8220;][\/et_pb_dmb_breadcrumbs][\/et_pb_column][\/et_pb_row][et_pb_row column_structure=&#8220;3_5,2_5&#8243; admin_label=&#8220;Page Header&#8220; _builder_version=&#8220;4.6.6&#8243; background_size=&#8220;initial&#8220; background_position=&#8220;top_left&#8220; background_repeat=&#8220;repeat&#8220; collapsed=&#8220;off&#8220; global_colors_info=&#8220;{}&#8220;][et_pb_column type=&#8220;3_5&#8243; _builder_version=&#8220;3.25&#8243; custom_padding=&#8220;|||&#8220; global_colors_info=&#8220;{}&#8220; custom_padding__hover=&#8220;|||&#8220;][et_pb_text admin_label=&#8220;Inleiding&#8220; _builder_version=&#8220;4.9.4&#8243; header_2_font=&#8220;|800|||||||&#8220; global_colors_info=&#8220;{}&#8220;]<\/p>\n<h2>Verhindern Sie die Ausbreitung von Krankheitserregern<\/h2>\n<p><strong>Ihre H\u00e4nde ber\u00fchren sich mehr als Sie denken und sind eine Quelle von Bakterien. W\u00e4hrend eines Hustens oder Niesens k\u00f6nnen Tropfen auf Oberfl\u00e4chen wie eine Tischplatte oder einen T\u00fcrgriff gelangen. Es besteht eine gute Chance, dass Sie dies dann mit Ihren H\u00e4nden ber\u00fchren. Es ist am wahrscheinlichsten, dass Sie infiziert werden, wenn Sie Ihren Mund oder Ihre Nase mit Ihren ungewaschenen H\u00e4nden voller Bakterien ber\u00fchren.<\/strong><\/p>\n<p>Waschen Sie Ihre H\u00e4nde und Handgelenke vor dem Kochen, vor dem Essen und nach jedem Toilettenbesuch gr\u00fcndlich mit Seife oder verwenden Sie ein gutes Handgel wie das Hygienegel von Care Plus <sup style =\"font-size:10px;\">\u00ae<\/sup>. Schmutzige N\u00e4gel? Schrubbe sie mit einer B\u00fcrste! Trocknen Sie Ihre H\u00e4nde mit etwas blitzsauberem wie einem Papiertuch. Oder halten Sie sie unter ein Hei\u00dfluftgebl\u00e4se (nicht ber\u00fchren).[\/et_pb_text][\/et_pb_column][et_pb_column type=&#8220;2_5&#8243; _builder_version=&#8220;3.25&#8243; custom_padding=&#8220;|||&#8220; global_colors_info=&#8220;{}&#8220; custom_padding__hover=&#8220;|||&#8220;][et_pb_image src=&#8220;https:\/\/www.careplus.eu\/wp-content\/uploads\/2020\/03\/corona-virus-correct-handen-wassen.jpg&#8220; alt=&#8220;Corona-Virus \u2013 Wasche gut deine H\u00e4nde!&#8220; title_text=&#8220;Corona-Virus \u2013 Wasche gut deine H\u00e4nde!&#8220; _builder_version=&#8220;4.14.2&#8243; _module_preset=&#8220;default&#8220; global_colors_info=&#8220;{}&#8220;][\/et_pb_image][\/et_pb_column][\/et_pb_row][et_pb_row _builder_version=&#8220;4.6.6&#8243; _module_preset=&#8220;default&#8220; global_colors_info=&#8220;{}&#8220;][et_pb_column type=&#8220;4_4&#8243; _builder_version=&#8220;4.6.6&#8243; _module_preset=&#8220;default&#8220; global_colors_info=&#8220;{}&#8220;][et_pb_text _builder_version=&#8220;4.6.6&#8243; _module_preset=&#8220;default&#8220; global_colors_info=&#8220;{}&#8220;]Unser Hygienegel ist ideal, wenn kein Wasser in der N\u00e4he ist und Sie Ihre H\u00e4nde trotzdem richtig reinigen m\u00f6chten. Ihre H\u00e4nde sind sofort sauber und frisch, wenn Sie dieses Handgel verwenden. Dank seiner geringen Gr\u00f6\u00dfe k\u00f6nnen Sie unser Handgel problemlos in Ihrer Tasche oder Jackentasche mitnehmen. Auf diese Weise k\u00f6nnen Sie Ihre H\u00e4nde einfach und schnell reinigen, beispielsweise im Supermarkt (denken Sie an T\u00fcrgriffe von K\u00fchlschr\u00e4nken oder Einkaufswagen) oder nach einem Besuch an der Tankstelle oder am Geldautomaten. Dieses Gel trocknet Ihre H\u00e4nde aufgrund der einzigartigen Inhaltsstoffe wie Aloe Vera nicht aus.<\/p>\n<p>Die Care Plus-Reinigungsgriffe <sup style =\"font-size:10px;\">\u00ae<\/sup> sind in handlichen Flaschen mit 30 ml oder 100 ml erh\u00e4ltlich.[\/et_pb_text][\/et_pb_column][\/et_pb_row][\/et_pb_section][et_pb_section fb_built=&#8220;1&#8243; _builder_version=&#8220;3.22&#8243; background_color=&#8220;#f4f4f4&#8243; global_colors_info=&#8220;{}&#8220;][et_pb_row column_structure=&#8220;1_4,3_4&#8243; _builder_version=&#8220;3.25&#8243; background_color=&#8220;#ffffff&#8220; custom_padding=&#8220;|40px||40px&#8220; border_radii=&#8220;on|10px|10px|10px|10px&#8220; global_colors_info=&#8220;{}&#8220;][et_pb_column type=&#8220;1_4&#8243; _builder_version=&#8220;3.25&#8243; custom_padding=&#8220;|||&#8220; global_colors_info=&#8220;{}&#8220; custom_padding__hover=&#8220;|||&#8220;][et_pb_image src=&#8220;https:\/\/www.careplus.eu\/wp-content\/uploads\/2020\/06\/desinfecterende-handgel-careplus-1.jpg&#8220; title_text=&#8220;desinfecterende-handgel-careplus-1&#8243; show_in_lightbox=&#8220;on&#8220; use_overlay=&#8220;on&#8220; overlay_icon_color=&#8220;#ffffff&#8220; hover_overlay_color=&#8220;rgba(0,0,0,0)&#8220; hover_icon=&#8220;&#x54;||divi||400&#8243; align=&#8220;center&#8220; align_tablet=&#8220;center&#8220; align_phone=&#8220;&#8220; align_last_edited=&#8220;on|desktop&#8220; _builder_version=&#8220;4.13.0&#8243; global_colors_info=&#8220;{}&#8220;][\/et_pb_image][\/et_pb_column][et_pb_column type=&#8220;3_4&#8243; _builder_version=&#8220;3.25&#8243; custom_padding=&#8220;|||&#8220; global_colors_info=&#8220;{}&#8220; custom_padding__hover=&#8220;|||&#8220;][et_pb_divider show_divider=&#8220;off&#8220; _builder_version=&#8220;3.19.6&#8243; global_colors_info=&#8220;{}&#8220;][\/et_pb_divider][et_pb_text _builder_version=&#8220;4.7.7&#8243; global_colors_info=&#8220;{}&#8220;]<\/p>\n<h3>Pro Hygiene Reinigendes Handgel <\/h3>\n<p>Keine Seife und kein Wasser in der N\u00e4he? Das macht nichts. Mit Pro Hygiene Gel, dem Handgel von Care Plus <sup style=\"font-size:10px;\">\u00ae<\/sup> in der Tasche, kannst du deine H\u00e4nde jederzeit und \u00fcberall reinigen. Diese kleine Flasche Handgel enth\u00e4lt 30 ml und ist super praktisch, um sie immer in der Tasche zu haben.<br \/>\n&nbsp;<\/p>\n<ul>\n<li>Reinigendes Handgel, das deinen H\u00e4nden ein sauberes und frisches Gef\u00fchl verleiht <\/li>\n<li>F\u00fcr den Einsatz ohne Wasser und Seife<\/li>\n<li>Trocknet die H\u00e4nde nicht aus, da einzigartige Inhaltsstoffe wie Aloe Vera verwendet werden.<\/li>\n<li>Handliche kleine Verpackung f\u00fcr die Tasche oder den Rucksack<\/li>\n<\/ul>\n<p>[\/et_pb_text][et_pb_button button_url=&#8220;https:\/\/www.careplus-shop.de\/handdesinfektion-pro-hygiene-gel-100ml&#8220; url_new_window=&#8220;on&#8220; button_text=&#8220;Ausw\u00e4hlen &#038; Bestellen&#8220; _builder_version=&#8220;3.19.6&#8243; background_layout=&#8220;dark&#8220; global_colors_info=&#8220;{}&#8220;][\/et_pb_button][\/et_pb_column][\/et_pb_row][\/et_pb_section][et_pb_section fb_built=&#8220;1&#8243; _builder_version=&#8220;3.22&#8243; global_colors_info=&#8220;{}&#8220;][et_pb_row _builder_version=&#8220;3.25&#8243; background_size=&#8220;initial&#8220; background_position=&#8220;top_left&#8220; background_repeat=&#8220;repeat&#8220; global_colors_info=&#8220;{}&#8220;][et_pb_column type=&#8220;4_4&#8243; _builder_version=&#8220;3.25&#8243; custom_padding=&#8220;|||&#8220; global_colors_info=&#8220;{}&#8220; custom_padding__hover=&#8220;|||&#8220;][et_pb_divider show_divider=&#8220;off&#8220; _builder_version=&#8220;3.19.6&#8243; global_colors_info=&#8220;{}&#8220;][\/et_pb_divider][et_pb_text _builder_version=&#8220;4.6.6&#8243; text_font_size=&#8220;10px&#8220; text_line_height=&#8220;1.6em&#8220; global_colors_info=&#8220;{}&#8220;]*Beachten Sie, dass der Alkoholgehalt im Handgel auf zwei Arten angezeigt werden kann:<br \/>\n\u2022 In Gewichtsprozent (m \/ m)<br \/>\n\u2022 Als Volumenprozentsatz (v \/ v)<\/p>\n<p>Marken sind gesetzlich verpflichtet, den Gewichtsprozentsatz von Alkohol anzugeben. Der Rat der WHO basiert auf dem Volumenprozentsatz.[\/et_pb_text][et_pb_text _builder_version=&#8220;4.6.6&#8243; custom_margin=&#8220;20px||||false|false&#8220; custom_padding=&#8220;20px||||false|false&#8220; global_colors_info=&#8220;{}&#8220;]<\/p>\n<h3>Alkoholanteil im Handgel<\/h3>\n<p>Nach Angaben der Weltgesundheitsorganisation (WHO) ist ein Handgel gegen Krankheitserreger wirksam, wenn es 60 bis 80 Vol .-% Alkohol enth\u00e4lt. Dar\u00fcber hinaus ist es wichtig, dass Sie Ihre H\u00e4nde richtig waschen, damit Krankheitserreger entfernt werden. [\/et_pb_text][et_pb_text _builder_version=&#8220;4.6.6&#8243; global_colors_info=&#8220;{}&#8220;]<\/p>\n<h3>Gute Hygiene w\u00e4hrend Ihrer Reise<\/h3>\n<p>Es ist wichtig, auch unterwegs f\u00fcr gute Hygiene zu sorgen. Dies tr\u00e4gt nicht nur zu einer sch\u00f6neren Reise bei, sondern verhindert auch das Risiko einer Kontamination durch Bakterien und Parasiten. Dar\u00fcber hinaus ist es auch sch\u00f6n f\u00fcr Sie und andere, eine gute k\u00f6rperliche Versorgung sowie saubere und frische Kleidung anbieten zu k\u00f6nnen. Auch hier bietet Care Plus<sup style =\"font-size:10px;\">&reg;<\/sup> Hilfe bei <a href = \"https:\/\/www.careplus.eu\/de\/hygiene\/korperpflege\/\"> Beratung und Produkte <\/a>.[\/et_pb_text][\/et_pb_column][\/et_pb_row][\/et_pb_section]<\/p>\n","protected":false},"excerpt":{"rendered":"<p>Verhindern Sie die Ausbreitung von Krankheitserregern Ihre H\u00e4nde ber\u00fchren sich mehr als Sie denken und sind eine Quelle von Bakterien. W\u00e4hrend eines Hustens oder Niesens k\u00f6nnen Tropfen auf Oberfl\u00e4chen wie eine Tischplatte oder einen T\u00fcrgriff gelangen. Es besteht eine gute Chance, dass Sie dies dann mit Ihren H\u00e4nden ber\u00fchren. Es ist am wahrscheinlichsten, dass Sie [&hellip;]<\/p>\n","protected":false},"author":37,"featured_media":0,"parent":5451,"menu_order":0,"comment_status":"closed","ping_status":"closed","template":"","meta":{"_acf_changed":false,"_et_pb_use_builder":"on","_et_pb_old_content":"","_et_gb_content_width":"","footnotes":""},"class_list":["post-5473","page","type-page","status-publish","hentry"],"acf":[],"_links":{"self":[{"href":"https:\/\/www.careplus.eu\/de\/wp-json\/wp\/v2\/pages\/5473","targetHints":{"allow":["GET"]}}],"collection":[{"href":"https:\/\/www.careplus.eu\/de\/wp-json\/wp\/v2\/pages"}],"about":[{"href":"https:\/\/www.careplus.eu\/de\/wp-json\/wp\/v2\/types\/page"}],"author":[{"embeddable":true,"href":"https:\/\/www.careplus.eu\/de\/wp-json\/wp\/v2\/users\/37"}],"replies":[{"embeddable":true,"href":"https:\/\/www.careplus.eu\/de\/wp-json\/wp\/v2\/comments?post=5473"}],"version-history":[{"count":0,"href":"https:\/\/www.careplus.eu\/de\/wp-json\/wp\/v2\/pages\/5473\/revisions"}],"up":[{"embeddable":true,"href":"https:\/\/www.careplus.eu\/de\/wp-json\/wp\/v2\/pages\/5451"}],"wp:attachment":[{"href":"https:\/\/www.careplus.eu\/de\/wp-json\/wp\/v2\/media?parent=5473"}],"curies":[{"name":"wp","href":"https:\/\/api.w.org\/{rel}","templated":true}]}}