


{"id":5448,"date":"2019-03-18T10:29:21","date_gmt":"2019-03-18T09:29:21","guid":{"rendered":"https:\/\/www.careplus.eu\/erste-hilfe-auf-reisen\/blasen\/"},"modified":"2023-09-06T11:42:31","modified_gmt":"2023-09-06T09:42:31","slug":"blasen","status":"publish","type":"page","link":"https:\/\/www.careplus.eu\/de\/erste-hilfe-auf-reisen\/blasen\/","title":{"rendered":"Blasen"},"content":{"rendered":"<p>[et_pb_section fb_built=&#8220;1&#8243; fullwidth=&#8220;on&#8220; _builder_version=&#8220;4.21.0&#8243; background_image=&#8220;https:\/\/www.careplus.eu\/wp-content\/uploads\/2023\/06\/blaren.jpg&#8220; bottom_divider_style=&#8220;curve&#8220; bottom_divider_color=&#8220;#ffffff&#8220; bottom_divider_height=&#8220;40px&#8220; global_colors_info=&#8220;{}&#8220;][et_pb_fullwidth_slider show_arrows=&#8220;off&#8220; show_pagination=&#8220;off&#8220; _builder_version=&#8220;4.21.0&#8243; global_colors_info=&#8220;{}&#8220;][et_pb_slide heading=&#8220;Blasen&#8220; use_bg_overlay=&#8220;off&#8220; use_text_overlay=&#8220;off&#8220; _builder_version=&#8220;4.21.0&#8243; header_level=&#8220;h1&#8243; header_font=&#8220;|800|||||||&#8220; header_font_size=&#8220;36&#8243; background_color=&#8220;RGBA(255,255,255,0)&#8220; background_enable_color=&#8220;on&#8220; background_enable_image=&#8220;off&#8220; button_on_hover=&#8220;on&#8220; custom_padding=&#8220;15%||15%||false|false&#8220; custom_padding_tablet=&#8220;30%||30%|&#8220; custom_padding_phone=&#8220;30%||30%|&#8220; custom_padding_last_edited=&#8220;on|desktop&#8220; header_font_size_tablet=&#8220;30&#8243; header_font_size_phone=&#8220;30&#8243; header_font_size_last_edited=&#8220;on|phone&#8220; header_text_shadow_style=&#8220;preset3&#8243; header_text_shadow_blur_strength=&#8220;0.5em&#8220; header_text_shadow_color=&#8220;rgba(0,0,0,0.6)&#8220; global_colors_info=&#8220;{}&#8220; sticky_transition=&#8220;on&#8220;][\/et_pb_slide][\/et_pb_fullwidth_slider][\/et_pb_section][et_pb_section fb_built=&#8220;1&#8243; admin_label=&#8220;INTRO&#8220; module_id=&#8220;cp_pb_page_extra&#8220; _builder_version=&#8220;4.21.0&#8243; custom_margin=&#8220;50px||||false|false&#8220; custom_padding=&#8220;0px||||false|false&#8220; global_colors_info=&#8220;{}&#8220;][et_pb_row disabled_on=&#8220;off|off|off&#8220; _builder_version=&#8220;4.21.0&#8243; background_size=&#8220;initial&#8220; background_position=&#8220;top_left&#8220; background_repeat=&#8220;repeat&#8220; custom_margin=&#8220;||||false|false&#8220; global_module=&#8220;18803&#8243; global_colors_info=&#8220;{}&#8220;][et_pb_column type=&#8220;4_4&#8243; _builder_version=&#8220;4.16&#8243; custom_padding=&#8220;|||&#8220; global_colors_info=&#8220;{}&#8220; custom_padding__hover=&#8220;|||&#8220;][et_pb_dmb_breadcrumbs admin_label=&#8220;Breadcrumbs&#8220; _builder_version=&#8220;4.21.0&#8243; body_font_size_tablet=&#8220;51&#8243; body_line_height_tablet=&#8220;2&#8243; separator_font_size_tablet=&#8220;51&#8243; separator_line_height_tablet=&#8220;2&#8243; link_font_size_tablet=&#8220;51&#8243; link_line_height_tablet=&#8220;2&#8243; linkhover_font_size_tablet=&#8220;51&#8243; linkhover_line_height_tablet=&#8220;2&#8243; global_colors_info=&#8220;{}&#8220;][\/et_pb_dmb_breadcrumbs][\/et_pb_column][\/et_pb_row][et_pb_row _builder_version=&#8220;4.16&#8243; global_colors_info=&#8220;{}&#8220;][et_pb_column type=&#8220;4_4&#8243; _builder_version=&#8220;4.16&#8243; custom_padding=&#8220;|||&#8220; global_colors_info=&#8220;{}&#8220; custom_padding__hover=&#8220;|||&#8220;][et_pb_text admin_label=&#8220;Inleiding&#8220; module_id=&#8220;cp_pb_extra_content&#8220; _builder_version=&#8220;4.22.1&#8243; header_2_font=&#8220;|800|||||||&#8220; header_2_font_size=&#8220;30px&#8220; hover_enabled=&#8220;0&#8243; global_colors_info=&#8220;{}&#8220; sticky_enabled=&#8220;0&#8243;]<\/p>\n<h2>Was sind Blasen?<\/h2>\n<p><strong>Blasen verursachen Schmerzen und Unbehagen und k\u00f6nnen einen Ausflug, eine Wanderung oder eine St\u00e4dtereise ruinieren. Blasen sind mit Fl\u00fcssigkeit gef\u00fcllte Bl\u00e4schen, die sich auf der \u00e4u\u00dferen Schicht der Haut bilden. Sie k\u00f6nnen an verschiedenen K\u00f6rperstellen auftreten, z. B. an den F\u00fc\u00dfen, H\u00e4nden oder an anderen K\u00f6rperstellen, die viel Reibung erfahren. Es ist wichtig, eine Blase richtig zu behandeln, um das Risiko einer Infektion zu verringern.<\/strong><\/p>\n<p>[\/et_pb_text][\/et_pb_column][\/et_pb_row][et_pb_row column_structure=&#8220;2_3,1_3&#8243; _builder_version=&#8220;4.16&#8243; locked=&#8220;off&#8220; global_colors_info=&#8220;{}&#8220;][et_pb_column type=&#8220;2_3&#8243; _builder_version=&#8220;4.16&#8243; custom_padding=&#8220;|||&#8220; global_colors_info=&#8220;{}&#8220; custom_padding__hover=&#8220;|||&#8220;][et_pb_text admin_label=&#8220;Hoe ontstaan blaren?&#8220; module_id=&#8220;cp_pb_extra_content&#8220; _builder_version=&#8220;4.22.1&#8243; header_2_font=&#8220;|800|||||||&#8220; header_2_font_size=&#8220;30px&#8220; hover_enabled=&#8220;0&#8243; global_colors_info=&#8220;{}&#8220; sticky_enabled=&#8220;0&#8243;]<\/p>\n<h3>Wie entstehen Blasen?<\/h3>\n<p>Blasen entstehen durch Reibung, z. B. durch einen Schuh oder eine Socke, die auf der Haut reiben, oder durch Hitze, Feuchtigkeit oder eine Kombination aus diesen Faktoren. Der K\u00f6rper bildet die Blase, um die Wunde vor weiterer Reibung oder Druck zu sch\u00fctzen. Wenn zu viel Druck oder Reibung auf die Haut ausge\u00fcbt wird, wird die oberste Schicht besch\u00e4digt und es sammelt sich Fl\u00fcssigkeit an.[\/et_pb_text][\/et_pb_column][et_pb_column type=&#8220;1_3&#8243; _builder_version=&#8220;4.16&#8243; custom_padding=&#8220;|||&#8220; global_colors_info=&#8220;{}&#8220; custom_padding__hover=&#8220;|||&#8220;][et_pb_image src=&#8220;https:\/\/www.careplus.eu\/wp-content\/uploads\/2018\/12\/blaren.jpg&#8220; title_text=&#8220;Blaar op hiel &#8220; _builder_version=&#8220;4.21.0&#8243; _module_preset=&#8220;default&#8220; border_radii=&#8220;on|10px|10px|10px|10px&#8220; global_colors_info=&#8220;{}&#8220;][\/et_pb_image][\/et_pb_column][\/et_pb_row][et_pb_row _builder_version=&#8220;4.16&#8243; background_size=&#8220;initial&#8220; background_position=&#8220;top_left&#8220; background_repeat=&#8220;repeat&#8220; global_colors_info=&#8220;{}&#8220;][et_pb_column type=&#8220;4_4&#8243; _builder_version=&#8220;4.16&#8243; custom_padding=&#8220;|||&#8220; global_colors_info=&#8220;{}&#8220; custom_padding__hover=&#8220;|||&#8220;][et_pb_text admin_label=&#8220;Tips om blaren te voorkomen&#8220; _builder_version=&#8220;4.22.1&#8243; hover_enabled=&#8220;0&#8243; global_colors_info=&#8220;{}&#8220; sticky_enabled=&#8220;0&#8243;]<\/p>\n<h3>Vorbeugung von Blasen<\/h3>\n<p>Die <a href=\"https:\/\/www.careplus.eu\/de\/erste-hilfe-auf-reisen\/blasen\/verhindern\/\" rel=\"noopener noreferrer\">Vorbeugung von Blasen<\/a> ist der Schl\u00fcssel zum Komfort. Mit diesen einfachen Tipps k\u00f6nnen Sie das Risiko von Blasen erheblich verringern:<\/p>\n<ul>\n<li><strong>W\u00e4hlen Sie geeignetes Schuhwerk.<\/strong> Tragen Sie gut sitzende Schuhe, die ausreichend Halt und D\u00e4mpfung bieten. Vermeiden Sie enge oder schlecht sitzende Schuhe, die Reibung und Druckstellen verursachen k\u00f6nnen.<\/li>\n<li><strong>Verwenden Sie feuchtigkeitsableitende Socken.<\/strong> Diese Socken sorgen daf\u00fcr, dass Ihre F\u00fc\u00dfe trocken bleiben, indem sie Schwei\u00df und Feuchtigkeit ableiten. Feuchte Haut ist anf\u00e4lliger f\u00fcr Blasenbildung. Das Tragen dieser Art von Socken kann also das Risiko von Blasen verringern.<\/li>\n<li><strong>Tragen Sie Gleitmittel oder Puder auf.<\/strong> Um die Reibung zu verringern, k\u00f6nnen Sie eine d\u00fcnne Schicht Gleitmittel wie Vaseline oder spezielle Anti-Blasen-Produkte auf die Stellen auftragen, die zu Blasenbildung neigen. Alternativ k\u00f6nnen Sie Talkumpuder oder Antireibungspuder verwenden, um Ihre Haut trocken zu halten und \u00fcberm\u00e4\u00dfige Feuchtigkeit zu vermeiden.<\/li>\n<li><strong>Verwenden Sie ein Blasenpflaster.<\/strong> Auf die Stelle, an der Sie eher eine Blase bekommen, zum Beispiel an den Fersen, k\u00f6nnen Sie vorbeugend ein Blasenpflaster kleben. Das d\u00e4mpft die Reibung, wenn sie auftritt.<\/li>\n<\/ul>\n<p>[\/et_pb_text][\/et_pb_column][\/et_pb_row][et_pb_row _builder_version=&#8220;4.16&#8243; background_size=&#8220;initial&#8220; background_position=&#8220;top_left&#8220; background_repeat=&#8220;repeat&#8220; global_colors_info=&#8220;{}&#8220;][et_pb_column type=&#8220;4_4&#8243; _builder_version=&#8220;4.16&#8243; custom_padding=&#8220;|||&#8220; global_colors_info=&#8220;{}&#8220; custom_padding__hover=&#8220;|||&#8220;][et_pb_text admin_label=&#8220;Blaren behandelen&#8220; _builder_version=&#8220;4.22.1&#8243; hover_enabled=&#8220;0&#8243; global_colors_info=&#8220;{}&#8220; sticky_enabled=&#8220;0&#8243;]<\/p>\n<h3>Behandlung von Blasen<\/h3>\n<p>Haben Sie sich trotz vorbeugender Ma\u00dfnahmen eine Blase zugezogen? Dann ist es wichtig, sie richtig zu behandeln, um das Risiko einer Infektion zu verringern. Eine Blase kann platzen, wenn der Druck oder die Reibung nicht gelindert wird. Dann haben Sie eine offene Wunde, die sich leicht infizieren kann. Abhilfe k\u00f6nnen Sie schaffen, indem Sie ein gutes Blasenpflaster auf die Blase kleben. Unsere <a href=\"https:\/\/www.careplus.eu\/de\/erste-hilfe-auf-reisen\/blasen\/behandeln\/blasenpflaster\/\">Care Plus<sup style=\"font-size: 10px;\">\u00ae<\/sup> Blister Plasters<\/a> gibt es in den Varianten Duo Pack und Ultimate.<\/p>\n<p>[\/et_pb_text][\/et_pb_column][\/et_pb_row][\/et_pb_section]<\/p>\n","protected":false},"excerpt":{"rendered":"<p>Was sind Blasen? Blasen verursachen Schmerzen und Unbehagen und k\u00f6nnen einen Ausflug, eine Wanderung oder eine St\u00e4dtereise ruinieren. Blasen sind mit Fl\u00fcssigkeit gef\u00fcllte Bl\u00e4schen, die sich auf der \u00e4u\u00dferen Schicht der Haut bilden. Sie k\u00f6nnen an verschiedenen K\u00f6rperstellen auftreten, z. B. an den F\u00fc\u00dfen, H\u00e4nden oder an anderen K\u00f6rperstellen, die viel Reibung erfahren. Es ist [&hellip;]<\/p>\n","protected":false},"author":37,"featured_media":0,"parent":5335,"menu_order":0,"comment_status":"closed","ping_status":"closed","template":"","meta":{"_acf_changed":false,"_et_pb_use_builder":"on","_et_pb_old_content":"","_et_gb_content_width":"","footnotes":""},"class_list":["post-5448","page","type-page","status-publish","hentry"],"acf":[],"_links":{"self":[{"href":"https:\/\/www.careplus.eu\/de\/wp-json\/wp\/v2\/pages\/5448","targetHints":{"allow":["GET"]}}],"collection":[{"href":"https:\/\/www.careplus.eu\/de\/wp-json\/wp\/v2\/pages"}],"about":[{"href":"https:\/\/www.careplus.eu\/de\/wp-json\/wp\/v2\/types\/page"}],"author":[{"embeddable":true,"href":"https:\/\/www.careplus.eu\/de\/wp-json\/wp\/v2\/users\/37"}],"replies":[{"embeddable":true,"href":"https:\/\/www.careplus.eu\/de\/wp-json\/wp\/v2\/comments?post=5448"}],"version-history":[{"count":0,"href":"https:\/\/www.careplus.eu\/de\/wp-json\/wp\/v2\/pages\/5448\/revisions"}],"up":[{"embeddable":true,"href":"https:\/\/www.careplus.eu\/de\/wp-json\/wp\/v2\/pages\/5335"}],"wp:attachment":[{"href":"https:\/\/www.careplus.eu\/de\/wp-json\/wp\/v2\/media?parent=5448"}],"curies":[{"name":"wp","href":"https:\/\/api.w.org\/{rel}","templated":true}]}}