


{"id":5440,"date":"2019-03-18T10:03:41","date_gmt":"2019-03-18T09:03:41","guid":{"rendered":"https:\/\/www.careplus.eu\/erste-hilfe-auf-reisen\/erste-hilfe-zubehor\/"},"modified":"2023-06-27T17:20:52","modified_gmt":"2023-06-27T15:20:52","slug":"erste-hilfe-zubehor","status":"publish","type":"page","link":"https:\/\/www.careplus.eu\/de\/erste-hilfe-auf-reisen\/erste-hilfe-zubehor\/","title":{"rendered":"Erste-Hilfe Zubeh\u00f6r"},"content":{"rendered":"<p>[et_pb_section fb_built=&#8220;1&#8243; fullwidth=&#8220;on&#8220; _builder_version=&#8220;4.16&#8243; bottom_divider_style=&#8220;curve&#8220; bottom_divider_color=&#8220;#ffffff&#8220; bottom_divider_height=&#8220;40px&#8220; global_colors_info=&#8220;{}&#8220;][et_pb_fullwidth_slider show_arrows=&#8220;off&#8220; show_pagination=&#8220;off&#8220; _builder_version=&#8220;4.16&#8243; global_colors_info=&#8220;{}&#8220;][et_pb_slide heading=&#8220;Erste-Hilfe Zubeh\u00f6r&#8220; use_bg_overlay=&#8220;off&#8220; use_text_overlay=&#8220;off&#8220; _builder_version=&#8220;4.16&#8243; header_level=&#8220;h1&#8243; header_font=&#8220;|800|||||||&#8220; header_font_size=&#8220;36&#8243; background_color=&#8220;#0b6a30&#8243; background_image=&#8220;https:\/\/www.careplus.eu\/wp-content\/uploads\/2019\/03\/care-plus-ehbo-accessoires-1.jpg&#8220; button_on_hover=&#8220;on&#8220; custom_padding=&#8220;15%||15%|&#8220; custom_padding_tablet=&#8220;30%||30%|&#8220; custom_padding_phone=&#8220;30%||30%|&#8220; custom_padding_last_edited=&#8220;on|desktop&#8220; header_font_size_tablet=&#8220;30&#8243; header_font_size_phone=&#8220;30&#8243; header_font_size_last_edited=&#8220;on|tablet&#8220; header_text_shadow_style=&#8220;preset3&#8243; header_text_shadow_blur_strength=&#8220;0.5em&#8220; header_text_shadow_color=&#8220;rgba(0,0,0,0.6)&#8220; global_colors_info=&#8220;{}&#8220; sticky_transition=&#8220;on&#8220;][\/et_pb_slide][\/et_pb_fullwidth_slider][\/et_pb_section][et_pb_section fb_built=&#8220;1&#8243; module_id=&#8220;cp_pb_page_content&#8220; module_class=&#8220;cp_pb_regular_post_content&#8220; _builder_version=&#8220;4.16&#8243; background_color=&#8220;#ffffff&#8220; custom_padding=&#8220;0px|||&#8220; global_colors_info=&#8220;{}&#8220;][et_pb_row admin_label=&#8220;Page Header&#8220; _builder_version=&#8220;4.16&#8243; background_size=&#8220;initial&#8220; background_position=&#8220;top_left&#8220; background_repeat=&#8220;repeat&#8220; collapsed=&#8220;off&#8220; global_colors_info=&#8220;{}&#8220;][et_pb_column type=&#8220;4_4&#8243; _builder_version=&#8220;4.16&#8243; custom_padding=&#8220;|||&#8220; global_colors_info=&#8220;{}&#8220; custom_padding__hover=&#8220;|||&#8220;][et_pb_divider show_divider=&#8220;off&#8220; _builder_version=&#8220;4.16&#8243; global_colors_info=&#8220;{}&#8220;][\/et_pb_divider][et_pb_dmb_breadcrumbs _builder_version=&#8220;4.16&#8243; body_font_size_tablet=&#8220;51&#8243; body_line_height_tablet=&#8220;2&#8243; separator_font_size_tablet=&#8220;51&#8243; separator_line_height_tablet=&#8220;2&#8243; link_font_size_tablet=&#8220;51&#8243; link_line_height_tablet=&#8220;2&#8243; linkhover_font_size_tablet=&#8220;51&#8243; linkhover_line_height_tablet=&#8220;2&#8243; global_colors_info=&#8220;{}&#8220;][\/et_pb_dmb_breadcrumbs][et_pb_text admin_label=&#8220;Inleiding&#8220; _builder_version=&#8220;4.16&#8243; header_2_font=&#8220;|800|||||||&#8220; global_colors_info=&#8220;{}&#8220;]<\/p>\n<h2>Erste-Hilfe Zubeh\u00f6r<\/h2>\n<p><strong>Care Plus<sup style=\"font-size: 10px;\">\u00ae<\/sup> hat Erste-Hilfe Produkte wie feuerfeste Decken, Ohrst\u00f6psel f\u00fcr den Flug (earplugs) und Notfalldecken gegen Unterk\u00fchlung.<\/strong><\/p>\n<p>Seit mehr als 20 Jahren stellen wir sorgf\u00e4ltig Erste-Hilfe Sets und Verbandsk\u00e4sten f\u00fcr zu Hause und unterwegs zusammen. Jedes Set und jeder Sanit\u00e4tskasten wurde in Zusammenarbeit mit den Expeditions\u00e4rzten sorgf\u00e4ltig zusammengestellt. Vervollst\u00e4ndige deine Erste-Hilfe Ausr\u00fcstung und erg\u00e4nze sie mit deinen eigenen Medikamenten, Notrufnummern und zus\u00e4tzlichem Zubeh\u00f6r wie Rettungsdecke, Ohrst\u00f6psel und wasserdichten Pflastern.<\/p>\n<p>[\/et_pb_text][\/et_pb_column][\/et_pb_row][\/et_pb_section][et_pb_section fb_built=&#8220;1&#8243; module_id=&#8220;cp_pb_call_to_action&#8220; module_class=&#8220;cp_pb_divider&#8220; _builder_version=&#8220;4.16&#8243; background_color=&#8220;#e4e8e7&#8243; global_colors_info=&#8220;{}&#8220;][et_pb_row column_structure=&#8220;1_3,2_3&#8243; use_custom_gutter=&#8220;on&#8220; gutter_width=&#8220;2&#8243; admin_label=&#8220;CTA&#8220; _builder_version=&#8220;4.16&#8243; background_color=&#8220;#ffffff&#8220; background_size=&#8220;initial&#8220; background_position=&#8220;top_left&#8220; background_repeat=&#8220;repeat&#8220; custom_padding=&#8220;|20px||20px&#8220; border_radii=&#8220;on|10px|10px|10px|10px&#8220; collapsed=&#8220;off&#8220; global_colors_info=&#8220;{}&#8220;][et_pb_column type=&#8220;1_3&#8243; _builder_version=&#8220;4.16&#8243; background_color=&#8220;#ffffff&#8220; custom_padding=&#8220;|||&#8220; global_colors_info=&#8220;{}&#8220; custom_padding__hover=&#8220;|||&#8220;][et_pb_image src=&#8220;https:\/\/www.careplus.eu\/wp-content\/uploads\/2025\/05\/Care-Plus\u00ae-Emergency-Blanket.webp&#8220; title_text=&#8220;Care Plus\u00ae Emergency Blanket&#8220; url=&#8220;https:\/\/www.careplus-shop.nl\/reddingsdeken-emergency-blanket&#8220; url_new_window=&#8220;on&#8220; align_tablet=&#8220;center&#8220; align_phone=&#8220;&#8220; align_last_edited=&#8220;on|desktop&#8220; _builder_version=&#8220;4.21.0&#8243; hover_enabled=&#8220;0&#8243; global_colors_info=&#8220;{}&#8220; alt=&#8220;Die Care Plus\u00ae Notfalldecke sch\u00fctzt sowohl vor K\u00e4lte als auch vor Hitze&#8220; sticky_enabled=&#8220;0&#8243;][\/et_pb_image][\/et_pb_column][et_pb_column type=&#8220;2_3&#8243; _builder_version=&#8220;4.16&#8243; background_color=&#8220;#ffffff&#8220; custom_padding=&#8220;|||&#8220; global_colors_info=&#8220;{}&#8220; custom_padding__hover=&#8220;|||&#8220;][et_pb_text admin_label=&#8220;Emergency Blanket&#8220; _builder_version=&#8220;4.16&#8243; custom_margin=&#8220;120px||||false|false&#8220; custom_margin_tablet=&#8220;0px||||false|false&#8220; custom_margin_phone=&#8220;0px||||false|false&#8220; custom_margin_last_edited=&#8220;on|desktop&#8220; custom_padding=&#8220;0px|15px||15px|false|false&#8220; global_colors_info=&#8220;{}&#8220;]<\/p>\n<h3>Notfalldecke<\/h3>\n<p>Sch\u00fctzt vor K\u00e4lte oder Hitze. Einsetzbar bei Unf\u00e4llen, Br\u00e4nden und St\u00fcrmen.<\/p>\n<p>[\/et_pb_text][et_pb_toggle title=&#8220;Anwendung&#8220; icon_color=&#8220;#006b2d&#8220; open_icon_color=&#8220;#006b2d&#8220; admin_label=&#8220;Gebruik&#8220; _builder_version=&#8220;4.16&#8243; background_color=&#8220;#f4f4f4&#8243; custom_margin=&#8220;20px|20px|20px|20px&#8220; custom_padding=&#8220;|15px||15px&#8220; border_radii=&#8220;on|10px|10px|10px|10px&#8220; global_colors_info=&#8220;{}&#8220;]<\/p>\n<ul>\n<li>K\u00e4lteschutz: silberne Seite nach innen. Die Aluminiumschicht reflektiert ca. 80% der K\u00f6rpertemperatur und verhindert so Unterk\u00fchlung und Frost.<\/li>\n<li>Hitzeschutz: silberne Seite nach au\u00dfen. Sonnenstrahlen werden reflektiert und halten den K\u00f6rper k\u00fchl (oder das Auto, Zelt, etc.).<\/li>\n<\/ul>\n<p>[\/et_pb_toggle][et_pb_toggle title=&#8220;Produktdetails&#8220; icon_color=&#8220;#006b2d&#8220; open_icon_color=&#8220;#006b2d&#8220; admin_label=&#8220;Specificaties&#8220; _builder_version=&#8220;4.16&#8243; background_color=&#8220;#f4f4f4&#8243; custom_margin=&#8220;20px|20px|20px|20px&#8220; custom_padding=&#8220;|15px||15px&#8220; border_radii=&#8220;on|10px|10px|10px|10px&#8220; global_colors_info=&#8220;{}&#8220;]<\/p>\n<ul>\n<li>Abmessungen (aufgeklappt): 160 x 210 cm<\/li>\n<li>Gewicht: 55 Gramm <\/li>\n<\/ul>\n<p>[\/et_pb_toggle][et_pb_divider show_divider=&#8220;off&#8220; _builder_version=&#8220;4.16&#8243; height=&#8220;10px&#8220; global_colors_info=&#8220;{}&#8220;][\/et_pb_divider][et_pb_button button_url=&#8220;https:\/\/www.careplus-shop.nl\/reddingsdeken-emergency-blanket&#8220; url_new_window=&#8220;on&#8220; button_text=&#8220;Ausw\u00e4hlen &#038; Bestellen&#8220; button_alignment=&#8220;center&#8220; admin_label=&#8220;Kies &#038; Bestel&#8220; _builder_version=&#8220;4.16&#8243; background_layout=&#8220;dark&#8220; global_colors_info=&#8220;{}&#8220;][\/et_pb_button][\/et_pb_column][\/et_pb_row][\/et_pb_section][et_pb_section fb_built=&#8220;1&#8243; module_id=&#8220;cp_pb_page_content&#8220; module_class=&#8220;cp_pb_regular_post_content&#8220; _builder_version=&#8220;4.16&#8243; background_color=&#8220;#ffffff&#8220; custom_padding=&#8220;0px|||&#8220; global_colors_info=&#8220;{}&#8220;][et_pb_row admin_label=&#8220;Page Header&#8220; _builder_version=&#8220;4.16&#8243; background_size=&#8220;initial&#8220; background_position=&#8220;top_left&#8220; background_repeat=&#8220;repeat&#8220; collapsed=&#8220;off&#8220; global_colors_info=&#8220;{}&#8220;][et_pb_column type=&#8220;4_4&#8243; _builder_version=&#8220;4.16&#8243; custom_padding=&#8220;|||&#8220; global_colors_info=&#8220;{}&#8220; custom_padding__hover=&#8220;|||&#8220;][et_pb_text admin_label=&#8220;EHBO-sets&#8220; _builder_version=&#8220;4.16&#8243; header_2_font=&#8220;|800|||||||&#8220; global_colors_info=&#8220;{}&#8220;]<\/p>\n<p>\n&nbsp;<\/p>\n<h3>First Aid Kit<\/h3>\n<p>An accident can happen when you least expect it, in and around the house, while on a fun day trip or on a long journey. It can ruin your relaxing weekend, your day out, your city trip or your holiday in the tropics. With the Care Plus\u00ae First Aid kits and accessories, you are always perfectly prepared for mishaps and emergency situations. Due to the extensive range of First Aid Kits, you will always have the right kit to take with you.<\/p>\n<p>[\/et_pb_text][\/et_pb_column][\/et_pb_row][\/et_pb_section]<\/p>\n","protected":false},"excerpt":{"rendered":"<p>Erste-Hilfe Zubeh\u00f6r Care Plus\u00ae hat Erste-Hilfe Produkte wie feuerfeste Decken, Ohrst\u00f6psel f\u00fcr den Flug (earplugs) und Notfalldecken gegen Unterk\u00fchlung. Seit mehr als 20 Jahren stellen wir sorgf\u00e4ltig Erste-Hilfe Sets und Verbandsk\u00e4sten f\u00fcr zu Hause und unterwegs zusammen. Jedes Set und jeder Sanit\u00e4tskasten wurde in Zusammenarbeit mit den Expeditions\u00e4rzten sorgf\u00e4ltig zusammengestellt. Vervollst\u00e4ndige deine Erste-Hilfe Ausr\u00fcstung und [&hellip;]<\/p>\n","protected":false},"author":37,"featured_media":0,"parent":5335,"menu_order":0,"comment_status":"closed","ping_status":"closed","template":"","meta":{"_acf_changed":false,"_et_pb_use_builder":"on","_et_pb_old_content":"","_et_gb_content_width":"","footnotes":""},"class_list":["post-5440","page","type-page","status-publish","hentry"],"acf":[],"_links":{"self":[{"href":"https:\/\/www.careplus.eu\/de\/wp-json\/wp\/v2\/pages\/5440","targetHints":{"allow":["GET"]}}],"collection":[{"href":"https:\/\/www.careplus.eu\/de\/wp-json\/wp\/v2\/pages"}],"about":[{"href":"https:\/\/www.careplus.eu\/de\/wp-json\/wp\/v2\/types\/page"}],"author":[{"embeddable":true,"href":"https:\/\/www.careplus.eu\/de\/wp-json\/wp\/v2\/users\/37"}],"replies":[{"embeddable":true,"href":"https:\/\/www.careplus.eu\/de\/wp-json\/wp\/v2\/comments?post=5440"}],"version-history":[{"count":0,"href":"https:\/\/www.careplus.eu\/de\/wp-json\/wp\/v2\/pages\/5440\/revisions"}],"up":[{"embeddable":true,"href":"https:\/\/www.careplus.eu\/de\/wp-json\/wp\/v2\/pages\/5335"}],"wp:attachment":[{"href":"https:\/\/www.careplus.eu\/de\/wp-json\/wp\/v2\/media?parent=5440"}],"curies":[{"name":"wp","href":"https:\/\/api.w.org\/{rel}","templated":true}]}}