


{"id":5415,"date":"2019-03-17T13:34:06","date_gmt":"2019-03-17T12:34:06","guid":{"rendered":"https:\/\/www.careplus.eu\/haftungsausschluss\/"},"modified":"2021-04-26T22:16:57","modified_gmt":"2021-04-26T20:16:57","slug":"haftungsausschluss","status":"publish","type":"page","link":"https:\/\/www.careplus.eu\/de\/haftungsausschluss\/","title":{"rendered":"Haftungsausschluss"},"content":{"rendered":"<p>[et_pb_section fb_built=&#8220;1&#8243; fullwidth=&#8220;on&#8220; _builder_version=&#8220;3.22&#8243; bottom_divider_style=&#8220;curve&#8220; bottom_divider_color=&#8220;#ffffff&#8220; bottom_divider_height=&#8220;40px&#8220;][et_pb_fullwidth_slider show_arrows=&#8220;off&#8220; show_pagination=&#8220;off&#8220; _builder_version=&#8220;3.19.6&#8243;][et_pb_slide heading=&#8220;Haftungsausschluss&#8220; use_bg_overlay=&#8220;off&#8220; use_text_overlay=&#8220;off&#8220; _builder_version=&#8220;3.19.6&#8243; header_level=&#8220;h1&#8243; header_font=&#8220;|800|||||||&#8220; header_font_size=&#8220;36&#8243; background_color=&#8220;#0b6a30&#8243; background_image=&#8220;https:\/\/www.careplus.eu\/wp-content\/uploads\/2019\/01\/careplus-over-ons-1.jpg&#8220; button_on_hover=&#8220;on&#8220; custom_padding=&#8220;15%||15%|&#8220; custom_padding_tablet=&#8220;15%||15%|&#8220; custom_padding_phone=&#8220;30%||30%|&#8220; custom_padding_last_edited=&#8220;on|phone&#8220; header_font_size_tablet=&#8220;36&#8243; header_font_size_phone=&#8220;36&#8243; header_text_shadow_style=&#8220;preset3&#8243; header_text_shadow_blur_strength=&#8220;0.5em&#8220; header_text_shadow_color=&#8220;rgba(0,0,0,0.6)&#8220; sticky_transition=&#8220;on&#8220;][\/et_pb_slide][\/et_pb_fullwidth_slider][\/et_pb_section][et_pb_section fb_built=&#8220;1&#8243; _builder_version=&#8220;3.22&#8243;][et_pb_row _builder_version=&#8220;3.25&#8243; background_size=&#8220;initial&#8220; background_position=&#8220;top_left&#8220; background_repeat=&#8220;repeat&#8220;][et_pb_column type=&#8220;4_4&#8243; _builder_version=&#8220;3.25&#8243; custom_padding=&#8220;|||&#8220; custom_padding__hover=&#8220;|||&#8220;][et_pb_text admin_label=&#8220;Disclaimer&#8220; _builder_version=&#8220;4.9.4&#8243; hover_enabled=&#8220;0&#8243; sticky_enabled=&#8220;0&#8243;]<\/p>\n<h3>Anwendbarkeit<\/h3>\n<p>Diese Bedingungen gelten unter Ausschluss anderer allgemeiner Bedingungen f\u00fcr alle von Tropenzorg BV ausgef\u00fchrten T\u00e4tigkeiten. Mit dem Besuch der Webseiten von Tropenzorg BV oder der Nutzung der Dienstleistungen oder Produkte von Tropenzorg BV akzeptiert der Kunde oder Besucher der Webseiten die Anwendbarkeit dieser Allgemeinen Gesch\u00e4ftsbedingungen. Von diesen Bedingungen kann nur mit schriftlicher Zustimmung von Tropenzorg BV abgewichen werden, wobei die \u00fcbrigen Bedingungen in vollem Umfang gelten.<\/p>\n<p> &nbsp;<\/p>\n<h3>Haftung<\/h3>\n<p>Die Informationen auf den Webseiten von Tropenzorg BV werden mit Sorgfalt zusammengestellt. Tropenzorg BV \u00fcbernimmt keinerlei Haftung f\u00fcr die Vollst\u00e4ndigkeit oder Richtigkeit der Informationen. Tropenzorg BV \u00fcbernimmt keinerlei Haftung f\u00fcr Fehler im Inhalt der Webseiten und Anwendungen.<\/p>\n<p>Die Webseiten und\/oder Anwendungen dienen der allgemeinen Information und richten sich nicht speziell an eine einzelne Person oder eine bestimmte medizinische Situation, z.B. den Besucher der Webseite oder eine Person in seiner Umgebung. Sie sind kein Ersatz f\u00fcr medizinische oder andere professionelle Beratung. Tropenzorg BV \u00fcbernimmt keine Verantwortung f\u00fcr Handlungen, die auf der Grundlage der Webseiten durchgef\u00fchrt werden.<\/p>\n<p> &nbsp;<\/p>\n<h3>Interaktive Informationen<\/h3>\n<p>In einigen F\u00e4llen bietet Tropenzorg BV den Besuchern seiner Webseiten automatisierte Frage-Antwort-Module, die auf der Grundlage einer Reihe von Multiple-Choice-Fragen, die der Besucher durchl\u00e4uft, &#8222;ma\u00dfgeschneiderte&#8220; Informationen liefern. Anhand eines vordefinierten automatisierten Entscheidungsbaums beantwortet der Besucher Fragen, woraufhin Informationen automatisch erzeugt werden. Es gibt keinen eigentlichen Betreuungskontakt oder -ersatz und daher gelten hier nicht die WGBO oder die in L\u00e4ndern au\u00dferhalb der Niederlande gleicherma\u00dfen geltenden Gesetze.<\/p>\n<p> &nbsp;<\/p>\n<h3>Medizinische Beratung<\/h3>\n<p>Da die Tropenzorg BV in keiner Weise direkt (z.B. per Telefon oder E-Mail) oder indirekt eine medizinische Beratung anbietet, die als Ersatz f\u00fcr eine professionelle medizinische Beratung gedacht ist, werden keine E-Mails oder Telefonate von Besuchern beantwortet, die sich auf Fragen oder Antr\u00e4ge zu medizinisch-psychischen Beschwerden beziehen, die sich aus der Verwendung der Care-Plus\u00ae-Produkte der Tropenzorg BV ergeben. Ein behandelnder Arzt kann sich jederzeit mit Tropenzorg BV in Verbindung setzen, wenn eine m\u00f6gliche Nebenwirkung unseres Produkts vorliegt.<\/p>\n<p> &nbsp;<\/p>\n<h3>Externe Links<\/h3>\n<p>Die Informationen auf den Webseiten der Tropenzorg BV beziehen sich regelm\u00e4\u00dfig auf Webseiten Dritter. Diese Hyperlinks dienen ausschlie\u00dflich der Information der Besucher der Webseiten der Tropenzorg BV. Tropenzorg BV und die Informationsanbieter wenden \u00e4u\u00dferste Sorgfalt bei der Auswahl der Verweise auf Webseiten Dritter (Hyperlinks) an, haben aber keinerlei Kontrolle \u00fcber die Informationen und\/oder Dienstleistungen, die diese Webseiten anbieten und\/oder unterhalten, weder w\u00e4hrend der ersten Platzierung des Links noch zu einem sp\u00e4teren Zeitpunkt. Tropenzorg BV ist daher nicht verantwortlich oder haftbar f\u00fcr die \u00fcber diese Links angebotenen Informationen, Produkte oder Dienstleistungen.<\/p>\n<p> &nbsp;<\/p>\n<h3>Technik<\/h3>\n<p>Die von Tropenzorg BV angebotenen Informationen und Dienstleistungen werden \u00fcber das Internet und \u00fcber Anwendungen (Apps) bereitgestellt. Tropenzorg BV haftet nicht f\u00fcr die technische Verf\u00fcgbarkeit der Webseite und eine m\u00f6gliche Kontamination mit Computerviren w\u00e4hrend des Besuchs der Webseite. Tropenzorg BV ist bestrebt, die Online-\u00dcbertragung von Informationen virenfrei, ununterbrochen und fehlerfrei zu gew\u00e4hrleisten, kann dies aber nicht zu 100% garantieren. Wir streben jedoch eine optimale Verf\u00fcgbarkeitsgarantie an.<\/p>\n<p> &nbsp;<\/p>\n<h3>Verwendung von Daten<\/h3>\n<p>Mit der Nutzung der Webseiten erkl\u00e4rt sich der Nutzer damit einverstanden, dass seine Daten und sein Nutzungsverhalten f\u00fcr kommerzielle Zwecke verwendet werden. Tropenzorg BV hat das Recht, diese Informationen f\u00fcr bestimmte Zwecke zu verwenden, wie z.B. die Erstellung privater Webseiten oder f\u00fcr Marketingzwecke. Die Bestimmungen der Datenschutz-Grundverordnung bleiben hiervon unber\u00fchrt.<\/p>\n<p> &nbsp;<\/p>\n<h3>Urheberrecht<\/h3>\n<p>Die auf diesen Webseiten angezeigten Informationen, wie Texte, Bilder, Marken, Logos, (Handels-)Namen oder Informationen in anderer Form, sind Eigentum von Tropenzorg BV oder werden an den Kunden der Webseite lizenziert. Die Informationen auf dieser Webseite, unabh\u00e4ngig von ihrem Aussehen, d\u00fcrfen ohne die vorherige schriftliche Zustimmung von Tropenzorg BV nicht ver\u00e4ndert, reproduziert oder verbreitet werden. Die in den Artikeln und Ank\u00fcndigungen auf den Webseiten von Tropenzorg BV ge\u00e4u\u00dferten Aussagen und Meinungen sind die des\/der Verfasser(in) und nicht (notwendigerweise) die der Redaktion, des Webmasters, des App Store oder des Internet-Providers.<\/p>\n<p> &nbsp;<\/p>\n<h3>\u00c4nderungen<\/h3>\n<p>Tropenzorg BV beh\u00e4lt sich das Recht vor, die auf oder \u00fcber die Webseiten und Anwendungen von Tropenzorg BV angebotenen Informationen, einschlie\u00dflich des Textes des Haftungsausschlusses, jederzeit und ohne vorherige Ank\u00fcndigung zu \u00e4ndern. Es ist ratsam, regelm\u00e4\u00dfig zu \u00fcberpr\u00fcfen, ob sich die auf oder \u00fcber die Webseiten von Tropenzorg BV angebotenen Informationen, einschlie\u00dflich des Textes des Haftungsausschlusses, ge\u00e4ndert haben.<\/p>\n<p> &nbsp;<\/p>\n<p><Anwendbares Recht<\/h3>\n<p>Auf Webseiten und Anwendungen von Tropenzorg BV sowie den Haftungsausschluss ist niederl\u00e4ndisches Recht anwendbar. Alle Streitigkeiten, die sich aus oder im Zusammenhang mit dem Haftungsausschluss ergeben, werden ausschlie\u00dflich dem Gericht in Zwolle vorgelegt. Wenn Versionen des Haftungsausschlusses in anderen Sprachen Unstimmigkeiten aufweisen oder zu unterschiedlichen Auslegungen f\u00fchren, ist die Version in niederl\u00e4ndischer Sprache ma\u00dfgebend.<\/p>\n<p>[\/et_pb_text][\/et_pb_column][\/et_pb_row][\/et_pb_section]<\/p>\n","protected":false},"excerpt":{"rendered":"<p>Anwendbarkeit Diese Bedingungen gelten unter Ausschluss anderer allgemeiner Bedingungen f\u00fcr alle von Tropenzorg BV ausgef\u00fchrten T\u00e4tigkeiten. Mit dem Besuch der Webseiten von Tropenzorg BV oder der Nutzung der Dienstleistungen oder Produkte von Tropenzorg BV akzeptiert der Kunde oder Besucher der Webseiten die Anwendbarkeit dieser Allgemeinen Gesch\u00e4ftsbedingungen. Von diesen Bedingungen kann nur mit schriftlicher Zustimmung von [&hellip;]<\/p>\n","protected":false},"author":37,"featured_media":0,"parent":0,"menu_order":0,"comment_status":"closed","ping_status":"closed","template":"","meta":{"_acf_changed":false,"_et_pb_use_builder":"on","_et_pb_old_content":"","_et_gb_content_width":"","footnotes":""},"class_list":["post-5415","page","type-page","status-publish","hentry"],"acf":[],"_links":{"self":[{"href":"https:\/\/www.careplus.eu\/de\/wp-json\/wp\/v2\/pages\/5415","targetHints":{"allow":["GET"]}}],"collection":[{"href":"https:\/\/www.careplus.eu\/de\/wp-json\/wp\/v2\/pages"}],"about":[{"href":"https:\/\/www.careplus.eu\/de\/wp-json\/wp\/v2\/types\/page"}],"author":[{"embeddable":true,"href":"https:\/\/www.careplus.eu\/de\/wp-json\/wp\/v2\/users\/37"}],"replies":[{"embeddable":true,"href":"https:\/\/www.careplus.eu\/de\/wp-json\/wp\/v2\/comments?post=5415"}],"version-history":[{"count":0,"href":"https:\/\/www.careplus.eu\/de\/wp-json\/wp\/v2\/pages\/5415\/revisions"}],"wp:attachment":[{"href":"https:\/\/www.careplus.eu\/de\/wp-json\/wp\/v2\/media?parent=5415"}],"curies":[{"name":"wp","href":"https:\/\/api.w.org\/{rel}","templated":true}]}}