


{"id":5353,"date":"2019-03-16T17:19:17","date_gmt":"2019-03-16T16:19:17","guid":{"rendered":"https:\/\/www.careplus.eu\/kopfnetze\/"},"modified":"2024-09-11T10:11:38","modified_gmt":"2024-09-11T09:11:38","slug":"kopfnetze","status":"publish","type":"page","link":"https:\/\/www.careplus.eu\/de\/mucken-und-zecken\/schutzen\/kopfnetze\/","title":{"rendered":"Kopfnetze"},"content":{"rendered":"<p>[et_pb_section bb_built=&#8220;1&#8243; fullwidth=&#8220;on&#8220; _builder_version=&#8220;4.16&#8243; bottom_divider_style=&#8220;curve&#8220; bottom_divider_color=&#8220;#ffffff&#8220; bottom_divider_height=&#8220;40px&#8220; global_colors_info=&#8220;{}&#8220; next_background_color=&#8220;#000000&#8243;][et_pb_fullwidth_slider show_arrows=&#8220;off&#8220; show_pagination=&#8220;off&#8220; _builder_version=&#8220;4.27.0&#8243; background_image=&#8220;https:\/\/www.careplus.eu\/wp-content\/uploads\/2019\/03\/careplus-headnet.jpg&#8220; custom_padding=&#8220;22%||10%|&#8220; custom_padding_last_edited=&#8220;on|desktop&#8220; global_colors_info=&#8220;{}&#8220; background_position=&#8220;top_center&#8220; background_pattern_color=&#8220;rgba(0,0,0,0.2)&#8220; background_mask_color=&#8220;#ffffff&#8220; use_bg_overlay=&#8220;off&#8220; use_text_overlay=&#8220;off&#8220; box_shadow_horizontal_image_tablet=&#8220;0px&#8220; box_shadow_vertical_image_tablet=&#8220;0px&#8220; box_shadow_blur_image_tablet=&#8220;40px&#8220; box_shadow_spread_image_tablet=&#8220;0px&#8220; text_shadow_horizontal_length=&#8220;text_shadow_style,%91object Object%93&#8243; text_shadow_horizontal_length_tablet=&#8220;0px&#8220; text_shadow_vertical_length=&#8220;text_shadow_style,%91object Object%93&#8243; text_shadow_vertical_length_tablet=&#8220;0px&#8220; text_shadow_blur_strength=&#8220;text_shadow_style,%91object Object%93&#8243; text_shadow_blur_strength_tablet=&#8220;1px&#8220; header_text_shadow_horizontal_length=&#8220;header_text_shadow_style,%91object Object%93&#8243; header_text_shadow_horizontal_length_tablet=&#8220;0px&#8220; header_text_shadow_vertical_length=&#8220;header_text_shadow_style,%91object Object%93&#8243; header_text_shadow_vertical_length_tablet=&#8220;0px&#8220; header_text_shadow_blur_strength=&#8220;header_text_shadow_style,%91object Object%93&#8243; header_text_shadow_blur_strength_tablet=&#8220;1px&#8220; body_text_shadow_horizontal_length=&#8220;body_text_shadow_style,%91object Object%93&#8243; body_text_shadow_horizontal_length_tablet=&#8220;0px&#8220; body_text_shadow_vertical_length=&#8220;body_text_shadow_style,%91object Object%93&#8243; body_text_shadow_vertical_length_tablet=&#8220;0px&#8220; body_text_shadow_blur_strength=&#8220;body_text_shadow_style,%91object Object%93&#8243; body_text_shadow_blur_strength_tablet=&#8220;1px&#8220; body_link_text_shadow_horizontal_length=&#8220;body_link_text_shadow_style,%91object Object%93&#8243; body_link_text_shadow_horizontal_length_tablet=&#8220;0px&#8220; body_link_text_shadow_vertical_length=&#8220;body_link_text_shadow_style,%91object Object%93&#8243; body_link_text_shadow_vertical_length_tablet=&#8220;0px&#8220; body_link_text_shadow_blur_strength=&#8220;body_link_text_shadow_style,%91object Object%93&#8243; body_link_text_shadow_blur_strength_tablet=&#8220;1px&#8220; body_ul_text_shadow_horizontal_length=&#8220;body_ul_text_shadow_style,%91object Object%93&#8243; body_ul_text_shadow_horizontal_length_tablet=&#8220;0px&#8220; body_ul_text_shadow_vertical_length=&#8220;body_ul_text_shadow_style,%91object Object%93&#8243; body_ul_text_shadow_vertical_length_tablet=&#8220;0px&#8220; body_ul_text_shadow_blur_strength=&#8220;body_ul_text_shadow_style,%91object Object%93&#8243; body_ul_text_shadow_blur_strength_tablet=&#8220;1px&#8220; body_ol_text_shadow_horizontal_length=&#8220;body_ol_text_shadow_style,%91object Object%93&#8243; body_ol_text_shadow_horizontal_length_tablet=&#8220;0px&#8220; body_ol_text_shadow_vertical_length=&#8220;body_ol_text_shadow_style,%91object Object%93&#8243; body_ol_text_shadow_vertical_length_tablet=&#8220;0px&#8220; body_ol_text_shadow_blur_strength=&#8220;body_ol_text_shadow_style,%91object Object%93&#8243; body_ol_text_shadow_blur_strength_tablet=&#8220;1px&#8220; body_quote_text_shadow_horizontal_length=&#8220;body_quote_text_shadow_style,%91object Object%93&#8243; body_quote_text_shadow_horizontal_length_tablet=&#8220;0px&#8220; body_quote_text_shadow_vertical_length=&#8220;body_quote_text_shadow_style,%91object Object%93&#8243; body_quote_text_shadow_vertical_length_tablet=&#8220;0px&#8220; body_quote_text_shadow_blur_strength=&#8220;body_quote_text_shadow_style,%91object Object%93&#8243; body_quote_text_shadow_blur_strength_tablet=&#8220;1px&#8220; button_text_shadow_horizontal_length=&#8220;button_text_shadow_style,%91object Object%93&#8243; button_text_shadow_horizontal_length_tablet=&#8220;0px&#8220; button_text_shadow_vertical_length=&#8220;button_text_shadow_style,%91object Object%93&#8243; button_text_shadow_vertical_length_tablet=&#8220;0px&#8220; button_text_shadow_blur_strength=&#8220;button_text_shadow_style,%91object Object%93&#8243; button_text_shadow_blur_strength_tablet=&#8220;1px&#8220; box_shadow_horizontal_button_tablet=&#8220;0px&#8220; box_shadow_vertical_button_tablet=&#8220;0px&#8220; box_shadow_blur_button_tablet=&#8220;40px&#8220; box_shadow_spread_button_tablet=&#8220;0px&#8220; box_shadow_horizontal_tablet=&#8220;0px&#8220; box_shadow_vertical_tablet=&#8220;0px&#8220; box_shadow_blur_tablet=&#8220;40px&#8220; box_shadow_spread_tablet=&#8220;0px&#8220; vertical_offset_tablet=&#8220;0&#8243; horizontal_offset_tablet=&#8220;0&#8243; z_index_tablet=&#8220;0&#8243;][et_pb_slide heading=&#8220;Kopfnetze&#8220; use_bg_overlay=&#8220;off&#8220; use_text_overlay=&#8220;off&#8220; _builder_version=&#8220;4.16&#8243; header_level=&#8220;h1&#8243; header_font=&#8220;|800|||||||&#8220; header_font_size=&#8220;36&#8243; background_color=&#8220;#0b6a30&#8243; button_on_hover=&#8220;on&#8220; custom_padding=&#8220;15%||15%|&#8220; custom_padding_tablet=&#8220;15%||15%|&#8220; custom_padding_phone=&#8220;30%||30%|&#8220; custom_padding_last_edited=&#8220;on|phone&#8220; header_font_size_tablet=&#8220;36&#8243; header_font_size_phone=&#8220;36&#8243; header_text_shadow_style=&#8220;preset3&#8243; header_text_shadow_blur_strength=&#8220;0.5em&#8220; header_text_shadow_color=&#8220;rgba(0,0,0,0.6)&#8220; global_colors_info=&#8220;{}&#8220; sticky_transition=&#8220;on&#8220;][\/et_pb_slide][\/et_pb_fullwidth_slider][\/et_pb_section][et_pb_section bb_built=&#8220;1&#8243; _builder_version=&#8220;4.16&#8243; global_colors_info=&#8220;{}&#8220; prev_background_color=&#8220;#000000&#8243; next_background_color=&#8220;#f4f4f4&#8243;][et_pb_row _builder_version=&#8220;4.16&#8243; background_size=&#8220;initial&#8220; background_position=&#8220;top_left&#8220; background_repeat=&#8220;repeat&#8220; global_colors_info=&#8220;{}&#8220;][et_pb_column type=&#8220;4_4&#8243; _builder_version=&#8220;4.16&#8243; custom_padding=&#8220;|||&#8220; global_colors_info=&#8220;{}&#8220; custom_padding__hover=&#8220;|||&#8220;][et_pb_dmb_breadcrumbs _builder_version=&#8220;4.16&#8243; body_font_size_tablet=&#8220;51&#8243; body_line_height_tablet=&#8220;2&#8243; separator_font_size_tablet=&#8220;51&#8243; separator_line_height_tablet=&#8220;2&#8243; link_font_size_tablet=&#8220;51&#8243; link_line_height_tablet=&#8220;2&#8243; linkhover_font_size_tablet=&#8220;51&#8243; linkhover_line_height_tablet=&#8220;2&#8243; global_colors_info=&#8220;{}&#8220; \/][et_pb_text admin_label=&#8220;Short Read&#8220; _builder_version=&#8220;4.20.4&#8243; header_2_font=&#8220;|800|||||||&#8220; global_colors_info=&#8220;{}&#8220;]<\/p>\n<h3>Kopfnetze zum Schutz vor Insekten<\/h3>\n<p><b>Ein Kopfnetz bietet Schutz und Komfort. Kein l\u00e4stiges Summen im Ohr oder juckende Stiche im Gesicht und am Hals. Das Zusammenkneifen der Augen, um zu verhindern, dass kleine Insekten in die Augen fliegen, ist nicht mehr n\u00f6tig. Beide Kopfnetze sind nicht impr\u00e4gnierte, sehr feinmaschige Kopfnetze. Perfekt f\u00fcr den Einsatz im eigenen Land und in n\u00f6rdlichen Gebieten.<\/b><\/p>\n<p>Mit dem Kopfnetz verhindern Sie, dass Sie zu Hause oder auf Reisen im Gesicht, an den Ohren oder im Nacken von M\u00fccken und anderen stechenden Insekten gestochen werden. Es handelt sich um ein Produkt, das f\u00fcr alle Gr\u00f6\u00dfen geeignet ist, so dass das Kopfnetz immer passt. Es st\u00f6rt nicht durch seine gr\u00fcne Farbe und wird mit einer praktischen Aufbewahrungstasche geliefert.<\/p>\n<p>[\/et_pb_text][\/et_pb_column][\/et_pb_row][\/et_pb_section][et_pb_section bb_built=&#8220;1&#8243; _builder_version=&#8220;4.16&#8243; background_color=&#8220;#f4f4f4&#8243; global_colors_info=&#8220;{}&#8220; prev_background_color=&#8220;#ffffff&#8220; next_background_color=&#8220;#ffffff&#8220;][et_pb_row column_structure=&#8220;1_2,1_2&#8243; _builder_version=&#8220;4.16&#8243; background_color=&#8220;#f4f4f4&#8243; custom_padding=&#8220;|20px||20px&#8220; border_radii=&#8220;on|10px|10px|10px|10px&#8220; global_colors_info=&#8220;{}&#8220;][et_pb_column type=&#8220;1_2&#8243; _builder_version=&#8220;4.16&#8243; custom_padding=&#8220;|||&#8220; global_colors_info=&#8220;{}&#8220; custom_padding__hover=&#8220;|||&#8220;][et_pb_gallery gallery_ids=&#8220;5354,5358&#8243; fullwidth=&#8220;on&#8220; _builder_version=&#8220;4.16&#8243; border_radii=&#8220;on|10px|10px|10px|10px&#8220; global_colors_info=&#8220;{}&#8220; \/][et_pb_text _builder_version=&#8220;4.20.4&#8243; background_color=&#8220;#ffffff&#8220; custom_padding=&#8220;20px|20px|20px|20px&#8220; border_radii=&#8220;on|10px|10px|10px|10px&#8220; border_width_all=&#8220;1px&#8220; border_color_all=&#8220;#d9d9d9&#8243; global_colors_info=&#8220;{}&#8220;]<\/p>\n<h4>Care Plus\u00ae Head net Classic<\/h4>\n<p>Das Kopfnetz Classic ist ein nicht impr\u00e4gniertes, sehr feinmaschiges Kopfmoskitonetz. Perfekt f\u00fcr den Einsatz zu Hause und in n\u00f6rdlichen Gebieten. Bietet auch Schutz vor sehr kleinen Stechfliegen (Midgets).<\/p>\n<p>[\/et_pb_text][et_pb_toggle admin_label=&#8220;Specifictaties&#8220; title=&#8220;Produktdetails&#8220; open_toggle_background_color=&#8220;#ffffff&#8220; closed_toggle_background_color=&#8220;#ffffff&#8220; icon_color=&#8220;#136932&#8243; open_icon_color=&#8220;#136932&#8243; _builder_version=&#8220;4.20.4&#8243; background_color=&#8220;#ffffff&#8220; border_radii=&#8220;on|10px|10px|10px|10px&#8220; global_colors_info=&#8220;{}&#8220;]<\/p>\n<li>Maschengr\u00f6\u00dfe: (mesh): 900<\/li>\n<li>Verpackungsgr\u00f6\u00dfe (L x B x H in mm): 50 x 70 x 190<\/li>\n<li>Verpackungs gr\u00f6\u00dfe in gebrauch (\u00d8 x H): 350 x 480 mm<\/li>\n<li>Gewicht (g): 64<\/li>\n<li>Hergestellt aus strapazierf\u00e4higer Polyesterfaser<\/li>\n<li>Nicht impregniert<\/li>\n<li>Schutz gegen M\u00fccken, Fliegen und sehr kleine Insekten<\/li>\n<li>Ideal f\u00fcr den Einsatz in n\u00f6rdlichen Gebieten<\/li>\n<li>One-size-fits-all<\/li>\n<p>[\/et_pb_toggle][et_pb_toggle admin_label=&#8220;Gebruik&#8220; title=&#8220;Anwendung&#8220; open_toggle_background_color=&#8220;#ffffff&#8220; closed_toggle_background_color=&#8220;#ffffff&#8220; icon_color=&#8220;#136932&#8243; open_icon_color=&#8220;#136932&#8243; _builder_version=&#8220;4.21.0&#8243; background_color=&#8220;#ffffff&#8220; border_radii=&#8220;on|10px|10px|10px|10px&#8220; global_colors_info=&#8220;{}&#8220;]<\/p>\n<ul>\n<li>Sehr feinmaschiges Kopfmoskitonetz f\u00fcr zu Hause und unterwegs<\/li>\n<li>Das Netz kann an der Unterseite mit einer Schnur verschlossen werden<\/li>\n<li>Ideal f\u00fcr den Einsatz in n\u00f6rdlichen Gebieten<\/li>\n<li>Schutz gegen M\u00fccken, Fliegen und sehr kleine Insekten, wie z.B. Gnitzen<\/li>\n<li>One-size-fits-all: Dieses Kopfmoskitonetz passt immer<\/li>\n<\/ul>\n<p>[\/et_pb_toggle][et_pb_button button_url=&#8220;https:\/\/www.careplus-shop.de\/kopfnetz-classic-nicht-impragnierte&#8220; url_new_window=&#8220;on&#8220; button_text=&#8220;Ausw\u00e4hlen &#038; Bestellen&#8220; button_alignment=&#8220;center&#8220; _builder_version=&#8220;4.16&#8243; background_layout=&#8220;dark&#8220; global_colors_info=&#8220;{}&#8220; \/][\/et_pb_column][et_pb_column type=&#8220;1_2&#8243; _builder_version=&#8220;4.16&#8243; custom_padding=&#8220;|||&#8220; global_colors_info=&#8220;{}&#8220; custom_padding__hover=&#8220;|||&#8220;][et_pb_gallery gallery_ids=&#8220;5708&#8243; fullwidth=&#8220;on&#8220; _builder_version=&#8220;4.16&#8243; border_radii=&#8220;on|10px|10px|10px|10px&#8220; global_colors_info=&#8220;{}&#8220; \/][et_pb_text _builder_version=&#8220;4.20.4&#8243; background_color=&#8220;#ffffff&#8220; custom_padding=&#8220;20px|20px|20px|20px&#8220; border_radii=&#8220;on|10px|10px|10px|10px&#8220; border_width_all=&#8220;1px&#8220; border_color_all=&#8220;#d9d9d9&#8243; global_colors_info=&#8220;{}&#8220;]<\/p>\n<h4>Care Plus\u00ae Head Net Pop-up<\/h4>\n<p>Ein Hut mit integriertem Moskitonetz ist praktisch und komfortabel. Das Kopfnetz Pop-Up ist ein nicht impr\u00e4gniertes, sehr feinmaschiges Kopfnetz. Perfekt f\u00fcr den Einsatz in deinem eigenen Land und in den n\u00f6rdlichen Gebieten.<\/p>\n<p>[\/et_pb_text][et_pb_toggle admin_label=&#8220;Specifictaties&#8220; title=&#8220;Produktdetails&#8220; open_toggle_background_color=&#8220;#ffffff&#8220; closed_toggle_background_color=&#8220;#ffffff&#8220; icon_color=&#8220;#136932&#8243; open_icon_color=&#8220;#136932&#8243; _builder_version=&#8220;4.21.0&#8243; background_color=&#8220;#ffffff&#8220; border_radii=&#8220;on|10px|10px|10px|10px&#8220; global_colors_info=&#8220;{}&#8220;]<\/p>\n<li>Maschengr\u00f6\u00dfe: (mesh): 900<\/li>\n<li>Verpackungsgr\u00f6\u00dfe (L x B x H in mm): 30 x 170 x 215<\/li>\n<li>Verpackungs gr\u00f6\u00dfe in gebrauch (\u00d8 x H): 350 x 580 mm<\/li>\n<li>Gewicht (g): 143<\/li>\n<li>Hergestellt aus strapazierf\u00e4higer Polyesterfaser<\/li>\n<li>Nicht impregniert<\/li>\n<li>Schutz gegen M\u00fccken, Fliegen und sehr kleine Insekten<\/li>\n<li>Ideal f\u00fcr den Einsatz in n\u00f6rdlichen Gebieten<\/li>\n<li>One-size-fits-all<\/li>\n<p>[\/et_pb_toggle][et_pb_toggle admin_label=&#8220;Gebruik&#8220; title=&#8220;Anwendung&#8220; open_toggle_background_color=&#8220;#ffffff&#8220; closed_toggle_background_color=&#8220;#ffffff&#8220; icon_color=&#8220;#136932&#8243; open_icon_color=&#8220;#136932&#8243; _builder_version=&#8220;4.21.0&#8243; background_color=&#8220;#ffffff&#8220; border_radii=&#8220;on|10px|10px|10px|10px&#8220; global_colors_info=&#8220;{}&#8220;]<\/p>\n<ul>\n<li>Entfaltet sich automatisch<\/li>\n<li>Sehr feinmaschiges Kopfmoskitonetz f\u00fcr zu Hause und unterwegs<\/li>\n<li>Das Netz kann an der Unterseite mit einer Schnur verschlossen werden<\/li>\n<li>Ideal f\u00fcr den Einsatz in n\u00f6rdlichen Gebieten<\/li>\n<li>Schutz gegen M\u00fccken, Fliegen und sehr kleine Insekten, wie z.B. Gnitzen<\/li>\n<li>One-size-fits-all: Dieses Kopfmoskitonetz passt immer<\/li>\n<\/ul>\n<p>[\/et_pb_toggle][et_pb_button button_url=&#8220;https:\/\/www.careplus-shop.de\/kopfnetz-pop-up-nicht-impragnierte&#8220; url_new_window=&#8220;on&#8220; button_text=&#8220;Ausw\u00e4hlen &#038; Bestellen&#8220; button_alignment=&#8220;center&#8220; _builder_version=&#8220;4.16&#8243; background_layout=&#8220;dark&#8220; global_colors_info=&#8220;{}&#8220; \/][\/et_pb_column][\/et_pb_row][\/et_pb_section][et_pb_section bb_built=&#8220;1&#8243; _builder_version=&#8220;4.16&#8243; global_colors_info=&#8220;{}&#8220; prev_background_color=&#8220;#f4f4f4&#8243; next_background_color=&#8220;#f4f4f4&#8243;][et_pb_row _builder_version=&#8220;4.16&#8243; background_size=&#8220;initial&#8220; background_position=&#8220;top_left&#8220; background_repeat=&#8220;repeat&#8220; global_colors_info=&#8220;{}&#8220;][et_pb_column type=&#8220;4_4&#8243; _builder_version=&#8220;4.16&#8243; custom_padding=&#8220;|||&#8220; global_colors_info=&#8220;{}&#8220; custom_padding__hover=&#8220;|||&#8220;][et_pb_text admin_label=&#8220;Long Read&#8220; _builder_version=&#8220;4.20.4&#8243; global_colors_info=&#8220;{}&#8220;]<\/p>\n<h3>F\u00fcr welches Kopfnetz entscheiden Sie sich?<\/h3>\n<p>Das Pop-up-Kopfnetz entfaltet sich automatisch und hat einen integrierten Hut. Bevor Sie das Classic-Kopfnetz verwenden, sollten Sie einen Hut oder eine M\u00fctze aufsetzen. Es wird empfohlen, einen Abstand zwischen dem Netz und der Haut einzuhalten.<\/p>\n<h3>Ist es sicher, ein Kopfnetz zu tragen? <\/h3>\n<p>Beide Kopfnetze sind aus strapazierf\u00e4higen Polyesterfasern hergestellt. Die Maschenweite betr\u00e4gt 900. Aufgrund der hohen Anzahl von L\u00f6chern pro Quadratzoll ist der Luftstrom in diesen Kopfnetzen geringer als in den Moskitonetzen. Aus diesem Grund sind die feinmaschigen Kopfnetze nicht f\u00fcr (sub)tropische Reiseziele geeignet, da dies zu Beklemmungen f\u00fchren kann.<\/p>\n<h3>Sind die Kopfnetze f\u00fcr n\u00f6rdliche Gebiete geeignet?<\/h3>\n<p>Diese feinmaschigen Moskitonetze sind ideal f\u00fcr den Einsatz in n\u00f6rdlichen Gebieten wie Skandinavien, Schottland und Kanada geeignet. Die Kopfnetze sind speziell daf\u00fcr ausgelegt, kleine Insekten wie M\u00fccken abzuhalten, die in diesen Regionen weit verbreitet sind und oft in Schw\u00e4rmen auftreten. Die Stiche dieser winzigen Fliegen sind \u00e4u\u00dferst schmerzhaft, so dass man sie unbedingt vermeiden sollte! Diese Moskitonetze f\u00fcr den Kopf sind praktisch f\u00fcr alle Arten von Aktivit\u00e4ten, wie Angeln, Wandern oder ruhiges Lesen im Freien bei Nacht. Sowohl zu Hause als auch auf Reisen.<\/p>\n<h3>Wie sch\u00fctzen Sie sich und Ihre Familie am besten vor Stichen und Einstichen?<\/h3>\n<p>Neben der Verwendung eines Moskitonetzes ist es wichtig, dass Sie Ihre Haut so weit wie m\u00f6glich mit Kleidung bedecken, vor allem, wenn Sie ins Freie gehen. Schmieren Sie unbedeckte Haut sorgf\u00e4ltig mit einem guten Anti-Insektenmittel ein. Die meisten M\u00fccken stechen vor allem nach Sonnenuntergang, aber es ist klug, sich sowohl tags\u00fcber als auch vor der Nacht gut einzucremen.<\/p>\n<p>[\/et_pb_text][\/et_pb_column][\/et_pb_row][\/et_pb_section][et_pb_section bb_built=&#8220;1&#8243; _builder_version=&#8220;4.16&#8243; background_color=&#8220;#f4f4f4&#8243; global_colors_info=&#8220;{}&#8220; prev_background_color=&#8220;#ffffff&#8220; next_background_color=&#8220;#ffffff&#8220;][et_pb_row column_structure=&#8220;1_3,1_3,1_3&#8243; _builder_version=&#8220;4.16&#8243; background_color=&#8220;#f4f4f4&#8243; custom_padding=&#8220;|20px||20px&#8220; border_radii=&#8220;on|10px|10px|10px|10px&#8220; global_colors_info=&#8220;{}&#8220;][et_pb_column type=&#8220;1_3&#8243; _builder_version=&#8220;4.16&#8243; custom_padding=&#8220;|||&#8220; global_colors_info=&#8220;{}&#8220; custom_padding__hover=&#8220;|||&#8220;][et_pb_image src=&#8220;https:\/\/www.careplus.eu\/wp-content\/uploads\/2020\/06\/careplus-anti-insect-natural-60ml.jpg&#8220; title_text=&#8220;careplus-anti-insect-natural-60ml&#8220; align=&#8220;center&#8220; align_tablet=&#8220;center&#8220; align_last_edited=&#8220;on|desktop&#8220; _builder_version=&#8220;4.21.0&#8243; hover_enabled=&#8220;0&#8243; border_radii=&#8220;on|10px|10px|10px|10px&#8220; global_colors_info=&#8220;{}&#8220; url=&#8220;@ET-DC@eyJkeW5hbWljIjp0cnVlLCJjb250ZW50IjoicG9zdF9saW5rX3VybF9wYWdlIiwic2V0dGluZ3MiOnsicG9zdF9pZCI6IjU0OTcifX0=@&#8220; _dynamic_attributes=&#8220;url&#8220; sticky_enabled=&#8220;0&#8243; \/][et_pb_button button_url=&#8220;@ET-DC@eyJkeW5hbWljIjp0cnVlLCJjb250ZW50IjoicG9zdF9saW5rX3VybF9wYWdlIiwic2V0dGluZ3MiOnsicG9zdF9pZCI6IjU0OTcifX0=@&#8220; button_text=&#8220;Anti-Insekt Natural&#8220; button_alignment=&#8220;center&#8220; _builder_version=&#8220;4.21.0&#8243; background_layout=&#8220;dark&#8220; hover_enabled=&#8220;0&#8243; global_colors_info=&#8220;{}&#8220; _dynamic_attributes=&#8220;button_url&#8220; sticky_enabled=&#8220;0&#8243; \/][\/et_pb_column][et_pb_column type=&#8220;1_3&#8243; _builder_version=&#8220;4.16&#8243; custom_padding=&#8220;|||&#8220; global_colors_info=&#8220;{}&#8220; custom_padding__hover=&#8220;|||&#8220;][et_pb_image src=&#8220;https:\/\/www.careplus.eu\/wp-content\/uploads\/2019\/03\/careplus-klamboe-single-popup.jpg&#8220; url=&#8220;@ET-DC@eyJkeW5hbWljIjp0cnVlLCJjb250ZW50IjoicG9zdF9saW5rX3VybF9wYWdlIiwic2V0dGluZ3MiOnsicG9zdF9pZCI6IjU4MDYifX0=@&#8220; align=&#8220;center&#8220; align_tablet=&#8220;center&#8220; align_last_edited=&#8220;on|desktop&#8220; _builder_version=&#8220;4.21.0&#8243; hover_enabled=&#8220;0&#8243; border_radii=&#8220;on|10px|10px|10px|10px&#8220; global_colors_info=&#8220;{}&#8220; _dynamic_attributes=&#8220;url&#8220; sticky_enabled=&#8220;0&#8243; \/][et_pb_button button_url=&#8220;@ET-DC@eyJkeW5hbWljIjp0cnVlLCJjb250ZW50IjoicG9zdF9saW5rX3VybF9wYWdlIiwic2V0dGluZ3MiOnsicG9zdF9pZCI6IjU4MDYifX0=@&#8220; button_text=&#8220;Moskitonetze&#8220; button_alignment=&#8220;center&#8220; _builder_version=&#8220;4.21.0&#8243; background_layout=&#8220;dark&#8220; hover_enabled=&#8220;0&#8243; global_colors_info=&#8220;{}&#8220; _dynamic_attributes=&#8220;button_url&#8220; sticky_enabled=&#8220;0&#8243; \/][\/et_pb_column][et_pb_column type=&#8220;1_3&#8243; _builder_version=&#8220;4.16&#8243; custom_padding=&#8220;|||&#8220; global_colors_info=&#8220;{}&#8220; custom_padding__hover=&#8220;|||&#8220;][et_pb_image src=&#8220;https:\/\/www.careplus.eu\/wp-content\/uploads\/2019\/03\/care-plus-bug-socks.jpg&#8220; align=&#8220;center&#8220; align_tablet=&#8220;center&#8220; align_last_edited=&#8220;on|desktop&#8220; _builder_version=&#8220;4.21.0&#8243; hover_enabled=&#8220;0&#8243; border_radii=&#8220;on|10px|10px|10px|10px&#8220; global_colors_info=&#8220;{}&#8220; url=&#8220;@ET-DC@eyJkeW5hbWljIjp0cnVlLCJjb250ZW50IjoicG9zdF9saW5rX3VybF9wYWdlIiwic2V0dGluZ3MiOnsicG9zdF9pZCI6IjU3MDQifX0=@&#8220; _dynamic_attributes=&#8220;url&#8220; sticky_enabled=&#8220;0&#8243; \/][et_pb_button button_url=&#8220;@ET-DC@eyJkeW5hbWljIjp0cnVlLCJjb250ZW50IjoicG9zdF9saW5rX3VybF9wYWdlIiwic2V0dGluZ3MiOnsicG9zdF9pZCI6IjU3MDQifX0=@&#8220; button_text=&#8220;Schutzsocken&#8220; button_alignment=&#8220;center&#8220; _builder_version=&#8220;4.21.0&#8243; background_layout=&#8220;dark&#8220; hover_enabled=&#8220;0&#8243; global_colors_info=&#8220;{}&#8220; _dynamic_attributes=&#8220;button_url&#8220; sticky_enabled=&#8220;0&#8243; \/][\/et_pb_column][\/et_pb_row][\/et_pb_section][et_pb_section bb_built=&#8220;1&#8243; _builder_version=&#8220;4.16&#8243; global_colors_info=&#8220;{}&#8220; prev_background_color=&#8220;#f4f4f4&#8243; next_background_color=&#8220;#000000&#8243;][et_pb_row _builder_version=&#8220;4.16&#8243; background_size=&#8220;initial&#8220; background_position=&#8220;top_left&#8220; background_repeat=&#8220;repeat&#8220; global_colors_info=&#8220;{}&#8220;][et_pb_column type=&#8220;4_4&#8243; _builder_version=&#8220;4.16&#8243; custom_padding=&#8220;|||&#8220; global_colors_info=&#8220;{}&#8220; custom_padding__hover=&#8220;|||&#8220;][et_pb_divider show_divider=&#8220;off&#8220; _builder_version=&#8220;4.16&#8243; global_colors_info=&#8220;{}&#8220; \/][\/et_pb_column][\/et_pb_row][\/et_pb_section][et_pb_section bb_built=&#8220;1&#8243; fullwidth=&#8220;on&#8220; _builder_version=&#8220;4.16&#8243; global_colors_info=&#8220;{}&#8220; prev_background_color=&#8220;#000000&#8243;][et_pb_fullwidth_slider show_arrows=&#8220;off&#8220; show_pagination=&#8220;off&#8220; _builder_version=&#8220;4.16&#8243; global_colors_info=&#8220;{}&#8220;][et_pb_slide use_bg_overlay=&#8220;off&#8220; use_text_overlay=&#8220;off&#8220; _builder_version=&#8220;4.16&#8243; background_image=&#8220;https:\/\/www.careplus.eu\/wp-content\/uploads\/2019\/03\/klamboe-kamperen-slapen-openlucht.jpg&#8220; parallax=&#8220;on&#8220; button_on_hover=&#8220;on&#8220; global_colors_info=&#8220;{}&#8220; sticky_transition=&#8220;on&#8220;][\/et_pb_slide][\/et_pb_fullwidth_slider][\/et_pb_section]<\/p>\n","protected":false},"excerpt":{"rendered":"<p>Kopfnetze zum Schutz vor Insekten Ein Kopfnetz bietet Schutz und Komfort. Kein l\u00e4stiges Summen im Ohr oder juckende Stiche im Gesicht und am Hals. Das Zusammenkneifen der Augen, um zu verhindern, dass kleine Insekten in die Augen fliegen, ist nicht mehr n\u00f6tig. Beide Kopfnetze sind nicht impr\u00e4gnierte, sehr feinmaschige Kopfnetze. Perfekt f\u00fcr den Einsatz im [&hellip;]<\/p>\n","protected":false},"author":37,"featured_media":0,"parent":5682,"menu_order":0,"comment_status":"closed","ping_status":"closed","template":"","meta":{"_acf_changed":false,"_et_pb_use_builder":"on","_et_pb_old_content":"","_et_gb_content_width":"","footnotes":""},"class_list":["post-5353","page","type-page","status-publish","hentry"],"acf":[],"_links":{"self":[{"href":"https:\/\/www.careplus.eu\/de\/wp-json\/wp\/v2\/pages\/5353","targetHints":{"allow":["GET"]}}],"collection":[{"href":"https:\/\/www.careplus.eu\/de\/wp-json\/wp\/v2\/pages"}],"about":[{"href":"https:\/\/www.careplus.eu\/de\/wp-json\/wp\/v2\/types\/page"}],"author":[{"embeddable":true,"href":"https:\/\/www.careplus.eu\/de\/wp-json\/wp\/v2\/users\/37"}],"replies":[{"embeddable":true,"href":"https:\/\/www.careplus.eu\/de\/wp-json\/wp\/v2\/comments?post=5353"}],"version-history":[{"count":0,"href":"https:\/\/www.careplus.eu\/de\/wp-json\/wp\/v2\/pages\/5353\/revisions"}],"up":[{"embeddable":true,"href":"https:\/\/www.careplus.eu\/de\/wp-json\/wp\/v2\/pages\/5682"}],"wp:attachment":[{"href":"https:\/\/www.careplus.eu\/de\/wp-json\/wp\/v2\/media?parent=5353"}],"curies":[{"name":"wp","href":"https:\/\/api.w.org\/{rel}","templated":true}]}}