


{"id":5336,"date":"2019-03-16T12:11:14","date_gmt":"2019-03-16T11:11:14","guid":{"rendered":"https:\/\/www.careplus.eu\/hygiene\/"},"modified":"2023-07-17T17:11:25","modified_gmt":"2023-07-17T15:11:25","slug":"hygiene","status":"publish","type":"page","link":"https:\/\/www.careplus.eu\/de\/hygiene\/","title":{"rendered":"Hygiene"},"content":{"rendered":"<p>[et_pb_section fb_built=&#8220;1&#8243; fullwidth=&#8220;on&#8220; _builder_version=&#8220;4.21.0&#8243; background_image=&#8220;https:\/\/www.careplus.eu\/wp-content\/uploads\/2021\/04\/header-hygiene.jpg&#8220; bottom_divider_style=&#8220;curve&#8220; bottom_divider_color=&#8220;#ffffff&#8220; bottom_divider_height=&#8220;40px&#8220; bottom_divider_height_tablet=&#8220;40px&#8220; bottom_divider_height_phone=&#8220;20px&#8220; bottom_divider_height_last_edited=&#8220;on|phone&#8220; background_last_edited=&#8220;off|desktop&#8220; background_image_phone=&#8220;https:\/\/www.careplus.eu\/wp-content\/uploads\/2021\/04\/header-hygiene-2.jpg&#8220; background_enable_image_phone=&#8220;on&#8220; global_colors_info=&#8220;{}&#8220;][et_pb_fullwidth_slider show_arrows=&#8220;off&#8220; show_pagination=&#8220;off&#8220; _builder_version=&#8220;4.21.0&#8243; custom_padding=&#8220;22%||10%|&#8220; global_colors_info=&#8220;{}&#8220;][et_pb_slide heading=&#8220;Hygiene&#8220; use_bg_overlay=&#8220;off&#8220; use_text_overlay=&#8220;off&#8220; _builder_version=&#8220;4.21.0&#8243; header_level=&#8220;h1&#8243; header_font=&#8220;|800|||||||&#8220; header_font_size=&#8220;36&#8243; background_color=&#8220;RGBA(255,255,255,0)&#8220; background_enable_color=&#8220;on&#8220; background_enable_image=&#8220;off&#8220; parallax=&#8220;on&#8220; button_on_hover=&#8220;on&#8220; custom_padding=&#8220;15%||15%|&#8220; custom_padding_tablet=&#8220;30%||30%|&#8220; custom_padding_phone=&#8220;30%||30%|&#8220; custom_padding_last_edited=&#8220;on|desktop&#8220; header_font_size_tablet=&#8220;30&#8243; header_font_size_phone=&#8220;30&#8243; header_font_size_last_edited=&#8220;on|desktop&#8220; header_text_shadow_style=&#8220;preset3&#8243; header_text_shadow_blur_strength=&#8220;0.5em&#8220; header_text_shadow_color=&#8220;rgba(0,0,0,0.6)&#8220; global_colors_info=&#8220;{}&#8220; sticky_transition=&#8220;on&#8220;][\/et_pb_slide][\/et_pb_fullwidth_slider][\/et_pb_section][et_pb_section fb_built=&#8220;1&#8243; admin_label=&#8220;Page Heading&#8220; module_id=&#8220;cp_pb_page_content&#8220; _builder_version=&#8220;4.21.0&#8243; background_color=&#8220;#ffffff&#8220; custom_margin=&#8220;50px||||false|false&#8220; custom_padding=&#8220;0px|||&#8220; collapsed=&#8220;off&#8220; global_colors_info=&#8220;{}&#8220;][et_pb_row disabled_on=&#8220;off|off|off&#8220; _builder_version=&#8220;4.21.0&#8243; background_size=&#8220;initial&#8220; background_position=&#8220;top_left&#8220; background_repeat=&#8220;repeat&#8220; custom_margin=&#8220;||||false|false&#8220; global_module=&#8220;18968&#8243; global_colors_info=&#8220;{}&#8220;][et_pb_column type=&#8220;4_4&#8243; _builder_version=&#8220;4.16&#8243; custom_padding=&#8220;|||&#8220; global_colors_info=&#8220;{}&#8220; custom_padding__hover=&#8220;|||&#8220;][et_pb_dmb_breadcrumbs admin_label=&#8220;Breadcrumbs&#8220; _builder_version=&#8220;4.21.0&#8243; body_font_size_tablet=&#8220;51&#8243; body_line_height_tablet=&#8220;2&#8243; separator_font_size_tablet=&#8220;51&#8243; separator_line_height_tablet=&#8220;2&#8243; link_font_size_tablet=&#8220;51&#8243; link_line_height_tablet=&#8220;2&#8243; linkhover_font_size_tablet=&#8220;51&#8243; linkhover_line_height_tablet=&#8220;2&#8243; global_colors_info=&#8220;{}&#8220;][\/et_pb_dmb_breadcrumbs][\/et_pb_column][\/et_pb_row][et_pb_row admin_label=&#8220;Main Product Entry Point&#8220; module_id=&#8220;cp_pb_product_line_entry_level&#8220; module_class=&#8220;ignore_default&#8220; _builder_version=&#8220;4.21.0&#8243; background_size=&#8220;initial&#8220; background_position=&#8220;top_left&#8220; background_repeat=&#8220;repeat&#8220; width_tablet=&#8220;70%&#8220; width_phone=&#8220;80%&#8220; width_last_edited=&#8220;on|phone&#8220; max_width_tablet=&#8220;70%&#8220; max_width_phone=&#8220;1130px&#8220; max_width_last_edited=&#8220;on|phone&#8220; use_custom_width=&#8220;on&#8220; width_unit=&#8220;off&#8220; custom_width_percent=&#8220;70%&#8220; collapsed=&#8220;off&#8220; global_colors_info=&#8220;{}&#8220;][et_pb_column type=&#8220;4_4&#8243; _builder_version=&#8220;4.16&#8243; custom_padding=&#8220;|||&#8220; global_colors_info=&#8220;{}&#8220; custom_padding__hover=&#8220;|||&#8220;][et_pb_text module_class=&#8220;ignore_default&#8220; _builder_version=&#8220;4.16&#8243; header_2_font=&#8220;|800|||||||&#8220; header_2_text_align=&#8220;left&#8220; header_2_font_size=&#8220;30px&#8220; global_colors_info=&#8220;{}&#8220;]<\/p>\n<h2>Hygiene w\u00e4hrend der Reise<\/h2>\n<p><strong>Auf Reisen ist es wichtig, dass du auf die Hygiene achtest. Manchmal ist kein Wasser verf\u00fcgbar oder die Qualit\u00e4t ist anders, als man es zu Hause gewohnt ist. Wir empfehlen dir, immer ein desinfizierendes Handgel, Seife und K\u00f6rperspray dabei zu haben, damit du dich sauber und frisch f\u00fchlen kannst. F\u00fcr einige Reiseziele empfehlen wir einen Wasserfilter und\/oder ein Trinkwasserdesinfektionsmittel. Care Plus<sup style=\"font-size: 10px;\">\u00ae<\/sup> bietet dir eine komplette Palette an Produkten, die die Hygiene w\u00e4hrend deiner Reise verbessern.<\/strong>[\/et_pb_text][\/et_pb_column][\/et_pb_row][\/et_pb_section][et_pb_section fb_built=&#8220;1&#8243; admin_label=&#8220;Page Heading&#8220; module_id=&#8220;cp_pb_page_content&#8220; _builder_version=&#8220;4.16&#8243; background_color=&#8220;#f4f4f4&#8243; custom_margin=&#8220;0px|||&#8220; custom_padding=&#8220;0px|||&#8220; collapsed=&#8220;off&#8220; global_colors_info=&#8220;{}&#8220;][et_pb_row column_structure=&#8220;1_3,1_3,1_3&#8243; admin_label=&#8220;Main Product Entry Point&#8220; module_id=&#8220;cp_pb_product_line_entry_level&#8220; module_class=&#8220;ignore_default&#8220; _builder_version=&#8220;4.16&#8243; background_size=&#8220;initial&#8220; background_position=&#8220;top_left&#8220; background_repeat=&#8220;repeat&#8220; width=&#8220;70%&#8220; max_width=&#8220;70%&#8220; use_custom_width=&#8220;on&#8220; width_unit=&#8220;off&#8220; custom_width_percent=&#8220;70%&#8220; collapsed=&#8220;off&#8220; global_colors_info=&#8220;{}&#8220;][et_pb_column type=&#8220;1_3&#8243; _builder_version=&#8220;4.16&#8243; custom_padding=&#8220;|||&#8220; global_colors_info=&#8220;{}&#8220; custom_padding__hover=&#8220;|||&#8220;][et_pb_image src=&#8220;https:\/\/www.careplus.eu\/wp-content\/uploads\/2025\/05\/care-plus-persoonlijke-hygien-op-reis.webp&#8220; alt=&#8220;Pers\u00f6nliche Hygiene f\u00fcr unterwegs&#8220; title_text=&#8220;Hygiene Handtuch Seife&#8220; url=&#8220;https:\/\/www.careplus.eu\/nl\/hygiene-tijdens-reis\/persoonlijke-hygiene\/&#8220; align_tablet=&#8220;center&#8220; align_phone=&#8220;&#8220; align_last_edited=&#8220;on|desktop&#8220; _builder_version=&#8220;4.21.0&#8243; global_colors_info=&#8220;{}&#8220;][\/et_pb_image][et_pb_button button_url=&#8220;https:\/\/www.careplus.eu\/nl\/hygiene-tijdens-reis\/persoonlijke-hygiene\/&#8220; button_text=&#8220;K\u00f6rperpflege&#8220; button_alignment=&#8220;center&#8220; _builder_version=&#8220;4.16&#8243; background_layout=&#8220;dark&#8220; global_colors_info=&#8220;{}&#8220;][\/et_pb_button][\/et_pb_column][et_pb_column type=&#8220;1_3&#8243; _builder_version=&#8220;4.16&#8243; custom_padding=&#8220;|||&#8220; global_colors_info=&#8220;{}&#8220; custom_padding__hover=&#8220;|||&#8220;][et_pb_image src=&#8220;https:\/\/www.careplus.eu\/wp-content\/uploads\/2021\/11\/Hygiene-producten-4.png&#8220; alt=&#8220;Wasser aufbereiten mit Care Plus Produkte&#8220; title_text=&#8220;Hygiene producten&#8220; align_tablet=&#8220;center&#8220; align_phone=&#8220;&#8220; align_last_edited=&#8220;on|desktop&#8220; _builder_version=&#8220;4.16&#8243; global_colors_info=&#8220;{}&#8220;][\/et_pb_image][et_pb_button button_url=&#8220;https:\/\/www.careplus.eu\/nl\/hygiene-tijdens-reis\/water-zuiveren\/&#8220; button_text=&#8220;Wasser aufbereiten&#8220; button_alignment=&#8220;center&#8220; _builder_version=&#8220;4.16&#8243; background_layout=&#8220;dark&#8220; global_colors_info=&#8220;{}&#8220;][\/et_pb_button][\/et_pb_column][et_pb_column type=&#8220;1_3&#8243; _builder_version=&#8220;4.16&#8243; custom_padding=&#8220;|||&#8220; global_colors_info=&#8220;{}&#8220; custom_padding__hover=&#8220;|||&#8220;][et_pb_image src=&#8220;https:\/\/www.careplus.eu\/wp-content\/uploads\/2025\/05\/care-plus-ors-hydratatie-tegen-uitdroging.webp&#8220; alt=&#8220;Fl\u00fcssigkeitszufuhr met O.R.S von Care Plus&#8220; title_text=&#8220;ORS-Hygiene&#8220; align_tablet=&#8220;center&#8220; align_phone=&#8220;&#8220; align_last_edited=&#8220;on|desktop&#8220; _builder_version=&#8220;4.21.0&#8243; hover_enabled=&#8220;0&#8243; global_colors_info=&#8220;{}&#8220; sticky_enabled=&#8220;0&#8243;][\/et_pb_image][et_pb_button button_url=&#8220;https:\/\/www.careplus.eu\/nl\/eerste-hulp-op-reis\/o-r-s\/&#8220; button_text=&#8220;O.R.S.&#8220; button_alignment=&#8220;center&#8220; _builder_version=&#8220;4.16&#8243; background_layout=&#8220;dark&#8220; global_colors_info=&#8220;{}&#8220;][\/et_pb_button][\/et_pb_column][\/et_pb_row][\/et_pb_section][et_pb_section fb_built=&#8220;1&#8243; admin_label=&#8220;Product Listing&#8220; module_id=&#8220;cp_pb_page_extra&#8220; _builder_version=&#8220;4.16&#8243; collapsed=&#8220;off&#8220; global_colors_info=&#8220;{}&#8220;][et_pb_row _builder_version=&#8220;4.16&#8243; background_size=&#8220;initial&#8220; background_position=&#8220;top_left&#8220; background_repeat=&#8220;repeat&#8220; global_colors_info=&#8220;{}&#8220;][et_pb_column type=&#8220;4_4&#8243; _builder_version=&#8220;4.16&#8243; custom_padding=&#8220;|||&#8220; global_colors_info=&#8220;{}&#8220; custom_padding__hover=&#8220;|||&#8220;][et_pb_text admin_label=&#8220;Extra Informatie&#8220; module_id=&#8220;cp_pb_extra_content&#8220; _builder_version=&#8220;4.16&#8243; global_colors_info=&#8220;{}&#8220;]<\/p>\n<h3>Hygiene w\u00e4hrend der Reise besteht aus drei Aspekten<\/h3>\n<ul>\n<li><a href=\"https:\/www.careplus.eu\/de\/hygiene\/korperpflege\/\">K\u00f6rperpflege<\/a><\/li>\n<li><a href=\"https:\/\/www.careplus.eu\/de\/erste-hilfe-auf-reisen\/o-r-s\/\">Lebensmittelhygiene<\/a><\/li>\n<li><a href=\"https:\/\/www.careplus.eu\/de\/hygiene\/wasser-reinigen\/\">Wasser aufbereiten<\/a><\/li>\n<\/ul>\n<p>&nbsp;<\/p>\n<h3>K\u00f6rperpflege auf Reisen<\/h3>\n<p>Unter pers\u00f6nlicher Hygiene verstehen wir alle hygienischen Ma\u00dfnahmen, die Sie in Bezug auf sich selbst ergreifen k\u00f6nnen. Denken Sie an <a href=\"https:\/\/www.careplus.eu\/de\/hygiene\/korperpflege\/handdesinfektion-gel\/\"> H\u00e4nde waschen und desinfizieren <\/a> und trocknen Sie sie gr\u00fcndlich mit einem sauberen Produkt Handtuch.<\/p>\n<p>&nbsp;<\/p>\n<h3>Lebensmittelhygiene auf Reisen<\/h3>\n<p>Unter Lebensmittelhygiene verstehen wir alle Hygienema\u00dfnahmen, die Sie in Bezug auf die Ern\u00e4hrung treffen k\u00f6nnen. Dies beinhaltet die kritische Auswahl und Kontrolle von Lebensmitteln und die Herstellung der richtigen <a href=\"https:\/\/www.careplus.eu\/de\/erste-hilfe-auf-reisen\/o-r-s\/\"> Nahrungserg\u00e4nzungsmittel<\/a> f\u00fcr Engp\u00e4sse.<\/p>\n<p>&nbsp;<\/p>\n<h3>Wasser aufbereiten<\/h3>\n<p>In Westeuropa und Nordamerika ist es normalerweise kein Problem, aus dem Wasserhahn zu trinken. In den dar\u00fcber hinausgehenden Gebieten m\u00fcssen Sie jedoch <a href=\"https:\/\/www.careplus.eu\/de\/hygiene\/wasser-reinigen\/\"> Ma\u00dfnahmen ergreifen, um das Wasser trinkbar zu machen<\/a>. Das Wasser k\u00f6nnte kontaminiert sein. Die Mikroorganismen k\u00f6nnen Infektionskrankheiten verursachen, insbesondere im Magen-Darm-Trakt. Durchfall ist das h\u00e4ufigste Problem. Es gibt verschiedene Methoden, um Wasser trinkbar zu machen:<\/p>\n<ul>\n<li>Desinfecteren met <a href=\"https:\/\/www.careplus.eu\/de\/hygiene\/wasser-reinigen\/hadex\/\">Care Plus Hadex<\/a><sup style=\"font-size: 10px;\">\u00ae<\/sup>, ein von der niederl\u00e4ndischen Regierung zugelassenes Trinkwasserdesinfektionsmittel. Dies t\u00f6tet Bakterien und Viren ab.<\/li>\n<li>Bei der Mikrofiltration entfernt dieser Filter je nach Filtertyp Protozoen und Bakterien.<\/li>\n<li>Kochen t\u00f6tet alle Mikroorganismen ab.<\/li>\n<\/ul>\n<p>Care Plus<sup style=\"font-size: 10px;\">\u00ae<\/sup> bietet eine Reihe von Produkten zur F\u00f6rderung der Feuchtigkeitsaufnahme, Wasseraufbereitung und K\u00f6rperpflege an.<\/p>\n<p>[\/et_pb_text][\/et_pb_column][\/et_pb_row][\/et_pb_section]<\/p>\n","protected":false},"excerpt":{"rendered":"<p>Hygieneprodukte f\u00fcr unterwegs. Vom reinigenden Handgel bis zur Seife und Wasseraufbereitung &#8211; sieh dir das Sortiment an.<\/p>\n","protected":false},"author":37,"featured_media":0,"parent":0,"menu_order":0,"comment_status":"closed","ping_status":"closed","template":"","meta":{"_acf_changed":false,"_et_pb_use_builder":"on","_et_pb_old_content":"","_et_gb_content_width":"","footnotes":""},"class_list":["post-5336","page","type-page","status-publish","hentry"],"acf":[],"_links":{"self":[{"href":"https:\/\/www.careplus.eu\/de\/wp-json\/wp\/v2\/pages\/5336","targetHints":{"allow":["GET"]}}],"collection":[{"href":"https:\/\/www.careplus.eu\/de\/wp-json\/wp\/v2\/pages"}],"about":[{"href":"https:\/\/www.careplus.eu\/de\/wp-json\/wp\/v2\/types\/page"}],"author":[{"embeddable":true,"href":"https:\/\/www.careplus.eu\/de\/wp-json\/wp\/v2\/users\/37"}],"replies":[{"embeddable":true,"href":"https:\/\/www.careplus.eu\/de\/wp-json\/wp\/v2\/comments?post=5336"}],"version-history":[{"count":0,"href":"https:\/\/www.careplus.eu\/de\/wp-json\/wp\/v2\/pages\/5336\/revisions"}],"wp:attachment":[{"href":"https:\/\/www.careplus.eu\/de\/wp-json\/wp\/v2\/media?parent=5336"}],"curies":[{"name":"wp","href":"https:\/\/api.w.org\/{rel}","templated":true}]}}