


{"id":5334,"date":"2019-03-16T11:40:12","date_gmt":"2019-03-16T10:40:12","guid":{"rendered":"https:\/\/www.careplus.eu\/mucken-und-zecken\/"},"modified":"2024-09-11T10:06:35","modified_gmt":"2024-09-11T09:06:35","slug":"mucken-und-zecken","status":"publish","type":"page","link":"https:\/\/www.careplus.eu\/de\/mucken-und-zecken\/","title":{"rendered":"M\u00fccken und Zecken"},"content":{"rendered":"<p>[et_pb_section bb_built=&#8220;1&#8243; fullwidth=&#8220;on&#8220; _builder_version=&#8220;4.21.0&#8243; background_image=&#8220;https:\/\/www.careplus.eu\/wp-content\/uploads\/2021\/04\/header-mosquito-tick.jpg&#8220; bottom_divider_style=&#8220;curve&#8220; bottom_divider_color=&#8220;#ffffff&#8220; bottom_divider_height=&#8220;40px&#8220; bottom_divider_height_tablet=&#8220;40px&#8220; bottom_divider_height_phone=&#8220;20px&#8220; bottom_divider_height_last_edited=&#8220;on|phone&#8220; background_last_edited=&#8220;off|desktop&#8220; background_image_phone=&#8220;https:\/\/www.careplus.eu\/wp-content\/uploads\/2021\/04\/header-mosquito-tick-mb.jpg&#8220; background_enable_image_phone=&#8220;on&#8220; global_colors_info=&#8220;{}&#8220; next_background_color=&#8220;#ffffff&#8220;][et_pb_fullwidth_slider show_arrows=&#8220;off&#8220; show_pagination=&#8220;off&#8220; _builder_version=&#8220;4.21.0&#8243; header_level=&#8220;h1&#8243; header_font=&#8220;|900|||||||&#8220; header_font_size=&#8220;36&#8243; custom_padding=&#8220;22%||10%|&#8220; global_colors_info=&#8220;{}&#8220;][et_pb_slide heading=&#8220;M\u00fccken und Zecken&#8220; use_bg_overlay=&#8220;off&#8220; use_text_overlay=&#8220;off&#8220; _builder_version=&#8220;4.21.0&#8243; header_font=&#8220;|800|||||||&#8220; background_color=&#8220;RGBA(255,255,255,0)&#8220; background_enable_color=&#8220;on&#8220; background_enable_image=&#8220;off&#8220; button_on_hover=&#8220;on&#8220; custom_padding=&#8220;15%||15%|&#8220; custom_padding_tablet=&#8220;30%||30%|&#8220; custom_padding_phone=&#8220;30%||30%|&#8220; custom_padding_last_edited=&#8220;on|desktop&#8220; header_font_size_tablet=&#8220;30&#8243; header_font_size_phone=&#8220;30&#8243; header_font_size_last_edited=&#8220;on|phone&#8220; background_last_edited=&#8220;off|phone&#8220; background_enable_image_phone=&#8220;off&#8220; header_text_shadow_style=&#8220;preset3&#8243; header_text_shadow_blur_strength=&#8220;0.5em&#8220; header_text_shadow_color=&#8220;rgba(0,0,0,0.6)&#8220; global_colors_info=&#8220;{}&#8220; sticky_transition=&#8220;on&#8220;][\/et_pb_slide][\/et_pb_fullwidth_slider][\/et_pb_section][et_pb_section bb_built=&#8220;1&#8243; admin_label=&#8220;Page Heading&#8220; module_id=&#8220;cp_pb_page_content&#8220; _builder_version=&#8220;4.21.0&#8243; background_color=&#8220;#ffffff&#8220; custom_margin=&#8220;50px||||false|false&#8220; custom_padding=&#8220;0px|||&#8220; collapsed=&#8220;off&#8220; global_colors_info=&#8220;{}&#8220; prev_background_color=&#8220;#000000&#8243; next_background_color=&#8220;#f4f4f4&#8243;][et_pb_row disabled_on=&#8220;off|off|off&#8220; _builder_version=&#8220;4.21.0&#8243; background_size=&#8220;initial&#8220; background_position=&#8220;top_left&#8220; background_repeat=&#8220;repeat&#8220; custom_margin=&#8220;||||false|false&#8220; global_colors_info=&#8220;{}&#8220; theme_builder_area=&#8220;post_content&#8220; global_module=&#8220;18968&#8243;][et_pb_column type=&#8220;4_4&#8243; global_parent=&#8220;18968&#8243; _builder_version=&#8220;4.16&#8243; custom_padding=&#8220;|||&#8220; global_colors_info=&#8220;{}&#8220; custom_padding__hover=&#8220;|||&#8220; theme_builder_area=&#8220;post_content&#8220;][et_pb_dmb_breadcrumbs global_parent=&#8220;18968&#8243; _builder_version=&#8220;4.21.0&#8243; body_font_size_tablet=&#8220;51&#8243; body_line_height_tablet=&#8220;2&#8243; separator_font_size_tablet=&#8220;51&#8243; separator_line_height_tablet=&#8220;2&#8243; link_font_size_tablet=&#8220;51&#8243; link_line_height_tablet=&#8220;2&#8243; linkhover_font_size_tablet=&#8220;51&#8243; linkhover_line_height_tablet=&#8220;2&#8243; global_colors_info=&#8220;{}&#8220; theme_builder_area=&#8220;post_content&#8220; \/][\/et_pb_column][\/et_pb_row][et_pb_row admin_label=&#8220;Page Header&#8220; _builder_version=&#8220;4.16&#8243; background_size=&#8220;initial&#8220; background_position=&#8220;top_left&#8220; background_repeat=&#8220;repeat&#8220; custom_margin=&#8220;0px|||&#8220; custom_padding=&#8220;0px|||&#8220; width_unit=&#8220;off&#8220; custom_width_percent=&#8220;75%&#8220; collapsed=&#8220;off&#8220; global_colors_info=&#8220;{}&#8220;][et_pb_column type=&#8220;4_4&#8243; _builder_version=&#8220;4.16&#8243; custom_padding=&#8220;|||&#8220; global_colors_info=&#8220;{}&#8220; custom_padding__hover=&#8220;|||&#8220;][et_pb_text admin_label=&#8220;Inleiding&#8220; _builder_version=&#8220;4.16&#8243; header_font=&#8220;|900|||||||&#8220; header_text_align=&#8220;left&#8220; header_font_size=&#8220;24px&#8220; header_2_font=&#8220;|800|||||||&#8220; header_2_font_size=&#8220;30px&#8220; background_color=&#8220;#ffffff&#8220; global_colors_info=&#8220;{}&#8220;]<\/p>\n<h2>Verhindert Insektenstiche<\/h2>\n<p><strong>Stechende und bei\u00dfende Insekten sind nicht nur l\u00e4stig, sondern in manchen F\u00e4llen auch gef\u00e4hrlich. Sie k\u00f6nnen Infektionskrankheiten \u00fcbertragen oder eine allergische Reaktion ausl\u00f6sen. Care-Plus-Produkte<sup style=\"font-size: 10px;\">\u00ae<\/sup> reduzieren das Risiko von Insektenstichen, Bissen und Beeintr\u00e4chtigungen. Dies reduziert das Risiko von Malaria ((sub)tropische Destinationen), Zika (eine fortschreitende Krankheit, die besonders f\u00fcr schwangere Frauen gef\u00e4hrlich ist), Gelbfieber (Tropisches Afrika, S\u00fcdamerika) und Dengue-Fieber (Knochenbrecherkrankheit).<\/strong><\/p>\n<p>Bei Care Plus<sup style=\"font-size: 10px;\">\u00ae<\/sup> bieten wir auch die notwendigen Tipps, um Bisse von Zecken zu verhindern. Wir haben auch Produkte im Sortiment, die helfen, Zecken richtig zu entfernen.<\/p>\n<p>[\/et_pb_text][\/et_pb_column][\/et_pb_row][\/et_pb_section][et_pb_section bb_built=&#8220;1&#8243; admin_label=&#8220;Page Heading&#8220; module_id=&#8220;cp_pb_page_content&#8220; _builder_version=&#8220;4.16&#8243; background_color=&#8220;#f4f4f4&#8243; custom_margin=&#8220;0px|||&#8220; custom_padding=&#8220;0px|||&#8220; collapsed=&#8220;off&#8220; global_colors_info=&#8220;{}&#8220; prev_background_color=&#8220;#ffffff&#8220; next_background_color=&#8220;#ffffff&#8220;][et_pb_row admin_label=&#8220;Main Product Entry Point&#8220; column_structure=&#8220;1_3,1_3,1_3&#8243; module_id=&#8220;cp_pb_product_line_entry_level&#8220; module_class=&#8220;ignore_default&#8220; _builder_version=&#8220;4.16&#8243; background_size=&#8220;initial&#8220; background_position=&#8220;top_left&#8220; background_repeat=&#8220;repeat&#8220; width=&#8220;70%&#8220; max_width=&#8220;70%&#8220; use_custom_width=&#8220;on&#8220; width_unit=&#8220;off&#8220; custom_width_percent=&#8220;70%&#8220; collapsed=&#8220;off&#8220; global_colors_info=&#8220;{}&#8220;][et_pb_column type=&#8220;1_3&#8243; _builder_version=&#8220;4.16&#8243; custom_padding=&#8220;|||&#8220; global_colors_info=&#8220;{}&#8220; custom_padding__hover=&#8220;|||&#8220;][et_pb_image admin_label=&#8220;Anti-Insect&#8220; src=&#8220;https:\/\/www.careplus.eu\/wp-content\/uploads\/2020\/03\/care-plus-anti-insect.png&#8220; url=&#8220;@ET-DC@eyJkeW5hbWljIjp0cnVlLCJjb250ZW50IjoicG9zdF9saW5rX3VybF9wYWdlIiwic2V0dGluZ3MiOnsicG9zdF9pZCI6IjExNjIyIn19@&#8220; align_tablet=&#8220;center&#8220; align_last_edited=&#8220;on|desktop&#8220; _builder_version=&#8220;4.21.0&#8243; _dynamic_attributes=&#8220;url&#8220; global_colors_info=&#8220;{}&#8220;]<\/p>\n<p>\n&nbsp;<\/p>\n<p>[\/et_pb_image][et_pb_button button_url=&#8220;@ET-DC@eyJkeW5hbWljIjp0cnVlLCJjb250ZW50IjoicG9zdF9saW5rX3VybF9wYWdlIiwic2V0dGluZ3MiOnsicG9zdF9pZCI6IjExNjIyIn19@&#8220; button_text=&#8220;Anti-Insect&#8220; button_alignment=&#8220;center&#8220; _builder_version=&#8220;4.21.0&#8243; _dynamic_attributes=&#8220;button_url&#8220; custom_button=&#8220;on&#8220; button_text_color=&#8220;#ffffff&#8220; button_bg_color=&#8220;#0b6a30&#8243; button_use_icon=&#8220;off&#8220; background_layout=&#8220;dark&#8220; global_colors_info=&#8220;{}&#8220; \/][\/et_pb_column][et_pb_column type=&#8220;1_3&#8243; _builder_version=&#8220;4.16&#8243; custom_padding=&#8220;|||&#8220; global_colors_info=&#8220;{}&#8220; custom_padding__hover=&#8220;|||&#8220;][et_pb_image admin_label=&#8220;Klamboes&#8220; src=&#8220;https:\/\/www.careplus.eu\/wp-content\/uploads\/2023\/07\/Mousquito-net-bell.webp&#8220; title_text=&#8220;Muckennetz Bell&#8220; url=&#8220;@ET-DC@eyJkeW5hbWljIjp0cnVlLCJjb250ZW50IjoicG9zdF9saW5rX3VybF9wYWdlIiwic2V0dGluZ3MiOnsicG9zdF9pZCI6IjU4MDYifX0=@&#8220; align_tablet=&#8220;center&#8220; align_last_edited=&#8220;on|desktop&#8220; _builder_version=&#8220;4.21.0&#8243; _dynamic_attributes=&#8220;url&#8220; hover_enabled=&#8220;0&#8243; global_colors_info=&#8220;{}&#8220; sticky_enabled=&#8220;0&#8243;]<\/p>\n<p>\n&nbsp;<\/p>\n<p>[\/et_pb_image][et_pb_button button_url=&#8220;https:\/\/www.careplus.eu\/de\/mucken-und-zecken\/schutzen\/moskitonetze\/&#8220; button_text=&#8220;Reise-Moskitonetze&#8220; button_alignment=&#8220;center&#8220; _builder_version=&#8220;4.16&#8243; custom_button=&#8220;on&#8220; button_text_color=&#8220;#ffffff&#8220; button_bg_color=&#8220;#0b6a30&#8243; button_use_icon=&#8220;off&#8220; background_layout=&#8220;dark&#8220; global_colors_info=&#8220;{}&#8220; \/][\/et_pb_column][et_pb_column type=&#8220;1_3&#8243; _builder_version=&#8220;4.16&#8243; custom_padding=&#8220;|||&#8220; global_colors_info=&#8220;{}&#8220; custom_padding__hover=&#8220;|||&#8220;][et_pb_image admin_label=&#8220;Sokken&#8220; src=&#8220;https:\/\/www.careplus.eu\/wp-content\/uploads\/2018\/10\/sokken.png&#8220; url=&#8220;@ET-DC@eyJkeW5hbWljIjp0cnVlLCJjb250ZW50IjoicG9zdF9saW5rX3VybF9wYWdlIiwic2V0dGluZ3MiOnsicG9zdF9pZCI6IjU3MDQifX0=@&#8220; align_tablet=&#8220;center&#8220; align_last_edited=&#8220;on|desktop&#8220; _builder_version=&#8220;4.21.0&#8243; _dynamic_attributes=&#8220;url&#8220; global_colors_info=&#8220;{}&#8220;]<\/p>\n<p>\n&nbsp;<\/p>\n<p>[\/et_pb_image][et_pb_button button_url=&#8220;@ET-DC@eyJkeW5hbWljIjp0cnVlLCJjb250ZW50IjoicG9zdF9saW5rX3VybF9wYWdlIiwic2V0dGluZ3MiOnsicG9zdF9pZCI6IjU3MDQifX0=@&#8220; button_text=&#8220;Socken&#8220; button_alignment=&#8220;center&#8220; _builder_version=&#8220;4.21.0&#8243; _dynamic_attributes=&#8220;button_url&#8220; custom_button=&#8220;on&#8220; button_text_color=&#8220;#ffffff&#8220; button_bg_color=&#8220;#0b6a30&#8243; button_use_icon=&#8220;off&#8220; background_layout=&#8220;dark&#8220; global_colors_info=&#8220;{}&#8220; \/][\/et_pb_column][\/et_pb_row][\/et_pb_section][et_pb_section bb_built=&#8220;1&#8243; admin_label=&#8220;Extra&#8220; module_id=&#8220;cp_pb_page_extra&#8220; _builder_version=&#8220;4.16&#8243; collapsed=&#8220;off&#8220; global_colors_info=&#8220;{}&#8220; prev_background_color=&#8220;#f4f4f4&#8243; next_background_color=&#8220;#000000&#8243;][et_pb_row column_structure=&#8220;2_3,1_3&#8243; _builder_version=&#8220;4.16&#8243; background_size=&#8220;initial&#8220; background_position=&#8220;top_left&#8220; background_repeat=&#8220;repeat&#8220; collapsed=&#8220;off&#8220; global_colors_info=&#8220;{}&#8220;][et_pb_column type=&#8220;2_3&#8243; _builder_version=&#8220;4.16&#8243; custom_padding=&#8220;|||&#8220; global_colors_info=&#8220;{}&#8220; custom_padding__hover=&#8220;|||&#8220;][et_pb_text admin_label=&#8220;Voorkomen van muggenbeten&#8220; module_id=&#8220;cp_pb_extra_content&#8220; _builder_version=&#8220;4.16&#8243; global_colors_info=&#8220;{}&#8220;]<\/p>\n<h2>Vorbeugung von M\u00fcckenstichen<\/h2>\n<p>Wie bei so vielen Krankheiten ist Pr\u00e4vention immer besser als Heilung. Und zum Gl\u00fcck gibt es die n\u00f6tigen Ma\u00dfnahmen, die du ergreifen kannst, um das Risiko von M\u00fcckenstichen zu reduzieren. Auf jeden Fall ist es immer ratsam, vor dem Schlafengehen deinen Schlafbereich auf M\u00fccken zu \u00fcberpr\u00fcfen &#8211; es wird empfohlen, Moskitonetze pr\u00e4ventiv einzusetzen.<\/p>\n<p>[\/et_pb_text][et_pb_text admin_label=&#8220;Voorkomen van muggenbeten &#8211; tips&#8220; module_id=&#8220;cp_pb_extra_content&#8220; _builder_version=&#8220;4.16&#8243; global_colors_info=&#8220;{}&#8220;]<\/p>\n<p>\u00a0<\/p>\n<ul>\n<li>Trage helle, fein gewebte Kleidung.<\/li>\n<li>Trage lang\u00e4rmelige Schutzkleidung.<\/li>\n<li>Platziere Moskitonetze an Fenstern und T\u00fcren.<\/li>\n<li>Entferne\/vermeide stehende Gew\u00e4sser.<\/li>\n<li>Schlafe unter einem guten <a href=\"https:\/\/www.careplus.eu\/de\/mucken-und-zecken\/schutzen\/moskitonetze\/\"><u>M\u00fcckennetz<\/u><\/a>.<\/li>\n<li>Schmiere dich mit <a href=\"https:\/\/www.careplus.eu\/de\/mucken-und-zecken\/schutzen\/anti-insekt-deet\/\">Anti-Insekt DEET<\/a> oder <a href=\"https:\/\/www.careplus.eu\/de\/mucken-und-zecken\/schutzen\/anti-insekt-natural\/\">Anti-Insekt Natural<\/a> ein.<\/li>\n<\/ul>\n<p>[\/et_pb_text][\/et_pb_column][et_pb_column type=&#8220;1_3&#8243; _builder_version=&#8220;4.16&#8243; custom_padding=&#8220;|||&#8220; global_colors_info=&#8220;{}&#8220; custom_padding__hover=&#8220;|||&#8220;][et_pb_image admin_label=&#8220;Beeld mug&#8220; src=&#8220;https:\/\/www.careplus.eu\/wp-content\/uploads\/2019\/01\/tijgermug-dengue.jpg&#8220; align_tablet=&#8220;center&#8220; align_last_edited=&#8220;on|desktop&#8220; _builder_version=&#8220;4.16&#8243; border_radii=&#8220;on|10px|10px|10px|10px&#8220; global_colors_info=&#8220;{}&#8220; \/][\/et_pb_column][\/et_pb_row][et_pb_row _builder_version=&#8220;4.16&#8243; background_size=&#8220;initial&#8220; background_position=&#8220;top_left&#8220; background_repeat=&#8220;repeat&#8220; collapsed=&#8220;off&#8220; global_colors_info=&#8220;{}&#8220;][et_pb_column type=&#8220;4_4&#8243; _builder_version=&#8220;4.16&#8243; custom_padding=&#8220;|||&#8220; global_colors_info=&#8220;{}&#8220; custom_padding__hover=&#8220;|||&#8220;][et_pb_video src=&#8220;https:\/\/www.youtube.com\/watch?v=b_OnhbTQFLA&#8220; _builder_version=&#8220;4.16&#8243; border_radii=&#8220;on|10px|10px|10px|10px&#8220; global_colors_info=&#8220;{}&#8220; \/][et_pb_text admin_label=&#8220;Voorkomen van muggenbeten &#8211; meer info&#8220; module_id=&#8220;cp_pb_extra_content&#8220; _builder_version=&#8220;4.27.0&#8243; global_colors_info=&#8220;{}&#8220;]<\/p>\n<h3>Tropische Krankheiten, die sich durch Moskitos ausbreiten<\/h3>\n<p>Tropische Krankheiten wie Gelbfieber, Zika, Malaria und Denguefieber stellen eine ernsthafte Bedrohung f\u00fcr den menschlichen K\u00f6rper dar und k\u00f6nnen sogar t\u00f6dlich sein.<\/p>\n<p>Gegen Malaria verwendet man meist Malariatabletten. Diese bieten einen guten, aber NICHT vollst\u00e4ndigen Schutz. Jedes Jahr sterben mehr als 1 Million Menschen an Malaria. Es gibt noch keinen Impfstoff oder ein Medikament gegen Denguefieber. Du solltest daher M\u00fcckenstiche so weit wie m\u00f6glich vermeiden.<a href=\"https:\/\/www.careplus.eu\/de\/tipps-und-ratschlage-fur-sicheres-reisen\/schutz-vor-tropenkrankheiten\/\"> Erfahre hier mehr \u00fcber Tropenkrankheiten<\/a>, die von Moskitos \u00fcbertragen werden.<\/p>\n<p>Die Malariam\u00fccke ist nur am Abend und in der Nacht aktiv, die Dengue-M\u00fccke vor allem am Tag. Sch\u00fctze dich daher kontinuierlich! Care Plus<sup style=\"font-size: 10px;\">\u00ae<\/sup> bietet eine Reihe von Produkten zur Pr\u00e4vention und Behandlung von Insektenstichen.<\/p>\n<p>\u00a0<\/p>\n<h3>Von einer M\u00fccke gestochen worden?<\/h3>\n<p>Care Plus<sup style=\"font-size: 10px;\">\u00ae<\/sup> bietet Produkte, die den Juckreiz lindern. Achte nach dem Biss auf deinen K\u00f6rper und stelle sicher, dass du die <a href=\"https:\/\/www.careplus.eu\/de\/tipps-und-ratschlage-fur-sicheres-reisen\/schutz-vor-tropenkrankheiten\/\">Symptome<\/a> einer m\u00f6glichen Infektion erkennst. Im Zweifelsfall ist es immer ratsam, einen Arzt aufzusuchen.<\/p>\n<p>[\/et_pb_text][\/et_pb_column][\/et_pb_row][\/et_pb_section][et_pb_section bb_built=&#8220;1&#8243; admin_label=&#8220;Extra&#8220; module_id=&#8220;cp_pb_page_extra&#8220; _builder_version=&#8220;4.16&#8243; collapsed=&#8220;off&#8220; global_colors_info=&#8220;{}&#8220; prev_background_color=&#8220;#000000&#8243;][et_pb_row column_structure=&#8220;2_3,1_3&#8243; _builder_version=&#8220;4.16&#8243; background_size=&#8220;initial&#8220; background_position=&#8220;top_left&#8220; background_repeat=&#8220;repeat&#8220; collapsed=&#8220;off&#8220; global_colors_info=&#8220;{}&#8220;][et_pb_column type=&#8220;2_3&#8243; _builder_version=&#8220;4.16&#8243; custom_padding=&#8220;|||&#8220; global_colors_info=&#8220;{}&#8220; custom_padding__hover=&#8220;|||&#8220;][et_pb_text admin_label=&#8220;Voorkomen van tekenbeten&#8220; module_id=&#8220;cp_pb_extra_content&#8220; _builder_version=&#8220;4.27.0&#8243; global_colors_info=&#8220;{}&#8220;]<\/p>\n<h2>Vermeidung von Zeckenbissen<\/h2>\n<p>Der Schutz vor Zecken funktioniert etwas anders, denn Zecken fliegen nicht und man trifft sie eher nicht im Schlafzimmer an. Leider k\u00f6nnen Zecken auch Krankheiten wie Borreliose und Meningitis \u00fcbertragen. Es ist daher ratsam, Ma\u00dfnahmen zu ergreifen, um das Risiko eines Zeckenbisses so gering wie m\u00f6glich zu halten. Dar\u00fcber hinaus ist es ratsam, sich gut auf Zecken zu kontrollieren, auch Kinder.<\/p>\n<p>[\/et_pb_text][et_pb_text admin_label=&#8220;Voorkomen van tekenbeten &#8211; tips&#8220; module_id=&#8220;cp_pb_extra_content&#8220; _builder_version=&#8220;4.27.0&#8243; global_colors_info=&#8220;{}&#8220;]<\/p>\n<ul>\n<li>Trage helle, fein gewebte Kleidung.<\/li>\n<li>Trage lang\u00e4rmelige Schutzkleidung.<\/li>\n<li>Platziere Moskitonetze an Fenstern und T\u00fcren.<\/li>\n<li>Entferne\/vermeide stehende Gew\u00e4sser.<\/li>\n<li>Schlafe unter einem guten <a href=\"https:\/\/www.careplus.eu\/de\/mucken-und-zecken\/schutzen\/moskitonetze\/\"><u>M\u00fcckennetz<\/u><\/a>.<\/li>\n<li>Schmiere dich mit <a href=\"https:\/\/www.careplus.eu\/de\/mucken-und-zecken\/schutzen\/anti-insekt-deet\/\">Anti-Insekt DEET<\/a> oder <a href=\"https:\/\/www.careplus.eu\/de\/mucken-und-zecken\/schutzen\/anti-insekt-natural\/\">Anti-Insekt Natural<\/a> ein.<\/li>\n<\/ul>\n<p>[\/et_pb_text][\/et_pb_column][et_pb_column type=&#8220;1_3&#8243; _builder_version=&#8220;4.16&#8243; custom_padding=&#8220;|||&#8220; global_colors_info=&#8220;{}&#8220; custom_padding__hover=&#8220;|||&#8220;][et_pb_image src=&#8220;https:\/\/www.careplus.eu\/wp-content\/uploads\/2019\/02\/teek.jpg&#8220; align_tablet=&#8220;center&#8220; align_last_edited=&#8220;on|desktop&#8220; _builder_version=&#8220;4.16&#8243; border_radii=&#8220;on|10px|10px|10px|10px&#8220; global_colors_info=&#8220;{}&#8220; \/][et_pb_text admin_label=&#8220;Disclaimer DEET&#8220; _builder_version=&#8220;4.16.0&#8243; _module_preset=&#8220;default&#8220; text_font_size=&#8220;12px&#8220; text_line_height=&#8220;1.5em&#8220; locked=&#8220;off&#8220; global_colors_info=&#8220;{}&#8220;]<\/p>\n<p>Verwenden Sie Care Plus<sup style=\"font-size: 8px;\">\u00ae<\/sup>\u00a0Anti-Insect DEET sicher. Lesen Sie vor der Anwendung das Etikett und die Produktinformationen.<\/p>\n<p>[\/et_pb_text][\/et_pb_column][\/et_pb_row][\/et_pb_section]<\/p>\n","protected":false},"excerpt":{"rendered":"<p>Verhindert Insektenstiche Stechende und bei\u00dfende Insekten sind nicht nur l\u00e4stig, sondern in manchen F\u00e4llen auch gef\u00e4hrlich. Sie k\u00f6nnen Infektionskrankheiten \u00fcbertragen oder eine allergische Reaktion ausl\u00f6sen. Care-Plus-Produkte\u00ae reduzieren das Risiko von Insektenstichen, Bissen und Beeintr\u00e4chtigungen. Dies reduziert das Risiko von Malaria ((sub)tropische Destinationen), Zika (eine fortschreitende Krankheit, die besonders f\u00fcr schwangere Frauen gef\u00e4hrlich ist), Gelbfieber (Tropisches [&hellip;]<\/p>\n","protected":false},"author":37,"featured_media":0,"parent":0,"menu_order":0,"comment_status":"closed","ping_status":"closed","template":"","meta":{"_acf_changed":false,"_et_pb_use_builder":"on","_et_pb_old_content":"","_et_gb_content_width":"","footnotes":""},"class_list":["post-5334","page","type-page","status-publish","hentry"],"acf":[],"_links":{"self":[{"href":"https:\/\/www.careplus.eu\/de\/wp-json\/wp\/v2\/pages\/5334","targetHints":{"allow":["GET"]}}],"collection":[{"href":"https:\/\/www.careplus.eu\/de\/wp-json\/wp\/v2\/pages"}],"about":[{"href":"https:\/\/www.careplus.eu\/de\/wp-json\/wp\/v2\/types\/page"}],"author":[{"embeddable":true,"href":"https:\/\/www.careplus.eu\/de\/wp-json\/wp\/v2\/users\/37"}],"replies":[{"embeddable":true,"href":"https:\/\/www.careplus.eu\/de\/wp-json\/wp\/v2\/comments?post=5334"}],"version-history":[{"count":0,"href":"https:\/\/www.careplus.eu\/de\/wp-json\/wp\/v2\/pages\/5334\/revisions"}],"wp:attachment":[{"href":"https:\/\/www.careplus.eu\/de\/wp-json\/wp\/v2\/media?parent=5334"}],"curies":[{"name":"wp","href":"https:\/\/api.w.org\/{rel}","templated":true}]}}