{"id":15727,"date":"2022-05-20T10:04:03","date_gmt":"2022-05-20T08:04:03","guid":{"rendered":"https:\/\/staging.careplus.eu\/sonnenschutz-2\/sport-gel\/"},"modified":"2025-02-25T17:30:25","modified_gmt":"2025-02-25T16:30:25","slug":"sport-gel","status":"publish","type":"page","link":"https:\/\/www.careplus.eu\/de\/sonnenschutz\/sport-gel\/","title":{"rendered":"Sonnenschutz Sport Gel"},"content":{"rendered":"<p>[et_pb_section fb_built=&#8220;1&#8243; fullwidth=&#8220;on&#8220; _builder_version=&#8220;4.21.0&#8243; background_image=&#8220;https:\/\/www.careplus.eu\/wp-content\/uploads\/2022\/03\/Sun-Protection-Sport-Header-Desktop.jpg&#8220; bottom_divider_style=&#8220;curve&#8220; bottom_divider_color=&#8220;#ffffff&#8220; bottom_divider_height=&#8220;40px&#8220; hover_enabled=&#8220;0&#8243; background_last_edited=&#8220;off|desktop&#8220; background_image_phone=&#8220;https:\/\/www.careplus.eu\/wp-content\/uploads\/2022\/03\/Sun-Protection-Sport-Header-Mobile.jpg&#8220; background_enable_image_phone=&#8220;on&#8220; background_position_phone=&#8220;center&#8220; global_colors_info=&#8220;{}&#8220; bottom_divider_height_last_edited=&#8220;on|phone&#8220; sticky_enabled=&#8220;0&#8243; bottom_divider_height_phone=&#8220;20px&#8220; bottom_divider_height_tablet=&#8220;40px&#8220;][et_pb_fullwidth_slider show_arrows=&#8220;off&#8220; show_pagination=&#8220;off&#8220; _builder_version=&#8220;4.16&#8243; global_colors_info=&#8220;{}&#8220;][et_pb_slide heading=&#8220;Sonnenschutz Sport Gel&#8220; use_bg_overlay=&#8220;off&#8220; use_text_overlay=&#8220;off&#8220; _builder_version=&#8220;4.16&#8243; header_level=&#8220;h1&#8243; header_font=&#8220;|800|||||||&#8220; header_font_size=&#8220;36&#8243; background_enable_color=&#8220;off&#8220; background_enable_image=&#8220;off&#8220; button_on_hover=&#8220;on&#8220; custom_padding=&#8220;15%||15%|&#8220; custom_padding_tablet=&#8220;30%||30%|&#8220; custom_padding_phone=&#8220;30%||30%|&#8220; custom_padding_last_edited=&#8220;on|desktop&#8220; header_font_size_tablet=&#8220;30&#8243; header_font_size_phone=&#8220;30&#8243; header_font_size_last_edited=&#8220;on|desktop&#8220; header_text_shadow_style=&#8220;preset3&#8243; header_text_shadow_blur_strength=&#8220;0.5em&#8220; header_text_shadow_color=&#8220;rgba(0,0,0,0.6)&#8220; global_colors_info=&#8220;{}&#8220; sticky_transition=&#8220;on&#8220;][\/et_pb_slide][\/et_pb_fullwidth_slider][\/et_pb_section][et_pb_section fb_built=&#8220;1&#8243; module_id=&#8220;cp_pb_page_content&#8220; module_class=&#8220;cp_pb_regular_post_content&#8220; _builder_version=&#8220;4.21.0&#8243; background_color=&#8220;#ffffff&#8220; custom_padding=&#8220;0px|||&#8220; bottom_divider_color=&#8220;#ffffff&#8220; bottom_divider_height=&#8220;40px&#8220; hover_enabled=&#8220;0&#8243; global_colors_info=&#8220;{}&#8220; admin_label=&#8220;INTRO&#8220; custom_margin=&#8220;50px||||false|false&#8220; sticky_enabled=&#8220;0&#8243;][et_pb_row _builder_version=&#8220;4.21.0&#8243; background_size=&#8220;initial&#8220; background_position=&#8220;top_left&#8220; background_repeat=&#8220;repeat&#8220; custom_margin=&#8220;||||false|false&#8220; global_colors_info=&#8220;{}&#8220; global_module=&#8220;18803&#8243; theme_builder_area=&#8220;post_content&#8220;][et_pb_column type=&#8220;4_4&#8243; _builder_version=&#8220;4.16&#8243; custom_padding=&#8220;|||&#8220; global_colors_info=&#8220;{}&#8220; custom_padding__hover=&#8220;|||&#8220; theme_builder_area=&#8220;post_content&#8220;]<\/p>\n<p>[et_pb_dmb_breadcrumbs _builder_version=&#8220;4.16&#8243; body_font_size_tablet=&#8220;51&#8243; body_line_height_tablet=&#8220;2&#8243; separator_font_size_tablet=&#8220;51&#8243; separator_line_height_tablet=&#8220;2&#8243; link_font_size_tablet=&#8220;51&#8243; link_line_height_tablet=&#8220;2&#8243; linkhover_font_size_tablet=&#8220;51&#8243; linkhover_line_height_tablet=&#8220;2&#8243; global_colors_info=&#8220;{}&#8220; theme_builder_area=&#8220;post_content&#8220;][\/et_pb_dmb_breadcrumbs]<\/p>\n<p>[\/et_pb_column][\/et_pb_row][et_pb_row admin_label=&#8220;Page Header&#8220; _builder_version=&#8220;4.16&#8243; background_size=&#8220;initial&#8220; background_position=&#8220;top_left&#8220; background_repeat=&#8220;repeat&#8220; collapsed=&#8220;off&#8220; global_colors_info=&#8220;{}&#8220;][et_pb_column type=&#8220;4_4&#8243; _builder_version=&#8220;4.16&#8243; custom_padding=&#8220;|||&#8220; global_colors_info=&#8220;{}&#8220; custom_padding__hover=&#8220;|||&#8220;][et_pb_text admin_label=&#8220;Inleiding&#8220; _builder_version=&#8220;4.16&#8243; header_2_font=&#8220;|800|||||||&#8220; custom_margin=&#8220;||||false|false&#8220; custom_padding=&#8220;||||false|false&#8220; global_colors_info=&#8220;{}&#8220;]<\/p>\n<h2>Wirksamer Schutz beim Sport<\/h2>\n<p>Sport im Freien stellt an ein Produkt, das vor der Sonne sch\u00fctzen soll, besondere Anspr\u00fcche. Sie wollen sicher sein, dass Sie ausreichend vor UVA- und UVB-Strahlen gesch\u00fctzt sind und Ihre Haut weiterhin atmungsaktiv bleibt.<\/p>\n<p>Care Plus<sup style=\"font-size: 10px;\">\u00ae<\/sup> Sport Gel SPF30 ist die Antwort auf alle Ihre Bed\u00fcrfnisse als Sportler. Es handelt sich um ein einzigartiges Gel, das einen k\u00fchlenden und erfrischenden Effekt hat und f\u00fcr normale und empfindliche Haut verwendet werden kann. Das Sport Gel SPF30 zieht schnell ein und klebt nicht. Somit k\u00f6nnen Sie in Bewegung bleiben und sind optimal gesch\u00fctzt.<\/p>\n<p>[\/et_pb_text][\/et_pb_column][\/et_pb_row][\/et_pb_section][et_pb_section fb_built=&#8220;1&#8243; _builder_version=&#8220;4.16&#8243; background_color=&#8220;#f4f4f4&#8243; use_background_color_gradient=&#8220;on&#8220; background_color_gradient_stops=&#8220;#f4f4f4 0%|#e4e8e7 100%&#8220; background_color_gradient_start=&#8220;#f4f4f4&#8243; background_color_gradient_end=&#8220;#e4e8e7&#8243; global_colors_info=&#8220;{}&#8220;][et_pb_row column_structure=&#8220;1_4,3_4&#8243; _builder_version=&#8220;4.16&#8243; background_color=&#8220;#ffffff&#8220; custom_margin=&#8220;||||false|false&#8220; custom_padding=&#8220;|40px||40px|false|false&#8220; border_radii=&#8220;on|10px|10px|10px|10px&#8220; global_colors_info=&#8220;{}&#8220;][et_pb_column type=&#8220;1_4&#8243; _builder_version=&#8220;4.16&#8243; custom_padding=&#8220;|||&#8220; global_colors_info=&#8220;{}&#8220; custom_padding__hover=&#8220;|||&#8220;][et_pb_image src=&#8220;https:\/\/www.careplus.eu\/wp-content\/uploads\/2022\/03\/careplus-zonnebrand-Sport.jpg&#8220; alt=&#8220;Care Plus Sonnenschutz Sport&#8220; title_text=&#8220;careplus-Sonnenschutz-Sport&#8220; align=&#8220;center&#8220; _builder_version=&#8220;4.16&#8243; _module_preset=&#8220;default&#8220; global_colors_info=&#8220;{}&#8220;][\/et_pb_image][\/et_pb_column][et_pb_column type=&#8220;3_4&#8243; _builder_version=&#8220;4.16&#8243; custom_padding=&#8220;|||&#8220; global_colors_info=&#8220;{}&#8220; custom_padding__hover=&#8220;|||&#8220;][et_pb_divider show_divider=&#8220;off&#8220; _builder_version=&#8220;4.16&#8243; global_colors_info=&#8220;{}&#8220;][\/et_pb_divider][et_pb_text admin_label=&#8220;Care Plus\u00ae Sport&#8220; _builder_version=&#8220;4.16&#8243; header_2_text_color=&#8220;#f7a51c&#8220; header_3_text_color=&#8220;#47637e&#8220; custom_margin=&#8220;||0px||false|false&#8220; custom_padding=&#8220;||0px||false|false&#8220; global_colors_info=&#8220;{}&#8220;]<\/p>\n<h3>Wirksamer Schutz f\u00fcr aktive Sonnenanbeter<\/h3>\n<ul>\n<li>Sch\u00fctzt vor UVA- und UVB-Strahlen.<\/li>\n<li>F\u00fcr normale und empfindliche Haut.<\/li>\n<li>Besonders wasser- und schwei\u00dfbest\u00e4ndig. Getestet bei mindestens 80 Minuten Schwimmen oder Schwitzen.<\/li>\n<li>Enth\u00e4lt Vitamine B &amp; E.<\/li>\n<li>Vermischt sich nicht mit Staub.<\/li>\n<li>L\u00e4sst die Haut atmen.<\/li>\n<li>Hinterl\u00e4sst keinen wei\u00dfen Film auf der Haut.<\/li>\n<li>K\u00fchlende Wirkung.<\/li>\n<\/ul>\n<p>[\/et_pb_text][et_pb_image src=&#8220;https:\/\/www.careplus.eu\/wp-content\/uploads\/2022\/04\/Icons-Sun-protectiion-Sport.png&#8220; title_text=&#8220;Icons Sun protection Sport&#8220; _builder_version=&#8220;4.16.0&#8243; _module_preset=&#8220;default&#8220; global_colors_info=&#8220;{}&#8220;][\/et_pb_image][et_pb_toggle title=&#8220;Spezifikationen&#8220; icon_color=&#8220;#136932&#8243; open_icon_color=&#8220;#136932&#8243; admin_label=&#8220;Specificaties&#8220; _builder_version=&#8220;4.16&#8243; custom_padding=&#8220;|15px||15px&#8220; border_radii=&#8220;on|10px|10px|10px|10px&#8220; locked=&#8220;off&#8220; global_colors_info=&#8220;{}&#8220;]<\/p>\n<ul>\n<li>Tube \u2013 100 ml<\/li>\n<li>Parabenfrei<\/li>\n<li>Vegan<\/li>\n<li>Die Tube ist aus Biokunststoff (recycelt) gefertigt.<\/li>\n<\/ul>\n<p>[\/et_pb_toggle][et_pb_button button_url=&#8220;https:\/\/www.careplus-shop.de\/sonnenschutz&#8220; url_new_window=&#8220;on&#8220; button_text=&#8220;W\u00e4hlen &amp; Bestellen&#8220; disabled_on=&#8220;off|off|off&#8220; _builder_version=&#8220;4.16&#8243; _module_preset=&#8220;default&#8220; custom_button=&#8220;on&#8220; button_bg_color=&#8220;#f7a51c&#8220; global_colors_info=&#8220;{}&#8220;][\/et_pb_button][\/et_pb_column][\/et_pb_row][\/et_pb_section][et_pb_section fb_built=&#8220;1&#8243; module_id=&#8220;cp_pb_page_content&#8220; module_class=&#8220;cp_pb_regular_post_content&#8220; _builder_version=&#8220;4.16&#8243; background_color=&#8220;#ffffff&#8220; custom_padding=&#8220;||||false|false&#8220; bottom_divider_color=&#8220;#ffffff&#8220; bottom_divider_height=&#8220;40px&#8220; global_colors_info=&#8220;{}&#8220;][et_pb_row admin_label=&#8220;Page Header&#8220; _builder_version=&#8220;4.16&#8243; background_size=&#8220;initial&#8220; background_position=&#8220;top_left&#8220; background_repeat=&#8220;repeat&#8220; collapsed=&#8220;off&#8220; global_colors_info=&#8220;{}&#8220;][et_pb_column type=&#8220;4_4&#8243; _builder_version=&#8220;4.16&#8243; custom_padding=&#8220;|||&#8220; global_colors_info=&#8220;{}&#8220; custom_padding__hover=&#8220;|||&#8220;][et_pb_text admin_label=&#8220;Ontwikkeld voor uitzonderlijke prestaties&#8220; _builder_version=&#8220;4.16&#8243; header_2_font=&#8220;|800|||||||&#8220; custom_margin=&#8220;||||false|false&#8220; custom_padding=&#8220;||||false|false&#8220; global_colors_info=&#8220;{}&#8220;]<\/p>\n<h3>Entwickelt f\u00fcr au\u00dfergew\u00f6hnliche Leistung<\/h3>\n<p>Care Plus<sup style=\"font-size: 10px;\">\u00ae<\/sup> Sun Protection Sport Gel SPF30 bietet wirksamen Schutz vor Sonnenbrand. Und das ohne zu verschmieren, da sich das Gel nicht mit dem Stoff auf der Haut vermischt.<\/p>\n<p>[\/et_pb_text][\/et_pb_column][\/et_pb_row][\/et_pb_section]<\/p>\n","protected":false},"excerpt":{"rendered":"<p>Sport im Freien stellt zus\u00e4tzliche Anspr\u00fcche an ein Produkt, das Sie vor der Sonne sch\u00fctzen soll. Sie wollen sicher sein, dass Sie ausreichend vor UVA- und UVB-Strahlen gesch\u00fctzt sind und Ihre Haut weiterhin atmungsaktiv ist.<\/p>\n","protected":false},"author":37,"featured_media":0,"parent":15713,"menu_order":0,"comment_status":"closed","ping_status":"closed","template":"","meta":{"_acf_changed":false,"_et_pb_use_builder":"on","_et_pb_old_content":"","_et_gb_content_width":"","footnotes":""},"class_list":["post-15727","page","type-page","status-publish","hentry"],"acf":[],"_links":{"self":[{"href":"https:\/\/www.careplus.eu\/de\/wp-json\/wp\/v2\/pages\/15727","targetHints":{"allow":["GET"]}}],"collection":[{"href":"https:\/\/www.careplus.eu\/de\/wp-json\/wp\/v2\/pages"}],"about":[{"href":"https:\/\/www.careplus.eu\/de\/wp-json\/wp\/v2\/types\/page"}],"author":[{"embeddable":true,"href":"https:\/\/www.careplus.eu\/de\/wp-json\/wp\/v2\/users\/37"}],"replies":[{"embeddable":true,"href":"https:\/\/www.careplus.eu\/de\/wp-json\/wp\/v2\/comments?post=15727"}],"version-history":[{"count":0,"href":"https:\/\/www.careplus.eu\/de\/wp-json\/wp\/v2\/pages\/15727\/revisions"}],"up":[{"embeddable":true,"href":"https:\/\/www.careplus.eu\/de\/wp-json\/wp\/v2\/pages\/15713"}],"wp:attachment":[{"href":"https:\/\/www.careplus.eu\/de\/wp-json\/wp\/v2\/media?parent=15727"}],"curies":[{"name":"wp","href":"https:\/\/api.w.org\/{rel}","templated":true}]}}