{"id":15724,"date":"2022-05-20T09:23:52","date_gmt":"2022-05-20T07:23:52","guid":{"rendered":"https:\/\/staging.careplus.eu\/sonnenschutz-2\/lotion-und-lippenbalsam\/"},"modified":"2025-02-25T18:16:55","modified_gmt":"2025-02-25T17:16:55","slug":"lotion-und-lippenbalsam","status":"publish","type":"page","link":"https:\/\/www.careplus.eu\/de\/sonnenschutz\/lotion-und-lippenbalsam\/","title":{"rendered":"Lotion und Lippenbalsam"},"content":{"rendered":"<p>[et_pb_section fb_built=&#8220;1&#8243; fullwidth=&#8220;on&#8220; _builder_version=&#8220;4.21.0&#8243; background_image=&#8220;https:\/\/www.careplus.eu\/wp-content\/uploads\/2022\/03\/Sun-Protection-Kite-Header-Desktop.jpg&#8220; background_position=&#8220;bottom_center&#8220; bottom_divider_style=&#8220;curve&#8220; bottom_divider_color=&#8220;#ffffff&#8220; bottom_divider_height=&#8220;40px&#8220; bottom_divider_height_tablet=&#8220;40px&#8220; bottom_divider_height_phone=&#8220;20px&#8220; bottom_divider_height_last_edited=&#8220;on|phone&#8220; hover_enabled=&#8220;0&#8243; background_last_edited=&#8220;off|desktop&#8220; background_image_phone=&#8220;https:\/\/www.careplus.eu\/wp-content\/uploads\/2022\/03\/Sun-Protection-Kite-Header-Mobile.jpg&#8220; background_enable_image_phone=&#8220;on&#8220; background_position_phone=&#8220;center&#8220; global_colors_info=&#8220;{}&#8220; alt=&#8220;Zonnebrand&#8220; title_text=&#8220;Zonnebrand&#8220; sticky_enabled=&#8220;0&#8243;][et_pb_fullwidth_slider show_arrows=&#8220;off&#8220; show_pagination=&#8220;off&#8220; _builder_version=&#8220;4.21.0&#8243; hover_enabled=&#8220;0&#8243; global_colors_info=&#8220;{}&#8220; sticky_enabled=&#8220;0&#8243;][et_pb_slide heading=&#8220;Lotion und Lippenbalsam&#8220; use_bg_overlay=&#8220;off&#8220; use_text_overlay=&#8220;off&#8220; _builder_version=&#8220;4.21.0&#8243; header_level=&#8220;h1&#8243; header_font=&#8220;|800|||||||&#8220; header_font_size=&#8220;36&#8243; background_enable_color=&#8220;off&#8220; background_enable_image=&#8220;off&#8220; button_on_hover=&#8220;on&#8220; custom_padding=&#8220;15%||15%|&#8220; custom_padding_tablet=&#8220;30%||30%|&#8220; custom_padding_phone=&#8220;30%||30%|&#8220; custom_padding_last_edited=&#8220;on|desktop&#8220; hover_enabled=&#8220;0&#8243; header_font_size_tablet=&#8220;30&#8243; header_font_size_phone=&#8220;30&#8243; header_font_size_last_edited=&#8220;on|desktop&#8220; header_text_shadow_style=&#8220;preset3&#8243; header_text_shadow_blur_strength=&#8220;0.5em&#8220; header_text_shadow_color=&#8220;rgba(0,0,0,0.6)&#8220; global_colors_info=&#8220;{}&#8220; sticky_transition=&#8220;on&#8220; sticky_enabled=&#8220;0&#8243;][\/et_pb_slide][\/et_pb_fullwidth_slider][\/et_pb_section][et_pb_section fb_built=&#8220;1&#8243; admin_label=&#8220;INTRO&#8220; module_id=&#8220;cp_pb_page_content&#8220; module_class=&#8220;cp_pb_regular_post_content&#8220; _builder_version=&#8220;4.21.0&#8243; background_color=&#8220;#ffffff&#8220; custom_margin=&#8220;50px||||false|false&#8220; custom_padding=&#8220;0px|||&#8220; bottom_divider_color=&#8220;#ffffff&#8220; bottom_divider_height=&#8220;40px&#8220; global_colors_info=&#8220;{}&#8220;][et_pb_row disabled_on=&#8220;off|off|off&#8220; _builder_version=&#8220;4.21.0&#8243; background_size=&#8220;initial&#8220; background_position=&#8220;top_left&#8220; background_repeat=&#8220;repeat&#8220; custom_margin=&#8220;||||false|false&#8220; global_module=&#8220;18803&#8243; global_colors_info=&#8220;{}&#8220;][et_pb_column type=&#8220;4_4&#8243; _builder_version=&#8220;4.16&#8243; custom_padding=&#8220;|||&#8220; global_colors_info=&#8220;{}&#8220; custom_padding__hover=&#8220;|||&#8220;]<\/p>\n<p>[et_pb_dmb_breadcrumbs _builder_version=&#8220;4.16&#8243; body_font_size_tablet=&#8220;51&#8243; body_line_height_tablet=&#8220;2&#8243; separator_font_size_tablet=&#8220;51&#8243; separator_line_height_tablet=&#8220;2&#8243; link_font_size_tablet=&#8220;51&#8243; link_line_height_tablet=&#8220;2&#8243; linkhover_font_size_tablet=&#8220;51&#8243; linkhover_line_height_tablet=&#8220;2&#8243; global_colors_info=&#8220;{}&#8220;][\/et_pb_dmb_breadcrumbs]<\/p>\n<p>[\/et_pb_column][\/et_pb_row][et_pb_row admin_label=&#8220;Page Header&#8220; _builder_version=&#8220;4.16&#8243; background_size=&#8220;initial&#8220; background_position=&#8220;top_left&#8220; background_repeat=&#8220;repeat&#8220; custom_margin=&#8220;||0px||false|false&#8220; custom_padding=&#8220;||0px||false|false&#8220; collapsed=&#8220;off&#8220; global_colors_info=&#8220;{}&#8220;][et_pb_column type=&#8220;4_4&#8243; _builder_version=&#8220;4.16&#8243; custom_padding=&#8220;|||&#8220; global_colors_info=&#8220;{}&#8220; custom_padding__hover=&#8220;|||&#8220;][et_pb_text admin_label=&#8220;Inleiding&#8220; _builder_version=&#8220;4.16&#8243; header_2_font=&#8220;|800|||||||&#8220; custom_margin=&#8220;||||false|false&#8220; custom_padding=&#8220;||||false|false&#8220; global_colors_info=&#8220;{}&#8220;]<\/p>\n<h2>Care Plus<sup style=\"font-size: 12px;\">\u00ae<\/sup> Sonnenschutz. Lotionen auch f\u00fcrs Gesicht und f\u00fcr die Kinderhaut<\/h2>\n<p>Die Care Plus<sup style=\"font-size: 10px;\">\u00ae<\/sup> Sun Protection SPF 30+ und SPF 50+ Lotionen sind f\u00fcr einen aktiven Lebensstil gedacht. Die Produkte bieten extra Schutz bei Tagesausfl\u00fcgen, Wanderungen, beim Wintersport oder Sonnenurlaub. Sie lassen sich leicht auftragen und sind auch auf nasser Haut wirksam.<\/p>\n<p>Beide Lotionen eignen sich f\u00fcr normale und empfindliche Haut sowie f\u00fcr Kinder. Halten Sie Babys immer aus der Sonne fern, da ihre Haut noch zu empfindlich ist.<\/p>\n<p>[\/et_pb_text][\/et_pb_column][\/et_pb_row][et_pb_row column_structure=&#8220;3_4,1_4&#8243; admin_label=&#8220;Page Header&#8220; _builder_version=&#8220;4.16&#8243; background_size=&#8220;initial&#8220; background_position=&#8220;top_left&#8220; background_repeat=&#8220;repeat&#8220; custom_margin=&#8220;||||false|false&#8220; custom_padding=&#8220;||||false|false&#8220; collapsed=&#8220;off&#8220; global_colors_info=&#8220;{}&#8220;][et_pb_column type=&#8220;3_4&#8243; _builder_version=&#8220;4.16&#8243; custom_padding=&#8220;|||&#8220; global_colors_info=&#8220;{}&#8220; custom_padding__hover=&#8220;|||&#8220;][et_pb_text admin_label=&#8220;Meer bescherming dan gewone zonnebrandcr\u00e8me&#8220; _builder_version=&#8220;4.16&#8243; header_2_font=&#8220;|800|||||||&#8220; custom_margin=&#8220;15px||||false|false&#8220; custom_padding=&#8220;15px||||false|false&#8220; global_colors_info=&#8220;{}&#8220;]<\/p>\n<h3>Mehr Schutz als herk\u00f6mmliches Sonnenschutzmittel<\/h3>\n<p>Care Plus<sup style=\"font-size: 10px;\">\u00ae<\/sup> Produkte sind das Ergebnis von \u00fcber 30 Jahren Erfahrung in der Hautpflege. Und beabsichtigen Sie und\/oder Ihre Kinder ein Bad im Meer zu nehmen? Dann ist es gut zu wissen, dass die Care Plus<sup style=\"font-size: 10px;\">\u00ae<\/sup> Sun Protection Everyday Lotion auch Schutz vor Quallenbissen bietet. F\u00fchrt Ihre Reise in extrem warme oder kalte Gebiete? Dann sollten Sie auch Ihre empfindlichen Lippen sch\u00fctzen. Daf\u00fcr bietet sich unser einzigartiger Lippenbalsam mit LSF 30+ an.<\/p>\n<p> [\/et_pb_text][\/et_pb_column][et_pb_column type=&#8220;1_4&#8243; _builder_version=&#8220;4.16&#8243; custom_padding=&#8220;|||&#8220; global_colors_info=&#8220;{}&#8220; custom_padding__hover=&#8220;|||&#8220;][et_pb_image src=&#8220;https:\/\/www.careplus.eu\/wp-content\/uploads\/2022\/03\/kwal-op-strand.jpg&#8220; alt=&#8220;Quallen am Strand&#8220; title_text=&#8220;Quallen am Strand&#8220; _builder_version=&#8220;4.16&#8243; _module_preset=&#8220;default&#8220; custom_margin=&#8220;10px||||false|false&#8220; custom_padding=&#8220;10px||||false|false&#8220; border_radii=&#8220;on|10px|10px|10px|10px&#8220; global_colors_info=&#8220;{}&#8220;][\/et_pb_image][\/et_pb_column][\/et_pb_row][\/et_pb_section][et_pb_section fb_built=&#8220;1&#8243; _builder_version=&#8220;4.16&#8243; background_color=&#8220;#f4f4f4&#8243; use_background_color_gradient=&#8220;on&#8220; background_color_gradient_stops=&#8220;#f4f4f4 0%|#e4e8e7 100%&#8220; background_color_gradient_start=&#8220;#f4f4f4&#8243; background_color_gradient_end=&#8220;#e4e8e7&#8243; global_colors_info=&#8220;{}&#8220;][et_pb_row column_structure=&#8220;1_4,3_4&#8243; _builder_version=&#8220;4.16.0&#8243; background_color=&#8220;#ffffff&#8220; custom_margin=&#8220;||||false|false&#8220; custom_padding=&#8220;|40px||40px|false|false&#8220; border_radii=&#8220;on|10px|10px|10px|10px&#8220; global_colors_info=&#8220;{}&#8220;][et_pb_column type=&#8220;1_4&#8243; _builder_version=&#8220;4.16.0&#8243; custom_padding=&#8220;|||&#8220; global_colors_info=&#8220;{}&#8220; custom_padding__hover=&#8220;|||&#8220;]<\/p>\n<p>[et_pb_gallery gallery_ids=&#8220;15717,15718&#8243; fullwidth=&#8220;on&#8220; _builder_version=&#8220;4.16&#8243; _module_preset=&#8220;default&#8220; title_text_align=&#8220;left&#8220; caption_text_align=&#8220;left&#8220; pagination_text_align=&#8220;left&#8220; text_orientation=&#8220;left&#8220; module_alignment=&#8220;center&#8220; global_colors_info=&#8220;{}&#8220;][\/et_pb_gallery]<\/p>\n<p>[\/et_pb_column][et_pb_column type=&#8220;3_4&#8243; _builder_version=&#8220;4.16&#8243; custom_padding=&#8220;|||&#8220; global_colors_info=&#8220;{}&#8220; custom_padding__hover=&#8220;|||&#8220;][et_pb_divider show_divider=&#8220;off&#8220; _builder_version=&#8220;4.16&#8243; global_colors_info=&#8220;{}&#8220;][\/et_pb_divider][et_pb_text admin_label=&#8220;Care Plus\u00ae Sun Protection lotion&#8220; _builder_version=&#8220;4.16&#8243; header_3_text_color=&#8220;#677b76&#8243; custom_margin=&#8220;||0px||false|false&#8220; custom_padding=&#8220;||0px||false|false&#8220; global_colors_info=&#8220;{}&#8220;]<\/p>\n<h3>Care Plus<sup style=\"font-size: 10px;\">\u00ae<\/sup> Sun Protection Everyday Lotion<\/h3>\n<ul>\n<li>Erh\u00e4ltlich mit LSF30+ und LSF50+.<\/li>\n<li>F\u00fcr die normale und empfindliche Haut.<\/li>\n<li>F\u00fcr Erwachsene und Kinder.<\/li>\n<li>Sch\u00fctzt auch vor Quallenstichen.<\/li>\n<li>L\u00e4sst sich problemlos auftragen und verteilen. Auch auf nasser Haut.<\/li>\n<li>Extra wasserfest. Getestet bei mindestens 80 Minuten Schwimmen oder Schwitzen.<\/li>\n<li>Beruhigt die Haut, spendet Feuchtigkeit und pflegt sie mit den Vitaminen B und E.<\/li>\n<li>Hinterl\u00e4sst keinen wei\u00dfen Film<\/li>\n<li>Hypoallergen getestet.<\/li>\n<\/ul>\n<p>[\/et_pb_text][et_pb_image src=&#8220;https:\/\/www.careplus.eu\/wp-content\/uploads\/2022\/04\/Icons-Sun-protectiion.png&#8220; title_text=&#8220;Icons Sun protection&#8220; _builder_version=&#8220;4.16.0&#8243; _module_preset=&#8220;default&#8220; global_colors_info=&#8220;{}&#8220;][\/et_pb_image][et_pb_toggle title=&#8220;Spezifikationen&#8220; icon_color=&#8220;#136932&#8243; open_icon_color=&#8220;#136932&#8243; admin_label=&#8220;Specificaties&#8220; _builder_version=&#8220;4.16&#8243; custom_padding=&#8220;|15px||15px&#8220; border_radii=&#8220;on|10px|10px|10px|10px&#8220; locked=&#8220;off&#8220; global_colors_info=&#8220;{}&#8220;]<\/p>\n<ul>\n<li>Tube \u2013 100 ml<\/li>\n<li>Mit LSF 30+ und 50+ (Sonnenschutzfaktor)<\/li>\n<li>Parabenfrei<\/li>\n<li>Vegan<\/li>\n<li>Die Tube ist aus Biokunststoff (recycelt) hergestellt<\/li>\n<\/ul>\n<p>[\/et_pb_toggle][et_pb_button button_url=&#8220;https:\/\/www.careplus-shop.nl\/zonbescherming&#8220; url_new_window=&#8220;on&#8220; button_text=&#8220;W\u00e4hlen &amp; Bestellen&#8220; _builder_version=&#8220;4.16&#8243; _module_preset=&#8220;default&#8220; custom_button=&#8220;on&#8220; button_bg_color=&#8220;#f7a51c&#8220; global_colors_info=&#8220;{}&#8220;][\/et_pb_button][\/et_pb_column][\/et_pb_row][\/et_pb_section][et_pb_section fb_built=&#8220;1&#8243; fullwidth=&#8220;on&#8220; _builder_version=&#8220;4.17.4&#8243; _module_preset=&#8220;default&#8220; background_image=&#8220;https:\/\/www.careplus.eu\/wp-content\/uploads\/2022\/06\/Sun-lipbalm.webp&#8220; parallax=&#8220;on&#8220; parallax_method=&#8220;off&#8220; background_last_edited=&#8220;on|desktop&#8220; background_image_phone=&#8220;https:\/\/www.careplus.eu\/wp-content\/uploads\/2022\/06\/Sun-lipbalm.webp&#8220; background_enable_image_phone=&#8220;on&#8220; parallax_phone=&#8220;off&#8220; global_colors_info=&#8220;{}&#8220;][et_pb_fullwidth_header _builder_version=&#8220;4.16&#8243; _module_preset=&#8220;default&#8220; background_enable_color=&#8220;off&#8220; background_enable_image=&#8220;off&#8220; height=&#8220;400px&#8220; global_colors_info=&#8220;{}&#8220;][\/et_pb_fullwidth_header][\/et_pb_section][et_pb_section fb_built=&#8220;1&#8243; _builder_version=&#8220;4.16&#8243; background_color=&#8220;#f4f4f4&#8243; use_background_color_gradient=&#8220;on&#8220; background_color_gradient_stops=&#8220;#f4f4f4 0%|#e4e8e7 100%&#8220; background_color_gradient_start=&#8220;#f4f4f4&#8243; background_color_gradient_end=&#8220;#e4e8e7&#8243; global_colors_info=&#8220;{}&#8220;][et_pb_row column_structure=&#8220;1_4,3_4&#8243; _builder_version=&#8220;4.16.0&#8243; background_color=&#8220;#ffffff&#8220; custom_margin=&#8220;||||false|false&#8220; custom_padding=&#8220;|40px||40px|false|false&#8220; border_radii=&#8220;on|10px|10px|10px|10px&#8220; global_colors_info=&#8220;{}&#8220;][et_pb_column type=&#8220;1_4&#8243; _builder_version=&#8220;4.16&#8243; custom_padding=&#8220;|||&#8220; global_colors_info=&#8220;{}&#8220; custom_padding__hover=&#8220;|||&#8220;][et_pb_image src=&#8220;https:\/\/www.careplus.eu\/wp-content\/uploads\/2022\/03\/careplus-zonnebrand-Lipbalsem-2.jpg&#8220; alt=&#8220;Care Plus Lippenbalsam&#8220; title_text=&#8220;careplus-Sonnenschutz-Lipbalsam-2&#8243; show_in_lightbox=&#8220;on&#8220; use_overlay=&#8220;on&#8220; overlay_icon_color=&#8220;#ffffff&#8220; hover_overlay_color=&#8220;rgba(0,0,0,0)&#8220; hover_icon=&#8220;&#x54;||divi||400&#8243; align_tablet=&#8220;center&#8220; align_phone=&#8220;&#8220; align_last_edited=&#8220;on|phone&#8220; _builder_version=&#8220;4.16&#8243; custom_margin=&#8220;0px||||false|false&#8220; custom_padding=&#8220;0px||||false|false&#8220; global_colors_info=&#8220;{}&#8220;][\/et_pb_image][\/et_pb_column][et_pb_column type=&#8220;3_4&#8243; _builder_version=&#8220;4.16&#8243; custom_padding=&#8220;|||&#8220; global_colors_info=&#8220;{}&#8220; custom_padding__hover=&#8220;|||&#8220;][et_pb_divider show_divider=&#8220;off&#8220; _builder_version=&#8220;4.16&#8243; global_colors_info=&#8220;{}&#8220;][\/et_pb_divider][et_pb_text admin_label=&#8220;Care Plus\u00ae Sun Protection Lippenbalsem&#8220; _builder_version=&#8220;4.16&#8243; header_3_text_color=&#8220;#677b76&#8243; custom_margin=&#8220;||0px||false|false&#8220; custom_padding=&#8220;||0px||false|false&#8220; global_colors_info=&#8220;{}&#8220;]<\/p>\n<h3>Care Plus<sup style=\"font-size: 10px;\">\u00ae<\/sup> Sun Protection Lippenbalsam<\/h3>\n<ul>\n<li>Getestet auf dem Mount Everest und dem Mont Blanc.<\/li>\n<li>Sch\u00fctzt gegen UVA- und UVB-Strahlung.<\/li>\n<li>Gefriert nicht bis -20 und schmilzt nicht bis +40 Grad Celsius.<\/li>\n<li>Mit Allantoin, das bei der Heilung von Rissen unterst\u00fctzt.<\/li>\n<li>Und Aloe-Ferox-Extrakt, der Ihre Haut wieder geschmeidig macht.<\/li>\n<\/ul>\n<p>[\/et_pb_text][et_pb_toggle title=&#8220;Spezifikationen&#8220; icon_color=&#8220;#136932&#8243; open_icon_color=&#8220;#136932&#8243; admin_label=&#8220;Specificaties&#8220; _builder_version=&#8220;4.16&#8243; custom_padding=&#8220;|15px||15px&#8220; border_radii=&#8220;on|10px|10px|10px|10px&#8220; locked=&#8220;off&#8220; global_colors_info=&#8220;{}&#8220;]<\/p>\n<ul>\n<li>Praktischer, kompakter Stift<\/li>\n<li>Inhalt: 4,8 Gramm<\/li>\n<\/ul>\n<p>[\/et_pb_toggle][et_pb_button button_url=&#8220;https:\/\/www.careplus-shop.nl\/zonbescherming&#8220; url_new_window=&#8220;on&#8220; button_text=&#8220;W\u00e4hlen &amp; Bestellen&#8220; _builder_version=&#8220;4.16&#8243; _module_preset=&#8220;default&#8220; custom_button=&#8220;on&#8220; button_bg_color=&#8220;#f7a51c&#8220; global_colors_info=&#8220;{}&#8220;][\/et_pb_button][\/et_pb_column][\/et_pb_row][\/et_pb_section][et_pb_section fb_built=&#8220;1&#8243; module_id=&#8220;cp_pb_page_content&#8220; module_class=&#8220;cp_pb_regular_post_content&#8220; _builder_version=&#8220;4.16&#8243; background_color=&#8220;#ffffff&#8220; custom_padding=&#8220;0px|||&#8220; bottom_divider_color=&#8220;#ffffff&#8220; bottom_divider_height=&#8220;40px&#8220; global_colors_info=&#8220;{}&#8220;][et_pb_row admin_label=&#8220;Page Header&#8220; _builder_version=&#8220;4.16&#8243; background_size=&#8220;initial&#8220; background_position=&#8220;top_left&#8220; background_repeat=&#8220;repeat&#8220; collapsed=&#8220;off&#8220; global_colors_info=&#8220;{}&#8220;][et_pb_column type=&#8220;4_4&#8243; _builder_version=&#8220;4.16&#8243; custom_padding=&#8220;|||&#8220; global_colors_info=&#8220;{}&#8220; custom_padding__hover=&#8220;|||&#8220;][et_pb_text admin_label=&#8220;Meer bescherming dan gewone zonnebrandcr\u00e8me&#8220; _builder_version=&#8220;4.16&#8243; header_2_font=&#8220;|800|||||||&#8220; custom_margin=&#8220;15px||||false|false&#8220; custom_padding=&#8220;15px||||false|false&#8220; global_colors_info=&#8220;{}&#8220;]<\/p>\n<h3>Was auch immer Sie vorhaben: Care Plus<sup style=\"font-size: 12px;\">\u00ae<\/sup> sch\u00fctzt Sie<\/h3>\n<p>Unsere Lotionen eignen sich sowohl f\u00fcr normale als auch f\u00fcr empfindliche Haut, sowie f\u00fcr Kinder. Sie bieten Schutz beim Wandern, beim Wintersport oder beim Entspannen im sonnigen Urlaub und bei tropischen Reisen. Aber auch zu Hause und in der N\u00e4he Ihres Zuhauses k\u00f6nnen Sie auf den Schutz von Care Plus<sup style=\"font-size: 10px;\">\u00ae<\/sup> vertrauen. Zum Beispiel, wenn Sie einen Spaziergang unternehmen. F\u00fcr zus\u00e4tzlichen Schutz Ihrer empfindlichen Lippen, auch unter extremen Bedingungen, k\u00f6nnen Sie auf unseren Lippenbalsam setzen. Ben\u00f6tigen Sie Schutz bei intensiver sportlicher Belastung? Dann entschieden Sie sich f\u00fcr unser <a href=\"https:\/\/www.careplus.eu\/de\/sonnenschutz\/sport-gel\/\" target=\"_blank\" rel=\"noopener noreferrer\">Sport Gel SPF30<\/a>.<\/p>\n<p>[\/et_pb_text][et_pb_text admin_label=&#8220;Na de zon: verzorgen&#8220; _builder_version=&#8220;4.16&#8243; header_2_font=&#8220;|800|||||||&#8220; custom_margin=&#8220;15px||||false|false&#8220; custom_padding=&#8220;15px||||false|false&#8220; global_colors_info=&#8220;{}&#8220;]<\/p>\n<h3>Nach der Sonnenexposition: Pflege<\/h3>\n<p>Vergessen Sie nicht, Ihre Haut zu pflegen, nachdem Sie in der Sonne gewesen sind. W\u00e4hlen Sie <a href=\"https:\/\/www.careplus.eu\/de\/sonnenschutz\/after-sun\/\" target=\"_blank\" rel=\"noopener noreferrer\">Care &amp; Repair After Sun<\/a> von Care Plus<sup style=\"font-size: 10px;\">\u00ae<\/sup>. Die Lotion pflegt, hydratisiert, beruhigt und stimuliert die Regeneration der Haut. Unter anderem dank Aloe Vera und Kamille.<\/p>\n<p>[\/et_pb_text][\/et_pb_column][\/et_pb_row][\/et_pb_section]<\/p>\n","protected":false},"excerpt":{"rendered":"<p>Die Care Plus\u00ae Sun Protection SPF 30+ und SPF 50+ Lotionen sind f\u00fcr einen aktiven Lebensstil gedacht. Sie bieten besonders guten Schutz bei Tagesausfl\u00fcgen, Wanderungen, Wintersport oder Urlaub in der Sonne.<\/p>\n","protected":false},"author":37,"featured_media":0,"parent":15713,"menu_order":0,"comment_status":"closed","ping_status":"closed","template":"","meta":{"_acf_changed":false,"_et_pb_use_builder":"on","_et_pb_old_content":"","_et_gb_content_width":"","footnotes":""},"class_list":["post-15724","page","type-page","status-publish","hentry"],"acf":[],"_links":{"self":[{"href":"https:\/\/www.careplus.eu\/de\/wp-json\/wp\/v2\/pages\/15724","targetHints":{"allow":["GET"]}}],"collection":[{"href":"https:\/\/www.careplus.eu\/de\/wp-json\/wp\/v2\/pages"}],"about":[{"href":"https:\/\/www.careplus.eu\/de\/wp-json\/wp\/v2\/types\/page"}],"author":[{"embeddable":true,"href":"https:\/\/www.careplus.eu\/de\/wp-json\/wp\/v2\/users\/37"}],"replies":[{"embeddable":true,"href":"https:\/\/www.careplus.eu\/de\/wp-json\/wp\/v2\/comments?post=15724"}],"version-history":[{"count":0,"href":"https:\/\/www.careplus.eu\/de\/wp-json\/wp\/v2\/pages\/15724\/revisions"}],"up":[{"embeddable":true,"href":"https:\/\/www.careplus.eu\/de\/wp-json\/wp\/v2\/pages\/15713"}],"wp:attachment":[{"href":"https:\/\/www.careplus.eu\/de\/wp-json\/wp\/v2\/media?parent=15724"}],"curies":[{"name":"wp","href":"https:\/\/api.w.org\/{rel}","templated":true}]}}