


{"id":11622,"date":"2021-04-20T16:59:24","date_gmt":"2021-04-20T14:59:24","guid":{"rendered":"https:\/\/staging.careplus.eu\/schutz-vor-muecken-und-zecken\/"},"modified":"2022-10-26T11:51:18","modified_gmt":"2022-10-26T09:51:18","slug":"schutz-vor-muecken-und-zecken","status":"publish","type":"page","link":"https:\/\/www.careplus.eu\/de\/schutz-vor-muecken-und-zecken\/","title":{"rendered":"Schutz vor M\u00fccken und Zecken"},"content":{"rendered":"<p>[et_pb_section fb_built=&#8220;1&#8243; fullwidth=&#8220;on&#8220; _builder_version=&#8220;4.16&#8243; background_image=&#8220;https:\/\/www.careplus.eu\/wp-content\/uploads\/2021\/07\/header-bio-mug.jpg&#8220; bottom_divider_style=&#8220;curve&#8220; bottom_divider_color=&#8220;#ffffff&#8220; bottom_divider_height=&#8220;40px&#8220; global_colors_info=&#8220;{}&#8220;][et_pb_fullwidth_slider show_arrows=&#8220;off&#8220; show_pagination=&#8220;off&#8220; _builder_version=&#8220;4.18.0&#8243; background_enable_image=&#8220;off&#8220; hover_enabled=&#8220;0&#8243; global_colors_info=&#8220;{}&#8220; sticky_enabled=&#8220;0&#8243;][et_pb_slide heading=&#8220;Care Plus Bio&#8220; use_bg_overlay=&#8220;off&#8220; use_text_overlay=&#8220;off&#8220; _builder_version=&#8220;4.18.0&#8243; header_level=&#8220;h1&#8243; header_font=&#8220;|800|||||||&#8220; header_text_align=&#8220;center&#8220; header_font_size=&#8220;36&#8243; background_enable_color=&#8220;off&#8220; background_enable_image=&#8220;off&#8220; button_on_hover=&#8220;on&#8220; custom_padding=&#8220;15%||15%||false|false&#8220; custom_padding_tablet=&#8220;22%||10%||false|false&#8220; custom_padding_phone=&#8220;30%||20%||false|false&#8220; custom_padding_last_edited=&#8220;on|desktop&#8220; hover_enabled=&#8220;0&#8243; header_font_size_tablet=&#8220;36&#8243; header_font_size_phone=&#8220;36&#8243; header_text_shadow_style=&#8220;preset3&#8243; header_text_shadow_blur_strength=&#8220;0.5em&#8220; header_text_shadow_color=&#8220;rgba(0,0,0,0.6)&#8220; global_colors_info=&#8220;{}&#8220; sticky_transition=&#8220;on&#8220; sticky_enabled=&#8220;0&#8243;]<\/p>\n<p style=\"text-align: center;\">Schutz vor M\u00fccken und Zecken<\/p>\n<p>[\/et_pb_slide][\/et_pb_fullwidth_slider][\/et_pb_section][et_pb_section fb_built=&#8220;1&#8243; _builder_version=&#8220;4.16&#8243; background_enable_image=&#8220;off&#8220; background_size=&#8220;initial&#8220; background_position=&#8220;top_left&#8220; background_last_edited=&#8220;on|desktop&#8220; background_enable_image_tablet=&#8220;off&#8220; background_enable_image_phone=&#8220;off&#8220; global_colors_info=&#8220;{}&#8220;][et_pb_row _builder_version=&#8220;4.16&#8243; background_size=&#8220;initial&#8220; background_position=&#8220;top_left&#8220; background_repeat=&#8220;repeat&#8220; global_colors_info=&#8220;{}&#8220;][et_pb_column type=&#8220;4_4&#8243; _builder_version=&#8220;4.16&#8243; custom_padding=&#8220;|||&#8220; global_colors_info=&#8220;{}&#8220; custom_padding__hover=&#8220;|||&#8220;][et_pb_dmb_breadcrumbs _builder_version=&#8220;4.16&#8243; body_font_size_tablet=&#8220;51&#8243; body_line_height_tablet=&#8220;2&#8243; separator_font_size_tablet=&#8220;51&#8243; separator_line_height_tablet=&#8220;2&#8243; link_font_size_tablet=&#8220;51&#8243; link_line_height_tablet=&#8220;2&#8243; linkhover_font_size_tablet=&#8220;51&#8243; linkhover_line_height_tablet=&#8220;2&#8243; global_colors_info=&#8220;{}&#8220;][\/et_pb_dmb_breadcrumbs][\/et_pb_column][\/et_pb_row][et_pb_row column_structure=&#8220;2_3,1_3&#8243; _builder_version=&#8220;4.16&#8243; background_size=&#8220;initial&#8220; background_position=&#8220;top_left&#8220; background_repeat=&#8220;repeat&#8220; global_colors_info=&#8220;{}&#8220;][et_pb_column type=&#8220;2_3&#8243; _builder_version=&#8220;4.16&#8243; custom_padding=&#8220;|||&#8220; global_colors_info=&#8220;{}&#8220; custom_padding__hover=&#8220;|||&#8220;][et_pb_text admin_label=&#8220;introtekst&#8220; _builder_version=&#8220;4.16&#8243; header_font=&#8220;|800|||||||&#8220; header_2_font=&#8220;|800|||||||&#8220; header_2_font_size=&#8220;30px&#8220; header_2_font_size_tablet=&#8220;24px&#8220; header_2_font_size_phone=&#8220;&#8220; header_2_font_size_last_edited=&#8220;on|tablet&#8220; global_colors_info=&#8220;{}&#8220;]<\/p>\n<h2>Insektenstichen vorbeugen<\/h2>\n<p><strong>M\u00fccken und Zecken k\u00f6nnen unangenehme Bisse verursachen. Obwohl die Stiche von einigen M\u00fcckenarten und Zecken nicht schmerzhaft sind und Sie sie m\u00f6glicherweise nicht einmal sp\u00fcren, k\u00f6nnen sie Bakterien, Parasiten und Viren \u00fcbertragen. Im Durchschnitt ist jede f\u00fcnfte Zecke <a href=\"https:\/\/www.rivm.nl\/vragen-en-antwoorden-tekenbeten-en-lyme\">(20%)<\/a> in Deutschland mit dem Bakterium Borrelia burgdorferi, der Ursache der Borreliose, infiziert. M\u00fccken k\u00f6nnen auch l\u00e4stig sein, zum Beispiel das irritierende Summen, wenn Sie versuchen zu schlafen.<\/strong><\/p>\n<p>[\/et_pb_text][et_pb_text admin_label=&#8220;Bescherming tegen muggen&#8220; _builder_version=&#8220;4.16&#8243; header_font=&#8220;|800|||||||&#8220; header_2_font=&#8220;|800|||||||&#8220; header_2_font_size=&#8220;30px&#8220; header_2_font_size_tablet=&#8220;24px&#8220; header_2_font_size_phone=&#8220;&#8220; header_2_font_size_last_edited=&#8220;on|tablet&#8220; global_colors_info=&#8220;{}&#8220;]<\/p>\n<h3>Schutz gegen M\u00fccken<\/h3>\n<p>Es gibt eine <a href=\"https:\/\/www.careplus.eu\/de\/biologischer-schutz-gegen-insekten\/\">Reihe von M\u00f6glichkeiten<\/a>, das Risiko eines M\u00fcckenstichs zu verringern. Am besten ist es, daf\u00fcr zu sorgen, dass keine M\u00fccken in der N\u00e4he sind, aber das kann manchmal knifflig sein. Vor allem, wenn Sie im Urlaub sind. In Ihrem eigenen Zuhause k\u00f6nnen Sie Moskitonetze an Fenstern und T\u00fcren anbringen, aber im Urlaub brauchen Sie ein gutes Moskitonetz, auch bekannt als <a href=\"https:\/\/www.careplus.eu\/de\/mucken-und-zecken\/schutzen\/moskitonetze\/\">M\u00fcckennetz<\/a>.<\/p>\n<p>Es gibt eine Reihe von Anti-Insekt Produkten mit abweisender Wirkung, die Sie auf Ihre Haut auftragen k\u00f6nnen, wie z. B. die Bio-Varianten von Care Plus<sup style=\"font-size: 10px;\">\u00ae<\/sup>. Diese basieren auf nat\u00fcrlichen Inhaltsstoffen.<\/p>\n<p>[\/et_pb_text][\/et_pb_column][et_pb_column type=&#8220;1_3&#8243; _builder_version=&#8220;4.16&#8243; custom_padding=&#8220;|||&#8220; global_colors_info=&#8220;{}&#8220; custom_padding__hover=&#8220;|||&#8220;][et_pb_image src=&#8220;https:\/\/www.careplus.eu\/wp-content\/uploads\/2021\/07\/Insektenstichen-vorbeugen-mit-Care-Plus-Bio.jpg&#8220; alt=&#8220;Anti-Luis jetzt mit 20% Rabatt!&#8220; title_text=&#8220;Insektenstichen vorbeugen mit Care Plus Bio&#8220; align=&#8220;center&#8220; _builder_version=&#8220;4.16&#8243; _module_preset=&#8220;default&#8220; global_colors_info=&#8220;{}&#8220;][\/et_pb_image][\/et_pb_column][\/et_pb_row][et_pb_row _builder_version=&#8220;4.16&#8243; background_size=&#8220;initial&#8220; background_position=&#8220;top_left&#8220; background_repeat=&#8220;repeat&#8220; global_colors_info=&#8220;{}&#8220;][et_pb_column type=&#8220;4_4&#8243; _builder_version=&#8220;4.16&#8243; custom_padding=&#8220;|||&#8220; global_colors_info=&#8220;{}&#8220; custom_padding__hover=&#8220;|||&#8220;][et_pb_text admin_label=&#8220;Care Plus\u00ae Bio&#8220; _builder_version=&#8220;4.16&#8243; header_font=&#8220;|800|||||||&#8220; header_2_font=&#8220;|800|||||||&#8220; header_2_font_size=&#8220;30px&#8220; header_2_font_size_tablet=&#8220;24px&#8220; header_2_font_size_phone=&#8220;&#8220; header_2_font_size_last_edited=&#8220;on|tablet&#8220; global_colors_info=&#8220;{}&#8220;]<\/p>\n<h3>Care Plus<sup style=\"font-size: 10px;\">\u00ae<\/sup> Bio<\/h3>\n<p>Die biologischen Anti-Insect Produkte von Care Plus<sup style=\"font-size: 10px;\">\u00ae<\/sup> basieren auf nat\u00fcrlichen Zitronen-Eukalyptus-Extrakten (Citriodiol<sup style=\"font-size: 10px;\">\u00ae<\/sup>) und enthalten kein DEET. Zitroneneukalyptus ist der einzige nat\u00fcrliche Inhaltsstoff, der als Insektenschutzmittel geeignet ist und dessen Wirksamkeit in wissenschaftlichen (Feld-) Studien nachgewiesen wurde. Die Care Plus<sup style=\"font-size: 10px;\">\u00ae<\/sup> Bio-Produkte greifen Kunststoffmaterialien wie Brillengestelle, Kameras und lackierte Tischplatten nicht an.<\/p>\n<p>[\/et_pb_text][\/et_pb_column][\/et_pb_row][\/et_pb_section][et_pb_section fb_built=&#8220;1&#8243; _builder_version=&#8220;4.16&#8243; background_color=&#8220;#f4f4f4&#8243; background_enable_image=&#8220;off&#8220; background_size=&#8220;initial&#8220; background_position=&#8220;top_right&#8220; background_last_edited=&#8220;on|phone&#8220; background_enable_image_tablet=&#8220;off&#8220; global_colors_info=&#8220;{}&#8220;][et_pb_row column_structure=&#8220;1_3,2_3&#8243; _builder_version=&#8220;4.16&#8243; background_color=&#8220;#ffffff&#8220; custom_margin_tablet=&#8220;&#8220; custom_margin_phone=&#8220;&#8220; custom_margin_last_edited=&#8220;on|desktop&#8220; border_radii=&#8220;on|10px|10px|10px|10px&#8220; global_colors_info=&#8220;{}&#8220;][et_pb_column type=&#8220;1_3&#8243; _builder_version=&#8220;4.16&#8243; background_enable_color=&#8220;off&#8220; custom_padding=&#8220;|||&#8220; global_colors_info=&#8220;{}&#8220; custom_padding__hover=&#8220;|||&#8220;][et_pb_image src=&#8220;https:\/\/www.careplus.eu\/wp-content\/uploads\/2021\/07\/Care-Plus\u00ae-Bio-Anti-Insect-Schutzt-bis-zu-6-Stunden-effektiv-vor-Mucken-und-Gnitzen.png&#8220; alt=&#8220;Care Plus Bio-M\u00fcckenschutz&#8220; title_text=&#8220;Care Plus\u00ae Bio Anti-Insect Sch\u00fctzt bis zu 6 Stunden effektiv vor M\u00fccken und Gnitzen&#8220; show_in_lightbox=&#8220;on&#8220; use_overlay=&#8220;on&#8220; overlay_icon_color=&#8220;#FFFFFF&#8220; hover_overlay_color=&#8220;RGBA(0,0,0,0)&#8220; hover_icon=&#8220;&#x54;||divi||400&#8243; align_tablet=&#8220;center&#8220; align_phone=&#8220;&#8220; align_last_edited=&#8220;on|desktop&#8220; admin_label=&#8220;beeld bio anti-insect&#8220; _builder_version=&#8220;4.16&#8243; background_color=&#8220;#FFFFFF&#8220; global_colors_info=&#8220;{}&#8220;][\/et_pb_image][\/et_pb_column][et_pb_column type=&#8220;2_3&#8243; _builder_version=&#8220;4.16&#8243; custom_padding=&#8220;||||false|false&#8220; custom_padding_tablet=&#8220;|30px||30px|false|false&#8220; custom_padding_phone=&#8220;&#8220; custom_padding_last_edited=&#8220;on|phone&#8220; global_colors_info=&#8220;{}&#8220; custom_padding__hover=&#8220;|||&#8220;][et_pb_text admin_label=&#8220;Care Plus\u00ae Bio Anti-Insect&#8220; _builder_version=&#8220;4.16&#8243; header_font=&#8220;|800|||||||&#8220; header_2_font=&#8220;|800|||||||&#8220; header_2_font_size=&#8220;30px&#8220; custom_margin=&#8220;15px||4px||false|false&#8220; custom_margin_tablet=&#8220;0px||||false|false&#8220; custom_margin_phone=&#8220;&#8220; custom_margin_last_edited=&#8220;on|phone&#8220; custom_padding=&#8220;||4px||false|false&#8220; header_2_font_size_tablet=&#8220;24px&#8220; header_2_font_size_phone=&#8220;&#8220; header_2_font_size_last_edited=&#8220;on|tablet&#8220; global_colors_info=&#8220;{}&#8220;]<\/p>\n<h4>Care Plus<sup style=\"font-size: 10px;\">\u00ae<\/sup> Bio Anti-Insect<\/h4>\n<ul>\n<li>Sch\u00fctzt bis zu 6 Stunden effektiv vor M\u00fccken und Gnitzen.<\/li>\n<li>Enth\u00e4lt nat\u00fcrliches Eukalyptus Citriodora \u00d6l (Citriodiol<sup style=\"font-size: 10px;\">\u00ae<\/sup>).<\/li>\n<li>Citriodiol<sup style=\"font-size: 10px;\">\u00ae<\/sup> sind Cosmos zertifiziert.<\/li>\n<li>Geeignet f\u00fcr Kinder ab 3 Monaten und Erwachsene.<\/li>\n<\/ul>\n<p>[\/et_pb_text][et_pb_text admin_label=&#8220;Verpakking&#8220; _builder_version=&#8220;4.16&#8243; header_font=&#8220;|800|||||||&#8220; header_2_font=&#8220;|800|||||||&#8220; header_2_font_size=&#8220;30px&#8220; custom_margin=&#8220;||0px||false|false&#8220; custom_padding=&#8220;||0px||false|false&#8220; header_2_font_size_tablet=&#8220;24px&#8220; header_2_font_size_phone=&#8220;&#8220; header_2_font_size_last_edited=&#8220;on|tablet&#8220; global_colors_info=&#8220;{}&#8220;]<\/p>\n<h4>Verpackung:<\/h4>\n<ul>\n<li>Wird als praktisches 80 ml Spray geliefert.<\/li>\n<li>Das Spray kann auch auf dem Kopf stehend verwendet werden.<\/li>\n<li>Ausreichend f\u00fcr 3 bis 4 Wochen Schutz bei t\u00e4glicher Anwendung.<\/li>\n<li>Die Flasche ist aus 100 % recyceltem HDPE hergestellt.<\/li>\n<li>Beipackzettel in der Verpackung integriert.<\/li>\n<\/ul>\n<p>[\/et_pb_text][et_pb_button button_url=&#8220;https:\/\/www.careplus-shop.nl&#8220; url_new_window=&#8220;on&#8220; button_text=&#8220;Online bestellen&#8220; button_alignment=&#8220;left&#8220; disabled_on=&#8220;on|on|on&#8220; _builder_version=&#8220;4.16&#8243; custom_button=&#8220;on&#8220; button_bg_color=&#8220;#00b1b9&#8243; background_layout=&#8220;dark&#8220; custom_margin=&#8220;10px||||false|false&#8220; custom_padding=&#8220;||||false|false&#8220; disabled=&#8220;on&#8220; global_colors_info=&#8220;{}&#8220;][\/et_pb_button][\/et_pb_column][\/et_pb_row][\/et_pb_section][et_pb_section fb_built=&#8220;1&#8243; _builder_version=&#8220;4.16&#8243; background_image=&#8220;https:\/\/www.careplus.eu\/wp-content\/uploads\/2021\/04\/citroentje.png&#8220; background_size=&#8220;initial&#8220; background_position=&#8220;top_right&#8220; background_last_edited=&#8220;on|desktop&#8220; background_enable_image_tablet=&#8220;off&#8220; global_colors_info=&#8220;{}&#8220;][et_pb_row _builder_version=&#8220;4.16&#8243; global_colors_info=&#8220;{}&#8220;][et_pb_column type=&#8220;4_4&#8243; _builder_version=&#8220;4.16&#8243; custom_padding=&#8220;|||&#8220; global_colors_info=&#8220;{}&#8220; custom_padding__hover=&#8220;|||&#8220;][et_pb_text admin_label=&#8220;Bescherming tegen teken&#8220; _builder_version=&#8220;4.16&#8243; _module_preset=&#8220;default&#8220; global_colors_info=&#8220;{}&#8220;]<\/p>\n<h3>Schutz gegen Zecken<\/h3>\n<p>Von M\u00e4rz bis Oktober ist die Chance, von Zecken gebissen zu werden, am gr\u00f6\u00dften. Zecken werden aktiv, sobald die Temperatur \u00fcber 7 Grad Celsius steigt. Die Chance, in den kalten Herbst- und Wintertagen einen Zeckenbiss zu bekommen, ist eher gering. Leider tauchen Zecken im fr\u00fchen Herbst und an milden Wintertagen wieder auf. Ein milder Winter kann die Anzahl der Zecken im Fr\u00fchjahr erh\u00f6hen, und die Chance, einen Zeckenbiss zu bekommen, ist noch gr\u00f6\u00dfer. Seien Sie also wachsam, sobald die Temperaturen wieder ansteigen und Sie nach drau\u00dfen gehen. <\/p>\n<p>Obwohl man einen Zeckenbiss selten sp\u00fcrt, kann er ernsthafte gesundheitliche Probleme verursachen. Zecken k\u00f6nnen Krankheiten wie Borreliose und zecken\u00fcbertragene Enzephalitis verursachen. Genug Gr\u00fcnde, um sich und Ihre Familie vor Zeckenbissen zu sch\u00fctzen! Care Pluss<sup style=\"font-size: 10px;\">\u00ae<\/sup> Bio Anti-Zecke sch\u00fctzt Sie und Ihre Familie bis zu 6 Stunden lang vor Zecken.[\/et_pb_text][\/et_pb_column][\/et_pb_row][\/et_pb_section][et_pb_section fb_built=&#8220;1&#8243; _builder_version=&#8220;4.16&#8243; background_color=&#8220;#f4f4f4&#8243; background_image=&#8220;https:\/\/www.careplus.eu\/wp-content\/uploads\/2021\/04\/blaadje.png&#8220; background_size=&#8220;initial&#8220; background_position=&#8220;top_right&#8220; background_last_edited=&#8220;on|desktop&#8220; background_enable_image_tablet=&#8220;off&#8220; global_colors_info=&#8220;{}&#8220;][et_pb_row column_structure=&#8220;1_3,2_3&#8243; _builder_version=&#8220;4.16&#8243; background_color=&#8220;#ffffff&#8220; custom_margin_tablet=&#8220;&#8220; custom_margin_phone=&#8220;&#8220; custom_margin_last_edited=&#8220;on|desktop&#8220; border_radii=&#8220;on|10px|10px|10px|10px&#8220; global_colors_info=&#8220;{}&#8220;][et_pb_column type=&#8220;1_3&#8243; _builder_version=&#8220;4.16&#8243; background_enable_color=&#8220;off&#8220; custom_padding=&#8220;|||&#8220; global_colors_info=&#8220;{}&#8220; custom_padding__hover=&#8220;|||&#8220;][et_pb_image src=&#8220;https:\/\/www.careplus.eu\/wp-content\/uploads\/2021\/07\/Care-Plus\u00ae-Bio-Anti-Tick-schutzt-bis-zu-6-Stunden-lang-effektiv-vor-Zecken.png&#8220; alt=&#8220;Care Plus Bio Anti-Zecken-Spray&#8220; title_text=&#8220;Care Plus\u00ae Bio Anti-Tick sch\u00fctzt bis zu 6 Stunden lang effektiv vor Zecken&#8220; show_in_lightbox=&#8220;on&#8220; use_overlay=&#8220;on&#8220; overlay_icon_color=&#8220;#FFFFFF&#8220; hover_overlay_color=&#8220;RGBA(0,0,0,0)&#8220; hover_icon=&#8220;&#x54;||divi||400&#8243; align_tablet=&#8220;center&#8220; align_phone=&#8220;&#8220; align_last_edited=&#8220;on|desktop&#8220; admin_label=&#8220;beeld bio anti-Teek&#8220; _builder_version=&#8220;4.16&#8243; background_color=&#8220;#FFFFFF&#8220; global_colors_info=&#8220;{}&#8220;][\/et_pb_image][\/et_pb_column][et_pb_column type=&#8220;2_3&#8243; _builder_version=&#8220;4.16&#8243; custom_padding=&#8220;||||false|false&#8220; custom_padding_tablet=&#8220;|30px||30px|false|false&#8220; custom_padding_phone=&#8220;&#8220; custom_padding_last_edited=&#8220;on|phone&#8220; global_colors_info=&#8220;{}&#8220; custom_padding__hover=&#8220;|||&#8220;][et_pb_text admin_label=&#8220;Care Plus\u00ae Bio Teek&#8220; _builder_version=&#8220;4.16&#8243; header_font=&#8220;|800|||||||&#8220; header_2_font=&#8220;|800|||||||&#8220; header_2_font_size=&#8220;30px&#8220; custom_margin=&#8220;15px||4px||false|false&#8220; custom_margin_tablet=&#8220;0px||||false|false&#8220; custom_margin_phone=&#8220;&#8220; custom_margin_last_edited=&#8220;on|phone&#8220; custom_padding=&#8220;||4px||false|false&#8220; header_2_font_size_tablet=&#8220;24px&#8220; header_2_font_size_phone=&#8220;&#8220; header_2_font_size_last_edited=&#8220;on|tablet&#8220; global_colors_info=&#8220;{}&#8220;]<\/p>\n<h4>Care Plus<sup style=\"font-size: 10px;\">\u00ae<\/sup> Bio Anti-Tick<\/h4>\n<ul>\n<li>Sch\u00fctzt bis zu 6 Stunden lang effektiv vor Zecken.<\/li>\n<li>Enth\u00e4lt nat\u00fcrliches Eukalyptus Citriodora \u00d6l (Citriodiol<sup style=\"font-size: 10px;\">\u00ae<\/sup>).<\/li>\n<li>Citriodiol<sup style=\"font-size: 10px;\">\u00ae<\/sup> sind Cosmos zertifiziert.<\/li>\n<li>Geeignet f\u00fcr Kinder ab 3 Monaten und Erwachsene.<\/li>\n<\/ul>\n<p>[\/et_pb_text][et_pb_text admin_label=&#8220;Verpakking&#8220; _builder_version=&#8220;4.16&#8243; header_font=&#8220;|800|||||||&#8220; header_2_font=&#8220;|800|||||||&#8220; header_2_font_size=&#8220;30px&#8220; custom_margin=&#8220;||0px||false|false&#8220; custom_padding=&#8220;||0px||false|false&#8220; header_2_font_size_tablet=&#8220;24px&#8220; header_2_font_size_phone=&#8220;&#8220; header_2_font_size_last_edited=&#8220;on|tablet&#8220; global_colors_info=&#8220;{}&#8220;]<\/p>\n<h4>Verpackung:<\/h4>\n<ul>\n<li>Wird als praktisches 80 ml Spray geliefert.<\/li>\n<li>Das Spray kann auch auf dem Kopf stehend verwendet werden.<\/li>\n<li>Ausreichend f\u00fcr 3 bis 4 Wochen Schutz bei t\u00e4glicher Anwendung.<\/li>\n<li>Die Flasche ist aus 100 % recyceltem HDPE hergestellt.<\/li>\n<li>Beipackzettel in der Verpackung integriert.<\/li>\n<\/ul>\n<p>[\/et_pb_text][et_pb_button button_url=&#8220;https:\/\/www.careplus-shop.nl&#8220; url_new_window=&#8220;on&#8220; button_text=&#8220;Online bestellen&#8220; button_alignment=&#8220;left&#8220; disabled_on=&#8220;on|on|on&#8220; _builder_version=&#8220;4.16&#8243; custom_button=&#8220;on&#8220; button_bg_color=&#8220;#ccd619&#8243; background_layout=&#8220;dark&#8220; custom_margin=&#8220;10px||||false|false&#8220; custom_padding=&#8220;||||false|false&#8220; disabled=&#8220;on&#8220; global_colors_info=&#8220;{}&#8220;][\/et_pb_button][\/et_pb_column][\/et_pb_row][\/et_pb_section][et_pb_section fb_built=&#8220;1&#8243; _builder_version=&#8220;4.16&#8243; background_enable_image=&#8220;off&#8220; background_size=&#8220;initial&#8220; background_position=&#8220;top_right&#8220; background_last_edited=&#8220;on|desktop&#8220; background_enable_image_tablet=&#8220;off&#8220; global_colors_info=&#8220;{}&#8220;][et_pb_row _builder_version=&#8220;4.16&#8243; global_colors_info=&#8220;{}&#8220;][et_pb_column type=&#8220;4_4&#8243; _builder_version=&#8220;4.16&#8243; custom_padding=&#8220;|||&#8220; global_colors_info=&#8220;{}&#8220; custom_padding__hover=&#8220;|||&#8220;][et_pb_text admin_label=&#8220;Laat ze niet bijten&#8220; _builder_version=&#8220;4.16&#8243; _module_preset=&#8220;default&#8220; global_colors_info=&#8220;{}&#8220;]<\/p>\n<h3>Lassen Sie sich nicht bei\u00dfen<\/h3>\n<p>Lesen Sie unsere Infografik \u00fcber M\u00fccken und Zecken mit n\u00fctzlichen Fakten und Informationen.<\/p>\n<p>[\/et_pb_text][\/et_pb_column][\/et_pb_row][et_pb_row column_structure=&#8220;1_2,1_2&#8243; _builder_version=&#8220;4.16&#8243; global_colors_info=&#8220;{}&#8220;][et_pb_column type=&#8220;1_2&#8243; _builder_version=&#8220;4.16&#8243; custom_padding=&#8220;|||&#8220; global_colors_info=&#8220;{}&#8220; custom_padding__hover=&#8220;|||&#8220;][et_pb_image src=&#8220;https:\/\/www.careplus.eu\/wp-content\/uploads\/2021\/07\/Infografik-mucken.png&#8220; title_text=&#8220;Infografik m\u00fccken&#8220; show_in_lightbox=&#8220;on&#8220; use_overlay=&#8220;on&#8220; overlay_icon_color=&#8220;#FFFFFF&#8220; hover_overlay_color=&#8220;RGBA(0,0,0,0)&#8220; hover_icon=&#8220;&#x54;||divi||400&#8243; _builder_version=&#8220;4.16&#8243; _module_preset=&#8220;default&#8220; global_colors_info=&#8220;{}&#8220;][\/et_pb_image][\/et_pb_column][et_pb_column type=&#8220;1_2&#8243; _builder_version=&#8220;4.16&#8243; custom_padding=&#8220;|||&#8220; global_colors_info=&#8220;{}&#8220; custom_padding__hover=&#8220;|||&#8220;][et_pb_image src=&#8220;https:\/\/www.careplus.eu\/wp-content\/uploads\/2021\/07\/Infografik-zecken.png&#8220; title_text=&#8220;Infografik zecken&#8220; show_in_lightbox=&#8220;on&#8220; use_overlay=&#8220;on&#8220; overlay_icon_color=&#8220;#FFFFFF&#8220; hover_overlay_color=&#8220;RGBA(0,0,0,0)&#8220; hover_icon=&#8220;&#x54;||divi||400&#8243; _builder_version=&#8220;4.16&#8243; _module_preset=&#8220;default&#8220; global_colors_info=&#8220;{}&#8220;][\/et_pb_image][\/et_pb_column][\/et_pb_row][\/et_pb_section][et_pb_section fb_built=&#8220;1&#8243; fullwidth=&#8220;on&#8220; _builder_version=&#8220;4.16&#8243; _module_preset=&#8220;default&#8220; background_enable_image=&#8220;off&#8220; parallax=&#8220;on&#8220; global_colors_info=&#8220;{}&#8220;][et_pb_fullwidth_image title_text=&#8220;Header Bio mug en teek&#8220; _builder_version=&#8220;4.16&#8243; _module_preset=&#8220;default&#8220; background_image=&#8220;https:\/\/www.careplus.eu\/wp-content\/uploads\/2021\/04\/Header-Bio-mug-en-teek-1.png&#8220; parallax=&#8220;on&#8220; min_height=&#8220;400px&#8220; height=&#8220;400px&#8220; global_colors_info=&#8220;{}&#8220;][\/et_pb_fullwidth_image][\/et_pb_section]<\/p>\n","protected":false},"excerpt":{"rendered":"<p>M\u00fccken und Zecken k\u00f6nnen nicht nur l\u00e4stige Stiche verursachen, sondern auch gef\u00e4hrliche Krankheiten \u00fcbertragen. Care Plus Bio bietet nat\u00fcrlichen Schutz vor M\u00fccken und Zecken. Die Wirksamkeit der Insektenschutzmittel wurde in wissenschaftlichen (Feld-)Studien nachgewiesen. <\/p>\n","protected":false},"author":37,"featured_media":0,"parent":0,"menu_order":0,"comment_status":"closed","ping_status":"closed","template":"","meta":{"_acf_changed":false,"_et_pb_use_builder":"on","_et_pb_old_content":"","_et_gb_content_width":"","footnotes":""},"class_list":["post-11622","page","type-page","status-publish","hentry"],"acf":[],"_links":{"self":[{"href":"https:\/\/www.careplus.eu\/de\/wp-json\/wp\/v2\/pages\/11622","targetHints":{"allow":["GET"]}}],"collection":[{"href":"https:\/\/www.careplus.eu\/de\/wp-json\/wp\/v2\/pages"}],"about":[{"href":"https:\/\/www.careplus.eu\/de\/wp-json\/wp\/v2\/types\/page"}],"author":[{"embeddable":true,"href":"https:\/\/www.careplus.eu\/de\/wp-json\/wp\/v2\/users\/37"}],"replies":[{"embeddable":true,"href":"https:\/\/www.careplus.eu\/de\/wp-json\/wp\/v2\/comments?post=11622"}],"version-history":[{"count":0,"href":"https:\/\/www.careplus.eu\/de\/wp-json\/wp\/v2\/pages\/11622\/revisions"}],"wp:attachment":[{"href":"https:\/\/www.careplus.eu\/de\/wp-json\/wp\/v2\/media?parent=11622"}],"curies":[{"name":"wp","href":"https:\/\/api.w.org\/{rel}","templated":true}]}}