{"id":10794,"date":"2020-10-08T17:30:07","date_gmt":"2020-10-08T15:30:07","guid":{"rendered":"https:\/\/staging.careplus.eu\/datenschutzerklaerung\/"},"modified":"2021-04-25T14:05:56","modified_gmt":"2021-04-25T12:05:56","slug":"datenschutzerklaerung","status":"publish","type":"page","link":"https:\/\/www.careplus.eu\/de\/datenschutzerklaerung\/","title":{"rendered":"Datenschutzerkl\u00e4rung"},"content":{"rendered":"<p>[et_pb_section fb_built=&#8220;1&#8243; fullwidth=&#8220;on&#8220; _builder_version=&#8220;3.22&#8243;][et_pb_fullwidth_slider show_arrows=&#8220;off&#8220; show_pagination=&#8220;off&#8220; _builder_version=&#8220;4.9.4&#8243; hover_enabled=&#8220;0&#8243; sticky_enabled=&#8220;0&#8243;][et_pb_slide heading=&#8220;Privatsph\u00e4re&#8220; use_bg_overlay=&#8220;off&#8220; use_text_overlay=&#8220;off&#8220; _builder_version=&#8220;4.9.4&#8243; header_level=&#8220;h1&#8243; header_font=&#8220;|800|||||||&#8220; header_font_size=&#8220;36&#8243; background_color=&#8220;#0b6a30&#8243; background_image=&#8220;https:\/\/www.careplus.eu\/wp-content\/uploads\/2019\/01\/careplus-over-ons-1.jpg&#8220; button_on_hover=&#8220;on&#8220; custom_padding=&#8220;15%||15%|&#8220; custom_padding_tablet=&#8220;15%||15%|&#8220; custom_padding_phone=&#8220;30%||30%|&#8220; custom_padding_last_edited=&#8220;on|phone&#8220; hover_enabled=&#8220;0&#8243; header_font_size_tablet=&#8220;36&#8243; header_font_size_phone=&#8220;36&#8243; header_text_shadow_style=&#8220;preset3&#8243; header_text_shadow_blur_strength=&#8220;0.5em&#8220; header_text_shadow_color=&#8220;rgba(0,0,0,0.6)&#8220; text_shadow_style=&#8220;preset3&#8243; sticky_transition=&#8220;on&#8220; sticky_enabled=&#8220;0&#8243;][\/et_pb_slide][\/et_pb_fullwidth_slider][\/et_pb_section][et_pb_section fb_built=&#8220;1&#8243; _builder_version=&#8220;3.22&#8243;][et_pb_row _builder_version=&#8220;3.25&#8243; background_size=&#8220;initial&#8220; background_position=&#8220;top_left&#8220; background_repeat=&#8220;repeat&#8220;][et_pb_column type=&#8220;4_4&#8243; _builder_version=&#8220;3.25&#8243; custom_padding=&#8220;|||&#8220; custom_padding__hover=&#8220;|||&#8220;][et_pb_text admin_label=&#8220;Privacy&#8220; _builder_version=&#8220;4.6.5&#8243;]<strong>Datenschutzerkl\u00e4rung<\/strong><br \/>\nDies ist die Datenschutzerkl\u00e4rung der Privatgesellschaft mit beschr\u00e4nkter Haftung Tropenzorg B.V., im Folgenden bezeichnet als: Care Plus<sup style=\"font-size: 10px;\">\u00ae<\/sup>. Care Plus<sup style=\"font-size: 10px;\">\u00ae<\/sup> ist bei der Handelskammer unter der Nummer 39052981 eingetragen und hat seinen Sitz in De Huchtstraat 14 (1327EE) in Almere. Dieses Dokument erkl\u00e4rt, wie Care Plus<sup style=\"font-size: 10px;\">\u00ae<\/sup> bei der Verarbeitung Ihrer pers\u00f6nlichen Daten vorgeht. Bei der Verarbeitung Ihrer pers\u00f6nlichen Daten wird Care Plus<sup style=\"font-size: 10px;\">\u00ae<\/sup> die gr\u00f6\u00dftm\u00f6gliche Sorgfalt walten lassen. <\/p>\n<p>&nbsp;<\/p>\n<p><strong>Erwerbung pers\u00f6nlicher Daten:<\/strong><br \/>\nWenn Sie die Dienstleistungen von Care Plus<sup style=\"font-size: 10px;\">\u00ae<\/sup> in Anspruch nehmen, stellen Sie Care Plus<sup style=\"font-size: 10px;\">\u00ae<\/sup> einige pers\u00f6nliche Daten zur Verf\u00fcgung, oder es werden pers\u00f6nliche Daten im Rahmen des Vertrages von Ihnen erhalten. Pers\u00f6nlicher Daten sind alle Daten, die sich auf eine bestimmte oder bestimmbare nat\u00fcrliche Person beziehen.<\/p>\n<p>&nbsp;<\/p>\n<p><strong>Kategorien pers\u00f6nlicher Daten<\/strong><br \/>\nCare Plus<sup style=\"font-size: 10px;\">\u00ae<\/sup> verarbeitet die folgenden Kategorien pers\u00f6nlicher Daten:<\/p>\n<ul>\n<li>Vorname und Nachname;<\/li>\n<li>E-Mailadresse und Telefonnummer;<\/li>\n<li>Firmendaten;<\/li>\n<li>\u00dcbrige, von Ihnen selbst \u00fcbermittelte pers\u00f6nliche Daten.<\/li>\n<\/ul>\n<p>&nbsp;<\/p>\n<p><strong>Zweck der Verarbeitung<\/strong><br \/>\nDer Zweck der von Care Plus<sup style=\"font-size: 10px;\">\u00ae<\/sup> verarbeiteten pers\u00f6nlichen Daten ist:<\/p>\n<ul>\n<li>die Kontaktaufnahme mit Ihnen, um Sie \u00fcber die von Ihnen angeforderten Informationen und deren Umsetzung zu informieren;<\/li>\n<li>die Website zur Verf\u00fcgung zu stellen;<\/li>\n<li>die Verbesserung des Dienstes;<\/li>\n<li>die Einhaltung rechtlicher Verpflichtungen;<\/li>\n<li>Marketing und Kommunikation zu betreiben;<\/li>\n<li>die Verbesserung der Website durch Analyse des Besucherverhaltens auf der Website;<\/li>\n<li>das Versenden von Newslettern;<\/li>\n<li>der Austausch von Daten mit Dritten f\u00fcr die Erbringung von Dienstleistungen.<\/li>\n<\/ul>\n<p>Sie k\u00f6nnen kommerzielle Angebote erhalten. Wenn Sie sie nicht (mehr) erhalten m\u00f6chten, senden Sie bitte eine E-Mail an folgende Adresse:<a href=\"mailto:info@travelhealthgroup.com\">info@travelhealthgroup.com<\/a>.<\/p>\n<p>&nbsp;<\/p>\n<p><strong>Grundlage der Verarbeitung<\/strong><br \/>\nDie Bearbeitung von Personendaten ist nur auf der Grundlage der folgenden Grunds\u00e4tze m\u00f6glich: (i) rechtliche Verpflichtung, (ii) Erf\u00fcllung des Vertrags, (iii) Erhaltung der (ausdr\u00fccklichen) Zustimmung der betroffenen Personen und (iv) berechtigtes Interesse. Bei der Erbringung der Dienstleistungen von Care Plus<sup style=\"font-size: 10px;\">\u00ae<\/sup> werden pers\u00f6nliche Daten verarbeitet. Care Plus<sup style=\"font-size: 10px;\">\u00ae<\/sup> verarbeitet nur Daten, die Care Plus<sup style=\"font-size: 10px;\">\u00ae<\/sup> f\u00fcr die (Verbesserung) des Dienstes f\u00fcr notwendig erachtet und geht sorgf\u00e4ltig mit den (pers\u00f6nlichen) Daten um, die es \u00fcber Sie und Ihre Nutzung der Dienste gesammelt hat. Grundlage f\u00fcr die Verarbeitung dieser Daten ist der Vertrag, den Sie mit Care Plus<sup style=\"font-size: 10px;\">\u00ae<\/sup> abgeschlossen haben. Pers\u00f6nliche Daten \u00fcber Sie k\u00f6nnen auch durch den Besuch der Websites careplus.eu und travelhealthgroup.com verarbeitet werden, wenn Sie dem zugestimmt haben.<\/p>\n<p>&nbsp;<\/p>\n<p><strong>Notwendigkeit der Verarbeitung<\/strong><br \/>\nDie Verarbeitung Ihrer pers\u00f6nlichen Daten ist notwendig, um die Dienstleistung zu erbringen. Die Dienstleistungen, die Care Plus<sup style=\"font-size: 10px;\">\u00ae<\/sup> anbietet, k\u00f6nnen ohne die Verarbeitung Ihrer pers\u00f6nlichen Daten nicht vollst\u00e4ndig durchgef\u00fchrt werden. Wenn f\u00fcr bestimmte Zwecke im Zusammenhang mit den pers\u00f6nlichen Daten Ihre ausdr\u00fcckliche Zustimmung erforderlich ist, m\u00fcssen Sie Ihre gesonderte Zustimmung erteilen. <\/p>\n<p>&nbsp;<\/p>\n<p><strong>Automatisierter Entscheidungsprozess<\/strong><br \/>\nEs gibt keinen automatisierten Entscheidungsprozess.<\/p>\n<p>&nbsp;<\/p>\n<p><strong>Speicherfrist<\/strong><br \/>\nDie von Care Plus<sup style=\"font-size: 10px;\">\u00ae<\/sup> verarbeiteten pers\u00f6nlichen Daten werden in \u00dcbereinstimmung mit den einschl\u00e4gigen Gesetzen und Vorschriften gespeichert. Wenn aufgrund von Gesetzen oder Verordnungen eine l\u00e4ngere Speicherfrist erforderlich ist, werden die pers\u00f6nlichen Daten entsprechend diesen Anforderungen l\u00e4nger gespeichert. Alle (erhaltenen) pers\u00f6nlichen Daten werden nicht l\u00e4nger als unbedingt notwendig gespeichert. <\/p>\n<p>&nbsp;<\/p>\n<p><strong>Verarbeitung durch Dritte<\/strong><br \/>\nCare Plus<sup style=\"font-size: 10px;\">\u00ae<\/sup> gibt pers\u00f6nliche Daten nur dann an Dritte weiter, wenn dies f\u00fcr die Erf\u00fcllung eines Vertrags und zur Einhaltung der einschl\u00e4gigen Gesetze und Vorschriften unbedingt erforderlich ist. Es werden keine pers\u00f6nlichen Daten verkauft. Care Plus<sup style=\"font-size: 10px;\">\u00ae<\/sup> kann gesetzlich verpflichtet sein, pers\u00f6nliche Daten an Dritte weiterzugeben. Werden pers\u00f6nliche Daten an Dritte weitergegeben, werden zu diesem Zweck Verarbeitungsvertr\u00e4ge abgeschlossen. Die Drittparteien, mit denen pers\u00f6nliche Daten geteilt werden, sind:<\/p>\n<ul>\n<li>Software-Lieferanten, f\u00fcr die Erf\u00fcllung des Vertrages. Die Kategorien der zu verarbeitenden pers\u00f6nlichen Daten sind die E-Mailadresse, die Telefonnummer sowie Vor- und Nachname.<\/li>\n<li>Website-Manager, f\u00fcr die Erf\u00fcllung des Vertrages. Die Kategorien der verarbeiteten pers\u00f6nlichen Daten, sind E-Mailadresse, Telefonnummer sowie Vor- und Nachname.<\/li>\n<\/ul>\n<p>&nbsp;<\/p>\n<p><strong>Sicherheit pers\u00f6nlicher Daten<\/strong><br \/>\nCare Plus<sup style=\"font-size: 10px;\">\u00ae<\/sup> nimmt den Sicherheit Ihrer pers\u00f6nlichen Daten ernst und ergreift geeignete technische und organisatorische Ma\u00dfnahmen, um ein dem Risiko angemessenes Sicherheitsniveau zu gew\u00e4hrleisten, wobei der Stand der Technik, die Kosten der Umsetzung sowie Art, Umfang, Kontext und Zweck der Verarbeitung und die unterschiedlichen Grade der Wahrscheinlichkeit und Schwere der Risiken f\u00fcr die Rechte und Freiheiten des Einzelnen ber\u00fccksichtigt werden.<br \/>\nJ\u00fcnger als 16 Jahre?<br \/>\nWenn Sie minderj\u00e4hrig sind, das hei\u00dft unter 16 Jahren, k\u00f6nnen Sie der Verarbeitung Ihrer pers\u00f6nlichen Daten nur mit der Zustimmung eines Ihrer Elternteile oder Ihres gesetzlichen Vormunds zustimmen. Es ist dann wichtig, dass Ihre Eltern oder Ihr Vormund diese Erkl\u00e4rung liest. Sie k\u00f6nnen auch die Rechte aus\u00fcben, die Sie in Bezug auf die von Ihnen bei uns hinterlassenen pers\u00f6nlichen Daten haben, wie z.B. das Recht, der (weiteren) Verarbeitung Ihrer pers\u00f6nlichen Daten zu widersprechen oder das Recht, Ihre Daten einzusehen und zu korrigieren.<\/p>\n<p>&nbsp;<\/p>\n<p><strong>Haftungsausschluss<\/strong><br \/>\nMit der Nutzung der Website erkl\u00e4ren Sie sich mit dem Haftungsausschluss einverstanden. Care Plus<sup style=\"font-size: 10px;\">\u00ae<\/sup> beh\u00e4lt sich das Recht vor, den Inhalt seiner Website und \/ oder diesen Haftungsausschluss jederzeit zu \u00e4ndern, ohne seine Kunden und \/ oder Nutzer der Website \u00fcber diese \u00c4nderung zu informieren. Der Inhalt der Website wurde mit gr\u00f6\u00dftm\u00f6glicher Sorgfalt zusammengestellt, kann aber dennoch Ungenauigkeiten enthalten oder unvollst\u00e4ndig sein. Care Plus<sup style=\"font-size: 10px;\">\u00ae<\/sup> \u00fcbernimmt keine Haftung f\u00fcr Sch\u00e4den, die durch die Nutzung der Website verursacht werden oder sich aus der Nutzung der Website ergeben. Die Nutzung dieser Website erfolgt ausschlie\u00dflich auf eigenes Risiko und auf Kosten eines Benutzers der Website. Aus dem Inhalt der Website k\u00f6nnen keine Rechte abgeleitet werden. Alle Texte auf der Website sind urheberrechtlich gesch\u00fctzt und Eigentum von Care Plus, soweit sie nicht Dritten geh\u00f6ren.<br \/>\nWenn Sie beim Besuch der Website auf pers\u00f6nliche Informationen sto\u00dfen, sollten Sie sich ihrer Sammlung oder jeder anderen unbefugten Nutzung und jeder Handlung enthalten, die die Privatsph\u00e4re dieser Person(en) verletzt. Care Plus<sup style=\"font-size: 10px;\">\u00ae<\/sup> ist in den oben genannten Situationen in keiner Weise verantwortlich.<br \/>\nZur ordnungsgem\u00e4\u00dfen Verwaltung der Website kann Care Plus<sup style=\"font-size: 10px;\">\u00ae<\/sup> jederzeit den Zugang einer bestimmten Kategorie von Besuchern zur gesamten Website oder zu Teilen der Website aussetzen, unterbrechen oder einschr\u00e4nken, Informationen entfernen, die den Betrieb der Website st\u00f6ren oder gegen geltende Gesetze oder Vorschriften versto\u00dfen, oder die Website vor\u00fcbergehend nicht zur Durchf\u00fchrung von Aktualisierungen verf\u00fcgbar machen.<\/p>\n<p>&nbsp;<\/p>\n<p><strong>Geistige Eigentumsrechte<\/strong><br \/>\nEs ist Ihnen ausdr\u00fccklich nicht erlaubt, die geistigen Eigentumsrechte von Care Plus<sup style=\"font-size: 10px;\">\u00ae<\/sup> sowie den guten Namen von Care Plus<sup style=\"font-size: 10px;\">\u00ae<\/sup> zu verletzen. Alle geistigen Eigentumsrechte und Urheberrechte der Website, einschlie\u00dflich aller Marken, Bilder, Texte, Kommentare, Illustrationen, (animierten) Bilder, Videobilder, T\u00f6ne, grafischen Designs, Ideen und dergleichen in Bezug auf die Website geh\u00f6ren ausschlie\u00dflich Care Plus<sup style=\"font-size: 10px;\">\u00ae<\/sup> und werden ausdr\u00fccklich nicht auf Sie \u00fcbertragen.<br \/>\nRechtsverletzung bedeutet: jede Reproduktion, Wiederholung, Verwendung oder Anpassung, in welcher Form auch immer, des Ganzen oder nur eines Teils davon ohne die vorherige schriftliche Genehmigung von Care Plus<sup style=\"font-size: 10px;\">\u00ae<\/sup>.<br \/>\nSie haben nur das nicht-exklusive Recht, die Care Plus<sup style=\"font-size: 10px;\">\u00ae<\/sup>-Website pers\u00f6nlich und f\u00fcr den privaten Gebrauch zu nutzen. <\/p>\n<p>&nbsp;<\/p>\n<p><strong>Cookierichtlinie<\/strong><br \/>\nCare Plus<sup style=\"font-size: 10px;\">\u00ae<\/sup> verwendet technische und funktionale Cookies. Cookies sind kleine Textdateien, die beim Besuch einer Website verschickt werden, um die Benutzererfahrung effizienter zu machen. Care Plus<sup style=\"font-size: 10px;\">\u00ae<\/sup> kann per Gesetz Cookies auf Ihrem Ger\u00e4t speichern, wenn diese Cookies f\u00fcr die Nutzung der Website unbedingt erforderlich sind. F\u00fcr andere Arten von Cookies ist Ihre Zustimmung erforderlich. Wir empfehlen Ihnen, die Cookies im Zusammenhang mit der Benutzerfreundlichkeit der Website zu akzeptieren. Besucher der Website haben eine Check-in-Option.<br \/>\nDie von Care Plus<sup style=\"font-size: 10px;\">\u00ae<\/sup> verwendeten Cookies sind funktionale Cookies: Diese Cookies stellen sicher, dass die Website ordnungsgem\u00e4\u00df funktioniert. Diese Cookies beeintr\u00e4chtigen die Privatsph\u00e4re nicht, so dass keine Genehmigung beantragt und erteilt werden muss. Diese Cookies speichern z.B. Ihre Browsereinstellungen, damit unsere Website optimal angezeigt werden kann oder damit die Website zug\u00e4nglich bleibt (Load-Balancing), aber auch Cookies, die sicherstellen, dass keine weiteren Cookies platziert werden k\u00f6nnen (No-Follow).<br \/>\nAuf der Website von Care Plus<sup style=\"font-size: 10px;\">\u00ae<\/sup> sind auch Cookies von Google f\u00fcr Google Analytics platziert. Wir verfolgen nicht, was Sie im Internet tun. Google Analytics kann gem\u00e4\u00df den geltenden Gesetzen und Bestimmungen erforderlich sein, um auf diese Informationen zuzugreifen. Das bedeutet, dass Care Plus<sup style=\"font-size: 10px;\">\u00ae<\/sup>-Informationen nicht mit einer nat\u00fcrlichen Person in Verbindung gebracht werden k\u00f6nnen. Wenn Sie Fragen dazu haben, kontaktieren Sie uns bitte unter info@travelhealthgroup.com. Dadurch k\u00f6nnen wir besser kommunizieren und Informationen bereitstellen, die auf die Bed\u00fcrfnisse und die Besucher unserer Website zugeschnitten sind. Wir k\u00f6nnen nicht sehen, wer unsere Websites besucht oder von welchem PC aus der Besuch erfolgt. <\/p>\n<p>&nbsp;<\/p>\n<p><strong>Verwendung sozialen Medien<\/strong><br \/>\nCare Plus<sup style=\"font-size: 10px;\">\u00ae<\/sup> verwendet Cookies von Dritten, um die Website zu optimieren. Einige Cookies werden von Diensten Dritter platziert, die auf der Website angezeigt werden. Zu den Diensten Dritter geh\u00f6ren Google Analytics und sozialen Medien (Facebook, Instagram, YouTube, LinkedIn, Twitter). Die Verwendung von Cookies von anderen Unternehmen (Dritten) unterliegt den Datenschutz- und Cookie-Richtlinien des betreffenden Unternehmens. Wenn Sie auf den Social Media-Button auf der Website klicken, wird ein Social Media-Cookie platziert. Dies erm\u00f6glicht es dem jeweiligen sozialen Medium, Ihre IP-Adresse zu erkennen, sobald Sie einen Artikel von der Website teilen. F\u00fcr die Cookies von sozialen Medien und die Daten und\/oder pers\u00f6nlichen Informationen, die sie sammeln, verweist Care Plus<sup style=\"font-size: 10px;\">\u00ae<\/sup> Sie auf die Datenschutz- und Cookierichtlinie dieser Parteien.<\/p>\n<p>&nbsp;<\/p>\n<p><strong>Browsereinstellungen<\/strong><br \/>\nWenn Sie nicht m\u00f6chten, dass Websites Cookies auf Ihrem Ger\u00e4t, mit dem Sie die Website besuchen, platzieren, k\u00f6nnen Sie Ihre Browsereinstellungen anpassen. Bevor ein Cookie gesetzt wird, erhalten Sie eine Warnung und m\u00fcssen Ihre Zustimmung zu dem Cookie geben. Wenn Sie dies nicht tun, kann dies z.B. dazu f\u00fchren, dass die Website weniger gut funktioniert. Sie k\u00f6nnen Ihren Browser so einstellen, dass Ihr Browser alle Cookies und auch die Cookies von Dritten ablehnt. Sie k\u00f6nnen auch platzierte Cookies l\u00f6schen. Dazu m\u00fcssen Sie die Einstellungen Ihres Browsers \u00fcber Pr\u00e4ferenzen anpassen und k\u00f6nnen dann die Datenschutzeinstellungen anpassen.<br \/>\nDiese Datenschutzerkl\u00e4rung gilt nicht f\u00fcr Websites von Dritten, die mit dieser Website verlinkt sind. Wir k\u00f6nnen nicht garantieren, dass diese Dritten Ihre pers\u00f6nlichen Daten auf zuverl\u00e4ssige oder sichere Weise behandeln. Wir empfehlen Ihnen, die Datenschutzerkl\u00e4rungen dieser Websites zu lesen, bevor Sie sie benutzen. <\/p>\n<p>&nbsp;<\/p>\n<p><strong>Recht von Betroffenen<\/strong><br \/>\nAls betroffene Person haben Sie folgende Rechte:<\/p>\n<ul>\n<li>Recht auf Einsichtnahme; Als betroffene Person haben Sie das Recht, Auskunft dar\u00fcber zu erhalten, ob Ihre pers\u00f6nlichen Daten verarbeitet werden oder nicht und wenn ja, die Verarbeitung dieser Daten zu \u00fcberpr\u00fcfen.<\/li>\n<li>Recht auf Berichtigung; Sie haben das Recht auf Berichtigung und Erg\u00e4nzung unrichtiger Daten.<\/li>\n<li>Recht auf Datenl\u00f6schung; Eine betroffene Person muss ohne unangemessene Verz\u00f6gerung die L\u00f6schung der sie betreffenden pers\u00f6nlichen Daten erwirken k\u00f6nnen.<\/li>\n<li>Recht auf Einschr\u00e4nkung der Verarbeitung; Als betroffene Person haben Sie das Recht, die Verarbeitung Ihrer pers\u00f6nlichen Daten einzuschr\u00e4nken. Wenden Sie sich dazu bitte an Care Plus<sup style=\"font-size: 10px;\">\u00ae<\/sup>.<\/li>\n<li>Recht auf \u00dcbertragbarkeit der Daten; Eine betroffene Person hat das Recht, die sie betreffenden pers\u00f6nlichen Daten, die sie Care Plus<sup style=\"font-size: 10px;\">\u00ae<\/sup> zur Verf\u00fcgung gestellt hat, in strukturierter, allgemein \u00fcblicher und maschinenlesbarer Form zu erhalten und diese Daten an Care Plus<sup style=\"font-size: 10px;\">\u00ae<\/sup> zu \u00fcbermitteln, ohne von dem Verarbeitungsverantwortlichen, dem sie zur Verf\u00fcgung gestellt wurden, behindert zu werden.<\/li>\n<li>Recht auf Einspruch; Die betroffene Person hat das Recht, jederzeit der Verarbeitung sie betreffender personenbezogener Daten, einschlie\u00dflich der Erstellung von Profilen auf der Grundlage dieser Bestimmungen, aus Gr\u00fcnden zu widersprechen, die mit ihrer spezifischen Situation zusammenh\u00e4ngen. Care Plus<sup style=\"font-size: 10px;\">\u00ae<\/sup> stellt die Verarbeitung personenbezogener Daten ein, es sei denn, es liegen zwingende legitime Gr\u00fcnde f\u00fcr die Verarbeitung vor, die die Interessen, Freiheiten und Rechte der betroffenen Person in Bezug auf die Aus\u00fcbung, Einrichtung oder Begr\u00fcndung eines Rechtsanspruchs \u00fcberwiegen.<\/li>\n<\/ul>\n<p>&nbsp;<\/p>\n<p><strong>Beschwerde<\/strong><br \/>\nWenn Sie eine Beschwerde \u00fcber die Art und Weise haben, wie Care Plus mit Ihren pers\u00f6nlichen Daten umgeht oder wenn Sie eines der oben genannten Rechte aus\u00fcben m\u00f6chten, nehmen Sie bitte \u00fcber das Kontaktformular auf der Website oder per E-Mail an <a href=\"mailto:info@travelhealthgroup.com\">info@travelhealthgroup.com<\/a> Kontakt auf. Um sicherzustellen, dass Sie ein Recht aus\u00fcben m\u00f6chten, bittet Care Plus Sie, eine Kopie Ihres Ausweisdokuments beizuf\u00fcgen. Sie k\u00f6nnen Ihr Passfoto und die MRZ (Streifen mit Nummern am unteren Rand) schwarz machen, um Ihre Privatsph\u00e4re zu sch\u00fctzen. Care Plus wird so schnell wie m\u00f6glich, sp\u00e4testens jedoch innerhalb von 4 Wochen, auf Ihre Anfrage antworten. Sie k\u00f6nnen auch eine Beschwerde bei der Autoriteit Persoonsgegevens (dt.: Beh\u00f6rde f\u00fcr pers\u00f6nliche Daten) einreichen. Dies ist die zust\u00e4ndige Vollzugsbeh\u00f6rde. Sie k\u00f6nnen sie \u00fcber diesen Link kontaktieren:  <a href=\"https:\/\/autoriteitpersoonsgegevens.nl\/en\/contact-dutch-dpa\/contact-us\">https:\/\/autoriteitpersoonsgegevens.nl\/en\/contact-dutch-dpa\/contact-us<\/a>.<\/p>\n<p>&nbsp;<\/p>\n<p><strong>\u00c4nderung Datenschutzerkl\u00e4rung<\/strong><br \/>\nCare Plus<sup style=\"font-size: 10px;\">\u00ae<\/sup> kann die Datenschutzerkl\u00e4rung jederzeit \u00e4ndern. Auf der Website ist die letzte Version ver\u00f6ffentlicht. Achten Sie daher immer auf die neueste Version auf der Website. Wenn die neue Datenschutzerkl\u00e4rung Auswirkungen auf die Art und Weise hat, in der wir bereits Daten \u00fcber Sie sammeln, werden wir Sie per E-Mail informieren.<\/p>\n<p>Diese Version wurde zuletzt am 24. September 2020 beschlossen.[\/et_pb_text][\/et_pb_column][\/et_pb_row][\/et_pb_section]<\/p>\n","protected":false},"excerpt":{"rendered":"<p>Datenschutzerkl\u00e4rung Dies ist die Datenschutzerkl\u00e4rung der Privatgesellschaft mit beschr\u00e4nkter Haftung Tropenzorg B.V., im Folgenden bezeichnet als: Care Plus\u00ae. Care Plus\u00ae ist bei der Handelskammer unter der Nummer 39052981 eingetragen und hat seinen Sitz in De Huchtstraat 14 (1327EE) in Almere. Dieses Dokument erkl\u00e4rt, wie Care Plus\u00ae bei der Verarbeitung Ihrer pers\u00f6nlichen Daten vorgeht. Bei der [&hellip;]<\/p>\n","protected":false},"author":37,"featured_media":0,"parent":0,"menu_order":0,"comment_status":"closed","ping_status":"closed","template":"","meta":{"_acf_changed":false,"_et_pb_use_builder":"on","_et_pb_old_content":"","_et_gb_content_width":"","footnotes":""},"class_list":["post-10794","page","type-page","status-publish","hentry"],"acf":[],"_links":{"self":[{"href":"https:\/\/www.careplus.eu\/de\/wp-json\/wp\/v2\/pages\/10794","targetHints":{"allow":["GET"]}}],"collection":[{"href":"https:\/\/www.careplus.eu\/de\/wp-json\/wp\/v2\/pages"}],"about":[{"href":"https:\/\/www.careplus.eu\/de\/wp-json\/wp\/v2\/types\/page"}],"author":[{"embeddable":true,"href":"https:\/\/www.careplus.eu\/de\/wp-json\/wp\/v2\/users\/37"}],"replies":[{"embeddable":true,"href":"https:\/\/www.careplus.eu\/de\/wp-json\/wp\/v2\/comments?post=10794"}],"version-history":[{"count":0,"href":"https:\/\/www.careplus.eu\/de\/wp-json\/wp\/v2\/pages\/10794\/revisions"}],"wp:attachment":[{"href":"https:\/\/www.careplus.eu\/de\/wp-json\/wp\/v2\/media?parent=10794"}],"curies":[{"name":"wp","href":"https:\/\/api.w.org\/{rel}","templated":true}]}}